{"id":393,"date":"2021-10-14T13:41:21","date_gmt":"2021-10-14T11:41:21","guid":{"rendered":"https:\/\/demosites.io\/neve-3\/?page_id=393"},"modified":"2026-02-17T17:23:29","modified_gmt":"2026-02-17T16:23:29","slug":"party-go","status":"publish","type":"page","link":"https:\/\/partygo.waw.pl\/index.php\/party-go\/","title":{"rendered":"O nas"},"content":{"rendered":"\n<hr class=\"wp-block-separator has-text-color has-alpha-channel-opacity has-background\" style=\"background-color:#ffb700;color:#ffb700\"\/>\n\n\n\n<h2 class=\"wp-block-heading has-text-align-center has-neve-link-hover-color-color has-text-color\"><strong>PartyGo to kreatywno\u015b\u0107, pasja i profesjonalizm<\/strong><\/h2>\n\n\n\n<p>Po wielu zawodowych sukcesach i \u017cyciowych do\u015bwiadczeniach postanowili\u015bmy zrealizowa\u0107 swoje marzenia o za\u0142o\u017ceniu w\u0142asnej firmy. I \u015bmia\u0142o mo\u017cemy powiedzie\u0107, \u017ce nasze marzenia unosi\u0142y&#8230; balony z helem. I to one sta\u0142y si\u0119 pomys\u0142em na rodzinny biznes, czyli <strong>PartyGo<\/strong>.<\/p>\n\n\n\n<p>Nasz sklep z balonami powsta\u0142 z po\u0142\u0105czenia <strong>marze\u0144 i pasji do tworzenia pi\u0119knych dekoracji<\/strong>. A rozwija si\u0119 ca\u0142y czas nap\u0119dzany ch\u0119ci\u0105 wywo\u0142ywania <strong>pozytywnych wibracji<\/strong>. W <strong>PartyGo<\/strong> nie sprzedajemy balon\u00f3w i ozd\u00f3b tylko<strong>pomagamy kreowa\u0107 cudowne wspomnienia i budowa\u0107 pozytywne emocje<\/strong>. Dlatego w\u0142a\u015bnie Wy jeste\u015bcie dla nas najwa\u017cniejsi. <strong>Wasze marzenia, potrzeby, pomys\u0142y i plany<\/strong>. My z kolei cieszymy si\u0119 i jeste\u015bmy dumni, \u017ce mo\u017cemy by\u0107 cz\u0119\u015bci\u0105 wa\u017cnych dla Was uroczysto\u015bci. Chwil, kt\u00f3re na zawsze zapisuj\u0105 si\u0119 w pami\u0119ci i dekoracji, kt\u00f3re zostaj\u0105 utrwalone na zdj\u0119ciach i filmach.<\/p>\n\n\n\n<p><strong>Lata do\u015bwiadcze\u0144<\/strong> <strong>i nieko\u0144cz\u0105cy si\u0119 entuzjazm pozwalaj\u0105 nam spe\u0142nia\u0107 Wasze oczekiwania<\/strong>. Wiemy, \u017ce czasami rado\u015bci dostarczy jeden gigantyczny balon z helem. Innym razem wykonane na zam\u00f3wienie kolorowe bukiety z balon\u00f3w. Raz impreza sk\u0105pana w z\u0142ocie jest dok\u0142adnie tym czego potrzebujecie. Przy innej okazji ucieszy zabawa t\u0119tni\u0105ca feeri\u0105 neonowych barw. Czasami sprawdzaj\u0105 si\u0119 eleganckie i wyszukane dekoracje w stylu wytwornych przyj\u0119\u0107. A innym razem maksymalnie zwariowane i szalone albo takie pe\u0142ne dzieci\u0119cej rado\u015bci. <strong>Nie czytamy w Waszych my\u015blach tylko uwa\u017cnie Was s\u0142uchamy<\/strong>. Dlatego zakochujecie si\u0119 w balonowych dekoracjach <strong>PartyGo <\/strong>od pierwszego wejrzenia.<\/p>\n\n\n\n<p>Przygotowujemy dla Was dekoracje na wszelkie mo\u017cliwe wydarzenia, urodziny, wieczory panie\u0144skie i kawalerskie, \u015bluby i wesela, przyj\u0119cia okoliczno\u015bciowe, baby shower, imprezy firmowe i nie tylko. <strong>Zawsze d\u0105\u017cymy do tego, aby ka\u017cdy otrzyma\u0142 obs\u0142ug\u0119 na najwy\u017cszym poziomie i niezapomniane dekoracje wykonane z produkt\u00f3w najwy\u017cszej jako\u015bci<\/strong>. Tworzymy dekoracje w r\u00f3\u017cnych. Zawsze z pasj\u0105 i pe\u0142nym zaanga\u017cowaniem, \u017ceby\u015bcie patrz\u0105c na nie mieli ochot\u0119 krzykn\u0105\u0107 PartyGo!<\/p>\n\n\n\n<p><strong>Uwielbiamy pokaza\u0107 Wam niesamowite mo\u017cliwo\u015bci, jakie daj\u0105 balony i inne dekoracje!<\/strong>  Zapewniamy, \u017ce potrafi\u0105 stworzy\u0107 wyj\u0105tkowe oprawy.<\/p>\n\n\n\n<div style=\"height:36px\" aria-hidden=\"true\" class=\"wp-block-spacer\"><\/div>\n\n\n\n<p><\/p>\n","protected":false},"excerpt":{"rendered":"<p>PartyGo to kreatywno\u015b\u0107, pasja i profesjonalizm Po wielu zawodowych sukcesach i \u017cyciowych do\u015bwiadczeniach postanowili\u015bmy zrealizowa\u0107 swoje marzenia o za\u0142o\u017ceniu w\u0142asnej firmy. I \u015bmia\u0142o mo\u017cemy powiedzie\u0107, \u017ce nasze marzenia unosi\u0142y&#8230; balony z helem. I to one sta\u0142y si\u0119 pomys\u0142em na rodzinny biznes, czyli PartyGo. Nasz sklep z balonami powsta\u0142 z po\u0142\u0105czenia marze\u0144 i pasji do tworzenia&hellip;&nbsp;<a href=\"https:\/\/partygo.waw.pl\/index.php\/party-go\/\" class=\"\" rel=\"bookmark\">Czytaj dalej &raquo;<span class=\"screen-reader-text\">O nas<\/span><\/a><\/p>\n","protected":false},"author":1,"featured_media":0,"parent":0,"menu_order":0,"comment_status":"closed","ping_status":"closed","template":"","meta":{"neve_meta_sidebar":"","neve_meta_container":"contained","neve_meta_enable_content_width":"on","neve_meta_content_width":100,"neve_meta_title_alignment":"center","neve_meta_author_avatar":"","neve_post_elements_order":"","neve_meta_disable_header":"","neve_meta_disable_footer":"","neve_meta_disable_title":"off","_vp_format_video_url":"","_vp_image_focal_point":[],"footnotes":""},"class_list":["post-393","page","type-page","status-publish","hentry"],"yoast_head":"<!-- This site is optimized with the Yoast SEO plugin v27.3 - https:\/\/yoast.com\/product\/yoast-seo-wordpress\/ -->\n<title>Party Go - dekoracje i balony z helem Warszawa oraz Legionowo.<\/title>\n<meta name=\"description\" content=\"Party Go - szukasz balon\u00f3w na urodziny lub dekoracji na inne okazje? Zapraszamy do naszych sklep\u00f3w stacjonarnych w Warszawie i Legionowie.\" \/>\n<meta name=\"robots\" content=\"index, follow, max-snippet:-1, max-image-preview:large, max-video-preview:-1\" \/>\n<link rel=\"canonical\" href=\"https:\/\/partygo.waw.pl\/index.php\/party-go\/\" \/>\n<meta property=\"og:locale\" content=\"pl_PL\" \/>\n<meta property=\"og:type\" content=\"article\" \/>\n<meta property=\"og:title\" content=\"Party Go - dekoracje i balony z helem Warszawa oraz Legionowo.\" \/>\n<meta property=\"og:description\" content=\"Party Go - szukasz balon\u00f3w na urodziny lub dekoracji na inne okazje? Zapraszamy do naszych sklep\u00f3w stacjonarnych w Warszawie i Legionowie.\" \/>\n<meta property=\"og:url\" content=\"https:\/\/partygo.waw.pl\/index.php\/party-go\/\" \/>\n<meta property=\"og:site_name\" content=\"PartyGo\" \/>\n<meta property=\"article:publisher\" content=\"https:\/\/www.facebook.com\/people\/Party-Go-Warszawa\/\" \/>\n<meta property=\"article:modified_time\" content=\"2026-02-17T16:23:29+00:00\" \/>\n<meta name=\"twitter:card\" content=\"summary_large_image\" \/>\n<meta name=\"twitter:label1\" content=\"Szacowany czas czytania\" \/>\n\t<meta name=\"twitter:data1\" content=\"2 minuty\" \/>\n<script type=\"application\/ld+json\" class=\"yoast-schema-graph\">{\"@context\":\"https:\\\/\\\/schema.org\",\"@graph\":[{\"@type\":\"WebPage\",\"@id\":\"https:\\\/\\\/partygo.waw.pl\\\/index.php\\\/party-go\\\/\",\"url\":\"https:\\\/\\\/partygo.waw.pl\\\/index.php\\\/party-go\\\/\",\"name\":\"Party Go - dekoracje i balony z helem Warszawa oraz Legionowo.\",\"isPartOf\":{\"@id\":\"https:\\\/\\\/partygo.waw.pl\\\/#website\"},\"datePublished\":\"2021-10-14T11:41:21+00:00\",\"dateModified\":\"2026-02-17T16:23:29+00:00\",\"description\":\"Party Go - szukasz balon\u00f3w na urodziny lub dekoracji na inne okazje? Zapraszamy do naszych sklep\u00f3w stacjonarnych w Warszawie i Legionowie.\",\"breadcrumb\":{\"@id\":\"https:\\\/\\\/partygo.waw.pl\\\/index.php\\\/party-go\\\/#breadcrumb\"},\"inLanguage\":\"pl-PL\",\"potentialAction\":[{\"@type\":\"ReadAction\",\"target\":[\"https:\\\/\\\/partygo.waw.pl\\\/index.php\\\/party-go\\\/\"]}]},{\"@type\":\"BreadcrumbList\",\"@id\":\"https:\\\/\\\/partygo.waw.pl\\\/index.php\\\/party-go\\\/#breadcrumb\",\"itemListElement\":[{\"@type\":\"ListItem\",\"position\":1,\"name\":\"Strona g\u0142\u00f3wna\",\"item\":\"https:\\\/\\\/partygo.waw.pl\\\/\"},{\"@type\":\"ListItem\",\"position\":2,\"name\":\"O nas\"}]},{\"@type\":\"WebSite\",\"@id\":\"https:\\\/\\\/partygo.waw.pl\\\/#website\",\"url\":\"https:\\\/\\\/partygo.waw.pl\\\/\",\"name\":\"PartyGo\",\"description\":\"Balony i dekoracje Warszawa Legionowo\",\"publisher\":{\"@id\":\"https:\\\/\\\/partygo.waw.pl\\\/#organization\"},\"potentialAction\":[{\"@type\":\"SearchAction\",\"target\":{\"@type\":\"EntryPoint\",\"urlTemplate\":\"https:\\\/\\\/partygo.waw.pl\\\/?s={search_term_string}\"},\"query-input\":{\"@type\":\"PropertyValueSpecification\",\"valueRequired\":true,\"valueName\":\"search_term_string\"}}],\"inLanguage\":\"pl-PL\"},{\"@type\":\"Organization\",\"@id\":\"https:\\\/\\\/partygo.waw.pl\\\/#organization\",\"name\":\"PartyGo\",\"url\":\"https:\\\/\\\/partygo.waw.pl\\\/\",\"logo\":{\"@type\":\"ImageObject\",\"inLanguage\":\"pl-PL\",\"@id\":\"https:\\\/\\\/partygo.waw.pl\\\/#\\\/schema\\\/logo\\\/image\\\/\",\"url\":\"https:\\\/\\\/partygo.waw.pl\\\/wp-content\\\/uploads\\\/2022\\\/10\\\/logo_party-2.jpg\",\"contentUrl\":\"https:\\\/\\\/partygo.waw.pl\\\/wp-content\\\/uploads\\\/2022\\\/10\\\/logo_party-2.jpg\",\"width\":300,\"height\":300,\"caption\":\"PartyGo\"},\"image\":{\"@id\":\"https:\\\/\\\/partygo.waw.pl\\\/#\\\/schema\\\/logo\\\/image\\\/\"},\"sameAs\":[\"https:\\\/\\\/www.facebook.com\\\/people\\\/Party-Go-Warszawa\\\/\"]}]}<\/script>\n<!-- \/ Yoast SEO plugin. -->","yoast_head_json":{"title":"Party Go - dekoracje i balony z helem Warszawa oraz Legionowo.","description":"Party Go - szukasz balon\u00f3w na urodziny lub dekoracji na inne okazje? Zapraszamy do naszych sklep\u00f3w stacjonarnych w Warszawie i Legionowie.","robots":{"index":"index","follow":"follow","max-snippet":"max-snippet:-1","max-image-preview":"max-image-preview:large","max-video-preview":"max-video-preview:-1"},"canonical":"https:\/\/partygo.waw.pl\/index.php\/party-go\/","og_locale":"pl_PL","og_type":"article","og_title":"Party Go - dekoracje i balony z helem Warszawa oraz Legionowo.","og_description":"Party Go - szukasz balon\u00f3w na urodziny lub dekoracji na inne okazje? Zapraszamy do naszych sklep\u00f3w stacjonarnych w Warszawie i Legionowie.","og_url":"https:\/\/partygo.waw.pl\/index.php\/party-go\/","og_site_name":"PartyGo","article_publisher":"https:\/\/www.facebook.com\/people\/Party-Go-Warszawa\/","article_modified_time":"2026-02-17T16:23:29+00:00","twitter_card":"summary_large_image","twitter_misc":{"Szacowany czas czytania":"2 minuty"},"schema":{"@context":"https:\/\/schema.org","@graph":[{"@type":"WebPage","@id":"https:\/\/partygo.waw.pl\/index.php\/party-go\/","url":"https:\/\/partygo.waw.pl\/index.php\/party-go\/","name":"Party Go - dekoracje i balony z helem Warszawa oraz Legionowo.","isPartOf":{"@id":"https:\/\/partygo.waw.pl\/#website"},"datePublished":"2021-10-14T11:41:21+00:00","dateModified":"2026-02-17T16:23:29+00:00","description":"Party Go - szukasz balon\u00f3w na urodziny lub dekoracji na inne okazje? Zapraszamy do naszych sklep\u00f3w stacjonarnych w Warszawie i Legionowie.","breadcrumb":{"@id":"https:\/\/partygo.waw.pl\/index.php\/party-go\/#breadcrumb"},"inLanguage":"pl-PL","potentialAction":[{"@type":"ReadAction","target":["https:\/\/partygo.waw.pl\/index.php\/party-go\/"]}]},{"@type":"BreadcrumbList","@id":"https:\/\/partygo.waw.pl\/index.php\/party-go\/#breadcrumb","itemListElement":[{"@type":"ListItem","position":1,"name":"Strona g\u0142\u00f3wna","item":"https:\/\/partygo.waw.pl\/"},{"@type":"ListItem","position":2,"name":"O nas"}]},{"@type":"WebSite","@id":"https:\/\/partygo.waw.pl\/#website","url":"https:\/\/partygo.waw.pl\/","name":"PartyGo","description":"Balony i dekoracje Warszawa Legionowo","publisher":{"@id":"https:\/\/partygo.waw.pl\/#organization"},"potentialAction":[{"@type":"SearchAction","target":{"@type":"EntryPoint","urlTemplate":"https:\/\/partygo.waw.pl\/?s={search_term_string}"},"query-input":{"@type":"PropertyValueSpecification","valueRequired":true,"valueName":"search_term_string"}}],"inLanguage":"pl-PL"},{"@type":"Organization","@id":"https:\/\/partygo.waw.pl\/#organization","name":"PartyGo","url":"https:\/\/partygo.waw.pl\/","logo":{"@type":"ImageObject","inLanguage":"pl-PL","@id":"https:\/\/partygo.waw.pl\/#\/schema\/logo\/image\/","url":"https:\/\/partygo.waw.pl\/wp-content\/uploads\/2022\/10\/logo_party-2.jpg","contentUrl":"https:\/\/partygo.waw.pl\/wp-content\/uploads\/2022\/10\/logo_party-2.jpg","width":300,"height":300,"caption":"PartyGo"},"image":{"@id":"https:\/\/partygo.waw.pl\/#\/schema\/logo\/image\/"},"sameAs":["https:\/\/www.facebook.com\/people\/Party-Go-Warszawa\/"]}]}},"_links":{"self":[{"href":"https:\/\/partygo.waw.pl\/index.php\/wp-json\/wp\/v2\/pages\/393","targetHints":{"allow":["GET"]}}],"collection":[{"href":"https:\/\/partygo.waw.pl\/index.php\/wp-json\/wp\/v2\/pages"}],"about":[{"href":"https:\/\/partygo.waw.pl\/index.php\/wp-json\/wp\/v2\/types\/page"}],"author":[{"embeddable":true,"href":"https:\/\/partygo.waw.pl\/index.php\/wp-json\/wp\/v2\/users\/1"}],"replies":[{"embeddable":true,"href":"https:\/\/partygo.waw.pl\/index.php\/wp-json\/wp\/v2\/comments?post=393"}],"version-history":[{"count":9,"href":"https:\/\/partygo.waw.pl\/index.php\/wp-json\/wp\/v2\/pages\/393\/revisions"}],"predecessor-version":[{"id":1269,"href":"https:\/\/partygo.waw.pl\/index.php\/wp-json\/wp\/v2\/pages\/393\/revisions\/1269"}],"wp:attachment":[{"href":"https:\/\/partygo.waw.pl\/index.php\/wp-json\/wp\/v2\/media?parent=393"}],"curies":[{"name":"wp","href":"https:\/\/api.w.org\/{rel}","templated":true}]}}