{"id":448,"date":"2022-09-12T22:05:17","date_gmt":"2022-09-12T20:05:17","guid":{"rendered":"https:\/\/partygo.waw.pl\/?page_id=448"},"modified":"2026-02-17T17:11:04","modified_gmt":"2026-02-17T16:11:04","slug":"oferta-balony-z-helem-warszawa-i-legionowo","status":"publish","type":"page","link":"https:\/\/partygo.waw.pl\/index.php\/oferta-balony-z-helem-warszawa-i-legionowo\/","title":{"rendered":"Oferta"},"content":{"rendered":"\n<figure class=\"wp-block-pullquote has-background\" style=\"border-style:none;border-width:0px;border-radius:0px;background-color:#c3f2ff;font-style:normal;font-weight:200\"><blockquote><p>Przygotuj si\u0119 na imprez\u0119. \u015awi\u0119tuj wa\u017cne okazje. Sprawiaj rado\u015b\u0107 bliskim. <\/p><\/blockquote><\/figure>\n\n\n\n<p>Niezale\u017cnie od tego, czy \u015bwi\u0119tujesz <strong>urodziny, rocznic\u0119<\/strong>, czy inn\u0105 <strong>okazj\u0119<\/strong>, mamy bardzo du\u017cy wyb\u00f3r <strong>balon\u00f3w z helem<\/strong> i <strong>akcesori\u00f3w<\/strong>, kt\u00f3re u\u015bwietni\u0105 ka\u017cde wydarzenie! Balony z helem Warszawa i Legionowo &#8211; zawsze PartyGo! <\/p>\n\n\n\n<ul class=\"wp-block-list\">\n<li>Przygotujemy dekoracje, kt\u00f3re b\u0119d\u0105 do odbioru w naszym sklepie.<\/li>\n\n\n\n<li>Dostarczymy dekoracje pod wskazany adres.<\/li>\n<\/ul>\n\n\n\n<p>Udekorujemy zgodnie z \u017cyczeniem miejsce imprezy, przyj\u0119cia, eventu. Sklep <strong>PartyGo<\/strong> to ogromny wyb\u00f3r <strong>balon\u00f3w z helem<\/strong> we wszystkich kszta\u0142tach, rozmiarach i stylach. Ze wzgl\u0119du na okazj\u0119, mo\u017cesz wybra\u0107 jeden balon idealnie pasuj\u0105cy do sytuacji albo zam\u00f3wi\u0107 efektowny bukiet balon\u00f3w. Natomiast je\u015bli chcesz zleci\u0107 wykonanie dekoracji z kolorowych lateksowych balon\u00f3w albo balon\u00f3w z konfetti, wystarczy skontaktowa\u0107 si\u0119 z nami. Dbamy nie tylko o kwestie estetyczne, ale te\u017c o jak najwy\u017csz\u0105 jako\u015b\u0107 produkt\u00f3w. Przede wszystkim<strong>do naszych kompozycji u\u017cywamy zawsze balon\u00f3w od sprawdzonych dostawc\u00f3w<\/strong>. Doskonale wiemy, kt\u00f3re s\u0105 odpowiednie do dekoracji balonowych, aby w rezultacie nie sprawi\u0142y \u201epsikusa\u201d i cieszy\u0142y jak najd\u0142u\u017cej. Bez w\u0105tpienia ucieszy Ci\u0119 wizyta w naszym sklepie, poniewa\u017c znajdziesz w nim r\u00f3wnie\u017c wszelkie <strong>dodatki i akcesoria na urodziny, przyj\u0119cia okoliczno\u015bciowe, \u015bluby i wesela, baby shower, chrzciny, komunie, a tak\u017ce inne okazje<\/strong>.<\/p>\n\n\n\n<p>A ponadto pomo\u017cemy Ci wszystko skompletowa\u0107 i dobra\u0107 tak, aby tworzy\u0142o estetyczn\u0105 i wyj\u0105tkow\u0105 opraw\u0119 imprezy.<\/p>\n\n\n\n<h2 class=\"wp-block-heading has-text-color\" style=\"color:#66cedc\">Oferujemy<\/h2>\n\n\n\n<div class=\"wp-block-group\"><div class=\"wp-block-group__inner-container is-layout-flow wp-block-group-is-layout-flow\">\n<hr class=\"wp-block-separator has-text-color has-alpha-channel-opacity has-background\" style=\"background-color:#ffb700;color:#ffb700\"\/>\n\n\n\n<h3 class=\"wp-block-heading has-text-align-center has-text-color\" style=\"color:#ffb700\"><strong><strong>Balony z helem &#8211; balonowy zawr\u00f3t g\u0142owy<\/strong>&nbsp;<\/strong><\/h3>\n\n\n\n<hr class=\"wp-block-separator has-text-color has-alpha-channel-opacity has-background\" style=\"background-color:#ffb700;color:#ffb700\"\/>\n<\/div><\/div>\n\n\n\n<h4 class=\"wp-block-heading has-text-align-left has-text-color\" style=\"color:#66cedc\">Personalizowane balony<\/h4>\n\n\n\n<p>Balony z helem z napisami okoliczno\u015bciowymi, imionami solenizant\u00f3w, cyframi, a nawet z romantycznymi sentencjami. Wykonamy dla Ciebie ka\u017cdy napis, aby ozdoba nie tylko ucieszy\u0142a, ale te\u017c trafi\u0142a do serca. A je\u015bli masz jaki\u015b szalony pomys\u0142, z pewno\u015bci\u0105 r\u00f3wnie\u017c go zrealizujemy. W przeciwie\u0144stwie do niekt\u00f3rych sklep\u00f3w, w PartyGo nie cenzurujemy napis\u00f3w! Gwarantujemy, \u017ce indywidualne napisy lubiane s\u0105 jeszcze bardziej ni\u017c standardowe.<br><\/p>\n\n\n\n<h4 class=\"wp-block-heading has-text-align-left has-text-color\" style=\"color:#66cedc\">Rodzaje balon\u00f3w z helem<\/h4>\n\n\n\n<ul class=\"wp-block-list\">\n<li>lateksowe balony<\/li>\n\n\n\n<li>foliowe balony<\/li>\n<\/ul>\n\n\n\n<h4 class=\"wp-block-heading has-text-align-left has-text-color\" style=\"color:#66cedc\">Style balon\u00f3w<\/h4>\n\n\n\n<ul class=\"wp-block-list\">\n<li>balony klasyczne<\/li>\n\n\n\n<li>cyfry z helem<\/li>\n\n\n\n<li>balony z helem postacie z bajek i nie tylko (m.in. balon flaming, balon jednoro\u017cec, bobas ch\u0142opiec i dziewczynka, balony zwierz\u0119ta)<\/li>\n\n\n\n<li>balony z helem kszta\u0142ty (balon serce, balon gwiazda, balon kula, balon romb)<\/li>\n<\/ul>\n\n\n\n<div class=\"wp-block-group\"><div class=\"wp-block-group__inner-container is-layout-flow wp-block-group-is-layout-flow\">\n<hr class=\"wp-block-separator has-text-color has-alpha-channel-opacity has-background\" style=\"background-color:#ffb700;color:#ffb700\"\/>\n\n\n\n<h3 class=\"wp-block-heading has-text-align-center has-text-color\" style=\"color:#ffb700\"><strong>Dekoracje imprezowe \u2013 do wyboru do koloru&nbsp;<\/strong><\/h3>\n\n\n\n<hr class=\"wp-block-separator has-text-color has-alpha-channel-opacity has-background\" style=\"background-color:#ffb700;color:#ffb700\"\/>\n<\/div><\/div>\n\n\n\n<ul class=\"wp-block-list\">\n<li>konfetti<\/li>\n\n\n\n<li>girlandy w r\u00f3\u017cnych kszta\u0142tach<\/li>\n\n\n\n<li>lampiony<\/li>\n\n\n\n<li>kurtyny w rozmaitych kolorach<\/li>\n<\/ul>\n\n\n\n<div class=\"wp-block-group\"><div class=\"wp-block-group__inner-container is-layout-flow wp-block-group-is-layout-flow\">\n<hr class=\"wp-block-separator has-text-color has-alpha-channel-opacity has-background\" style=\"background-color:#ffb700;color:#ffb700\"\/>\n\n\n\n<h3 class=\"wp-block-heading has-text-align-center has-text-color\" style=\"color:#ffb700\"><strong><strong>Dodatki i akcesoria \u2013 imprezowy must-have<\/strong>&nbsp;<\/strong><\/h3>\n\n\n\n<hr class=\"wp-block-separator has-text-color has-alpha-channel-opacity has-background\" style=\"background-color:#ffb700;color:#ffb700\"\/>\n<\/div><\/div>\n\n\n\n<ul class=\"wp-block-list\">\n<li>zaproszenia<\/li>\n\n\n\n<li>kubki, talerzyki, sztu\u0107ce, s\u0142omki<\/li>\n\n\n\n<li>\u015bwieczki<\/li>\n\n\n\n<li>czapeczki<\/li>\n\n\n\n<li>gwizdki urodzinowe<\/li>\n\n\n\n<li>peruki, maski, okulary<\/li>\n\n\n\n<li>szarfy na r\u00f3\u017cne okazje<\/li>\n\n\n\n<li>pikiery koktajlowe<\/li>\n\n\n\n<li>toppery na torty<\/li>\n<\/ul>\n\n\n\n<h2 class=\"wp-block-heading has-text-color\" style=\"color:#66cedc\"><strong>Balony z helem Legionowo<\/strong><\/h2>\n\n\n\n<p>Nasz sklep z balonami w Legionowie znajduj\u0105 si\u0119 w centrum miasta. To tu przygotowujemy wszystkie niezwyk\u0142e dekoracje. W naszym sklepie znajdziesz na imprez\u0119 lub przyj\u0119cie wszystko, czego dusza zapragnie. Dlaczego warto wybra\u0107 PartyGo?<\/p>\n\n\n\n<p>Po pierwsze nasz sklep z balonami z helem w Legionowie oferuje imprezowy asortyment od A do Z. Po drugie gwarantujemy indywidualne podej\u015bcie do ka\u017cdego zam\u00f3wienia. A po trzecie dekoracje mo\u017cesz odebra\u0107 w naszym sklepie lub mo\u017cemy te\u017c dostarczy\u0107 je pod wskazany adres. Jest te\u017c po czwarte, oferujemy r\u00f3wnie\u017c dekorowanie miejsca wydarzenia, kt\u00f3re bez w\u0105tpienia wykonamy doskonale.<\/p>\n\n\n\n<p>Zapewniamy nie tylko fachow\u0105 pomoc i kompleksow\u0105 us\u0142ug\u0119, ale te\u017c mn\u00f3stwo pozytywnych emocji. A to przecie\u017c od nich powinna zaczyna\u0107 si\u0119 ka\u017cda impreza!<\/p>\n\n\n\n<p><\/p>\n\n\n\n<h2 class=\"wp-block-heading has-text-color\" style=\"color:#66cedc\"><strong>Gdzie kupi\u0107 balony z helem ?<\/strong><\/h2>\n\n\n\n<p>Oczywi\u015bcie w sklepie PartyGo. Balony i dekoracje Legionowo, ul. ksi\u0119dza pu\u0142kownika Jana Mrugacza 1\/lokal d.<\/p>\n\n\n\n<p>Zapraszamy!<\/p>\n","protected":false},"excerpt":{"rendered":"<p>Przygotuj si\u0119 na imprez\u0119. \u015awi\u0119tuj wa\u017cne okazje. Sprawiaj rado\u015b\u0107 bliskim. Niezale\u017cnie od tego, czy \u015bwi\u0119tujesz urodziny, rocznic\u0119, czy inn\u0105 okazj\u0119, mamy bardzo du\u017cy wyb\u00f3r balon\u00f3w z helem i akcesori\u00f3w, kt\u00f3re u\u015bwietni\u0105 ka\u017cde wydarzenie! Balony z helem Warszawa i Legionowo &#8211; zawsze PartyGo! Udekorujemy zgodnie z \u017cyczeniem miejsce imprezy, przyj\u0119cia, eventu. Sklep PartyGo to ogromny wyb\u00f3r&hellip;&nbsp;<a href=\"https:\/\/partygo.waw.pl\/index.php\/oferta-balony-z-helem-warszawa-i-legionowo\/\" class=\"\" rel=\"bookmark\">Czytaj dalej &raquo;<span class=\"screen-reader-text\">Oferta<\/span><\/a><\/p>\n","protected":false},"author":1,"featured_media":0,"parent":0,"menu_order":0,"comment_status":"closed","ping_status":"closed","template":"","meta":{"neve_meta_sidebar":"","neve_meta_container":"","neve_meta_enable_content_width":"","neve_meta_content_width":0,"neve_meta_title_alignment":"","neve_meta_author_avatar":"","neve_post_elements_order":"","neve_meta_disable_header":"","neve_meta_disable_footer":"","neve_meta_disable_title":"","_vp_format_video_url":"","_vp_image_focal_point":[],"footnotes":""},"class_list":["post-448","page","type-page","status-publish","hentry"],"yoast_head":"<!-- This site is optimized with the Yoast SEO plugin v27.3 - https:\/\/yoast.com\/product\/yoast-seo-wordpress\/ -->\n<title>Balony z helem Warszawa i Legionowo. Oferta idealna dla Ciebie!<\/title>\n<meta name=\"description\" content=\"Balony z helem Warszawa i Legionowo - stacjonarne sklepy PartyGo. Nasza oferta akcesori\u00f3w do dekoracji spe\u0142ni Twoje oczekiwania.\" \/>\n<meta name=\"robots\" content=\"index, follow, max-snippet:-1, max-image-preview:large, max-video-preview:-1\" \/>\n<link rel=\"canonical\" href=\"https:\/\/partygo.waw.pl\/index.php\/oferta-balony-z-helem-warszawa-i-legionowo\/\" \/>\n<meta property=\"og:locale\" content=\"pl_PL\" \/>\n<meta property=\"og:type\" content=\"article\" \/>\n<meta property=\"og:title\" content=\"Balony z helem Warszawa i Legionowo. Oferta idealna dla Ciebie!\" \/>\n<meta property=\"og:description\" content=\"Balony z helem Warszawa i Legionowo - stacjonarne sklepy PartyGo. Nasza oferta akcesori\u00f3w do dekoracji spe\u0142ni Twoje oczekiwania.\" \/>\n<meta property=\"og:url\" content=\"https:\/\/partygo.waw.pl\/index.php\/oferta-balony-z-helem-warszawa-i-legionowo\/\" \/>\n<meta property=\"og:site_name\" content=\"PartyGo\" \/>\n<meta property=\"article:publisher\" content=\"https:\/\/www.facebook.com\/people\/Party-Go-Warszawa\/\" \/>\n<meta property=\"article:modified_time\" content=\"2026-02-17T16:11:04+00:00\" \/>\n<meta name=\"twitter:card\" content=\"summary_large_image\" \/>\n<meta name=\"twitter:label1\" content=\"Szacowany czas czytania\" \/>\n\t<meta name=\"twitter:data1\" content=\"21 minut\" \/>\n<script type=\"application\/ld+json\" class=\"yoast-schema-graph\">{\"@context\":\"https:\\\/\\\/schema.org\",\"@graph\":[{\"@type\":\"WebPage\",\"@id\":\"https:\\\/\\\/partygo.waw.pl\\\/index.php\\\/oferta-balony-z-helem-warszawa-i-legionowo\\\/\",\"url\":\"https:\\\/\\\/partygo.waw.pl\\\/index.php\\\/oferta-balony-z-helem-warszawa-i-legionowo\\\/\",\"name\":\"Balony z helem Warszawa i Legionowo. Oferta idealna dla Ciebie!\",\"isPartOf\":{\"@id\":\"https:\\\/\\\/partygo.waw.pl\\\/#website\"},\"datePublished\":\"2022-09-12T20:05:17+00:00\",\"dateModified\":\"2026-02-17T16:11:04+00:00\",\"description\":\"Balony z helem Warszawa i Legionowo - stacjonarne sklepy PartyGo. Nasza oferta akcesori\u00f3w do dekoracji spe\u0142ni Twoje oczekiwania.\",\"breadcrumb\":{\"@id\":\"https:\\\/\\\/partygo.waw.pl\\\/index.php\\\/oferta-balony-z-helem-warszawa-i-legionowo\\\/#breadcrumb\"},\"inLanguage\":\"pl-PL\",\"potentialAction\":[{\"@type\":\"ReadAction\",\"target\":[\"https:\\\/\\\/partygo.waw.pl\\\/index.php\\\/oferta-balony-z-helem-warszawa-i-legionowo\\\/\"]}]},{\"@type\":\"BreadcrumbList\",\"@id\":\"https:\\\/\\\/partygo.waw.pl\\\/index.php\\\/oferta-balony-z-helem-warszawa-i-legionowo\\\/#breadcrumb\",\"itemListElement\":[{\"@type\":\"ListItem\",\"position\":1,\"name\":\"Strona g\u0142\u00f3wna\",\"item\":\"https:\\\/\\\/partygo.waw.pl\\\/\"},{\"@type\":\"ListItem\",\"position\":2,\"name\":\"Oferta\"}]},{\"@type\":\"WebSite\",\"@id\":\"https:\\\/\\\/partygo.waw.pl\\\/#website\",\"url\":\"https:\\\/\\\/partygo.waw.pl\\\/\",\"name\":\"PartyGo\",\"description\":\"Balony i dekoracje Warszawa Legionowo\",\"publisher\":{\"@id\":\"https:\\\/\\\/partygo.waw.pl\\\/#organization\"},\"potentialAction\":[{\"@type\":\"SearchAction\",\"target\":{\"@type\":\"EntryPoint\",\"urlTemplate\":\"https:\\\/\\\/partygo.waw.pl\\\/?s={search_term_string}\"},\"query-input\":{\"@type\":\"PropertyValueSpecification\",\"valueRequired\":true,\"valueName\":\"search_term_string\"}}],\"inLanguage\":\"pl-PL\"},{\"@type\":\"Organization\",\"@id\":\"https:\\\/\\\/partygo.waw.pl\\\/#organization\",\"name\":\"PartyGo\",\"url\":\"https:\\\/\\\/partygo.waw.pl\\\/\",\"logo\":{\"@type\":\"ImageObject\",\"inLanguage\":\"pl-PL\",\"@id\":\"https:\\\/\\\/partygo.waw.pl\\\/#\\\/schema\\\/logo\\\/image\\\/\",\"url\":\"https:\\\/\\\/partygo.waw.pl\\\/wp-content\\\/uploads\\\/2022\\\/10\\\/logo_party-2.jpg\",\"contentUrl\":\"https:\\\/\\\/partygo.waw.pl\\\/wp-content\\\/uploads\\\/2022\\\/10\\\/logo_party-2.jpg\",\"width\":300,\"height\":300,\"caption\":\"PartyGo\"},\"image\":{\"@id\":\"https:\\\/\\\/partygo.waw.pl\\\/#\\\/schema\\\/logo\\\/image\\\/\"},\"sameAs\":[\"https:\\\/\\\/www.facebook.com\\\/people\\\/Party-Go-Warszawa\\\/\"]}]}<\/script>\n<!-- \/ Yoast SEO plugin. -->","yoast_head_json":{"title":"Balony z helem Warszawa i Legionowo. Oferta idealna dla Ciebie!","description":"Balony z helem Warszawa i Legionowo - stacjonarne sklepy PartyGo. Nasza oferta akcesori\u00f3w do dekoracji spe\u0142ni Twoje oczekiwania.","robots":{"index":"index","follow":"follow","max-snippet":"max-snippet:-1","max-image-preview":"max-image-preview:large","max-video-preview":"max-video-preview:-1"},"canonical":"https:\/\/partygo.waw.pl\/index.php\/oferta-balony-z-helem-warszawa-i-legionowo\/","og_locale":"pl_PL","og_type":"article","og_title":"Balony z helem Warszawa i Legionowo. Oferta idealna dla Ciebie!","og_description":"Balony z helem Warszawa i Legionowo - stacjonarne sklepy PartyGo. Nasza oferta akcesori\u00f3w do dekoracji spe\u0142ni Twoje oczekiwania.","og_url":"https:\/\/partygo.waw.pl\/index.php\/oferta-balony-z-helem-warszawa-i-legionowo\/","og_site_name":"PartyGo","article_publisher":"https:\/\/www.facebook.com\/people\/Party-Go-Warszawa\/","article_modified_time":"2026-02-17T16:11:04+00:00","twitter_card":"summary_large_image","twitter_misc":{"Szacowany czas czytania":"21 minut"},"schema":{"@context":"https:\/\/schema.org","@graph":[{"@type":"WebPage","@id":"https:\/\/partygo.waw.pl\/index.php\/oferta-balony-z-helem-warszawa-i-legionowo\/","url":"https:\/\/partygo.waw.pl\/index.php\/oferta-balony-z-helem-warszawa-i-legionowo\/","name":"Balony z helem Warszawa i Legionowo. Oferta idealna dla Ciebie!","isPartOf":{"@id":"https:\/\/partygo.waw.pl\/#website"},"datePublished":"2022-09-12T20:05:17+00:00","dateModified":"2026-02-17T16:11:04+00:00","description":"Balony z helem Warszawa i Legionowo - stacjonarne sklepy PartyGo. Nasza oferta akcesori\u00f3w do dekoracji spe\u0142ni Twoje oczekiwania.","breadcrumb":{"@id":"https:\/\/partygo.waw.pl\/index.php\/oferta-balony-z-helem-warszawa-i-legionowo\/#breadcrumb"},"inLanguage":"pl-PL","potentialAction":[{"@type":"ReadAction","target":["https:\/\/partygo.waw.pl\/index.php\/oferta-balony-z-helem-warszawa-i-legionowo\/"]}]},{"@type":"BreadcrumbList","@id":"https:\/\/partygo.waw.pl\/index.php\/oferta-balony-z-helem-warszawa-i-legionowo\/#breadcrumb","itemListElement":[{"@type":"ListItem","position":1,"name":"Strona g\u0142\u00f3wna","item":"https:\/\/partygo.waw.pl\/"},{"@type":"ListItem","position":2,"name":"Oferta"}]},{"@type":"WebSite","@id":"https:\/\/partygo.waw.pl\/#website","url":"https:\/\/partygo.waw.pl\/","name":"PartyGo","description":"Balony i dekoracje Warszawa Legionowo","publisher":{"@id":"https:\/\/partygo.waw.pl\/#organization"},"potentialAction":[{"@type":"SearchAction","target":{"@type":"EntryPoint","urlTemplate":"https:\/\/partygo.waw.pl\/?s={search_term_string}"},"query-input":{"@type":"PropertyValueSpecification","valueRequired":true,"valueName":"search_term_string"}}],"inLanguage":"pl-PL"},{"@type":"Organization","@id":"https:\/\/partygo.waw.pl\/#organization","name":"PartyGo","url":"https:\/\/partygo.waw.pl\/","logo":{"@type":"ImageObject","inLanguage":"pl-PL","@id":"https:\/\/partygo.waw.pl\/#\/schema\/logo\/image\/","url":"https:\/\/partygo.waw.pl\/wp-content\/uploads\/2022\/10\/logo_party-2.jpg","contentUrl":"https:\/\/partygo.waw.pl\/wp-content\/uploads\/2022\/10\/logo_party-2.jpg","width":300,"height":300,"caption":"PartyGo"},"image":{"@id":"https:\/\/partygo.waw.pl\/#\/schema\/logo\/image\/"},"sameAs":["https:\/\/www.facebook.com\/people\/Party-Go-Warszawa\/"]}]}},"_links":{"self":[{"href":"https:\/\/partygo.waw.pl\/index.php\/wp-json\/wp\/v2\/pages\/448","targetHints":{"allow":["GET"]}}],"collection":[{"href":"https:\/\/partygo.waw.pl\/index.php\/wp-json\/wp\/v2\/pages"}],"about":[{"href":"https:\/\/partygo.waw.pl\/index.php\/wp-json\/wp\/v2\/types\/page"}],"author":[{"embeddable":true,"href":"https:\/\/partygo.waw.pl\/index.php\/wp-json\/wp\/v2\/users\/1"}],"replies":[{"embeddable":true,"href":"https:\/\/partygo.waw.pl\/index.php\/wp-json\/wp\/v2\/comments?post=448"}],"version-history":[{"count":17,"href":"https:\/\/partygo.waw.pl\/index.php\/wp-json\/wp\/v2\/pages\/448\/revisions"}],"predecessor-version":[{"id":1267,"href":"https:\/\/partygo.waw.pl\/index.php\/wp-json\/wp\/v2\/pages\/448\/revisions\/1267"}],"wp:attachment":[{"href":"https:\/\/partygo.waw.pl\/index.php\/wp-json\/wp\/v2\/media?parent=448"}],"curies":[{"name":"wp","href":"https:\/\/api.w.org\/{rel}","templated":true}]}}