{"id":764,"date":"2022-11-04T18:54:49","date_gmt":"2022-11-04T17:54:49","guid":{"rendered":"https:\/\/partygo.waw.pl\/?page_id=764"},"modified":"2022-12-12T08:05:06","modified_gmt":"2022-12-12T07:05:06","slug":"polityka-prywatnosci-i-pliki-cookies","status":"publish","type":"page","link":"https:\/\/partygo.waw.pl\/index.php\/polityka-prywatnosci-i-pliki-cookies\/","title":{"rendered":"Polityka prywatno\u015bci i pliki cookies"},"content":{"rendered":"\n<h2 class=\"wp-block-heading\"><strong>Sklep stacjonarny partygowaw.pl<\/strong><\/h2>\n\n\n\n<h3 class=\"wp-block-heading\"><strong>Postanowienia og\u00f3lne<\/strong><\/h3>\n\n\n\n<p>Administratorem danych osobowych u\u017cytkownik\u00f3w serwisu internetowego znajduj\u0105cego si\u0119 pod domen\u0105 partygowaw.pl jest podmiot gospodarczy zarejestrowany w Centralnej Ewidencji i Informacji o Dzia\u0142alno\u015bci Gospodarczej Rzeczypospolitej Polskiej prowadzonej przez ministra w\u0142a\u015bciwego do spraw gospodarki, jako: Party Go Anatoly Sukhodolskiy, ul. Mrugacza 1 lokal D, 05-120 Legionowo, NIP: 5252804516, REGON: 384644872 (w dalszej cz\u0119\u015bci zwany \u201eAdministratorem\u201d).<\/p>\n\n\n\n<p>1. Z Administratorem mo\u017cna skontaktowa\u0107 si\u0119 mailowo, telefonicznie lub pisemnie. Dane kontaktowe: adres e-mail: admin@partygo.waw.pl, telefon kontaktowy \u2026&#8230;&#8230;, adres do korespondencji: ul&#8230;&#8230;&#8230;&#8230;&#8230;&#8230;&#8230;&#8230; .<\/p>\n\n\n\n<p>2. Celem Polityki Prywatno\u015bci jest okre\u015blenie dzia\u0142a\u0144 podejmowanych w zakresie danych osobowych gromadzonych za po\u015brednictwem strony internetowej Administratora oraz powi\u0105zanych z nimi us\u0142ug i narz\u0119dzi wykorzystywanych przez jej u\u017cytkownik\u00f3w, jak i w ramach dzia\u0142alno\u015bci zawierania i realizowania um\u00f3w poza stron\u0105 internetow\u0105.<\/p>\n\n\n\n<h3 class=\"wp-block-heading\"><strong>Przetwarzania i przechowywanie danych osobowych<\/strong><\/h3>\n\n\n\n<p>1.Dane osobowe u\u017cytkownik\u00f3w s\u0105 przetwarzane zgodnie z Og\u00f3lnym Rozporz\u0105dzeniem o Ochronie Danych Osobowych, Ustaw\u0105 o ochronie danych osobowych, ustaw\u0105 o ochronie danych osobowych z dnia 10.05.2018 r. oraz Ustaw\u0105 o \u015bwiadczeniu us\u0142ug drog\u0105 elektroniczn\u0105 z dnia 18.07.2002 r.<\/p>\n\n\n\n<p>2. Przetwarzania danych osobowych na podstawie przes\u0142anego przez u\u017cytkownika e-maila, co nast\u0119puje na podstawie art. 6 ust. 1 lit. b Og\u00f3lnego Rozporz\u0105dzenia o Ochronie Danych, zgodnie z kt\u00f3rym przetwarzanie danych jest konieczne w celu podj\u0119cia dzia\u0142a\u0144 na \u017c\u0105danie osoby, kt\u00f3rej dane dotycz\u0105.<\/p>\n\n\n\n<p>3. Przetwarzanie danych osobowych potrzebne do uzyskania odr\u0119bnej zgody u\u017cytkownika. Jego dane osobowe mog\u0105 by\u0107 przetwarzane przez Administratora r\u00f3wnie\u017c w celach marketingowych, w tym w celu kierowania informacji handlowej drog\u0105 elektroniczn\u0105 na wskazany przez u\u017cytkownika adres e-mail (art. 6 ust. 1 lit. a Og\u00f3lnego Rozporz\u0105dzenia o Ochronie Danych).<\/p>\n\n\n\n<p>4. Przetwarzanie danych osobowych w celu zawierania i wykonywania przez Administratora umowy sprzeda\u017cy, gdzie druga strona ma obowi\u0105zek poda\u0107 dane niezb\u0119dne dla zawarcia umowy (co jest wymogiem umownym, a w zakresie numer\u00f3w podatkowych tak\u017ce wymogiem ustawowym) (art. 6 ust. 1 lit. b Og\u00f3lnego Rozporz\u0105dzenia o Ochronie Danych).<\/p>\n\n\n\n<p>5. Przetwarzanie danych osobowych w celu przeprowadzania bada\u0144 i analiz w niezb\u0119dnych do poprawy dzia\u0142ania dost\u0119pnych us\u0142ug (np. narz\u0119dzia \u015bledz\u0105ce). Jako podstaw\u0119 przetwarzania danych wskazuje si\u0119 art. 6 ust. 1 lit. f Og\u00f3lnego Rozporz\u0105dzenia o Ochronie Danych.<\/p>\n\n\n\n<p>6. Dane osobowe u\u017cytkownik\u00f3w przechowywane s\u0105 nie d\u0142u\u017cej ni\u017c jest to niezb\u0119dne lub do momentu cofni\u0119cia zgody je\u017celi przetwarzanie odbywa si\u0119 w oparciu o tak\u0105 zgod\u0119.<\/p>\n\n\n\n<p>7. Przetwarzanie danych osobowych na potrzeby subskrybcji newslettera. Subskrybcje w ka\u017cdym momencie mo\u017cna cofn\u0105\u0107.<\/p>\n\n\n\n<h3 class=\"wp-block-heading\"><strong>Udost\u0119pnianie danych<\/strong><\/h3>\n\n\n\n<p>1. Administrator zapewnia, \u017ce wszelkie zebrane dane osobowe s\u0142u\u017c\u0105 do realizacji zobowi\u0105za\u0144 wobec u\u017cytkownik\u00f3w. Informacje te nie b\u0119d\u0105 udost\u0119pniane osobom trzecim za wyj\u0105tkiem sytuacji, gdy:<\/p>\n\n\n\n<p>a) uprzednio zostanie wyra\u017cona wyra\u017ana zgoda os\u00f3b, kt\u00f3rych one dotycz\u0105, na takie dzia\u0142anie, lub<\/p>\n\n\n\n<p>b) przekazanie takie jest niezb\u0119dne w przypadku korzystania przez Administratora z os\u00f3b wsp\u00f3\u0142pracuj\u0105cych, np. ksi\u0119gowych, podwykonawc\u00f3w i dostawc\u00f3w asortymentu, kurier\u00f3w i przewo\u017anik\u00f3w, kancelarii prawnych,<\/p>\n\n\n\n<p>c) je\u017celi obowi\u0105zek przekazania tych danych wynika lub b\u0119dzie wynika\u0107 z obowi\u0105zuj\u0105cych przepis\u00f3w prawa, np. organom \u015bcigania.<\/p>\n\n\n\n<p>Administrator mo\u017ce udost\u0119pnia\u0107 dane anonimowe (tj. takie, kt\u00f3re nie identyfikuj\u0105 konkretnych U\u017cytkownik\u00f3w) zewn\u0119trznym us\u0142ugodawcom w celu lepszego rozpoznania atrakcyjno\u015bci reklam i us\u0142ug dla U\u017cytkownik\u00f3w, a w tym zakresie ze wzgl\u0119du na siedzib\u0119 dostawc\u00f3w oprogramowania dane mog\u0105 by\u0107 przekazywane \u2013 z zachowaniem zasad ich ochrony \u2013 do pa\u0144stw trzecich (np. USA w przypadku Google lub Facebook).<\/p>\n\n\n\n<h2 class=\"wp-block-heading\"><strong>Uprawnienia U\u017cytkownika<\/strong><\/h2>\n\n\n\n<p>1. U\u017cytkownik, kt\u00f3rego dane osobowe s\u0105 przetwarzane ma prawo wgl\u0105du do swoich danych, ich uzupe\u0142nienia, uaktualnienia, sprostowania, czasowego lub sta\u0142ego ograniczenia ich przetwarzania, \u017c\u0105dania ich usuni\u0119cia. Odbywa si\u0119 to na podstawie \u017c\u0105dania u\u017cytkownika przes\u0142anego na adres poczty elektronicznej admin@partygo.waw.pl<br>\u017b\u0105danie takie powinno zawiera\u0107 imi\u0119 i nazwisko u\u017cytkownika.<\/p>\n\n\n\n<p>2. U\u017cytkownik zapewnia, \u017ce podawane lub publikowane przez niego w serwisie dane s\u0105 poprawne.<\/p>\n\n\n\n<p>3. Dok\u0142adamy wszelkich stara\u0144, aby przetwarzanie danych osobowych u\u017cytkownik\u00f3w odbywa\u0142o si\u0119 w spos\u00f3b zgodny z przepisami prawa. Je\u017celi jednak u\u017cytkownik uzna, i\u017c dopu\u015bcili\u015bmy si\u0119 naruszenia, ma prawo wniesienia skargi do organu nadzorczego (Prezesa Urz\u0119du Ochrony Danych Osobowych).<\/p>\n\n\n\n<h2 class=\"wp-block-heading\"><strong>Polityka Cookies<\/strong><\/h2>\n\n\n\n<p>Poprzez pliki \u201ecookies\u201d nale\u017cy rozumie\u0107 dane informatyczne, w szczeg\u00f3lno\u015bci pliki tekstowe, przechowywane na urz\u0105dzeniach ko\u0144cowych u\u017cytkownik\u00f3w (zazwyczaj na twardym dysku komputera lub w urz\u0105dzeniu mobilnym) s\u0142u\u017c\u0105ce do zapisywania przez przegl\u0105dark\u0119 u\u017cytkownika okre\u015blonych ustawie\u0144 i danych w celu korzystania ze stron internetowych. Pliki te pozwalaj\u0105 rozpozna\u0107 urz\u0105dzenie u\u017cytkownika i odpowiednio wy\u015bwietli\u0107 stron\u0119 internetow\u0105, zapewniaj\u0105c komfort podczas jej u\u017cytkowania. Przechowywanie plik\u00f3w \u201ecookies\u201d umo\u017cliwia zatem odpowiednie przygotowanie strony internetowej i oferty pod k\u0105tem preferencji u\u017cytkownika \u2013 serwer rozpoznaje go i pami\u0119ta m. in. preferencje takie jak: odwiedziny, klikni\u0119cia, poprzednie dzia\u0142ania.<\/p>\n\n\n\n<p>1. \u201eCookies\u201d zawieraj\u0105 w szczeg\u00f3lno\u015bci nazw\u0119 domeny serwisu internetowego, z kt\u00f3rego pochodz\u0105, czas przechowywania ich na urz\u0105dzeniu ko\u0144cowym oraz unikalny numer s\u0142u\u017c\u0105cy do identyfikacji przegl\u0105darki, z kt\u00f3rej nast\u0119puje po\u0142\u0105czenie ze stron\u0105 internetow\u0105.<\/p>\n\n\n\n<p>2. Pliki \u201ecookies\u201d u\u017cywane s\u0105 w celu:<\/p>\n\n\n\n<p>a. dostosowania zawarto\u015bci stron internetowych do preferencji u\u017cytkownika oraz optymalizacji korzystania ze stron internetowych,<\/p>\n\n\n\n<p>b. tworzenia anonimowych statystyk, kt\u00f3re poprzez pomoc w ustaleniu w jaki spos\u00f3b u\u017cytkownik korzysta ze stron internetowych umo\u017cliwiaj\u0105 ulepszanie ich struktur i zawarto\u015bci,<\/p>\n\n\n\n<p>c. dostarczania u\u017cytkownikom witryny tre\u015bci reklamowych dostosowanych do ich zainteresowa\u0144.<\/p>\n\n\n\n<p>3. Pliki \u201ecookies\u201d nie s\u0142u\u017c\u0105 identyfikacji u\u017cytkownika i na ich podstawie nie jest ustalana jego to\u017csamo\u015b\u0107.<\/p>\n\n\n\n<p>4. Zasadniczym podzia\u0142 plik\u00f3w \u201ecookies\u201d stanowi ich rozr\u00f3\u017cnienie na:<\/p>\n\n\n\n<p>a) Pliki \u201ecookies\u201d o charakterze sta\u0142ym (persistent cookies) przechowywane s\u0105 na urz\u0105dzeniu u\u017cytkownika przez czas okre\u015blony w parametrach plik\u00f3w \u201ecookies\u201d lub te\u017c do momentu ich r\u0119cznego usuni\u0119cia przez u\u017cytkownika.<\/p>\n\n\n\n<p>b) Pliki \u201ecookies\u201d o charakterze tymczasowym (session cookies) s\u0105 plikami tymczasowymi, usuwanymi automatycznie po wylogowaniu ze strony internetowej lub zamkni\u0119ciu okna przegl\u0105darki internetowej.<\/p>\n\n\n\n<p>5. Stosownie plik\u00f3w \u201ecookies\u201d w celu dostosowania zawarto\u015bci stron internetowych do preferencji u\u017cytkownika nie oznacza co do zasady gromadzenia \u017cadnych informacji pozwalaj\u0105cych na identyfikacj\u0119 u\u017cytkownika, chocia\u017c informacje te mog\u0105 mie\u0107 niekiedy charakter danych osobowych to jest danych umo\u017cliwiaj\u0105cych przypisanie pewnych zachowa\u0144 konkretnemu u\u017cytkownikowi.&nbsp; Dane osobowe gromadzone przy u\u017cyciu plik\u00f3w \u201ecookies\u201d mog\u0105 by\u0107 zbierane wy\u0142\u0105cznie w celu wykonywania okre\u015blonych funkcji na rzecz u\u017cytkownika. Takie dane s\u0105 zaszyfrowane w spos\u00f3b uniemo\u017cliwiaj\u0105cy dost\u0119p do nich osobom nieuprawnionym.<\/p>\n\n\n\n<p>6. Pliki cookies wykorzystywane przez niniejsz\u0105 stron\u0119 nie s\u0105 szkodliwe ani dla u\u017cytkownika ani dla urz\u0105dzenia ko\u0144cowego przez niego wykorzystywanego, dlatego w celu prawid\u0142owego funkcjonowania serwisu zalecane jest niewy\u0142\u0105czanie ich obs\u0142ugi w przegl\u0105darkach. W wielu przypadkach oprogramowanie s\u0142u\u017c\u0105ce do przegl\u0105dania stron internetowych (przegl\u0105darka internetowa) domy\u015blnie dopuszcza przechowywanie informacji w formie plik\u00f3w \u201ecookies\u201d i innych podobnych technologii w urz\u0105dzeniu ko\u0144cowym u\u017cytkownika. U\u017cytkownik w ka\u017cdej chwili mo\u017ce zmieni\u0107 spos\u00f3b korzystania z plik\u00f3w \u201ecookies\u201d przez przegl\u0105dark\u0119. W tym celu nale\u017cy zmieni\u0107 ustawienia przegl\u0105darki. Spos\u00f3b dokonania zmiany ustawie\u0144 r\u00f3\u017cni si\u0119 w zale\u017cno\u015bci od u\u017cywanego oprogramowania (przegl\u0105darki internetowej). Odpowiednie wskaz\u00f3wki znajdziesz na podstronach, w zale\u017cno\u015bci od przegl\u0105darki, kt\u00f3rej u\u017cywasz.<\/p>\n\n\n\n<p>7. Szczeg\u00f3\u0142owe informacje o zarz\u0105dzaniu plikami cookies na telefonie kom\u00f3rkowym lub innym urz\u0105dzeniu mobilnym powinny znajdowa\u0107 si\u0119 w instrukcji obs\u0142ugi danego urz\u0105dzenia mobilnego. W ka\u017cdej chwili U\u017cytkownik mo\u017ce tak\u017ce usun\u0105\u0107 swoje dane z bazy Google Analytics.<br><br><strong><br><\/strong><\/p>\n\n\n\n<h3 class=\"wp-block-heading\"><strong><br><\/strong><\/h3>\n","protected":false},"excerpt":{"rendered":"<p>Sklep stacjonarny partygowaw.pl Postanowienia og\u00f3lne Administratorem danych osobowych u\u017cytkownik\u00f3w serwisu internetowego znajduj\u0105cego si\u0119 pod domen\u0105 partygowaw.pl jest podmiot gospodarczy zarejestrowany w Centralnej Ewidencji i Informacji o Dzia\u0142alno\u015bci Gospodarczej Rzeczypospolitej Polskiej prowadzonej przez ministra w\u0142a\u015bciwego do spraw gospodarki, jako: Party Go Anatoly Sukhodolskiy, ul. Mrugacza 1 lokal D, 05-120 Legionowo, NIP: 5252804516, REGON: 384644872 (w dalszej&hellip;&nbsp;<a href=\"https:\/\/partygo.waw.pl\/index.php\/polityka-prywatnosci-i-pliki-cookies\/\" class=\"\" rel=\"bookmark\">Czytaj dalej &raquo;<span class=\"screen-reader-text\">Polityka prywatno\u015bci i pliki cookies<\/span><\/a><\/p>\n","protected":false},"author":1,"featured_media":0,"parent":0,"menu_order":0,"comment_status":"closed","ping_status":"closed","template":"","meta":{"neve_meta_sidebar":"","neve_meta_container":"","neve_meta_enable_content_width":"","neve_meta_content_width":0,"neve_meta_title_alignment":"","neve_meta_author_avatar":"","neve_post_elements_order":"","neve_meta_disable_header":"","neve_meta_disable_footer":"","neve_meta_disable_title":"","_vp_format_video_url":"","_vp_image_focal_point":[],"footnotes":""},"class_list":["post-764","page","type-page","status-publish","hentry"],"yoast_head":"<!-- This site is optimized with the Yoast SEO plugin v27.3 - https:\/\/yoast.com\/product\/yoast-seo-wordpress\/ -->\n<title>Polityka prywatno\u015bci i pliki cookies<\/title>\n<meta name=\"description\" content=\"Polityka prywatno\u015bci i pliki cookies. Sklep Party Go Warszawa i sklep Party Go Legionowo. Zapraszamy do zapoznania si\u0119 z regulaminem.\" \/>\n<meta name=\"robots\" content=\"index, follow, max-snippet:-1, max-image-preview:large, max-video-preview:-1\" \/>\n<link rel=\"canonical\" href=\"https:\/\/partygo.waw.pl\/index.php\/polityka-prywatnosci-i-pliki-cookies\/\" \/>\n<meta property=\"og:locale\" content=\"pl_PL\" \/>\n<meta property=\"og:type\" content=\"article\" \/>\n<meta property=\"og:title\" content=\"Polityka prywatno\u015bci i pliki cookies\" \/>\n<meta property=\"og:description\" content=\"Polityka prywatno\u015bci i pliki cookies. Sklep Party Go Warszawa i sklep Party Go Legionowo. Zapraszamy do zapoznania si\u0119 z regulaminem.\" \/>\n<meta property=\"og:url\" content=\"https:\/\/partygo.waw.pl\/index.php\/polityka-prywatnosci-i-pliki-cookies\/\" \/>\n<meta property=\"og:site_name\" content=\"PartyGo\" \/>\n<meta property=\"article:publisher\" content=\"https:\/\/www.facebook.com\/people\/Party-Go-Warszawa\/\" \/>\n<meta property=\"article:modified_time\" content=\"2022-12-12T07:05:06+00:00\" \/>\n<meta name=\"twitter:card\" content=\"summary_large_image\" \/>\n<meta name=\"twitter:label1\" content=\"Szacowany czas czytania\" \/>\n\t<meta name=\"twitter:data1\" content=\"7 minut\" \/>\n<script type=\"application\/ld+json\" class=\"yoast-schema-graph\">{\"@context\":\"https:\\\/\\\/schema.org\",\"@graph\":[{\"@type\":\"WebPage\",\"@id\":\"https:\\\/\\\/partygo.waw.pl\\\/index.php\\\/polityka-prywatnosci-i-pliki-cookies\\\/\",\"url\":\"https:\\\/\\\/partygo.waw.pl\\\/index.php\\\/polityka-prywatnosci-i-pliki-cookies\\\/\",\"name\":\"Polityka prywatno\u015bci i pliki cookies\",\"isPartOf\":{\"@id\":\"https:\\\/\\\/partygo.waw.pl\\\/#website\"},\"datePublished\":\"2022-11-04T17:54:49+00:00\",\"dateModified\":\"2022-12-12T07:05:06+00:00\",\"description\":\"Polityka prywatno\u015bci i pliki cookies. Sklep Party Go Warszawa i sklep Party Go Legionowo. Zapraszamy do zapoznania si\u0119 z regulaminem.\",\"breadcrumb\":{\"@id\":\"https:\\\/\\\/partygo.waw.pl\\\/index.php\\\/polityka-prywatnosci-i-pliki-cookies\\\/#breadcrumb\"},\"inLanguage\":\"pl-PL\",\"potentialAction\":[{\"@type\":\"ReadAction\",\"target\":[\"https:\\\/\\\/partygo.waw.pl\\\/index.php\\\/polityka-prywatnosci-i-pliki-cookies\\\/\"]}]},{\"@type\":\"BreadcrumbList\",\"@id\":\"https:\\\/\\\/partygo.waw.pl\\\/index.php\\\/polityka-prywatnosci-i-pliki-cookies\\\/#breadcrumb\",\"itemListElement\":[{\"@type\":\"ListItem\",\"position\":1,\"name\":\"Strona g\u0142\u00f3wna\",\"item\":\"https:\\\/\\\/partygo.waw.pl\\\/\"},{\"@type\":\"ListItem\",\"position\":2,\"name\":\"Polityka prywatno\u015bci i pliki cookies\"}]},{\"@type\":\"WebSite\",\"@id\":\"https:\\\/\\\/partygo.waw.pl\\\/#website\",\"url\":\"https:\\\/\\\/partygo.waw.pl\\\/\",\"name\":\"PartyGo\",\"description\":\"Balony i dekoracje Warszawa Legionowo\",\"publisher\":{\"@id\":\"https:\\\/\\\/partygo.waw.pl\\\/#organization\"},\"potentialAction\":[{\"@type\":\"SearchAction\",\"target\":{\"@type\":\"EntryPoint\",\"urlTemplate\":\"https:\\\/\\\/partygo.waw.pl\\\/?s={search_term_string}\"},\"query-input\":{\"@type\":\"PropertyValueSpecification\",\"valueRequired\":true,\"valueName\":\"search_term_string\"}}],\"inLanguage\":\"pl-PL\"},{\"@type\":\"Organization\",\"@id\":\"https:\\\/\\\/partygo.waw.pl\\\/#organization\",\"name\":\"PartyGo\",\"url\":\"https:\\\/\\\/partygo.waw.pl\\\/\",\"logo\":{\"@type\":\"ImageObject\",\"inLanguage\":\"pl-PL\",\"@id\":\"https:\\\/\\\/partygo.waw.pl\\\/#\\\/schema\\\/logo\\\/image\\\/\",\"url\":\"https:\\\/\\\/partygo.waw.pl\\\/wp-content\\\/uploads\\\/2022\\\/10\\\/logo_party-2.jpg\",\"contentUrl\":\"https:\\\/\\\/partygo.waw.pl\\\/wp-content\\\/uploads\\\/2022\\\/10\\\/logo_party-2.jpg\",\"width\":300,\"height\":300,\"caption\":\"PartyGo\"},\"image\":{\"@id\":\"https:\\\/\\\/partygo.waw.pl\\\/#\\\/schema\\\/logo\\\/image\\\/\"},\"sameAs\":[\"https:\\\/\\\/www.facebook.com\\\/people\\\/Party-Go-Warszawa\\\/\"]}]}<\/script>\n<!-- \/ Yoast SEO plugin. -->","yoast_head_json":{"title":"Polityka prywatno\u015bci i pliki cookies","description":"Polityka prywatno\u015bci i pliki cookies. Sklep Party Go Warszawa i sklep Party Go Legionowo. Zapraszamy do zapoznania si\u0119 z regulaminem.","robots":{"index":"index","follow":"follow","max-snippet":"max-snippet:-1","max-image-preview":"max-image-preview:large","max-video-preview":"max-video-preview:-1"},"canonical":"https:\/\/partygo.waw.pl\/index.php\/polityka-prywatnosci-i-pliki-cookies\/","og_locale":"pl_PL","og_type":"article","og_title":"Polityka prywatno\u015bci i pliki cookies","og_description":"Polityka prywatno\u015bci i pliki cookies. Sklep Party Go Warszawa i sklep Party Go Legionowo. Zapraszamy do zapoznania si\u0119 z regulaminem.","og_url":"https:\/\/partygo.waw.pl\/index.php\/polityka-prywatnosci-i-pliki-cookies\/","og_site_name":"PartyGo","article_publisher":"https:\/\/www.facebook.com\/people\/Party-Go-Warszawa\/","article_modified_time":"2022-12-12T07:05:06+00:00","twitter_card":"summary_large_image","twitter_misc":{"Szacowany czas czytania":"7 minut"},"schema":{"@context":"https:\/\/schema.org","@graph":[{"@type":"WebPage","@id":"https:\/\/partygo.waw.pl\/index.php\/polityka-prywatnosci-i-pliki-cookies\/","url":"https:\/\/partygo.waw.pl\/index.php\/polityka-prywatnosci-i-pliki-cookies\/","name":"Polityka prywatno\u015bci i pliki cookies","isPartOf":{"@id":"https:\/\/partygo.waw.pl\/#website"},"datePublished":"2022-11-04T17:54:49+00:00","dateModified":"2022-12-12T07:05:06+00:00","description":"Polityka prywatno\u015bci i pliki cookies. Sklep Party Go Warszawa i sklep Party Go Legionowo. Zapraszamy do zapoznania si\u0119 z regulaminem.","breadcrumb":{"@id":"https:\/\/partygo.waw.pl\/index.php\/polityka-prywatnosci-i-pliki-cookies\/#breadcrumb"},"inLanguage":"pl-PL","potentialAction":[{"@type":"ReadAction","target":["https:\/\/partygo.waw.pl\/index.php\/polityka-prywatnosci-i-pliki-cookies\/"]}]},{"@type":"BreadcrumbList","@id":"https:\/\/partygo.waw.pl\/index.php\/polityka-prywatnosci-i-pliki-cookies\/#breadcrumb","itemListElement":[{"@type":"ListItem","position":1,"name":"Strona g\u0142\u00f3wna","item":"https:\/\/partygo.waw.pl\/"},{"@type":"ListItem","position":2,"name":"Polityka prywatno\u015bci i pliki cookies"}]},{"@type":"WebSite","@id":"https:\/\/partygo.waw.pl\/#website","url":"https:\/\/partygo.waw.pl\/","name":"PartyGo","description":"Balony i dekoracje Warszawa Legionowo","publisher":{"@id":"https:\/\/partygo.waw.pl\/#organization"},"potentialAction":[{"@type":"SearchAction","target":{"@type":"EntryPoint","urlTemplate":"https:\/\/partygo.waw.pl\/?s={search_term_string}"},"query-input":{"@type":"PropertyValueSpecification","valueRequired":true,"valueName":"search_term_string"}}],"inLanguage":"pl-PL"},{"@type":"Organization","@id":"https:\/\/partygo.waw.pl\/#organization","name":"PartyGo","url":"https:\/\/partygo.waw.pl\/","logo":{"@type":"ImageObject","inLanguage":"pl-PL","@id":"https:\/\/partygo.waw.pl\/#\/schema\/logo\/image\/","url":"https:\/\/partygo.waw.pl\/wp-content\/uploads\/2022\/10\/logo_party-2.jpg","contentUrl":"https:\/\/partygo.waw.pl\/wp-content\/uploads\/2022\/10\/logo_party-2.jpg","width":300,"height":300,"caption":"PartyGo"},"image":{"@id":"https:\/\/partygo.waw.pl\/#\/schema\/logo\/image\/"},"sameAs":["https:\/\/www.facebook.com\/people\/Party-Go-Warszawa\/"]}]}},"_links":{"self":[{"href":"https:\/\/partygo.waw.pl\/index.php\/wp-json\/wp\/v2\/pages\/764","targetHints":{"allow":["GET"]}}],"collection":[{"href":"https:\/\/partygo.waw.pl\/index.php\/wp-json\/wp\/v2\/pages"}],"about":[{"href":"https:\/\/partygo.waw.pl\/index.php\/wp-json\/wp\/v2\/types\/page"}],"author":[{"embeddable":true,"href":"https:\/\/partygo.waw.pl\/index.php\/wp-json\/wp\/v2\/users\/1"}],"replies":[{"embeddable":true,"href":"https:\/\/partygo.waw.pl\/index.php\/wp-json\/wp\/v2\/comments?post=764"}],"version-history":[{"count":3,"href":"https:\/\/partygo.waw.pl\/index.php\/wp-json\/wp\/v2\/pages\/764\/revisions"}],"predecessor-version":[{"id":770,"href":"https:\/\/partygo.waw.pl\/index.php\/wp-json\/wp\/v2\/pages\/764\/revisions\/770"}],"wp:attachment":[{"href":"https:\/\/partygo.waw.pl\/index.php\/wp-json\/wp\/v2\/media?parent=764"}],"curies":[{"name":"wp","href":"https:\/\/api.w.org\/{rel}","templated":true}]}}