{"id":1348,"date":"2026-02-18T15:03:36","date_gmt":"2026-02-18T14:03:36","guid":{"rendered":"https:\/\/partygo.waw.pl\/?post_type=product&#038;p=1348"},"modified":"2026-03-04T15:08:55","modified_gmt":"2026-03-04T14:08:55","slug":"sztaluga-z-girlanda-balonowa-oraz-spersonalizowana-tablica-na-18-stke","status":"publish","type":"product","link":"https:\/\/partygo.waw.pl\/index.php\/product\/sztaluga-z-girlanda-balonowa-oraz-spersonalizowana-tablica-na-18-stke\/","title":{"rendered":"Dekoracja na 18 urodziny"},"content":{"rendered":"<div class=\"flex flex-col text-sm pb-25\">\n<article class=\"text-token-text-primary w-full focus:outline-none [--shadow-height:45px] has-data-writing-block:pointer-events-none has-data-writing-block:-mt-(--shadow-height) has-data-writing-block:pt-(--shadow-height) [&amp;:has([data-writing-block])&gt;*]:pointer-events-auto scroll-mt-[calc(var(--header-height)+min(200px,max(70px,20svh)))]\" dir=\"auto\" tabindex=\"-1\" data-turn-id=\"request-6996e3e7-5b08-8330-9d2d-c4db58b944d0-5\" data-testid=\"conversation-turn-28\" data-scroll-anchor=\"true\" data-turn=\"assistant\">\n<div class=\"text-base my-auto mx-auto pb-10 [--thread-content-margin:--spacing(4)] @w-sm\/main:[--thread-content-margin:--spacing(6)] @w-lg\/main:[--thread-content-margin:--spacing(16)] px-(--thread-content-margin)\">\n<div class=\"[--thread-content-max-width:40rem] @w-lg\/main:[--thread-content-max-width:48rem] mx-auto max-w-(--thread-content-max-width) flex-1 group\/turn-messages focus-visible:outline-hidden relative flex w-full min-w-0 flex-col agent-turn\" tabindex=\"-1\">\n<div class=\"flex max-w-full flex-col grow\">\n<div class=\"min-h-8 text-message relative flex w-full flex-col items-end gap-2 text-start break-words whitespace-normal [.text-message+&amp;]:mt-1\" dir=\"auto\" data-message-author-role=\"assistant\" data-message-id=\"1e94ff48-08d3-4744-9c4c-6130146db775\" data-message-model-slug=\"gpt-5-2\">\n<div class=\"flex w-full flex-col gap-1 empty:hidden first:pt-[1px]\">\n<div class=\"markdown prose dark:prose-invert w-full wrap-break-word light markdown-new-styling\">\n<h2 data-start=\"123\" data-end=\"371\">Dekoracja na 18 urodziny<\/h2>\n<p>Stylowa dekoracja idealna na wej\u015bcie do sali lub jako efektowna strefa powitalna podczas przyj\u0119cia z okazji 18 urodzin. Nowoczesne po\u0142\u0105czenie spersonalizowanej tablicy, balonowych cyfr i organicznej girlandy tworzy sp\u00f3jn\u0105 oraz eleganck\u0105 kompozycj\u0119.<\/p>\n<h3 data-start=\"373\" data-end=\"403\"><strong data-start=\"373\" data-end=\"403\">W sk\u0142ad dekoracji wchodzi:<\/strong><\/h3>\n<ul data-start=\"404\" data-end=\"584\">\n<li data-start=\"404\" data-end=\"475\">Balony foliowe cyfry \u201e1\u201d i \u201e8\u201d o wysoko\u015bci 92 cm z helem<\/li>\n<li data-start=\"476\" data-end=\"488\">Sztaluga<\/li>\n<li data-start=\"489\" data-end=\"551\">Spersonalizowana tablica (np. imi\u0119, data, has\u0142o przyj\u0119cia)<\/li>\n<li data-start=\"552\" data-end=\"584\">Organiczna girlanda balonowa<\/li>\n<\/ul>\n<p>Dekoracja doskonale sprawdzi si\u0119 jako element powitalny oraz t\u0142o do pami\u0105tkowych zdj\u0119\u0107.Mo\u017cliwo\u015b\u0107 dopasowania kolorystyki girlandy i tre\u015bci personalizacji do motywu przewodniego przyj\u0119cia.<\/p><\/div>\n<\/div>\n<\/div>\n<\/div>\n<div class=\"z-0 flex min-h-[46px] justify-start\"><\/div>\n<div class=\"mt-3 w-full empty:hidden\">\n<div class=\"text-center\"><\/div>\n<\/div>\n<\/div>\n<\/div>\n<\/article>\n<\/div>\n<div class=\"pointer-events-none h-px w-px absolute bottom-0\" aria-hidden=\"true\" data-edge=\"true\"><\/div>\n<p>&nbsp;<\/p>\n","protected":false},"excerpt":{"rendered":"<p>Dekoracja na 18 urodziny Stylowa dekoracja idealna na wej\u015bcie do sali lub jako efektowna strefa powitalna podczas przyj\u0119cia z okazji 18 urodzin. Nowoczesne po\u0142\u0105czenie spersonalizowanej tablicy, balonowych cyfr i organicznej girlandy tworzy sp\u00f3jn\u0105 oraz eleganck\u0105 kompozycj\u0119. W sk\u0142ad dekoracji wchodzi: Balony foliowe cyfry \u201e1\u201d i \u201e8\u201d o wysoko\u015bci 92 cm z helem Sztaluga Spersonalizowana tablica&hellip;&nbsp;<a href=\"https:\/\/partygo.waw.pl\/index.php\/product\/sztaluga-z-girlanda-balonowa-oraz-spersonalizowana-tablica-na-18-stke\/\" class=\"\" rel=\"bookmark\">Czytaj dalej &raquo;<span class=\"screen-reader-text\">Dekoracja na 18 urodziny<\/span><\/a><\/p>\n","protected":false},"featured_media":1335,"comment_status":"open","ping_status":"closed","template":"","meta":{"neve_meta_sidebar":"","neve_meta_container":"","neve_meta_enable_content_width":"off","neve_meta_content_width":100,"neve_meta_title_alignment":"","neve_meta_author_avatar":"","neve_post_elements_order":"","neve_meta_disable_header":"","neve_meta_disable_footer":"","neve_meta_disable_title":"","_vp_format_video_url":"","_vp_image_focal_point":[]},"product_brand":[],"product_cat":[44,46,40],"product_tag":[],"class_list":{"0":"post-1348","1":"product","2":"type-product","3":"status-publish","4":"has-post-thumbnail","6":"product_cat-18-urodziny","7":"product_cat-dekoracje","8":"product_cat-misc","10":"first","11":"onbackorder","12":"shipping-taxable","13":"product-type-simple"},"yoast_head":"<!-- This site is optimized with the Yoast SEO plugin v27.3 - https:\/\/yoast.com\/product\/yoast-seo-wordpress\/ -->\n<title>Dekoracja na 18 urodziny - PartyGo<\/title>\n<meta name=\"description\" content=\"Stylowa dekoracja idealna na wej\u015bcie do sali lub jako efektowna strefa powitalna podczas przyj\u0119cia z okazji 18 urodzin. Nowoczesne po\u0142\u0105czenie spersonalizowanej tablicy, balonowych cyfr i organicznej girlandy tworzy sp\u00f3jn\u0105 oraz eleganck\u0105 kompozycj\u0119.W sk\u0142ad dekoracji wchodzi:Balony foliowe cyfry \u201e1\u201d i \u201e8\u201d o wysoko\u015bci 92 cm z helemSztalugaSpersonalizowana tablica (np. imi\u0119, data, has\u0142o przyj\u0119cia)Organiczna girlanda balonowaDekoracja doskonale sprawdzi si\u0119 jako element powitalny oraz t\u0142o do pami\u0105tkowych zdj\u0119\u0107.Mo\u017cliwo\u015b\u0107 dopasowania kolorystyki girlandy i tre\u015bci personalizacji do motywu przewodniego przyj\u0119cia.\" \/>\n<meta name=\"robots\" content=\"index, follow, max-snippet:-1, max-image-preview:large, max-video-preview:-1\" \/>\n<link rel=\"canonical\" href=\"https:\/\/partygo.waw.pl\/index.php\/product\/sztaluga-z-girlanda-balonowa-oraz-spersonalizowana-tablica-na-18-stke\/\" \/>\n<meta property=\"og:locale\" content=\"pl_PL\" \/>\n<meta property=\"og:type\" content=\"article\" \/>\n<meta property=\"og:title\" content=\"Dekoracja na 18 urodziny - PartyGo\" \/>\n<meta property=\"og:description\" content=\"Stylowa dekoracja idealna na wej\u015bcie do sali lub jako efektowna strefa powitalna podczas przyj\u0119cia z okazji 18 urodzin. Nowoczesne po\u0142\u0105czenie spersonalizowanej tablicy, balonowych cyfr i organicznej girlandy tworzy sp\u00f3jn\u0105 oraz eleganck\u0105 kompozycj\u0119.W sk\u0142ad dekoracji wchodzi:Balony foliowe cyfry \u201e1\u201d i \u201e8\u201d o wysoko\u015bci 92 cm z helemSztalugaSpersonalizowana tablica (np. imi\u0119, data, has\u0142o przyj\u0119cia)Organiczna girlanda balonowaDekoracja doskonale sprawdzi si\u0119 jako element powitalny oraz t\u0142o do pami\u0105tkowych zdj\u0119\u0107.Mo\u017cliwo\u015b\u0107 dopasowania kolorystyki girlandy i tre\u015bci personalizacji do motywu przewodniego przyj\u0119cia.\" \/>\n<meta property=\"og:url\" content=\"https:\/\/partygo.waw.pl\/index.php\/product\/sztaluga-z-girlanda-balonowa-oraz-spersonalizowana-tablica-na-18-stke\/\" \/>\n<meta property=\"og:site_name\" content=\"PartyGo\" \/>\n<meta property=\"article:publisher\" content=\"https:\/\/www.facebook.com\/people\/Party-Go-Warszawa\/\" \/>\n<meta property=\"article:modified_time\" content=\"2026-03-04T14:08:55+00:00\" \/>\n<meta property=\"og:image\" content=\"https:\/\/partygo.waw.pl\/wp-content\/uploads\/2026\/02\/1000012904.jpg\" \/>\n\t<meta property=\"og:image:width\" content=\"1200\" \/>\n\t<meta property=\"og:image:height\" content=\"1600\" \/>\n\t<meta property=\"og:image:type\" content=\"image\/jpeg\" \/>\n<meta name=\"twitter:card\" content=\"summary_large_image\" \/>\n<meta name=\"twitter:label1\" content=\"Szacowany czas czytania\" \/>\n\t<meta name=\"twitter:data1\" content=\"1 minuta\" \/>\n<script type=\"application\/ld+json\" class=\"yoast-schema-graph\">{\"@context\":\"https:\\\/\\\/schema.org\",\"@graph\":[{\"@type\":\"WebPage\",\"@id\":\"https:\\\/\\\/partygo.waw.pl\\\/index.php\\\/product\\\/sztaluga-z-girlanda-balonowa-oraz-spersonalizowana-tablica-na-18-stke\\\/\",\"url\":\"https:\\\/\\\/partygo.waw.pl\\\/index.php\\\/product\\\/sztaluga-z-girlanda-balonowa-oraz-spersonalizowana-tablica-na-18-stke\\\/\",\"name\":\"Dekoracja na 18 urodziny - PartyGo\",\"isPartOf\":{\"@id\":\"https:\\\/\\\/partygo.waw.pl\\\/#website\"},\"primaryImageOfPage\":{\"@id\":\"https:\\\/\\\/partygo.waw.pl\\\/index.php\\\/product\\\/sztaluga-z-girlanda-balonowa-oraz-spersonalizowana-tablica-na-18-stke\\\/#primaryimage\"},\"image\":{\"@id\":\"https:\\\/\\\/partygo.waw.pl\\\/index.php\\\/product\\\/sztaluga-z-girlanda-balonowa-oraz-spersonalizowana-tablica-na-18-stke\\\/#primaryimage\"},\"thumbnailUrl\":\"https:\\\/\\\/partygo.waw.pl\\\/wp-content\\\/uploads\\\/2026\\\/02\\\/1000012904.jpg\",\"datePublished\":\"2026-02-18T14:03:36+00:00\",\"dateModified\":\"2026-03-04T14:08:55+00:00\",\"description\":\"Stylowa dekoracja idealna na wej\u015bcie do sali lub jako efektowna strefa powitalna podczas przyj\u0119cia z okazji 18 urodzin. Nowoczesne po\u0142\u0105czenie spersonalizowanej tablicy, balonowych cyfr i organicznej girlandy tworzy sp\u00f3jn\u0105 oraz eleganck\u0105 kompozycj\u0119.W sk\u0142ad dekoracji wchodzi:Balony foliowe cyfry \u201e1\u201d i \u201e8\u201d o wysoko\u015bci 92 cm z helemSztalugaSpersonalizowana tablica (np. imi\u0119, data, has\u0142o przyj\u0119cia)Organiczna girlanda balonowaDekoracja doskonale sprawdzi si\u0119 jako element powitalny oraz t\u0142o do pami\u0105tkowych zdj\u0119\u0107.Mo\u017cliwo\u015b\u0107 dopasowania kolorystyki girlandy i tre\u015bci personalizacji do motywu przewodniego przyj\u0119cia.\",\"breadcrumb\":{\"@id\":\"https:\\\/\\\/partygo.waw.pl\\\/index.php\\\/product\\\/sztaluga-z-girlanda-balonowa-oraz-spersonalizowana-tablica-na-18-stke\\\/#breadcrumb\"},\"inLanguage\":\"pl-PL\",\"potentialAction\":[{\"@type\":\"ReadAction\",\"target\":[\"https:\\\/\\\/partygo.waw.pl\\\/index.php\\\/product\\\/sztaluga-z-girlanda-balonowa-oraz-spersonalizowana-tablica-na-18-stke\\\/\"]}]},{\"@type\":\"ImageObject\",\"inLanguage\":\"pl-PL\",\"@id\":\"https:\\\/\\\/partygo.waw.pl\\\/index.php\\\/product\\\/sztaluga-z-girlanda-balonowa-oraz-spersonalizowana-tablica-na-18-stke\\\/#primaryimage\",\"url\":\"https:\\\/\\\/partygo.waw.pl\\\/wp-content\\\/uploads\\\/2026\\\/02\\\/1000012904.jpg\",\"contentUrl\":\"https:\\\/\\\/partygo.waw.pl\\\/wp-content\\\/uploads\\\/2026\\\/02\\\/1000012904.jpg\",\"width\":1200,\"height\":1600},{\"@type\":\"BreadcrumbList\",\"@id\":\"https:\\\/\\\/partygo.waw.pl\\\/index.php\\\/product\\\/sztaluga-z-girlanda-balonowa-oraz-spersonalizowana-tablica-na-18-stke\\\/#breadcrumb\",\"itemListElement\":[{\"@type\":\"ListItem\",\"position\":1,\"name\":\"Strona g\u0142\u00f3wna\",\"item\":\"https:\\\/\\\/partygo.waw.pl\\\/\"},{\"@type\":\"ListItem\",\"position\":2,\"name\":\"Galeria&#038;Sklep\",\"item\":\"https:\\\/\\\/partygo.waw.pl\\\/index.php\\\/sklep\\\/\"},{\"@type\":\"ListItem\",\"position\":3,\"name\":\"Dekoracja na 18 urodziny\"}]},{\"@type\":\"WebSite\",\"@id\":\"https:\\\/\\\/partygo.waw.pl\\\/#website\",\"url\":\"https:\\\/\\\/partygo.waw.pl\\\/\",\"name\":\"PartyGo\",\"description\":\"Balony i dekoracje Warszawa Legionowo\",\"publisher\":{\"@id\":\"https:\\\/\\\/partygo.waw.pl\\\/#organization\"},\"potentialAction\":[{\"@type\":\"SearchAction\",\"target\":{\"@type\":\"EntryPoint\",\"urlTemplate\":\"https:\\\/\\\/partygo.waw.pl\\\/?s={search_term_string}\"},\"query-input\":{\"@type\":\"PropertyValueSpecification\",\"valueRequired\":true,\"valueName\":\"search_term_string\"}}],\"inLanguage\":\"pl-PL\"},{\"@type\":\"Organization\",\"@id\":\"https:\\\/\\\/partygo.waw.pl\\\/#organization\",\"name\":\"PartyGo\",\"url\":\"https:\\\/\\\/partygo.waw.pl\\\/\",\"logo\":{\"@type\":\"ImageObject\",\"inLanguage\":\"pl-PL\",\"@id\":\"https:\\\/\\\/partygo.waw.pl\\\/#\\\/schema\\\/logo\\\/image\\\/\",\"url\":\"https:\\\/\\\/partygo.waw.pl\\\/wp-content\\\/uploads\\\/2022\\\/10\\\/logo_party-2.jpg\",\"contentUrl\":\"https:\\\/\\\/partygo.waw.pl\\\/wp-content\\\/uploads\\\/2022\\\/10\\\/logo_party-2.jpg\",\"width\":300,\"height\":300,\"caption\":\"PartyGo\"},\"image\":{\"@id\":\"https:\\\/\\\/partygo.waw.pl\\\/#\\\/schema\\\/logo\\\/image\\\/\"},\"sameAs\":[\"https:\\\/\\\/www.facebook.com\\\/people\\\/Party-Go-Warszawa\\\/\"]}]}<\/script>\n<!-- \/ Yoast SEO plugin. -->","yoast_head_json":{"title":"Dekoracja na 18 urodziny - PartyGo","description":"Stylowa dekoracja idealna na wej\u015bcie do sali lub jako efektowna strefa powitalna podczas przyj\u0119cia z okazji 18 urodzin. Nowoczesne po\u0142\u0105czenie spersonalizowanej tablicy, balonowych cyfr i organicznej girlandy tworzy sp\u00f3jn\u0105 oraz eleganck\u0105 kompozycj\u0119.W sk\u0142ad dekoracji wchodzi:Balony foliowe cyfry \u201e1\u201d i \u201e8\u201d o wysoko\u015bci 92 cm z helemSztalugaSpersonalizowana tablica (np. imi\u0119, data, has\u0142o przyj\u0119cia)Organiczna girlanda balonowaDekoracja doskonale sprawdzi si\u0119 jako element powitalny oraz t\u0142o do pami\u0105tkowych zdj\u0119\u0107.Mo\u017cliwo\u015b\u0107 dopasowania kolorystyki girlandy i tre\u015bci personalizacji do motywu przewodniego przyj\u0119cia.","robots":{"index":"index","follow":"follow","max-snippet":"max-snippet:-1","max-image-preview":"max-image-preview:large","max-video-preview":"max-video-preview:-1"},"canonical":"https:\/\/partygo.waw.pl\/index.php\/product\/sztaluga-z-girlanda-balonowa-oraz-spersonalizowana-tablica-na-18-stke\/","og_locale":"pl_PL","og_type":"article","og_title":"Dekoracja na 18 urodziny - PartyGo","og_description":"Stylowa dekoracja idealna na wej\u015bcie do sali lub jako efektowna strefa powitalna podczas przyj\u0119cia z okazji 18 urodzin. Nowoczesne po\u0142\u0105czenie spersonalizowanej tablicy, balonowych cyfr i organicznej girlandy tworzy sp\u00f3jn\u0105 oraz eleganck\u0105 kompozycj\u0119.W sk\u0142ad dekoracji wchodzi:Balony foliowe cyfry \u201e1\u201d i \u201e8\u201d o wysoko\u015bci 92 cm z helemSztalugaSpersonalizowana tablica (np. imi\u0119, data, has\u0142o przyj\u0119cia)Organiczna girlanda balonowaDekoracja doskonale sprawdzi si\u0119 jako element powitalny oraz t\u0142o do pami\u0105tkowych zdj\u0119\u0107.Mo\u017cliwo\u015b\u0107 dopasowania kolorystyki girlandy i tre\u015bci personalizacji do motywu przewodniego przyj\u0119cia.","og_url":"https:\/\/partygo.waw.pl\/index.php\/product\/sztaluga-z-girlanda-balonowa-oraz-spersonalizowana-tablica-na-18-stke\/","og_site_name":"PartyGo","article_publisher":"https:\/\/www.facebook.com\/people\/Party-Go-Warszawa\/","article_modified_time":"2026-03-04T14:08:55+00:00","og_image":[{"width":1200,"height":1600,"url":"https:\/\/partygo.waw.pl\/wp-content\/uploads\/2026\/02\/1000012904.jpg","type":"image\/jpeg"}],"twitter_card":"summary_large_image","twitter_misc":{"Szacowany czas czytania":"1 minuta"},"schema":{"@context":"https:\/\/schema.org","@graph":[{"@type":"WebPage","@id":"https:\/\/partygo.waw.pl\/index.php\/product\/sztaluga-z-girlanda-balonowa-oraz-spersonalizowana-tablica-na-18-stke\/","url":"https:\/\/partygo.waw.pl\/index.php\/product\/sztaluga-z-girlanda-balonowa-oraz-spersonalizowana-tablica-na-18-stke\/","name":"Dekoracja na 18 urodziny - PartyGo","isPartOf":{"@id":"https:\/\/partygo.waw.pl\/#website"},"primaryImageOfPage":{"@id":"https:\/\/partygo.waw.pl\/index.php\/product\/sztaluga-z-girlanda-balonowa-oraz-spersonalizowana-tablica-na-18-stke\/#primaryimage"},"image":{"@id":"https:\/\/partygo.waw.pl\/index.php\/product\/sztaluga-z-girlanda-balonowa-oraz-spersonalizowana-tablica-na-18-stke\/#primaryimage"},"thumbnailUrl":"https:\/\/partygo.waw.pl\/wp-content\/uploads\/2026\/02\/1000012904.jpg","datePublished":"2026-02-18T14:03:36+00:00","dateModified":"2026-03-04T14:08:55+00:00","description":"Stylowa dekoracja idealna na wej\u015bcie do sali lub jako efektowna strefa powitalna podczas przyj\u0119cia z okazji 18 urodzin. Nowoczesne po\u0142\u0105czenie spersonalizowanej tablicy, balonowych cyfr i organicznej girlandy tworzy sp\u00f3jn\u0105 oraz eleganck\u0105 kompozycj\u0119.W sk\u0142ad dekoracji wchodzi:Balony foliowe cyfry \u201e1\u201d i \u201e8\u201d o wysoko\u015bci 92 cm z helemSztalugaSpersonalizowana tablica (np. imi\u0119, data, has\u0142o przyj\u0119cia)Organiczna girlanda balonowaDekoracja doskonale sprawdzi si\u0119 jako element powitalny oraz t\u0142o do pami\u0105tkowych zdj\u0119\u0107.Mo\u017cliwo\u015b\u0107 dopasowania kolorystyki girlandy i tre\u015bci personalizacji do motywu przewodniego przyj\u0119cia.","breadcrumb":{"@id":"https:\/\/partygo.waw.pl\/index.php\/product\/sztaluga-z-girlanda-balonowa-oraz-spersonalizowana-tablica-na-18-stke\/#breadcrumb"},"inLanguage":"pl-PL","potentialAction":[{"@type":"ReadAction","target":["https:\/\/partygo.waw.pl\/index.php\/product\/sztaluga-z-girlanda-balonowa-oraz-spersonalizowana-tablica-na-18-stke\/"]}]},{"@type":"ImageObject","inLanguage":"pl-PL","@id":"https:\/\/partygo.waw.pl\/index.php\/product\/sztaluga-z-girlanda-balonowa-oraz-spersonalizowana-tablica-na-18-stke\/#primaryimage","url":"https:\/\/partygo.waw.pl\/wp-content\/uploads\/2026\/02\/1000012904.jpg","contentUrl":"https:\/\/partygo.waw.pl\/wp-content\/uploads\/2026\/02\/1000012904.jpg","width":1200,"height":1600},{"@type":"BreadcrumbList","@id":"https:\/\/partygo.waw.pl\/index.php\/product\/sztaluga-z-girlanda-balonowa-oraz-spersonalizowana-tablica-na-18-stke\/#breadcrumb","itemListElement":[{"@type":"ListItem","position":1,"name":"Strona g\u0142\u00f3wna","item":"https:\/\/partygo.waw.pl\/"},{"@type":"ListItem","position":2,"name":"Galeria&#038;Sklep","item":"https:\/\/partygo.waw.pl\/index.php\/sklep\/"},{"@type":"ListItem","position":3,"name":"Dekoracja na 18 urodziny"}]},{"@type":"WebSite","@id":"https:\/\/partygo.waw.pl\/#website","url":"https:\/\/partygo.waw.pl\/","name":"PartyGo","description":"Balony i dekoracje Warszawa Legionowo","publisher":{"@id":"https:\/\/partygo.waw.pl\/#organization"},"potentialAction":[{"@type":"SearchAction","target":{"@type":"EntryPoint","urlTemplate":"https:\/\/partygo.waw.pl\/?s={search_term_string}"},"query-input":{"@type":"PropertyValueSpecification","valueRequired":true,"valueName":"search_term_string"}}],"inLanguage":"pl-PL"},{"@type":"Organization","@id":"https:\/\/partygo.waw.pl\/#organization","name":"PartyGo","url":"https:\/\/partygo.waw.pl\/","logo":{"@type":"ImageObject","inLanguage":"pl-PL","@id":"https:\/\/partygo.waw.pl\/#\/schema\/logo\/image\/","url":"https:\/\/partygo.waw.pl\/wp-content\/uploads\/2022\/10\/logo_party-2.jpg","contentUrl":"https:\/\/partygo.waw.pl\/wp-content\/uploads\/2022\/10\/logo_party-2.jpg","width":300,"height":300,"caption":"PartyGo"},"image":{"@id":"https:\/\/partygo.waw.pl\/#\/schema\/logo\/image\/"},"sameAs":["https:\/\/www.facebook.com\/people\/Party-Go-Warszawa\/"]}]}},"_links":{"self":[{"href":"https:\/\/partygo.waw.pl\/index.php\/wp-json\/wp\/v2\/product\/1348","targetHints":{"allow":["GET"]}}],"collection":[{"href":"https:\/\/partygo.waw.pl\/index.php\/wp-json\/wp\/v2\/product"}],"about":[{"href":"https:\/\/partygo.waw.pl\/index.php\/wp-json\/wp\/v2\/types\/product"}],"replies":[{"embeddable":true,"href":"https:\/\/partygo.waw.pl\/index.php\/wp-json\/wp\/v2\/comments?post=1348"}],"wp:featuredmedia":[{"embeddable":true,"href":"https:\/\/partygo.waw.pl\/index.php\/wp-json\/wp\/v2\/media\/1335"}],"wp:attachment":[{"href":"https:\/\/partygo.waw.pl\/index.php\/wp-json\/wp\/v2\/media?parent=1348"}],"wp:term":[{"taxonomy":"product_brand","embeddable":true,"href":"https:\/\/partygo.waw.pl\/index.php\/wp-json\/wp\/v2\/product_brand?post=1348"},{"taxonomy":"product_cat","embeddable":true,"href":"https:\/\/partygo.waw.pl\/index.php\/wp-json\/wp\/v2\/product_cat?post=1348"},{"taxonomy":"product_tag","embeddable":true,"href":"https:\/\/partygo.waw.pl\/index.php\/wp-json\/wp\/v2\/product_tag?post=1348"}],"curies":[{"name":"wp","href":"https:\/\/api.w.org\/{rel}","templated":true}]}}