{"id":1371,"date":"2026-02-18T17:14:43","date_gmt":"2026-02-18T16:14:43","guid":{"rendered":"https:\/\/partygo.waw.pl\/?post_type=product&#038;p=1371"},"modified":"2026-03-04T15:49:36","modified_gmt":"2026-03-04T14:49:36","slug":"bukiet-z-balonow-na-urodziny-2","status":"publish","type":"product","link":"https:\/\/partygo.waw.pl\/index.php\/product\/bukiet-z-balonow-na-urodziny-2\/","title":{"rendered":"Bukiet balonowy \u201eHello Kitty\u201d z helem"},"content":{"rendered":"<h2 data-start=\"186\" data-end=\"291\">Bukiet balonowy \u201eHello Kitty\u201d z helem<\/h2>\n<p>Idealny zestaw na urodziny, przyj\u0119cie tematyczne lub wyj\u0105tkow\u0105 niespodziank\u0119 dla ma\u0142ej fanki Hello Kitty.<\/p>\n<h3 data-start=\"293\" data-end=\"321\"><strong data-start=\"293\" data-end=\"321\">W sk\u0142ad zestawu wchodzi:<\/strong><\/h3>\n<ul data-start=\"322\" data-end=\"442\">\n<li data-start=\"322\" data-end=\"351\">Balon foliowy \u201eHello Kitty\u201d<\/li>\n<li data-start=\"352\" data-end=\"401\">Balon foliowy w kszta\u0142cie serca \u2013 kolor srebrny<\/li>\n<li data-start=\"402\" data-end=\"422\">4 balony lateksowe<\/li>\n<li data-start=\"423\" data-end=\"442\">Nape\u0142nienie helem<\/li>\n<\/ul>\n<p>Gotowy do wr\u0119czenia lub dekoracji sali. Balony unosz\u0105 si\u0119 w powietrzu i tworz\u0105 efektown\u0105 kompozycj\u0119.<\/p>\n","protected":false},"excerpt":{"rendered":"<p>Bukiet balonowy \u201eHello Kitty\u201d z helem Idealny zestaw na urodziny, przyj\u0119cie tematyczne lub wyj\u0105tkow\u0105 niespodziank\u0119 dla ma\u0142ej fanki Hello Kitty. W sk\u0142ad zestawu wchodzi: Balon foliowy \u201eHello Kitty\u201d Balon foliowy w kszta\u0142cie serca \u2013 kolor srebrny 4 balony lateksowe Nape\u0142nienie helem Gotowy do wr\u0119czenia lub dekoracji sali. Balony unosz\u0105 si\u0119 w powietrzu i tworz\u0105 efektown\u0105&hellip;&nbsp;<a href=\"https:\/\/partygo.waw.pl\/index.php\/product\/bukiet-z-balonow-na-urodziny-2\/\" class=\"\" rel=\"bookmark\">Czytaj dalej &raquo;<span class=\"screen-reader-text\">Bukiet balonowy \u201eHello Kitty\u201d z helem<\/span><\/a><\/p>\n","protected":false},"featured_media":1324,"comment_status":"open","ping_status":"closed","template":"","meta":{"neve_meta_sidebar":"","neve_meta_container":"","neve_meta_enable_content_width":"off","neve_meta_content_width":100,"neve_meta_title_alignment":"","neve_meta_author_avatar":"","neve_post_elements_order":"","neve_meta_disable_header":"","neve_meta_disable_footer":"","neve_meta_disable_title":"","_vp_format_video_url":"","_vp_image_focal_point":[]},"product_brand":[],"product_cat":[45,40],"product_tag":[],"class_list":{"0":"post-1371","1":"product","2":"type-product","3":"status-publish","4":"has-post-thumbnail","6":"product_cat-bukiety-urodzinowe","7":"product_cat-misc","9":"first","10":"onbackorder","11":"shipping-taxable","12":"product-type-simple"},"yoast_head":"<!-- This site is optimized with the Yoast SEO plugin v27.3 - https:\/\/yoast.com\/product\/yoast-seo-wordpress\/ -->\n<title>Bukiet balonowy \u201eHello Kitty\u201d z helem - PartyGo<\/title>\n<meta name=\"robots\" content=\"index, follow, max-snippet:-1, max-image-preview:large, max-video-preview:-1\" \/>\n<link rel=\"canonical\" href=\"https:\/\/partygo.waw.pl\/index.php\/product\/bukiet-z-balonow-na-urodziny-2\/\" \/>\n<meta property=\"og:locale\" content=\"pl_PL\" \/>\n<meta property=\"og:type\" content=\"article\" \/>\n<meta property=\"og:title\" content=\"Bukiet balonowy \u201eHello Kitty\u201d z helem - PartyGo\" \/>\n<meta property=\"og:description\" content=\"Bukiet balonowy \u201eHello Kitty\u201d z helem Idealny zestaw na urodziny, przyj\u0119cie tematyczne lub wyj\u0105tkow\u0105 niespodziank\u0119 dla ma\u0142ej fanki Hello Kitty. W sk\u0142ad zestawu wchodzi: Balon foliowy \u201eHello Kitty\u201d Balon foliowy w kszta\u0142cie serca \u2013 kolor srebrny 4 balony lateksowe Nape\u0142nienie helem Gotowy do wr\u0119czenia lub dekoracji sali. Balony unosz\u0105 si\u0119 w powietrzu i tworz\u0105 efektown\u0105&hellip;&nbsp;Czytaj dalej &raquo;Bukiet balonowy \u201eHello Kitty\u201d z helem\" \/>\n<meta property=\"og:url\" content=\"https:\/\/partygo.waw.pl\/index.php\/product\/bukiet-z-balonow-na-urodziny-2\/\" \/>\n<meta property=\"og:site_name\" content=\"PartyGo\" \/>\n<meta property=\"article:publisher\" content=\"https:\/\/www.facebook.com\/people\/Party-Go-Warszawa\/\" \/>\n<meta property=\"article:modified_time\" content=\"2026-03-04T14:49:36+00:00\" \/>\n<meta property=\"og:image\" content=\"https:\/\/partygo.waw.pl\/wp-content\/uploads\/2026\/02\/1000011737-scaled.jpg\" \/>\n\t<meta property=\"og:image:width\" content=\"1920\" \/>\n\t<meta property=\"og:image:height\" content=\"2560\" \/>\n\t<meta property=\"og:image:type\" content=\"image\/jpeg\" \/>\n<meta name=\"twitter:card\" content=\"summary_large_image\" \/>\n<meta name=\"twitter:label1\" content=\"Szacowany czas czytania\" \/>\n\t<meta name=\"twitter:data1\" content=\"1 minuta\" \/>\n<script type=\"application\/ld+json\" class=\"yoast-schema-graph\">{\"@context\":\"https:\\\/\\\/schema.org\",\"@graph\":[{\"@type\":\"WebPage\",\"@id\":\"https:\\\/\\\/partygo.waw.pl\\\/index.php\\\/product\\\/bukiet-z-balonow-na-urodziny-2\\\/\",\"url\":\"https:\\\/\\\/partygo.waw.pl\\\/index.php\\\/product\\\/bukiet-z-balonow-na-urodziny-2\\\/\",\"name\":\"Bukiet balonowy \u201eHello Kitty\u201d z helem - PartyGo\",\"isPartOf\":{\"@id\":\"https:\\\/\\\/partygo.waw.pl\\\/#website\"},\"primaryImageOfPage\":{\"@id\":\"https:\\\/\\\/partygo.waw.pl\\\/index.php\\\/product\\\/bukiet-z-balonow-na-urodziny-2\\\/#primaryimage\"},\"image\":{\"@id\":\"https:\\\/\\\/partygo.waw.pl\\\/index.php\\\/product\\\/bukiet-z-balonow-na-urodziny-2\\\/#primaryimage\"},\"thumbnailUrl\":\"https:\\\/\\\/partygo.waw.pl\\\/wp-content\\\/uploads\\\/2026\\\/02\\\/1000011737-scaled.jpg\",\"datePublished\":\"2026-02-18T16:14:43+00:00\",\"dateModified\":\"2026-03-04T14:49:36+00:00\",\"breadcrumb\":{\"@id\":\"https:\\\/\\\/partygo.waw.pl\\\/index.php\\\/product\\\/bukiet-z-balonow-na-urodziny-2\\\/#breadcrumb\"},\"inLanguage\":\"pl-PL\",\"potentialAction\":[{\"@type\":\"ReadAction\",\"target\":[\"https:\\\/\\\/partygo.waw.pl\\\/index.php\\\/product\\\/bukiet-z-balonow-na-urodziny-2\\\/\"]}]},{\"@type\":\"ImageObject\",\"inLanguage\":\"pl-PL\",\"@id\":\"https:\\\/\\\/partygo.waw.pl\\\/index.php\\\/product\\\/bukiet-z-balonow-na-urodziny-2\\\/#primaryimage\",\"url\":\"https:\\\/\\\/partygo.waw.pl\\\/wp-content\\\/uploads\\\/2026\\\/02\\\/1000011737-scaled.jpg\",\"contentUrl\":\"https:\\\/\\\/partygo.waw.pl\\\/wp-content\\\/uploads\\\/2026\\\/02\\\/1000011737-scaled.jpg\",\"width\":1920,\"height\":2560},{\"@type\":\"BreadcrumbList\",\"@id\":\"https:\\\/\\\/partygo.waw.pl\\\/index.php\\\/product\\\/bukiet-z-balonow-na-urodziny-2\\\/#breadcrumb\",\"itemListElement\":[{\"@type\":\"ListItem\",\"position\":1,\"name\":\"Strona g\u0142\u00f3wna\",\"item\":\"https:\\\/\\\/partygo.waw.pl\\\/\"},{\"@type\":\"ListItem\",\"position\":2,\"name\":\"Galeria&#038;Sklep\",\"item\":\"https:\\\/\\\/partygo.waw.pl\\\/index.php\\\/sklep\\\/\"},{\"@type\":\"ListItem\",\"position\":3,\"name\":\"Bukiet balonowy \u201eHello Kitty\u201d z helem\"}]},{\"@type\":\"WebSite\",\"@id\":\"https:\\\/\\\/partygo.waw.pl\\\/#website\",\"url\":\"https:\\\/\\\/partygo.waw.pl\\\/\",\"name\":\"PartyGo\",\"description\":\"Balony i dekoracje Warszawa Legionowo\",\"publisher\":{\"@id\":\"https:\\\/\\\/partygo.waw.pl\\\/#organization\"},\"potentialAction\":[{\"@type\":\"SearchAction\",\"target\":{\"@type\":\"EntryPoint\",\"urlTemplate\":\"https:\\\/\\\/partygo.waw.pl\\\/?s={search_term_string}\"},\"query-input\":{\"@type\":\"PropertyValueSpecification\",\"valueRequired\":true,\"valueName\":\"search_term_string\"}}],\"inLanguage\":\"pl-PL\"},{\"@type\":\"Organization\",\"@id\":\"https:\\\/\\\/partygo.waw.pl\\\/#organization\",\"name\":\"PartyGo\",\"url\":\"https:\\\/\\\/partygo.waw.pl\\\/\",\"logo\":{\"@type\":\"ImageObject\",\"inLanguage\":\"pl-PL\",\"@id\":\"https:\\\/\\\/partygo.waw.pl\\\/#\\\/schema\\\/logo\\\/image\\\/\",\"url\":\"https:\\\/\\\/partygo.waw.pl\\\/wp-content\\\/uploads\\\/2022\\\/10\\\/logo_party-2.jpg\",\"contentUrl\":\"https:\\\/\\\/partygo.waw.pl\\\/wp-content\\\/uploads\\\/2022\\\/10\\\/logo_party-2.jpg\",\"width\":300,\"height\":300,\"caption\":\"PartyGo\"},\"image\":{\"@id\":\"https:\\\/\\\/partygo.waw.pl\\\/#\\\/schema\\\/logo\\\/image\\\/\"},\"sameAs\":[\"https:\\\/\\\/www.facebook.com\\\/people\\\/Party-Go-Warszawa\\\/\"]}]}<\/script>\n<!-- \/ Yoast SEO plugin. -->","yoast_head_json":{"title":"Bukiet balonowy \u201eHello Kitty\u201d z helem - PartyGo","robots":{"index":"index","follow":"follow","max-snippet":"max-snippet:-1","max-image-preview":"max-image-preview:large","max-video-preview":"max-video-preview:-1"},"canonical":"https:\/\/partygo.waw.pl\/index.php\/product\/bukiet-z-balonow-na-urodziny-2\/","og_locale":"pl_PL","og_type":"article","og_title":"Bukiet balonowy \u201eHello Kitty\u201d z helem - PartyGo","og_description":"Bukiet balonowy \u201eHello Kitty\u201d z helem Idealny zestaw na urodziny, przyj\u0119cie tematyczne lub wyj\u0105tkow\u0105 niespodziank\u0119 dla ma\u0142ej fanki Hello Kitty. W sk\u0142ad zestawu wchodzi: Balon foliowy \u201eHello Kitty\u201d Balon foliowy w kszta\u0142cie serca \u2013 kolor srebrny 4 balony lateksowe Nape\u0142nienie helem Gotowy do wr\u0119czenia lub dekoracji sali. Balony unosz\u0105 si\u0119 w powietrzu i tworz\u0105 efektown\u0105&hellip;&nbsp;Czytaj dalej &raquo;Bukiet balonowy \u201eHello Kitty\u201d z helem","og_url":"https:\/\/partygo.waw.pl\/index.php\/product\/bukiet-z-balonow-na-urodziny-2\/","og_site_name":"PartyGo","article_publisher":"https:\/\/www.facebook.com\/people\/Party-Go-Warszawa\/","article_modified_time":"2026-03-04T14:49:36+00:00","og_image":[{"width":1920,"height":2560,"url":"https:\/\/partygo.waw.pl\/wp-content\/uploads\/2026\/02\/1000011737-scaled.jpg","type":"image\/jpeg"}],"twitter_card":"summary_large_image","twitter_misc":{"Szacowany czas czytania":"1 minuta"},"schema":{"@context":"https:\/\/schema.org","@graph":[{"@type":"WebPage","@id":"https:\/\/partygo.waw.pl\/index.php\/product\/bukiet-z-balonow-na-urodziny-2\/","url":"https:\/\/partygo.waw.pl\/index.php\/product\/bukiet-z-balonow-na-urodziny-2\/","name":"Bukiet balonowy \u201eHello Kitty\u201d z helem - PartyGo","isPartOf":{"@id":"https:\/\/partygo.waw.pl\/#website"},"primaryImageOfPage":{"@id":"https:\/\/partygo.waw.pl\/index.php\/product\/bukiet-z-balonow-na-urodziny-2\/#primaryimage"},"image":{"@id":"https:\/\/partygo.waw.pl\/index.php\/product\/bukiet-z-balonow-na-urodziny-2\/#primaryimage"},"thumbnailUrl":"https:\/\/partygo.waw.pl\/wp-content\/uploads\/2026\/02\/1000011737-scaled.jpg","datePublished":"2026-02-18T16:14:43+00:00","dateModified":"2026-03-04T14:49:36+00:00","breadcrumb":{"@id":"https:\/\/partygo.waw.pl\/index.php\/product\/bukiet-z-balonow-na-urodziny-2\/#breadcrumb"},"inLanguage":"pl-PL","potentialAction":[{"@type":"ReadAction","target":["https:\/\/partygo.waw.pl\/index.php\/product\/bukiet-z-balonow-na-urodziny-2\/"]}]},{"@type":"ImageObject","inLanguage":"pl-PL","@id":"https:\/\/partygo.waw.pl\/index.php\/product\/bukiet-z-balonow-na-urodziny-2\/#primaryimage","url":"https:\/\/partygo.waw.pl\/wp-content\/uploads\/2026\/02\/1000011737-scaled.jpg","contentUrl":"https:\/\/partygo.waw.pl\/wp-content\/uploads\/2026\/02\/1000011737-scaled.jpg","width":1920,"height":2560},{"@type":"BreadcrumbList","@id":"https:\/\/partygo.waw.pl\/index.php\/product\/bukiet-z-balonow-na-urodziny-2\/#breadcrumb","itemListElement":[{"@type":"ListItem","position":1,"name":"Strona g\u0142\u00f3wna","item":"https:\/\/partygo.waw.pl\/"},{"@type":"ListItem","position":2,"name":"Galeria&#038;Sklep","item":"https:\/\/partygo.waw.pl\/index.php\/sklep\/"},{"@type":"ListItem","position":3,"name":"Bukiet balonowy \u201eHello Kitty\u201d z helem"}]},{"@type":"WebSite","@id":"https:\/\/partygo.waw.pl\/#website","url":"https:\/\/partygo.waw.pl\/","name":"PartyGo","description":"Balony i dekoracje Warszawa Legionowo","publisher":{"@id":"https:\/\/partygo.waw.pl\/#organization"},"potentialAction":[{"@type":"SearchAction","target":{"@type":"EntryPoint","urlTemplate":"https:\/\/partygo.waw.pl\/?s={search_term_string}"},"query-input":{"@type":"PropertyValueSpecification","valueRequired":true,"valueName":"search_term_string"}}],"inLanguage":"pl-PL"},{"@type":"Organization","@id":"https:\/\/partygo.waw.pl\/#organization","name":"PartyGo","url":"https:\/\/partygo.waw.pl\/","logo":{"@type":"ImageObject","inLanguage":"pl-PL","@id":"https:\/\/partygo.waw.pl\/#\/schema\/logo\/image\/","url":"https:\/\/partygo.waw.pl\/wp-content\/uploads\/2022\/10\/logo_party-2.jpg","contentUrl":"https:\/\/partygo.waw.pl\/wp-content\/uploads\/2022\/10\/logo_party-2.jpg","width":300,"height":300,"caption":"PartyGo"},"image":{"@id":"https:\/\/partygo.waw.pl\/#\/schema\/logo\/image\/"},"sameAs":["https:\/\/www.facebook.com\/people\/Party-Go-Warszawa\/"]}]}},"_links":{"self":[{"href":"https:\/\/partygo.waw.pl\/index.php\/wp-json\/wp\/v2\/product\/1371","targetHints":{"allow":["GET"]}}],"collection":[{"href":"https:\/\/partygo.waw.pl\/index.php\/wp-json\/wp\/v2\/product"}],"about":[{"href":"https:\/\/partygo.waw.pl\/index.php\/wp-json\/wp\/v2\/types\/product"}],"replies":[{"embeddable":true,"href":"https:\/\/partygo.waw.pl\/index.php\/wp-json\/wp\/v2\/comments?post=1371"}],"wp:featuredmedia":[{"embeddable":true,"href":"https:\/\/partygo.waw.pl\/index.php\/wp-json\/wp\/v2\/media\/1324"}],"wp:attachment":[{"href":"https:\/\/partygo.waw.pl\/index.php\/wp-json\/wp\/v2\/media?parent=1371"}],"wp:term":[{"taxonomy":"product_brand","embeddable":true,"href":"https:\/\/partygo.waw.pl\/index.php\/wp-json\/wp\/v2\/product_brand?post=1371"},{"taxonomy":"product_cat","embeddable":true,"href":"https:\/\/partygo.waw.pl\/index.php\/wp-json\/wp\/v2\/product_cat?post=1371"},{"taxonomy":"product_tag","embeddable":true,"href":"https:\/\/partygo.waw.pl\/index.php\/wp-json\/wp\/v2\/product_tag?post=1371"}],"curies":[{"name":"wp","href":"https:\/\/api.w.org\/{rel}","templated":true}]}}