{"id":1439,"date":"2026-02-23T19:32:45","date_gmt":"2026-02-23T18:32:45","guid":{"rendered":"https:\/\/partygo.waw.pl\/?post_type=product&#038;p=1439"},"modified":"2026-03-04T16:11:14","modified_gmt":"2026-03-04T15:11:14","slug":"bukiet-balonowy-z-okazji-komunii-swietej-z-helem-5","status":"publish","type":"product","link":"https:\/\/partygo.waw.pl\/index.php\/product\/bukiet-balonowy-z-okazji-komunii-swietej-z-helem-5\/","title":{"rendered":"Bukiet balonowy z okazji Komunii \u015awi\u0119tej z helem"},"content":{"rendered":"<h2 data-start=\"101\" data-end=\"261\">Bukiet balonowy z okazji Komunii \u015awi\u0119tej z helem<\/h2>\n<p>Elegancka kompozycja balonowa podkre\u015blaj\u0105ca uroczysty charakter Pierwszej Komunii \u015awi\u0119tej. Idealna jako dekoracja przyj\u0119cia lub symboliczny prezent dla dziecka.<\/p>\n<h3 data-start=\"263\" data-end=\"282\"><strong data-start=\"263\" data-end=\"282\">Zestaw zawiera:<\/strong><\/h3>\n<ul data-start=\"283\" data-end=\"394\">\n<li data-start=\"283\" data-end=\"346\">2 balony foliowe kuleczka \u201ePierwsza Komunia \u015awi\u0119ta\u201d<\/li>\n<li data-start=\"347\" data-end=\"372\">8 balon\u00f3w lateksowych<\/li>\n<li data-start=\"373\" data-end=\"394\">Pompowanie helem<\/li>\n<\/ul>\n<p>Bukiet tworzy efektown\u0105, unosz\u0105c\u0105 si\u0119 kompozycj\u0119, kt\u00f3ra doskonale prezentuje si\u0119 w sali bankietowej, restauracji lub podczas przyj\u0119cia w domu.<\/p>\n<p>Mo\u017cliwo\u015b\u0107 dopasowania kolorystyki balon\u00f3w do motywu przewodniego uroczysto\u015bci.<\/p>\n","protected":false},"excerpt":{"rendered":"<p>Bukiet balonowy z okazji Komunii \u015awi\u0119tej z helem Elegancka kompozycja balonowa podkre\u015blaj\u0105ca uroczysty charakter Pierwszej Komunii \u015awi\u0119tej. Idealna jako dekoracja przyj\u0119cia lub symboliczny prezent dla dziecka. Zestaw zawiera: 2 balony foliowe kuleczka \u201ePierwsza Komunia \u015awi\u0119ta\u201d 8 balon\u00f3w lateksowych Pompowanie helem Bukiet tworzy efektown\u0105, unosz\u0105c\u0105 si\u0119 kompozycj\u0119, kt\u00f3ra doskonale prezentuje si\u0119 w sali bankietowej, restauracji lub&hellip;&nbsp;<a href=\"https:\/\/partygo.waw.pl\/index.php\/product\/bukiet-balonowy-z-okazji-komunii-swietej-z-helem-5\/\" class=\"\" rel=\"bookmark\">Czytaj dalej &raquo;<span class=\"screen-reader-text\">Bukiet balonowy z okazji Komunii \u015awi\u0119tej z helem<\/span><\/a><\/p>\n","protected":false},"featured_media":1415,"comment_status":"open","ping_status":"closed","template":"","meta":{"neve_meta_sidebar":"","neve_meta_container":"","neve_meta_enable_content_width":"off","neve_meta_content_width":100,"neve_meta_title_alignment":"","neve_meta_author_avatar":"","neve_post_elements_order":"","neve_meta_disable_header":"","neve_meta_disable_footer":"","neve_meta_disable_title":"","_vp_format_video_url":"","_vp_image_focal_point":[]},"product_brand":[],"product_cat":[41,40],"product_tag":[],"class_list":{"0":"post-1439","1":"product","2":"type-product","3":"status-publish","4":"has-post-thumbnail","6":"product_cat-komunia-swieta","7":"product_cat-misc","9":"first","10":"onbackorder","11":"shipping-taxable","12":"product-type-simple"},"yoast_head":"<!-- This site is optimized with the Yoast SEO plugin v27.3 - https:\/\/yoast.com\/product\/yoast-seo-wordpress\/ -->\n<title>Bukiet balonowy z okazji Komunii \u015awi\u0119tej z helem - PartyGo<\/title>\n<meta name=\"description\" content=\"Elegancka kompozycja balonowa podkre\u015blaj\u0105ca uroczysty charakter Pierwszej Komunii \u015awi\u0119tej. Idealna jako dekoracja przyj\u0119cia lub symboliczny prezent dla dziecka.Zestaw zawiera:2 balony foliowe kuleczka \u201ePierwsza Komunia \u015awi\u0119ta\u201d8 balon\u00f3w lateksowychPompowanie helemBukiet tworzy efektown\u0105, unosz\u0105c\u0105 si\u0119 kompozycj\u0119, kt\u00f3ra doskonale prezentuje si\u0119 w sali bankietowej, restauracji lub podczas przyj\u0119cia w domu.Mo\u017cliwo\u015b\u0107 dopasowania kolorystyki balon\u00f3w do motywu przewodniego uroczysto\u015bci.\" \/>\n<meta name=\"robots\" content=\"index, follow, max-snippet:-1, max-image-preview:large, max-video-preview:-1\" \/>\n<link rel=\"canonical\" href=\"https:\/\/partygo.waw.pl\/index.php\/product\/bukiet-balonowy-z-okazji-komunii-swietej-z-helem-5\/\" \/>\n<meta property=\"og:locale\" content=\"pl_PL\" \/>\n<meta property=\"og:type\" content=\"article\" \/>\n<meta property=\"og:title\" content=\"Bukiet balonowy z okazji Komunii \u015awi\u0119tej z helem - PartyGo\" \/>\n<meta property=\"og:description\" content=\"Elegancka kompozycja balonowa podkre\u015blaj\u0105ca uroczysty charakter Pierwszej Komunii \u015awi\u0119tej. Idealna jako dekoracja przyj\u0119cia lub symboliczny prezent dla dziecka.Zestaw zawiera:2 balony foliowe kuleczka \u201ePierwsza Komunia \u015awi\u0119ta\u201d8 balon\u00f3w lateksowychPompowanie helemBukiet tworzy efektown\u0105, unosz\u0105c\u0105 si\u0119 kompozycj\u0119, kt\u00f3ra doskonale prezentuje si\u0119 w sali bankietowej, restauracji lub podczas przyj\u0119cia w domu.Mo\u017cliwo\u015b\u0107 dopasowania kolorystyki balon\u00f3w do motywu przewodniego uroczysto\u015bci.\" \/>\n<meta property=\"og:url\" content=\"https:\/\/partygo.waw.pl\/index.php\/product\/bukiet-balonowy-z-okazji-komunii-swietej-z-helem-5\/\" \/>\n<meta property=\"og:site_name\" content=\"PartyGo\" \/>\n<meta property=\"article:publisher\" content=\"https:\/\/www.facebook.com\/people\/Party-Go-Warszawa\/\" \/>\n<meta property=\"article:modified_time\" content=\"2026-03-04T15:11:14+00:00\" \/>\n<meta property=\"og:image\" content=\"https:\/\/partygo.waw.pl\/wp-content\/uploads\/2026\/02\/IMG-20260217-WA0033.jpg\" \/>\n\t<meta property=\"og:image:width\" content=\"2048\" \/>\n\t<meta property=\"og:image:height\" content=\"2048\" \/>\n\t<meta property=\"og:image:type\" content=\"image\/jpeg\" \/>\n<meta name=\"twitter:card\" content=\"summary_large_image\" \/>\n<meta name=\"twitter:label1\" content=\"Szacowany czas czytania\" \/>\n\t<meta name=\"twitter:data1\" content=\"1 minuta\" \/>\n<script type=\"application\/ld+json\" class=\"yoast-schema-graph\">{\"@context\":\"https:\\\/\\\/schema.org\",\"@graph\":[{\"@type\":\"WebPage\",\"@id\":\"https:\\\/\\\/partygo.waw.pl\\\/index.php\\\/product\\\/bukiet-balonowy-z-okazji-komunii-swietej-z-helem-5\\\/\",\"url\":\"https:\\\/\\\/partygo.waw.pl\\\/index.php\\\/product\\\/bukiet-balonowy-z-okazji-komunii-swietej-z-helem-5\\\/\",\"name\":\"Bukiet balonowy z okazji Komunii \u015awi\u0119tej z helem - PartyGo\",\"isPartOf\":{\"@id\":\"https:\\\/\\\/partygo.waw.pl\\\/#website\"},\"primaryImageOfPage\":{\"@id\":\"https:\\\/\\\/partygo.waw.pl\\\/index.php\\\/product\\\/bukiet-balonowy-z-okazji-komunii-swietej-z-helem-5\\\/#primaryimage\"},\"image\":{\"@id\":\"https:\\\/\\\/partygo.waw.pl\\\/index.php\\\/product\\\/bukiet-balonowy-z-okazji-komunii-swietej-z-helem-5\\\/#primaryimage\"},\"thumbnailUrl\":\"https:\\\/\\\/partygo.waw.pl\\\/wp-content\\\/uploads\\\/2026\\\/02\\\/IMG-20260217-WA0033.jpg\",\"datePublished\":\"2026-02-23T18:32:45+00:00\",\"dateModified\":\"2026-03-04T15:11:14+00:00\",\"description\":\"Elegancka kompozycja balonowa podkre\u015blaj\u0105ca uroczysty charakter Pierwszej Komunii \u015awi\u0119tej. Idealna jako dekoracja przyj\u0119cia lub symboliczny prezent dla dziecka.Zestaw zawiera:2 balony foliowe kuleczka \u201ePierwsza Komunia \u015awi\u0119ta\u201d8 balon\u00f3w lateksowychPompowanie helemBukiet tworzy efektown\u0105, unosz\u0105c\u0105 si\u0119 kompozycj\u0119, kt\u00f3ra doskonale prezentuje si\u0119 w sali bankietowej, restauracji lub podczas przyj\u0119cia w domu.Mo\u017cliwo\u015b\u0107 dopasowania kolorystyki balon\u00f3w do motywu przewodniego uroczysto\u015bci.\",\"breadcrumb\":{\"@id\":\"https:\\\/\\\/partygo.waw.pl\\\/index.php\\\/product\\\/bukiet-balonowy-z-okazji-komunii-swietej-z-helem-5\\\/#breadcrumb\"},\"inLanguage\":\"pl-PL\",\"potentialAction\":[{\"@type\":\"ReadAction\",\"target\":[\"https:\\\/\\\/partygo.waw.pl\\\/index.php\\\/product\\\/bukiet-balonowy-z-okazji-komunii-swietej-z-helem-5\\\/\"]}]},{\"@type\":\"ImageObject\",\"inLanguage\":\"pl-PL\",\"@id\":\"https:\\\/\\\/partygo.waw.pl\\\/index.php\\\/product\\\/bukiet-balonowy-z-okazji-komunii-swietej-z-helem-5\\\/#primaryimage\",\"url\":\"https:\\\/\\\/partygo.waw.pl\\\/wp-content\\\/uploads\\\/2026\\\/02\\\/IMG-20260217-WA0033.jpg\",\"contentUrl\":\"https:\\\/\\\/partygo.waw.pl\\\/wp-content\\\/uploads\\\/2026\\\/02\\\/IMG-20260217-WA0033.jpg\",\"width\":2048,\"height\":2048},{\"@type\":\"BreadcrumbList\",\"@id\":\"https:\\\/\\\/partygo.waw.pl\\\/index.php\\\/product\\\/bukiet-balonowy-z-okazji-komunii-swietej-z-helem-5\\\/#breadcrumb\",\"itemListElement\":[{\"@type\":\"ListItem\",\"position\":1,\"name\":\"Strona g\u0142\u00f3wna\",\"item\":\"https:\\\/\\\/partygo.waw.pl\\\/\"},{\"@type\":\"ListItem\",\"position\":2,\"name\":\"Galeria&#038;Sklep\",\"item\":\"https:\\\/\\\/partygo.waw.pl\\\/index.php\\\/sklep\\\/\"},{\"@type\":\"ListItem\",\"position\":3,\"name\":\"Bukiet balonowy z okazji Komunii \u015awi\u0119tej z helem\"}]},{\"@type\":\"WebSite\",\"@id\":\"https:\\\/\\\/partygo.waw.pl\\\/#website\",\"url\":\"https:\\\/\\\/partygo.waw.pl\\\/\",\"name\":\"PartyGo\",\"description\":\"Balony i dekoracje Warszawa Legionowo\",\"publisher\":{\"@id\":\"https:\\\/\\\/partygo.waw.pl\\\/#organization\"},\"potentialAction\":[{\"@type\":\"SearchAction\",\"target\":{\"@type\":\"EntryPoint\",\"urlTemplate\":\"https:\\\/\\\/partygo.waw.pl\\\/?s={search_term_string}\"},\"query-input\":{\"@type\":\"PropertyValueSpecification\",\"valueRequired\":true,\"valueName\":\"search_term_string\"}}],\"inLanguage\":\"pl-PL\"},{\"@type\":\"Organization\",\"@id\":\"https:\\\/\\\/partygo.waw.pl\\\/#organization\",\"name\":\"PartyGo\",\"url\":\"https:\\\/\\\/partygo.waw.pl\\\/\",\"logo\":{\"@type\":\"ImageObject\",\"inLanguage\":\"pl-PL\",\"@id\":\"https:\\\/\\\/partygo.waw.pl\\\/#\\\/schema\\\/logo\\\/image\\\/\",\"url\":\"https:\\\/\\\/partygo.waw.pl\\\/wp-content\\\/uploads\\\/2022\\\/10\\\/logo_party-2.jpg\",\"contentUrl\":\"https:\\\/\\\/partygo.waw.pl\\\/wp-content\\\/uploads\\\/2022\\\/10\\\/logo_party-2.jpg\",\"width\":300,\"height\":300,\"caption\":\"PartyGo\"},\"image\":{\"@id\":\"https:\\\/\\\/partygo.waw.pl\\\/#\\\/schema\\\/logo\\\/image\\\/\"},\"sameAs\":[\"https:\\\/\\\/www.facebook.com\\\/people\\\/Party-Go-Warszawa\\\/\"]}]}<\/script>\n<!-- \/ Yoast SEO plugin. -->","yoast_head_json":{"title":"Bukiet balonowy z okazji Komunii \u015awi\u0119tej z helem - PartyGo","description":"Elegancka kompozycja balonowa podkre\u015blaj\u0105ca uroczysty charakter Pierwszej Komunii \u015awi\u0119tej. Idealna jako dekoracja przyj\u0119cia lub symboliczny prezent dla dziecka.Zestaw zawiera:2 balony foliowe kuleczka \u201ePierwsza Komunia \u015awi\u0119ta\u201d8 balon\u00f3w lateksowychPompowanie helemBukiet tworzy efektown\u0105, unosz\u0105c\u0105 si\u0119 kompozycj\u0119, kt\u00f3ra doskonale prezentuje si\u0119 w sali bankietowej, restauracji lub podczas przyj\u0119cia w domu.Mo\u017cliwo\u015b\u0107 dopasowania kolorystyki balon\u00f3w do motywu przewodniego uroczysto\u015bci.","robots":{"index":"index","follow":"follow","max-snippet":"max-snippet:-1","max-image-preview":"max-image-preview:large","max-video-preview":"max-video-preview:-1"},"canonical":"https:\/\/partygo.waw.pl\/index.php\/product\/bukiet-balonowy-z-okazji-komunii-swietej-z-helem-5\/","og_locale":"pl_PL","og_type":"article","og_title":"Bukiet balonowy z okazji Komunii \u015awi\u0119tej z helem - PartyGo","og_description":"Elegancka kompozycja balonowa podkre\u015blaj\u0105ca uroczysty charakter Pierwszej Komunii \u015awi\u0119tej. Idealna jako dekoracja przyj\u0119cia lub symboliczny prezent dla dziecka.Zestaw zawiera:2 balony foliowe kuleczka \u201ePierwsza Komunia \u015awi\u0119ta\u201d8 balon\u00f3w lateksowychPompowanie helemBukiet tworzy efektown\u0105, unosz\u0105c\u0105 si\u0119 kompozycj\u0119, kt\u00f3ra doskonale prezentuje si\u0119 w sali bankietowej, restauracji lub podczas przyj\u0119cia w domu.Mo\u017cliwo\u015b\u0107 dopasowania kolorystyki balon\u00f3w do motywu przewodniego uroczysto\u015bci.","og_url":"https:\/\/partygo.waw.pl\/index.php\/product\/bukiet-balonowy-z-okazji-komunii-swietej-z-helem-5\/","og_site_name":"PartyGo","article_publisher":"https:\/\/www.facebook.com\/people\/Party-Go-Warszawa\/","article_modified_time":"2026-03-04T15:11:14+00:00","og_image":[{"width":2048,"height":2048,"url":"https:\/\/partygo.waw.pl\/wp-content\/uploads\/2026\/02\/IMG-20260217-WA0033.jpg","type":"image\/jpeg"}],"twitter_card":"summary_large_image","twitter_misc":{"Szacowany czas czytania":"1 minuta"},"schema":{"@context":"https:\/\/schema.org","@graph":[{"@type":"WebPage","@id":"https:\/\/partygo.waw.pl\/index.php\/product\/bukiet-balonowy-z-okazji-komunii-swietej-z-helem-5\/","url":"https:\/\/partygo.waw.pl\/index.php\/product\/bukiet-balonowy-z-okazji-komunii-swietej-z-helem-5\/","name":"Bukiet balonowy z okazji Komunii \u015awi\u0119tej z helem - PartyGo","isPartOf":{"@id":"https:\/\/partygo.waw.pl\/#website"},"primaryImageOfPage":{"@id":"https:\/\/partygo.waw.pl\/index.php\/product\/bukiet-balonowy-z-okazji-komunii-swietej-z-helem-5\/#primaryimage"},"image":{"@id":"https:\/\/partygo.waw.pl\/index.php\/product\/bukiet-balonowy-z-okazji-komunii-swietej-z-helem-5\/#primaryimage"},"thumbnailUrl":"https:\/\/partygo.waw.pl\/wp-content\/uploads\/2026\/02\/IMG-20260217-WA0033.jpg","datePublished":"2026-02-23T18:32:45+00:00","dateModified":"2026-03-04T15:11:14+00:00","description":"Elegancka kompozycja balonowa podkre\u015blaj\u0105ca uroczysty charakter Pierwszej Komunii \u015awi\u0119tej. Idealna jako dekoracja przyj\u0119cia lub symboliczny prezent dla dziecka.Zestaw zawiera:2 balony foliowe kuleczka \u201ePierwsza Komunia \u015awi\u0119ta\u201d8 balon\u00f3w lateksowychPompowanie helemBukiet tworzy efektown\u0105, unosz\u0105c\u0105 si\u0119 kompozycj\u0119, kt\u00f3ra doskonale prezentuje si\u0119 w sali bankietowej, restauracji lub podczas przyj\u0119cia w domu.Mo\u017cliwo\u015b\u0107 dopasowania kolorystyki balon\u00f3w do motywu przewodniego uroczysto\u015bci.","breadcrumb":{"@id":"https:\/\/partygo.waw.pl\/index.php\/product\/bukiet-balonowy-z-okazji-komunii-swietej-z-helem-5\/#breadcrumb"},"inLanguage":"pl-PL","potentialAction":[{"@type":"ReadAction","target":["https:\/\/partygo.waw.pl\/index.php\/product\/bukiet-balonowy-z-okazji-komunii-swietej-z-helem-5\/"]}]},{"@type":"ImageObject","inLanguage":"pl-PL","@id":"https:\/\/partygo.waw.pl\/index.php\/product\/bukiet-balonowy-z-okazji-komunii-swietej-z-helem-5\/#primaryimage","url":"https:\/\/partygo.waw.pl\/wp-content\/uploads\/2026\/02\/IMG-20260217-WA0033.jpg","contentUrl":"https:\/\/partygo.waw.pl\/wp-content\/uploads\/2026\/02\/IMG-20260217-WA0033.jpg","width":2048,"height":2048},{"@type":"BreadcrumbList","@id":"https:\/\/partygo.waw.pl\/index.php\/product\/bukiet-balonowy-z-okazji-komunii-swietej-z-helem-5\/#breadcrumb","itemListElement":[{"@type":"ListItem","position":1,"name":"Strona g\u0142\u00f3wna","item":"https:\/\/partygo.waw.pl\/"},{"@type":"ListItem","position":2,"name":"Galeria&#038;Sklep","item":"https:\/\/partygo.waw.pl\/index.php\/sklep\/"},{"@type":"ListItem","position":3,"name":"Bukiet balonowy z okazji Komunii \u015awi\u0119tej z helem"}]},{"@type":"WebSite","@id":"https:\/\/partygo.waw.pl\/#website","url":"https:\/\/partygo.waw.pl\/","name":"PartyGo","description":"Balony i dekoracje Warszawa Legionowo","publisher":{"@id":"https:\/\/partygo.waw.pl\/#organization"},"potentialAction":[{"@type":"SearchAction","target":{"@type":"EntryPoint","urlTemplate":"https:\/\/partygo.waw.pl\/?s={search_term_string}"},"query-input":{"@type":"PropertyValueSpecification","valueRequired":true,"valueName":"search_term_string"}}],"inLanguage":"pl-PL"},{"@type":"Organization","@id":"https:\/\/partygo.waw.pl\/#organization","name":"PartyGo","url":"https:\/\/partygo.waw.pl\/","logo":{"@type":"ImageObject","inLanguage":"pl-PL","@id":"https:\/\/partygo.waw.pl\/#\/schema\/logo\/image\/","url":"https:\/\/partygo.waw.pl\/wp-content\/uploads\/2022\/10\/logo_party-2.jpg","contentUrl":"https:\/\/partygo.waw.pl\/wp-content\/uploads\/2022\/10\/logo_party-2.jpg","width":300,"height":300,"caption":"PartyGo"},"image":{"@id":"https:\/\/partygo.waw.pl\/#\/schema\/logo\/image\/"},"sameAs":["https:\/\/www.facebook.com\/people\/Party-Go-Warszawa\/"]}]}},"_links":{"self":[{"href":"https:\/\/partygo.waw.pl\/index.php\/wp-json\/wp\/v2\/product\/1439","targetHints":{"allow":["GET"]}}],"collection":[{"href":"https:\/\/partygo.waw.pl\/index.php\/wp-json\/wp\/v2\/product"}],"about":[{"href":"https:\/\/partygo.waw.pl\/index.php\/wp-json\/wp\/v2\/types\/product"}],"replies":[{"embeddable":true,"href":"https:\/\/partygo.waw.pl\/index.php\/wp-json\/wp\/v2\/comments?post=1439"}],"wp:featuredmedia":[{"embeddable":true,"href":"https:\/\/partygo.waw.pl\/index.php\/wp-json\/wp\/v2\/media\/1415"}],"wp:attachment":[{"href":"https:\/\/partygo.waw.pl\/index.php\/wp-json\/wp\/v2\/media?parent=1439"}],"wp:term":[{"taxonomy":"product_brand","embeddable":true,"href":"https:\/\/partygo.waw.pl\/index.php\/wp-json\/wp\/v2\/product_brand?post=1439"},{"taxonomy":"product_cat","embeddable":true,"href":"https:\/\/partygo.waw.pl\/index.php\/wp-json\/wp\/v2\/product_cat?post=1439"},{"taxonomy":"product_tag","embeddable":true,"href":"https:\/\/partygo.waw.pl\/index.php\/wp-json\/wp\/v2\/product_tag?post=1439"}],"curies":[{"name":"wp","href":"https:\/\/api.w.org\/{rel}","templated":true}]}}