{"id":1446,"date":"2026-02-25T11:55:18","date_gmt":"2026-02-25T10:55:18","guid":{"rendered":"https:\/\/partygo.waw.pl\/?post_type=product&#038;p=1446"},"modified":"2026-03-04T16:50:51","modified_gmt":"2026-03-04T15:50:51","slug":"kompozycja-balonowa-z-okazji-komunii-swietej-z-helem","status":"publish","type":"product","link":"https:\/\/partygo.waw.pl\/index.php\/product\/kompozycja-balonowa-z-okazji-komunii-swietej-z-helem\/","title":{"rendered":"Kompozycja balonowa z okazji Komunii \u015awi\u0119tej z helem"},"content":{"rendered":"<h2 data-start=\"107\" data-end=\"318\">Kompozycja balonowa z okazji Komunii \u015awi\u0119tej z helem<\/h2>\n<p>Efektowna i elegancka dekoracja podkre\u015blaj\u0105ca wyj\u0105tkowy charakter Pierwszej Komunii \u015awi\u0119tej. Rozbudowana kompozycja doskonale sprawdzi si\u0119 jako centralny element dekoracji sali lub wyj\u0105tkowy prezent dla dziecka.<\/p>\n<h3 data-start=\"320\" data-end=\"339\"><strong data-start=\"320\" data-end=\"339\">Zestaw zawiera:<\/strong><\/h3>\n<ul data-start=\"340\" data-end=\"519\">\n<li data-start=\"340\" data-end=\"406\">3 balony foliowe w kszta\u0142cie serca ze spersonalizowanym nadrukiem<\/li>\n<li data-start=\"407\" data-end=\"470\">3 balony foliowe w kszta\u0142cie gwiazdy<\/li>\n<li data-start=\"471\" data-end=\"497\">12 balon\u00f3w lateksowych<\/li>\n<li data-start=\"498\" data-end=\"519\">Pompowanie helem<\/li>\n<\/ul>\n<p>Kompozycja tworzy imponuj\u0105cy, unosz\u0105cy si\u0119 bukiet, kt\u00f3ry nadaje sali elegancji i tworzy niezapomniane wra\u017cenie podczas przyj\u0119cia w restauracji lub domu.<\/p>\n<p>Mo\u017cliwo\u015b\u0107 pe\u0142nej personalizacji oraz dopasowania kolorystyki do motywu przewodniego uroczysto\u015bci.<\/p>\n","protected":false},"excerpt":{"rendered":"<p>Kompozycja balonowa z okazji Komunii \u015awi\u0119tej z helem Efektowna i elegancka dekoracja podkre\u015blaj\u0105ca wyj\u0105tkowy charakter Pierwszej Komunii \u015awi\u0119tej. Rozbudowana kompozycja doskonale sprawdzi si\u0119 jako centralny element dekoracji sali lub wyj\u0105tkowy prezent dla dziecka. Zestaw zawiera: 3 balony foliowe w kszta\u0142cie serca ze spersonalizowanym nadrukiem 3 balony foliowe w kszta\u0142cie gwiazdy 12 balon\u00f3w lateksowych Pompowanie helem&hellip;&nbsp;<a href=\"https:\/\/partygo.waw.pl\/index.php\/product\/kompozycja-balonowa-z-okazji-komunii-swietej-z-helem\/\" class=\"\" rel=\"bookmark\">Czytaj dalej &raquo;<span class=\"screen-reader-text\">Kompozycja balonowa z okazji Komunii \u015awi\u0119tej z helem<\/span><\/a><\/p>\n","protected":false},"featured_media":1412,"comment_status":"open","ping_status":"closed","template":"","meta":{"neve_meta_sidebar":"","neve_meta_container":"","neve_meta_enable_content_width":"off","neve_meta_content_width":100,"neve_meta_title_alignment":"","neve_meta_author_avatar":"","neve_post_elements_order":"","neve_meta_disable_header":"","neve_meta_disable_footer":"","neve_meta_disable_title":"","_vp_format_video_url":"","_vp_image_focal_point":[]},"product_brand":[],"product_cat":[41,40],"product_tag":[],"class_list":{"0":"post-1446","1":"product","2":"type-product","3":"status-publish","4":"has-post-thumbnail","6":"product_cat-komunia-swieta","7":"product_cat-misc","9":"first","10":"onbackorder","11":"shipping-taxable","12":"product-type-simple"},"yoast_head":"<!-- This site is optimized with the Yoast SEO plugin v27.3 - https:\/\/yoast.com\/product\/yoast-seo-wordpress\/ -->\n<title>Kompozycja balonowa z okazji Komunii \u015awi\u0119tej z helem - PartyGo<\/title>\n<meta name=\"description\" content=\"Efektowna i elegancka dekoracja podkre\u015blaj\u0105ca wyj\u0105tkowy charakter Pierwszej Komunii \u015awi\u0119tej. Rozbudowana kompozycja doskonale sprawdzi si\u0119 jako centralny element dekoracji sali lub wyj\u0105tkowy prezent dla dziecka.Zestaw zawiera:3 balon foliowy w kszta\u0142cie serca ze spersonalizowanym nadrukiem3 balony foliowe w kszta\u0142cie gwiazdy12 balon\u00f3w lateksowychPompowanie helemKompozycja tworzy imponuj\u0105cy, unosz\u0105cy si\u0119 bukiet, kt\u00f3ry nadaje sali elegancji i tworzy niezapomniane wra\u017cenie podczas przyj\u0119cia w restauracji lub domu.Mo\u017cliwo\u015b\u0107 pe\u0142nej personalizacji oraz dopasowania kolorystyki do motywu przewodniego uroczysto\u015bci.\" \/>\n<meta name=\"robots\" content=\"index, follow, max-snippet:-1, max-image-preview:large, max-video-preview:-1\" \/>\n<link rel=\"canonical\" href=\"https:\/\/partygo.waw.pl\/index.php\/product\/kompozycja-balonowa-z-okazji-komunii-swietej-z-helem\/\" \/>\n<meta property=\"og:locale\" content=\"pl_PL\" \/>\n<meta property=\"og:type\" content=\"article\" \/>\n<meta property=\"og:title\" content=\"Kompozycja balonowa z okazji Komunii \u015awi\u0119tej z helem - PartyGo\" \/>\n<meta property=\"og:description\" content=\"Efektowna i elegancka dekoracja podkre\u015blaj\u0105ca wyj\u0105tkowy charakter Pierwszej Komunii \u015awi\u0119tej. Rozbudowana kompozycja doskonale sprawdzi si\u0119 jako centralny element dekoracji sali lub wyj\u0105tkowy prezent dla dziecka.Zestaw zawiera:3 balon foliowy w kszta\u0142cie serca ze spersonalizowanym nadrukiem3 balony foliowe w kszta\u0142cie gwiazdy12 balon\u00f3w lateksowychPompowanie helemKompozycja tworzy imponuj\u0105cy, unosz\u0105cy si\u0119 bukiet, kt\u00f3ry nadaje sali elegancji i tworzy niezapomniane wra\u017cenie podczas przyj\u0119cia w restauracji lub domu.Mo\u017cliwo\u015b\u0107 pe\u0142nej personalizacji oraz dopasowania kolorystyki do motywu przewodniego uroczysto\u015bci.\" \/>\n<meta property=\"og:url\" content=\"https:\/\/partygo.waw.pl\/index.php\/product\/kompozycja-balonowa-z-okazji-komunii-swietej-z-helem\/\" \/>\n<meta property=\"og:site_name\" content=\"PartyGo\" \/>\n<meta property=\"article:publisher\" content=\"https:\/\/www.facebook.com\/people\/Party-Go-Warszawa\/\" \/>\n<meta property=\"article:modified_time\" content=\"2026-03-04T15:50:51+00:00\" \/>\n<meta property=\"og:image\" content=\"https:\/\/partygo.waw.pl\/wp-content\/uploads\/2026\/02\/IMG-20260217-WA0023.jpg\" \/>\n\t<meta property=\"og:image:width\" content=\"1536\" \/>\n\t<meta property=\"og:image:height\" content=\"2040\" \/>\n\t<meta property=\"og:image:type\" content=\"image\/jpeg\" \/>\n<meta name=\"twitter:card\" content=\"summary_large_image\" \/>\n<meta name=\"twitter:label1\" content=\"Szacowany czas czytania\" \/>\n\t<meta name=\"twitter:data1\" content=\"1 minuta\" \/>\n<script type=\"application\/ld+json\" class=\"yoast-schema-graph\">{\"@context\":\"https:\\\/\\\/schema.org\",\"@graph\":[{\"@type\":\"WebPage\",\"@id\":\"https:\\\/\\\/partygo.waw.pl\\\/index.php\\\/product\\\/kompozycja-balonowa-z-okazji-komunii-swietej-z-helem\\\/\",\"url\":\"https:\\\/\\\/partygo.waw.pl\\\/index.php\\\/product\\\/kompozycja-balonowa-z-okazji-komunii-swietej-z-helem\\\/\",\"name\":\"Kompozycja balonowa z okazji Komunii \u015awi\u0119tej z helem - PartyGo\",\"isPartOf\":{\"@id\":\"https:\\\/\\\/partygo.waw.pl\\\/#website\"},\"primaryImageOfPage\":{\"@id\":\"https:\\\/\\\/partygo.waw.pl\\\/index.php\\\/product\\\/kompozycja-balonowa-z-okazji-komunii-swietej-z-helem\\\/#primaryimage\"},\"image\":{\"@id\":\"https:\\\/\\\/partygo.waw.pl\\\/index.php\\\/product\\\/kompozycja-balonowa-z-okazji-komunii-swietej-z-helem\\\/#primaryimage\"},\"thumbnailUrl\":\"https:\\\/\\\/partygo.waw.pl\\\/wp-content\\\/uploads\\\/2026\\\/02\\\/IMG-20260217-WA0023.jpg\",\"datePublished\":\"2026-02-25T10:55:18+00:00\",\"dateModified\":\"2026-03-04T15:50:51+00:00\",\"description\":\"Efektowna i elegancka dekoracja podkre\u015blaj\u0105ca wyj\u0105tkowy charakter Pierwszej Komunii \u015awi\u0119tej. Rozbudowana kompozycja doskonale sprawdzi si\u0119 jako centralny element dekoracji sali lub wyj\u0105tkowy prezent dla dziecka.Zestaw zawiera:3 balon foliowy w kszta\u0142cie serca ze spersonalizowanym nadrukiem3 balony foliowe w kszta\u0142cie gwiazdy12 balon\u00f3w lateksowychPompowanie helemKompozycja tworzy imponuj\u0105cy, unosz\u0105cy si\u0119 bukiet, kt\u00f3ry nadaje sali elegancji i tworzy niezapomniane wra\u017cenie podczas przyj\u0119cia w restauracji lub domu.Mo\u017cliwo\u015b\u0107 pe\u0142nej personalizacji oraz dopasowania kolorystyki do motywu przewodniego uroczysto\u015bci.\",\"breadcrumb\":{\"@id\":\"https:\\\/\\\/partygo.waw.pl\\\/index.php\\\/product\\\/kompozycja-balonowa-z-okazji-komunii-swietej-z-helem\\\/#breadcrumb\"},\"inLanguage\":\"pl-PL\",\"potentialAction\":[{\"@type\":\"ReadAction\",\"target\":[\"https:\\\/\\\/partygo.waw.pl\\\/index.php\\\/product\\\/kompozycja-balonowa-z-okazji-komunii-swietej-z-helem\\\/\"]}]},{\"@type\":\"ImageObject\",\"inLanguage\":\"pl-PL\",\"@id\":\"https:\\\/\\\/partygo.waw.pl\\\/index.php\\\/product\\\/kompozycja-balonowa-z-okazji-komunii-swietej-z-helem\\\/#primaryimage\",\"url\":\"https:\\\/\\\/partygo.waw.pl\\\/wp-content\\\/uploads\\\/2026\\\/02\\\/IMG-20260217-WA0023.jpg\",\"contentUrl\":\"https:\\\/\\\/partygo.waw.pl\\\/wp-content\\\/uploads\\\/2026\\\/02\\\/IMG-20260217-WA0023.jpg\",\"width\":1536,\"height\":2040},{\"@type\":\"BreadcrumbList\",\"@id\":\"https:\\\/\\\/partygo.waw.pl\\\/index.php\\\/product\\\/kompozycja-balonowa-z-okazji-komunii-swietej-z-helem\\\/#breadcrumb\",\"itemListElement\":[{\"@type\":\"ListItem\",\"position\":1,\"name\":\"Strona g\u0142\u00f3wna\",\"item\":\"https:\\\/\\\/partygo.waw.pl\\\/\"},{\"@type\":\"ListItem\",\"position\":2,\"name\":\"Galeria&#038;Sklep\",\"item\":\"https:\\\/\\\/partygo.waw.pl\\\/index.php\\\/sklep\\\/\"},{\"@type\":\"ListItem\",\"position\":3,\"name\":\"Kompozycja balonowa z okazji Komunii \u015awi\u0119tej z helem\"}]},{\"@type\":\"WebSite\",\"@id\":\"https:\\\/\\\/partygo.waw.pl\\\/#website\",\"url\":\"https:\\\/\\\/partygo.waw.pl\\\/\",\"name\":\"PartyGo\",\"description\":\"Balony i dekoracje Warszawa Legionowo\",\"publisher\":{\"@id\":\"https:\\\/\\\/partygo.waw.pl\\\/#organization\"},\"potentialAction\":[{\"@type\":\"SearchAction\",\"target\":{\"@type\":\"EntryPoint\",\"urlTemplate\":\"https:\\\/\\\/partygo.waw.pl\\\/?s={search_term_string}\"},\"query-input\":{\"@type\":\"PropertyValueSpecification\",\"valueRequired\":true,\"valueName\":\"search_term_string\"}}],\"inLanguage\":\"pl-PL\"},{\"@type\":\"Organization\",\"@id\":\"https:\\\/\\\/partygo.waw.pl\\\/#organization\",\"name\":\"PartyGo\",\"url\":\"https:\\\/\\\/partygo.waw.pl\\\/\",\"logo\":{\"@type\":\"ImageObject\",\"inLanguage\":\"pl-PL\",\"@id\":\"https:\\\/\\\/partygo.waw.pl\\\/#\\\/schema\\\/logo\\\/image\\\/\",\"url\":\"https:\\\/\\\/partygo.waw.pl\\\/wp-content\\\/uploads\\\/2022\\\/10\\\/logo_party-2.jpg\",\"contentUrl\":\"https:\\\/\\\/partygo.waw.pl\\\/wp-content\\\/uploads\\\/2022\\\/10\\\/logo_party-2.jpg\",\"width\":300,\"height\":300,\"caption\":\"PartyGo\"},\"image\":{\"@id\":\"https:\\\/\\\/partygo.waw.pl\\\/#\\\/schema\\\/logo\\\/image\\\/\"},\"sameAs\":[\"https:\\\/\\\/www.facebook.com\\\/people\\\/Party-Go-Warszawa\\\/\"]}]}<\/script>\n<!-- \/ Yoast SEO plugin. -->","yoast_head_json":{"title":"Kompozycja balonowa z okazji Komunii \u015awi\u0119tej z helem - PartyGo","description":"Efektowna i elegancka dekoracja podkre\u015blaj\u0105ca wyj\u0105tkowy charakter Pierwszej Komunii \u015awi\u0119tej. Rozbudowana kompozycja doskonale sprawdzi si\u0119 jako centralny element dekoracji sali lub wyj\u0105tkowy prezent dla dziecka.Zestaw zawiera:3 balon foliowy w kszta\u0142cie serca ze spersonalizowanym nadrukiem3 balony foliowe w kszta\u0142cie gwiazdy12 balon\u00f3w lateksowychPompowanie helemKompozycja tworzy imponuj\u0105cy, unosz\u0105cy si\u0119 bukiet, kt\u00f3ry nadaje sali elegancji i tworzy niezapomniane wra\u017cenie podczas przyj\u0119cia w restauracji lub domu.Mo\u017cliwo\u015b\u0107 pe\u0142nej personalizacji oraz dopasowania kolorystyki do motywu przewodniego uroczysto\u015bci.","robots":{"index":"index","follow":"follow","max-snippet":"max-snippet:-1","max-image-preview":"max-image-preview:large","max-video-preview":"max-video-preview:-1"},"canonical":"https:\/\/partygo.waw.pl\/index.php\/product\/kompozycja-balonowa-z-okazji-komunii-swietej-z-helem\/","og_locale":"pl_PL","og_type":"article","og_title":"Kompozycja balonowa z okazji Komunii \u015awi\u0119tej z helem - PartyGo","og_description":"Efektowna i elegancka dekoracja podkre\u015blaj\u0105ca wyj\u0105tkowy charakter Pierwszej Komunii \u015awi\u0119tej. Rozbudowana kompozycja doskonale sprawdzi si\u0119 jako centralny element dekoracji sali lub wyj\u0105tkowy prezent dla dziecka.Zestaw zawiera:3 balon foliowy w kszta\u0142cie serca ze spersonalizowanym nadrukiem3 balony foliowe w kszta\u0142cie gwiazdy12 balon\u00f3w lateksowychPompowanie helemKompozycja tworzy imponuj\u0105cy, unosz\u0105cy si\u0119 bukiet, kt\u00f3ry nadaje sali elegancji i tworzy niezapomniane wra\u017cenie podczas przyj\u0119cia w restauracji lub domu.Mo\u017cliwo\u015b\u0107 pe\u0142nej personalizacji oraz dopasowania kolorystyki do motywu przewodniego uroczysto\u015bci.","og_url":"https:\/\/partygo.waw.pl\/index.php\/product\/kompozycja-balonowa-z-okazji-komunii-swietej-z-helem\/","og_site_name":"PartyGo","article_publisher":"https:\/\/www.facebook.com\/people\/Party-Go-Warszawa\/","article_modified_time":"2026-03-04T15:50:51+00:00","og_image":[{"width":1536,"height":2040,"url":"https:\/\/partygo.waw.pl\/wp-content\/uploads\/2026\/02\/IMG-20260217-WA0023.jpg","type":"image\/jpeg"}],"twitter_card":"summary_large_image","twitter_misc":{"Szacowany czas czytania":"1 minuta"},"schema":{"@context":"https:\/\/schema.org","@graph":[{"@type":"WebPage","@id":"https:\/\/partygo.waw.pl\/index.php\/product\/kompozycja-balonowa-z-okazji-komunii-swietej-z-helem\/","url":"https:\/\/partygo.waw.pl\/index.php\/product\/kompozycja-balonowa-z-okazji-komunii-swietej-z-helem\/","name":"Kompozycja balonowa z okazji Komunii \u015awi\u0119tej z helem - PartyGo","isPartOf":{"@id":"https:\/\/partygo.waw.pl\/#website"},"primaryImageOfPage":{"@id":"https:\/\/partygo.waw.pl\/index.php\/product\/kompozycja-balonowa-z-okazji-komunii-swietej-z-helem\/#primaryimage"},"image":{"@id":"https:\/\/partygo.waw.pl\/index.php\/product\/kompozycja-balonowa-z-okazji-komunii-swietej-z-helem\/#primaryimage"},"thumbnailUrl":"https:\/\/partygo.waw.pl\/wp-content\/uploads\/2026\/02\/IMG-20260217-WA0023.jpg","datePublished":"2026-02-25T10:55:18+00:00","dateModified":"2026-03-04T15:50:51+00:00","description":"Efektowna i elegancka dekoracja podkre\u015blaj\u0105ca wyj\u0105tkowy charakter Pierwszej Komunii \u015awi\u0119tej. Rozbudowana kompozycja doskonale sprawdzi si\u0119 jako centralny element dekoracji sali lub wyj\u0105tkowy prezent dla dziecka.Zestaw zawiera:3 balon foliowy w kszta\u0142cie serca ze spersonalizowanym nadrukiem3 balony foliowe w kszta\u0142cie gwiazdy12 balon\u00f3w lateksowychPompowanie helemKompozycja tworzy imponuj\u0105cy, unosz\u0105cy si\u0119 bukiet, kt\u00f3ry nadaje sali elegancji i tworzy niezapomniane wra\u017cenie podczas przyj\u0119cia w restauracji lub domu.Mo\u017cliwo\u015b\u0107 pe\u0142nej personalizacji oraz dopasowania kolorystyki do motywu przewodniego uroczysto\u015bci.","breadcrumb":{"@id":"https:\/\/partygo.waw.pl\/index.php\/product\/kompozycja-balonowa-z-okazji-komunii-swietej-z-helem\/#breadcrumb"},"inLanguage":"pl-PL","potentialAction":[{"@type":"ReadAction","target":["https:\/\/partygo.waw.pl\/index.php\/product\/kompozycja-balonowa-z-okazji-komunii-swietej-z-helem\/"]}]},{"@type":"ImageObject","inLanguage":"pl-PL","@id":"https:\/\/partygo.waw.pl\/index.php\/product\/kompozycja-balonowa-z-okazji-komunii-swietej-z-helem\/#primaryimage","url":"https:\/\/partygo.waw.pl\/wp-content\/uploads\/2026\/02\/IMG-20260217-WA0023.jpg","contentUrl":"https:\/\/partygo.waw.pl\/wp-content\/uploads\/2026\/02\/IMG-20260217-WA0023.jpg","width":1536,"height":2040},{"@type":"BreadcrumbList","@id":"https:\/\/partygo.waw.pl\/index.php\/product\/kompozycja-balonowa-z-okazji-komunii-swietej-z-helem\/#breadcrumb","itemListElement":[{"@type":"ListItem","position":1,"name":"Strona g\u0142\u00f3wna","item":"https:\/\/partygo.waw.pl\/"},{"@type":"ListItem","position":2,"name":"Galeria&#038;Sklep","item":"https:\/\/partygo.waw.pl\/index.php\/sklep\/"},{"@type":"ListItem","position":3,"name":"Kompozycja balonowa z okazji Komunii \u015awi\u0119tej z helem"}]},{"@type":"WebSite","@id":"https:\/\/partygo.waw.pl\/#website","url":"https:\/\/partygo.waw.pl\/","name":"PartyGo","description":"Balony i dekoracje Warszawa Legionowo","publisher":{"@id":"https:\/\/partygo.waw.pl\/#organization"},"potentialAction":[{"@type":"SearchAction","target":{"@type":"EntryPoint","urlTemplate":"https:\/\/partygo.waw.pl\/?s={search_term_string}"},"query-input":{"@type":"PropertyValueSpecification","valueRequired":true,"valueName":"search_term_string"}}],"inLanguage":"pl-PL"},{"@type":"Organization","@id":"https:\/\/partygo.waw.pl\/#organization","name":"PartyGo","url":"https:\/\/partygo.waw.pl\/","logo":{"@type":"ImageObject","inLanguage":"pl-PL","@id":"https:\/\/partygo.waw.pl\/#\/schema\/logo\/image\/","url":"https:\/\/partygo.waw.pl\/wp-content\/uploads\/2022\/10\/logo_party-2.jpg","contentUrl":"https:\/\/partygo.waw.pl\/wp-content\/uploads\/2022\/10\/logo_party-2.jpg","width":300,"height":300,"caption":"PartyGo"},"image":{"@id":"https:\/\/partygo.waw.pl\/#\/schema\/logo\/image\/"},"sameAs":["https:\/\/www.facebook.com\/people\/Party-Go-Warszawa\/"]}]}},"_links":{"self":[{"href":"https:\/\/partygo.waw.pl\/index.php\/wp-json\/wp\/v2\/product\/1446","targetHints":{"allow":["GET"]}}],"collection":[{"href":"https:\/\/partygo.waw.pl\/index.php\/wp-json\/wp\/v2\/product"}],"about":[{"href":"https:\/\/partygo.waw.pl\/index.php\/wp-json\/wp\/v2\/types\/product"}],"replies":[{"embeddable":true,"href":"https:\/\/partygo.waw.pl\/index.php\/wp-json\/wp\/v2\/comments?post=1446"}],"wp:featuredmedia":[{"embeddable":true,"href":"https:\/\/partygo.waw.pl\/index.php\/wp-json\/wp\/v2\/media\/1412"}],"wp:attachment":[{"href":"https:\/\/partygo.waw.pl\/index.php\/wp-json\/wp\/v2\/media?parent=1446"}],"wp:term":[{"taxonomy":"product_brand","embeddable":true,"href":"https:\/\/partygo.waw.pl\/index.php\/wp-json\/wp\/v2\/product_brand?post=1446"},{"taxonomy":"product_cat","embeddable":true,"href":"https:\/\/partygo.waw.pl\/index.php\/wp-json\/wp\/v2\/product_cat?post=1446"},{"taxonomy":"product_tag","embeddable":true,"href":"https:\/\/partygo.waw.pl\/index.php\/wp-json\/wp\/v2\/product_tag?post=1446"}],"curies":[{"name":"wp","href":"https:\/\/api.w.org\/{rel}","templated":true}]}}