{"id":1471,"date":"2026-02-25T16:07:56","date_gmt":"2026-02-25T15:07:56","guid":{"rendered":"https:\/\/partygo.waw.pl\/?post_type=product&#038;p=1471"},"modified":"2026-03-04T17:19:03","modified_gmt":"2026-03-04T16:19:03","slug":"bukiet-balonowy-na-narodziny-baby-girl-z-helem","status":"publish","type":"product","link":"https:\/\/partygo.waw.pl\/index.php\/product\/bukiet-balonowy-na-narodziny-baby-girl-z-helem\/","title":{"rendered":"Bukiet balonowy na narodziny \u201eBaby Girl\u201d z helem"},"content":{"rendered":"<h2 data-start=\"114\" data-end=\"330\">Bukiet balonowy na narodziny \u201eBaby Girl\u201d z helem<\/h2>\n<p>Delikatna i urocza kompozycja balonowa idealna\u00a0jako dekoracja sypialni lub wyj\u0105tkowy prezent z okazji narodzin dziecka. Subtelne motywy dzieci\u0119ce tworz\u0105 ciep\u0142\u0105 i radosn\u0105 atmosfer\u0119 w pierwszych dniach po narodzinach.<\/p>\n<h3 data-start=\"332\" data-end=\"351\"><strong data-start=\"332\" data-end=\"351\">Zestaw zawiera:<\/strong><\/h3>\n<ul data-start=\"352\" data-end=\"463\">\n<li data-start=\"352\" data-end=\"377\">Balon foliowy \u201eW\u00f3zek\u201d<\/li>\n<li data-start=\"378\" data-end=\"416\">2 balony foliowe w kszta\u0142cie serca<\/li>\n<li data-start=\"417\" data-end=\"463\">Balon foliowy w kszta\u0142cie kuleczka\u00a0 \u201eBaby Girl\u201d<\/li>\n<li data-start=\"417\" data-end=\"463\">Pompowanie helem<\/li>\n<\/ul>\n<p>Foliowe balony s\u0105 bezpieczne dla niemowl\u0105t \u2013 nie p\u0119kaj\u0105 z g\u0142o\u015bnym hukiem, dzi\u0119ki czemu idealnie sprawdz\u0105 si\u0119 w domowej przestrzeni przy maluszku.<\/p>\n<p>Kompozycja doskonale nadaje si\u0119 do dekoracji sypialni, \u0142\u00f3\u017cka dziecka lub jako wzruszaj\u0105cy prezent dla mamy.<\/p>\n<p>Mo\u017cliwo\u015b\u0107 dopasowania kolorystyki oraz dodania spersonalizowanego nadruku.<\/p>\n","protected":false},"excerpt":{"rendered":"<p>Bukiet balonowy na narodziny \u201eBaby Girl\u201d z helem Delikatna i urocza kompozycja balonowa idealna\u00a0jako dekoracja sypialni lub wyj\u0105tkowy prezent z okazji narodzin dziecka. Subtelne motywy dzieci\u0119ce tworz\u0105 ciep\u0142\u0105 i radosn\u0105 atmosfer\u0119 w pierwszych dniach po narodzinach. Zestaw zawiera: Balon foliowy \u201eW\u00f3zek\u201d 2 balony foliowe w kszta\u0142cie serca Balon foliowy w kszta\u0142cie kuleczka\u00a0 \u201eBaby Girl\u201d Pompowanie&hellip;&nbsp;<a href=\"https:\/\/partygo.waw.pl\/index.php\/product\/bukiet-balonowy-na-narodziny-baby-girl-z-helem\/\" class=\"\" rel=\"bookmark\">Czytaj dalej &raquo;<span class=\"screen-reader-text\">Bukiet balonowy na narodziny \u201eBaby Girl\u201d z helem<\/span><\/a><\/p>\n","protected":false},"featured_media":1398,"comment_status":"open","ping_status":"closed","template":"","meta":{"neve_meta_sidebar":"","neve_meta_container":"","neve_meta_enable_content_width":"off","neve_meta_content_width":100,"neve_meta_title_alignment":"","neve_meta_author_avatar":"","neve_post_elements_order":"","neve_meta_disable_header":"","neve_meta_disable_footer":"","neve_meta_disable_title":"","_vp_format_video_url":"","_vp_image_focal_point":[]},"product_brand":[],"product_cat":[48,40],"product_tag":[],"class_list":{"0":"post-1471","1":"product","2":"type-product","3":"status-publish","4":"has-post-thumbnail","6":"product_cat-narodziny-i-baby-shower","7":"product_cat-misc","9":"first","10":"onbackorder","11":"shipping-taxable","12":"product-type-simple"},"yoast_head":"<!-- This site is optimized with the Yoast SEO plugin v27.3 - https:\/\/yoast.com\/product\/yoast-seo-wordpress\/ -->\n<title>Bukiet balonowy na narodziny \u201eBaby Girl\u201d z helem - PartyGo<\/title>\n<meta name=\"description\" content=\"Delikatna i urocza kompozycja balonowa idealna\u00a0jako dekoracja sypialni lub wyj\u0105tkowy prezent z okazji narodzin dziecka. Subtelne motywy dzieci\u0119ce tworz\u0105 ciep\u0142\u0105 i radosn\u0105 atmosfer\u0119 w pierwszych dniach po narodzinach.Zestaw zawiera:Balon foliowy \u201eW\u00f3zek\u201d2 balony foliowe w kszta\u0142cie sercaBalon foliowy w kszta\u0142cie kuleczka\u00a0 \u201eBaby Girl\u201dPompowanie helemFoliowe balony s\u0105 bezpieczne dla niemowl\u0105t \u2013 nie p\u0119kaj\u0105 z g\u0142o\u015bnym hukiem, dzi\u0119ki czemu idealnie sprawdz\u0105 si\u0119 w domowej przestrzeni przy maluszku.Kompozycja doskonale nadaje si\u0119 do dekoracji sypialni, \u0142\u00f3\u017cka dziecka lub jako wzruszaj\u0105cy prezent dla mamy.Mo\u017cliwo\u015b\u0107 dopasowania kolorystyki oraz dodania spersonalizowanego nadruku.\" \/>\n<meta name=\"robots\" content=\"index, follow, max-snippet:-1, max-image-preview:large, max-video-preview:-1\" \/>\n<link rel=\"canonical\" href=\"https:\/\/partygo.waw.pl\/index.php\/product\/bukiet-balonowy-na-narodziny-baby-girl-z-helem\/\" \/>\n<meta property=\"og:locale\" content=\"pl_PL\" \/>\n<meta property=\"og:type\" content=\"article\" \/>\n<meta property=\"og:title\" content=\"Bukiet balonowy na narodziny \u201eBaby Girl\u201d z helem - PartyGo\" \/>\n<meta property=\"og:description\" content=\"Delikatna i urocza kompozycja balonowa idealna\u00a0jako dekoracja sypialni lub wyj\u0105tkowy prezent z okazji narodzin dziecka. Subtelne motywy dzieci\u0119ce tworz\u0105 ciep\u0142\u0105 i radosn\u0105 atmosfer\u0119 w pierwszych dniach po narodzinach.Zestaw zawiera:Balon foliowy \u201eW\u00f3zek\u201d2 balony foliowe w kszta\u0142cie sercaBalon foliowy w kszta\u0142cie kuleczka\u00a0 \u201eBaby Girl\u201dPompowanie helemFoliowe balony s\u0105 bezpieczne dla niemowl\u0105t \u2013 nie p\u0119kaj\u0105 z g\u0142o\u015bnym hukiem, dzi\u0119ki czemu idealnie sprawdz\u0105 si\u0119 w domowej przestrzeni przy maluszku.Kompozycja doskonale nadaje si\u0119 do dekoracji sypialni, \u0142\u00f3\u017cka dziecka lub jako wzruszaj\u0105cy prezent dla mamy.Mo\u017cliwo\u015b\u0107 dopasowania kolorystyki oraz dodania spersonalizowanego nadruku.\" \/>\n<meta property=\"og:url\" content=\"https:\/\/partygo.waw.pl\/index.php\/product\/bukiet-balonowy-na-narodziny-baby-girl-z-helem\/\" \/>\n<meta property=\"og:site_name\" content=\"PartyGo\" \/>\n<meta property=\"article:publisher\" content=\"https:\/\/www.facebook.com\/people\/Party-Go-Warszawa\/\" \/>\n<meta property=\"article:modified_time\" content=\"2026-03-04T16:19:03+00:00\" \/>\n<meta property=\"og:image\" content=\"https:\/\/partygo.waw.pl\/wp-content\/uploads\/2026\/02\/1000011647.jpg\" \/>\n\t<meta property=\"og:image:width\" content=\"1125\" \/>\n\t<meta property=\"og:image:height\" content=\"2000\" \/>\n\t<meta property=\"og:image:type\" content=\"image\/jpeg\" \/>\n<meta name=\"twitter:card\" content=\"summary_large_image\" \/>\n<meta name=\"twitter:label1\" content=\"Szacowany czas czytania\" \/>\n\t<meta name=\"twitter:data1\" content=\"1 minuta\" \/>\n<script type=\"application\/ld+json\" class=\"yoast-schema-graph\">{\"@context\":\"https:\\\/\\\/schema.org\",\"@graph\":[{\"@type\":\"WebPage\",\"@id\":\"https:\\\/\\\/partygo.waw.pl\\\/index.php\\\/product\\\/bukiet-balonowy-na-narodziny-baby-girl-z-helem\\\/\",\"url\":\"https:\\\/\\\/partygo.waw.pl\\\/index.php\\\/product\\\/bukiet-balonowy-na-narodziny-baby-girl-z-helem\\\/\",\"name\":\"Bukiet balonowy na narodziny \u201eBaby Girl\u201d z helem - PartyGo\",\"isPartOf\":{\"@id\":\"https:\\\/\\\/partygo.waw.pl\\\/#website\"},\"primaryImageOfPage\":{\"@id\":\"https:\\\/\\\/partygo.waw.pl\\\/index.php\\\/product\\\/bukiet-balonowy-na-narodziny-baby-girl-z-helem\\\/#primaryimage\"},\"image\":{\"@id\":\"https:\\\/\\\/partygo.waw.pl\\\/index.php\\\/product\\\/bukiet-balonowy-na-narodziny-baby-girl-z-helem\\\/#primaryimage\"},\"thumbnailUrl\":\"https:\\\/\\\/partygo.waw.pl\\\/wp-content\\\/uploads\\\/2026\\\/02\\\/1000011647.jpg\",\"datePublished\":\"2026-02-25T15:07:56+00:00\",\"dateModified\":\"2026-03-04T16:19:03+00:00\",\"description\":\"Delikatna i urocza kompozycja balonowa idealna\u00a0jako dekoracja sypialni lub wyj\u0105tkowy prezent z okazji narodzin dziecka. Subtelne motywy dzieci\u0119ce tworz\u0105 ciep\u0142\u0105 i radosn\u0105 atmosfer\u0119 w pierwszych dniach po narodzinach.Zestaw zawiera:Balon foliowy \u201eW\u00f3zek\u201d2 balony foliowe w kszta\u0142cie sercaBalon foliowy w kszta\u0142cie kuleczka\u00a0 \u201eBaby Girl\u201dPompowanie helemFoliowe balony s\u0105 bezpieczne dla niemowl\u0105t \u2013 nie p\u0119kaj\u0105 z g\u0142o\u015bnym hukiem, dzi\u0119ki czemu idealnie sprawdz\u0105 si\u0119 w domowej przestrzeni przy maluszku.Kompozycja doskonale nadaje si\u0119 do dekoracji sypialni, \u0142\u00f3\u017cka dziecka lub jako wzruszaj\u0105cy prezent dla mamy.Mo\u017cliwo\u015b\u0107 dopasowania kolorystyki oraz dodania spersonalizowanego nadruku.\",\"breadcrumb\":{\"@id\":\"https:\\\/\\\/partygo.waw.pl\\\/index.php\\\/product\\\/bukiet-balonowy-na-narodziny-baby-girl-z-helem\\\/#breadcrumb\"},\"inLanguage\":\"pl-PL\",\"potentialAction\":[{\"@type\":\"ReadAction\",\"target\":[\"https:\\\/\\\/partygo.waw.pl\\\/index.php\\\/product\\\/bukiet-balonowy-na-narodziny-baby-girl-z-helem\\\/\"]}]},{\"@type\":\"ImageObject\",\"inLanguage\":\"pl-PL\",\"@id\":\"https:\\\/\\\/partygo.waw.pl\\\/index.php\\\/product\\\/bukiet-balonowy-na-narodziny-baby-girl-z-helem\\\/#primaryimage\",\"url\":\"https:\\\/\\\/partygo.waw.pl\\\/wp-content\\\/uploads\\\/2026\\\/02\\\/1000011647.jpg\",\"contentUrl\":\"https:\\\/\\\/partygo.waw.pl\\\/wp-content\\\/uploads\\\/2026\\\/02\\\/1000011647.jpg\",\"width\":1125,\"height\":2000},{\"@type\":\"BreadcrumbList\",\"@id\":\"https:\\\/\\\/partygo.waw.pl\\\/index.php\\\/product\\\/bukiet-balonowy-na-narodziny-baby-girl-z-helem\\\/#breadcrumb\",\"itemListElement\":[{\"@type\":\"ListItem\",\"position\":1,\"name\":\"Strona g\u0142\u00f3wna\",\"item\":\"https:\\\/\\\/partygo.waw.pl\\\/\"},{\"@type\":\"ListItem\",\"position\":2,\"name\":\"Galeria&#038;Sklep\",\"item\":\"https:\\\/\\\/partygo.waw.pl\\\/index.php\\\/sklep\\\/\"},{\"@type\":\"ListItem\",\"position\":3,\"name\":\"Bukiet balonowy na narodziny \u201eBaby Girl\u201d z helem\"}]},{\"@type\":\"WebSite\",\"@id\":\"https:\\\/\\\/partygo.waw.pl\\\/#website\",\"url\":\"https:\\\/\\\/partygo.waw.pl\\\/\",\"name\":\"PartyGo\",\"description\":\"Balony i dekoracje Warszawa Legionowo\",\"publisher\":{\"@id\":\"https:\\\/\\\/partygo.waw.pl\\\/#organization\"},\"potentialAction\":[{\"@type\":\"SearchAction\",\"target\":{\"@type\":\"EntryPoint\",\"urlTemplate\":\"https:\\\/\\\/partygo.waw.pl\\\/?s={search_term_string}\"},\"query-input\":{\"@type\":\"PropertyValueSpecification\",\"valueRequired\":true,\"valueName\":\"search_term_string\"}}],\"inLanguage\":\"pl-PL\"},{\"@type\":\"Organization\",\"@id\":\"https:\\\/\\\/partygo.waw.pl\\\/#organization\",\"name\":\"PartyGo\",\"url\":\"https:\\\/\\\/partygo.waw.pl\\\/\",\"logo\":{\"@type\":\"ImageObject\",\"inLanguage\":\"pl-PL\",\"@id\":\"https:\\\/\\\/partygo.waw.pl\\\/#\\\/schema\\\/logo\\\/image\\\/\",\"url\":\"https:\\\/\\\/partygo.waw.pl\\\/wp-content\\\/uploads\\\/2022\\\/10\\\/logo_party-2.jpg\",\"contentUrl\":\"https:\\\/\\\/partygo.waw.pl\\\/wp-content\\\/uploads\\\/2022\\\/10\\\/logo_party-2.jpg\",\"width\":300,\"height\":300,\"caption\":\"PartyGo\"},\"image\":{\"@id\":\"https:\\\/\\\/partygo.waw.pl\\\/#\\\/schema\\\/logo\\\/image\\\/\"},\"sameAs\":[\"https:\\\/\\\/www.facebook.com\\\/people\\\/Party-Go-Warszawa\\\/\"]}]}<\/script>\n<!-- \/ Yoast SEO plugin. -->","yoast_head_json":{"title":"Bukiet balonowy na narodziny \u201eBaby Girl\u201d z helem - PartyGo","description":"Delikatna i urocza kompozycja balonowa idealna\u00a0jako dekoracja sypialni lub wyj\u0105tkowy prezent z okazji narodzin dziecka. Subtelne motywy dzieci\u0119ce tworz\u0105 ciep\u0142\u0105 i radosn\u0105 atmosfer\u0119 w pierwszych dniach po narodzinach.Zestaw zawiera:Balon foliowy \u201eW\u00f3zek\u201d2 balony foliowe w kszta\u0142cie sercaBalon foliowy w kszta\u0142cie kuleczka\u00a0 \u201eBaby Girl\u201dPompowanie helemFoliowe balony s\u0105 bezpieczne dla niemowl\u0105t \u2013 nie p\u0119kaj\u0105 z g\u0142o\u015bnym hukiem, dzi\u0119ki czemu idealnie sprawdz\u0105 si\u0119 w domowej przestrzeni przy maluszku.Kompozycja doskonale nadaje si\u0119 do dekoracji sypialni, \u0142\u00f3\u017cka dziecka lub jako wzruszaj\u0105cy prezent dla mamy.Mo\u017cliwo\u015b\u0107 dopasowania kolorystyki oraz dodania spersonalizowanego nadruku.","robots":{"index":"index","follow":"follow","max-snippet":"max-snippet:-1","max-image-preview":"max-image-preview:large","max-video-preview":"max-video-preview:-1"},"canonical":"https:\/\/partygo.waw.pl\/index.php\/product\/bukiet-balonowy-na-narodziny-baby-girl-z-helem\/","og_locale":"pl_PL","og_type":"article","og_title":"Bukiet balonowy na narodziny \u201eBaby Girl\u201d z helem - PartyGo","og_description":"Delikatna i urocza kompozycja balonowa idealna\u00a0jako dekoracja sypialni lub wyj\u0105tkowy prezent z okazji narodzin dziecka. Subtelne motywy dzieci\u0119ce tworz\u0105 ciep\u0142\u0105 i radosn\u0105 atmosfer\u0119 w pierwszych dniach po narodzinach.Zestaw zawiera:Balon foliowy \u201eW\u00f3zek\u201d2 balony foliowe w kszta\u0142cie sercaBalon foliowy w kszta\u0142cie kuleczka\u00a0 \u201eBaby Girl\u201dPompowanie helemFoliowe balony s\u0105 bezpieczne dla niemowl\u0105t \u2013 nie p\u0119kaj\u0105 z g\u0142o\u015bnym hukiem, dzi\u0119ki czemu idealnie sprawdz\u0105 si\u0119 w domowej przestrzeni przy maluszku.Kompozycja doskonale nadaje si\u0119 do dekoracji sypialni, \u0142\u00f3\u017cka dziecka lub jako wzruszaj\u0105cy prezent dla mamy.Mo\u017cliwo\u015b\u0107 dopasowania kolorystyki oraz dodania spersonalizowanego nadruku.","og_url":"https:\/\/partygo.waw.pl\/index.php\/product\/bukiet-balonowy-na-narodziny-baby-girl-z-helem\/","og_site_name":"PartyGo","article_publisher":"https:\/\/www.facebook.com\/people\/Party-Go-Warszawa\/","article_modified_time":"2026-03-04T16:19:03+00:00","og_image":[{"width":1125,"height":2000,"url":"https:\/\/partygo.waw.pl\/wp-content\/uploads\/2026\/02\/1000011647.jpg","type":"image\/jpeg"}],"twitter_card":"summary_large_image","twitter_misc":{"Szacowany czas czytania":"1 minuta"},"schema":{"@context":"https:\/\/schema.org","@graph":[{"@type":"WebPage","@id":"https:\/\/partygo.waw.pl\/index.php\/product\/bukiet-balonowy-na-narodziny-baby-girl-z-helem\/","url":"https:\/\/partygo.waw.pl\/index.php\/product\/bukiet-balonowy-na-narodziny-baby-girl-z-helem\/","name":"Bukiet balonowy na narodziny \u201eBaby Girl\u201d z helem - PartyGo","isPartOf":{"@id":"https:\/\/partygo.waw.pl\/#website"},"primaryImageOfPage":{"@id":"https:\/\/partygo.waw.pl\/index.php\/product\/bukiet-balonowy-na-narodziny-baby-girl-z-helem\/#primaryimage"},"image":{"@id":"https:\/\/partygo.waw.pl\/index.php\/product\/bukiet-balonowy-na-narodziny-baby-girl-z-helem\/#primaryimage"},"thumbnailUrl":"https:\/\/partygo.waw.pl\/wp-content\/uploads\/2026\/02\/1000011647.jpg","datePublished":"2026-02-25T15:07:56+00:00","dateModified":"2026-03-04T16:19:03+00:00","description":"Delikatna i urocza kompozycja balonowa idealna\u00a0jako dekoracja sypialni lub wyj\u0105tkowy prezent z okazji narodzin dziecka. Subtelne motywy dzieci\u0119ce tworz\u0105 ciep\u0142\u0105 i radosn\u0105 atmosfer\u0119 w pierwszych dniach po narodzinach.Zestaw zawiera:Balon foliowy \u201eW\u00f3zek\u201d2 balony foliowe w kszta\u0142cie sercaBalon foliowy w kszta\u0142cie kuleczka\u00a0 \u201eBaby Girl\u201dPompowanie helemFoliowe balony s\u0105 bezpieczne dla niemowl\u0105t \u2013 nie p\u0119kaj\u0105 z g\u0142o\u015bnym hukiem, dzi\u0119ki czemu idealnie sprawdz\u0105 si\u0119 w domowej przestrzeni przy maluszku.Kompozycja doskonale nadaje si\u0119 do dekoracji sypialni, \u0142\u00f3\u017cka dziecka lub jako wzruszaj\u0105cy prezent dla mamy.Mo\u017cliwo\u015b\u0107 dopasowania kolorystyki oraz dodania spersonalizowanego nadruku.","breadcrumb":{"@id":"https:\/\/partygo.waw.pl\/index.php\/product\/bukiet-balonowy-na-narodziny-baby-girl-z-helem\/#breadcrumb"},"inLanguage":"pl-PL","potentialAction":[{"@type":"ReadAction","target":["https:\/\/partygo.waw.pl\/index.php\/product\/bukiet-balonowy-na-narodziny-baby-girl-z-helem\/"]}]},{"@type":"ImageObject","inLanguage":"pl-PL","@id":"https:\/\/partygo.waw.pl\/index.php\/product\/bukiet-balonowy-na-narodziny-baby-girl-z-helem\/#primaryimage","url":"https:\/\/partygo.waw.pl\/wp-content\/uploads\/2026\/02\/1000011647.jpg","contentUrl":"https:\/\/partygo.waw.pl\/wp-content\/uploads\/2026\/02\/1000011647.jpg","width":1125,"height":2000},{"@type":"BreadcrumbList","@id":"https:\/\/partygo.waw.pl\/index.php\/product\/bukiet-balonowy-na-narodziny-baby-girl-z-helem\/#breadcrumb","itemListElement":[{"@type":"ListItem","position":1,"name":"Strona g\u0142\u00f3wna","item":"https:\/\/partygo.waw.pl\/"},{"@type":"ListItem","position":2,"name":"Galeria&#038;Sklep","item":"https:\/\/partygo.waw.pl\/index.php\/sklep\/"},{"@type":"ListItem","position":3,"name":"Bukiet balonowy na narodziny \u201eBaby Girl\u201d z helem"}]},{"@type":"WebSite","@id":"https:\/\/partygo.waw.pl\/#website","url":"https:\/\/partygo.waw.pl\/","name":"PartyGo","description":"Balony i dekoracje Warszawa Legionowo","publisher":{"@id":"https:\/\/partygo.waw.pl\/#organization"},"potentialAction":[{"@type":"SearchAction","target":{"@type":"EntryPoint","urlTemplate":"https:\/\/partygo.waw.pl\/?s={search_term_string}"},"query-input":{"@type":"PropertyValueSpecification","valueRequired":true,"valueName":"search_term_string"}}],"inLanguage":"pl-PL"},{"@type":"Organization","@id":"https:\/\/partygo.waw.pl\/#organization","name":"PartyGo","url":"https:\/\/partygo.waw.pl\/","logo":{"@type":"ImageObject","inLanguage":"pl-PL","@id":"https:\/\/partygo.waw.pl\/#\/schema\/logo\/image\/","url":"https:\/\/partygo.waw.pl\/wp-content\/uploads\/2022\/10\/logo_party-2.jpg","contentUrl":"https:\/\/partygo.waw.pl\/wp-content\/uploads\/2022\/10\/logo_party-2.jpg","width":300,"height":300,"caption":"PartyGo"},"image":{"@id":"https:\/\/partygo.waw.pl\/#\/schema\/logo\/image\/"},"sameAs":["https:\/\/www.facebook.com\/people\/Party-Go-Warszawa\/"]}]}},"_links":{"self":[{"href":"https:\/\/partygo.waw.pl\/index.php\/wp-json\/wp\/v2\/product\/1471","targetHints":{"allow":["GET"]}}],"collection":[{"href":"https:\/\/partygo.waw.pl\/index.php\/wp-json\/wp\/v2\/product"}],"about":[{"href":"https:\/\/partygo.waw.pl\/index.php\/wp-json\/wp\/v2\/types\/product"}],"replies":[{"embeddable":true,"href":"https:\/\/partygo.waw.pl\/index.php\/wp-json\/wp\/v2\/comments?post=1471"}],"wp:featuredmedia":[{"embeddable":true,"href":"https:\/\/partygo.waw.pl\/index.php\/wp-json\/wp\/v2\/media\/1398"}],"wp:attachment":[{"href":"https:\/\/partygo.waw.pl\/index.php\/wp-json\/wp\/v2\/media?parent=1471"}],"wp:term":[{"taxonomy":"product_brand","embeddable":true,"href":"https:\/\/partygo.waw.pl\/index.php\/wp-json\/wp\/v2\/product_brand?post=1471"},{"taxonomy":"product_cat","embeddable":true,"href":"https:\/\/partygo.waw.pl\/index.php\/wp-json\/wp\/v2\/product_cat?post=1471"},{"taxonomy":"product_tag","embeddable":true,"href":"https:\/\/partygo.waw.pl\/index.php\/wp-json\/wp\/v2\/product_tag?post=1471"}],"curies":[{"name":"wp","href":"https:\/\/api.w.org\/{rel}","templated":true}]}}