{"id":1481,"date":"2026-02-26T10:23:02","date_gmt":"2026-02-26T09:23:02","guid":{"rendered":"https:\/\/partygo.waw.pl\/?post_type=product&#038;p=1481"},"modified":"2026-03-04T17:53:08","modified_gmt":"2026-03-04T16:53:08","slug":"bukiet-balonowy-z-helem-na-powitanie-dziecka","status":"publish","type":"product","link":"https:\/\/partygo.waw.pl\/index.php\/product\/bukiet-balonowy-z-helem-na-powitanie-dziecka\/","title":{"rendered":"Bukiet balonowy  z helem na powitanie dziecka"},"content":{"rendered":"<div class=\"flex flex-col text-sm pb-25\">\n<article class=\"text-token-text-primary w-full focus:outline-none [--shadow-height:45px] has-data-writing-block:pointer-events-none has-data-writing-block:-mt-(--shadow-height) has-data-writing-block:pt-(--shadow-height) [&amp;:has([data-writing-block])&gt;*]:pointer-events-auto scroll-mt-[calc(var(--header-height)+min(200px,max(70px,20svh)))]\" dir=\"auto\" tabindex=\"-1\" data-turn-id=\"request-6996e3e7-5b08-8330-9d2d-c4db58b944d0-2\" data-testid=\"conversation-turn-82\" data-scroll-anchor=\"true\" data-turn=\"assistant\">\n<div class=\"text-base my-auto mx-auto pb-10 [--thread-content-margin:--spacing(4)] @w-sm\/main:[--thread-content-margin:--spacing(6)] @w-lg\/main:[--thread-content-margin:--spacing(16)] px-(--thread-content-margin)\">\n<div class=\"[--thread-content-max-width:40rem] @w-lg\/main:[--thread-content-max-width:48rem] mx-auto max-w-(--thread-content-max-width) flex-1 group\/turn-messages focus-visible:outline-hidden relative flex w-full min-w-0 flex-col agent-turn\" tabindex=\"-1\">\n<div class=\"flex max-w-full flex-col grow\">\n<div class=\"min-h-8 text-message relative flex w-full flex-col items-end gap-2 text-start break-words whitespace-normal [.text-message+&amp;]:mt-1\" dir=\"auto\" data-message-author-role=\"assistant\" data-message-id=\"6529b907-42ee-405f-baf9-e0ae17c40e4f\" data-message-model-slug=\"gpt-5-2\">\n<div class=\"flex w-full flex-col gap-1 empty:hidden first:pt-[1px]\">\n<div class=\"markdown prose dark:prose-invert w-full wrap-break-word light markdown-new-styling\">\n<h2 data-start=\"92\" data-end=\"299\">Bukiet balonowy z helem na powitanie dziecka<\/h2>\n<p>Urocza i pe\u0142na ciep\u0142a kompozycja balonowa idealna na powitanie nowego cz\u0142onka rodziny. Motyw misia w po\u0142\u0105czeniu z personalizowanym sercem tworzy wyj\u0105tkow\u0105 dekoracj\u0119, kt\u00f3ra podkre\u015bla radosny charakter chwili.<\/p>\n<h3 data-start=\"301\" data-end=\"320\"><strong data-start=\"301\" data-end=\"320\">Zestaw zawiera:<\/strong><\/h3>\n<ul data-start=\"321\" data-end=\"458\">\n<li data-start=\"321\" data-end=\"344\">Balon foliowy \u201eMi\u015b\u201d<\/li>\n<li data-start=\"345\" data-end=\"411\">Balon foliowy w kszta\u0142cie serca ze spersonalizowanym nadrukiem<\/li>\n<li data-start=\"412\" data-end=\"437\">6 balon\u00f3w lateksowych<\/li>\n<li data-start=\"438\" data-end=\"458\">Pompowanie helem<\/li>\n<\/ul>\n<p>Bukiet doskonale sprawdzi si\u0119 jako prezent oraz dekoracja domu w pierwszych dniach po narodzinach dziecka.Mo\u017cliwo\u015b\u0107 dopasowania kolorystyki balon\u00f3w oraz tre\u015bci personalizacji do okazji.<\/p><\/div>\n<\/div>\n<\/div>\n<\/div>\n<\/div>\n<\/div>\n<\/article>\n<\/div>\n","protected":false},"excerpt":{"rendered":"<p>Bukiet balonowy z helem na powitanie dziecka Urocza i pe\u0142na ciep\u0142a kompozycja balonowa idealna na powitanie nowego cz\u0142onka rodziny. Motyw misia w po\u0142\u0105czeniu z personalizowanym sercem tworzy wyj\u0105tkow\u0105 dekoracj\u0119, kt\u00f3ra podkre\u015bla radosny charakter chwili. Zestaw zawiera: Balon foliowy \u201eMi\u015b\u201d Balon foliowy w kszta\u0142cie serca ze spersonalizowanym nadrukiem 6 balon\u00f3w lateksowych Pompowanie helem Bukiet doskonale sprawdzi&hellip;&nbsp;<a href=\"https:\/\/partygo.waw.pl\/index.php\/product\/bukiet-balonowy-z-helem-na-powitanie-dziecka\/\" class=\"\" rel=\"bookmark\">Czytaj dalej &raquo;<span class=\"screen-reader-text\">Bukiet balonowy  z helem na powitanie dziecka<\/span><\/a><\/p>\n","protected":false},"featured_media":1389,"comment_status":"open","ping_status":"closed","template":"","meta":{"neve_meta_sidebar":"","neve_meta_container":"","neve_meta_enable_content_width":"off","neve_meta_content_width":100,"neve_meta_title_alignment":"","neve_meta_author_avatar":"","neve_post_elements_order":"","neve_meta_disable_header":"","neve_meta_disable_footer":"","neve_meta_disable_title":"","_vp_format_video_url":"","_vp_image_focal_point":[]},"product_brand":[],"product_cat":[48,40],"product_tag":[],"class_list":{"0":"post-1481","1":"product","2":"type-product","3":"status-publish","4":"has-post-thumbnail","6":"product_cat-narodziny-i-baby-shower","7":"product_cat-misc","9":"first","10":"onbackorder","11":"shipping-taxable","12":"product-type-simple"},"yoast_head":"<!-- This site is optimized with the Yoast SEO plugin v27.3 - https:\/\/yoast.com\/product\/yoast-seo-wordpress\/ -->\n<title>Bukiet balonowy z helem na powitanie dziecka - PartyGo<\/title>\n<meta name=\"description\" content=\"Urocza i pe\u0142na ciep\u0142a kompozycja balonowa idealna na powitanie nowego cz\u0142onka rodziny. Motyw misia w po\u0142\u0105czeniu z personalizowanym sercem tworzy wyj\u0105tkow\u0105 dekoracj\u0119, kt\u00f3ra podkre\u015bla radosny charakter chwili.Zestaw zawiera:Balon foliowy \u201eMi\u015b\u201dBalon foliowy w kszta\u0142cie serca ze spersonalizowanym nadrukiem6 balon\u00f3w lateksowychPompowanie helemBukiet doskonale sprawdzi si\u0119 jako prezent oraz dekoracja domu w pierwszych dniach po narodzinach dziecka.Mo\u017cliwo\u015b\u0107 dopasowania kolorystyki balon\u00f3w oraz tre\u015bci personalizacji do okazji.\" \/>\n<meta name=\"robots\" content=\"index, follow, max-snippet:-1, max-image-preview:large, max-video-preview:-1\" \/>\n<link rel=\"canonical\" href=\"https:\/\/partygo.waw.pl\/index.php\/product\/bukiet-balonowy-z-helem-na-powitanie-dziecka\/\" \/>\n<meta property=\"og:locale\" content=\"pl_PL\" \/>\n<meta property=\"og:type\" content=\"article\" \/>\n<meta property=\"og:title\" content=\"Bukiet balonowy z helem na powitanie dziecka - PartyGo\" \/>\n<meta property=\"og:description\" content=\"Urocza i pe\u0142na ciep\u0142a kompozycja balonowa idealna na powitanie nowego cz\u0142onka rodziny. Motyw misia w po\u0142\u0105czeniu z personalizowanym sercem tworzy wyj\u0105tkow\u0105 dekoracj\u0119, kt\u00f3ra podkre\u015bla radosny charakter chwili.Zestaw zawiera:Balon foliowy \u201eMi\u015b\u201dBalon foliowy w kszta\u0142cie serca ze spersonalizowanym nadrukiem6 balon\u00f3w lateksowychPompowanie helemBukiet doskonale sprawdzi si\u0119 jako prezent oraz dekoracja domu w pierwszych dniach po narodzinach dziecka.Mo\u017cliwo\u015b\u0107 dopasowania kolorystyki balon\u00f3w oraz tre\u015bci personalizacji do okazji.\" \/>\n<meta property=\"og:url\" content=\"https:\/\/partygo.waw.pl\/index.php\/product\/bukiet-balonowy-z-helem-na-powitanie-dziecka\/\" \/>\n<meta property=\"og:site_name\" content=\"PartyGo\" \/>\n<meta property=\"article:publisher\" content=\"https:\/\/www.facebook.com\/people\/Party-Go-Warszawa\/\" \/>\n<meta property=\"article:modified_time\" content=\"2026-03-04T16:53:08+00:00\" \/>\n<meta property=\"og:image\" content=\"https:\/\/partygo.waw.pl\/wp-content\/uploads\/2026\/02\/1000008416.jpg\" \/>\n\t<meta property=\"og:image:width\" content=\"1536\" \/>\n\t<meta property=\"og:image:height\" content=\"2048\" \/>\n\t<meta property=\"og:image:type\" content=\"image\/jpeg\" \/>\n<meta name=\"twitter:card\" content=\"summary_large_image\" \/>\n<meta name=\"twitter:label1\" content=\"Szacowany czas czytania\" \/>\n\t<meta name=\"twitter:data1\" content=\"1 minuta\" \/>\n<script type=\"application\/ld+json\" class=\"yoast-schema-graph\">{\"@context\":\"https:\\\/\\\/schema.org\",\"@graph\":[{\"@type\":\"WebPage\",\"@id\":\"https:\\\/\\\/partygo.waw.pl\\\/index.php\\\/product\\\/bukiet-balonowy-z-helem-na-powitanie-dziecka\\\/\",\"url\":\"https:\\\/\\\/partygo.waw.pl\\\/index.php\\\/product\\\/bukiet-balonowy-z-helem-na-powitanie-dziecka\\\/\",\"name\":\"Bukiet balonowy z helem na powitanie dziecka - PartyGo\",\"isPartOf\":{\"@id\":\"https:\\\/\\\/partygo.waw.pl\\\/#website\"},\"primaryImageOfPage\":{\"@id\":\"https:\\\/\\\/partygo.waw.pl\\\/index.php\\\/product\\\/bukiet-balonowy-z-helem-na-powitanie-dziecka\\\/#primaryimage\"},\"image\":{\"@id\":\"https:\\\/\\\/partygo.waw.pl\\\/index.php\\\/product\\\/bukiet-balonowy-z-helem-na-powitanie-dziecka\\\/#primaryimage\"},\"thumbnailUrl\":\"https:\\\/\\\/partygo.waw.pl\\\/wp-content\\\/uploads\\\/2026\\\/02\\\/1000008416.jpg\",\"datePublished\":\"2026-02-26T09:23:02+00:00\",\"dateModified\":\"2026-03-04T16:53:08+00:00\",\"description\":\"Urocza i pe\u0142na ciep\u0142a kompozycja balonowa idealna na powitanie nowego cz\u0142onka rodziny. Motyw misia w po\u0142\u0105czeniu z personalizowanym sercem tworzy wyj\u0105tkow\u0105 dekoracj\u0119, kt\u00f3ra podkre\u015bla radosny charakter chwili.Zestaw zawiera:Balon foliowy \u201eMi\u015b\u201dBalon foliowy w kszta\u0142cie serca ze spersonalizowanym nadrukiem6 balon\u00f3w lateksowychPompowanie helemBukiet doskonale sprawdzi si\u0119 jako prezent oraz dekoracja domu w pierwszych dniach po narodzinach dziecka.Mo\u017cliwo\u015b\u0107 dopasowania kolorystyki balon\u00f3w oraz tre\u015bci personalizacji do okazji.\",\"breadcrumb\":{\"@id\":\"https:\\\/\\\/partygo.waw.pl\\\/index.php\\\/product\\\/bukiet-balonowy-z-helem-na-powitanie-dziecka\\\/#breadcrumb\"},\"inLanguage\":\"pl-PL\",\"potentialAction\":[{\"@type\":\"ReadAction\",\"target\":[\"https:\\\/\\\/partygo.waw.pl\\\/index.php\\\/product\\\/bukiet-balonowy-z-helem-na-powitanie-dziecka\\\/\"]}]},{\"@type\":\"ImageObject\",\"inLanguage\":\"pl-PL\",\"@id\":\"https:\\\/\\\/partygo.waw.pl\\\/index.php\\\/product\\\/bukiet-balonowy-z-helem-na-powitanie-dziecka\\\/#primaryimage\",\"url\":\"https:\\\/\\\/partygo.waw.pl\\\/wp-content\\\/uploads\\\/2026\\\/02\\\/1000008416.jpg\",\"contentUrl\":\"https:\\\/\\\/partygo.waw.pl\\\/wp-content\\\/uploads\\\/2026\\\/02\\\/1000008416.jpg\",\"width\":1536,\"height\":2048},{\"@type\":\"BreadcrumbList\",\"@id\":\"https:\\\/\\\/partygo.waw.pl\\\/index.php\\\/product\\\/bukiet-balonowy-z-helem-na-powitanie-dziecka\\\/#breadcrumb\",\"itemListElement\":[{\"@type\":\"ListItem\",\"position\":1,\"name\":\"Strona g\u0142\u00f3wna\",\"item\":\"https:\\\/\\\/partygo.waw.pl\\\/\"},{\"@type\":\"ListItem\",\"position\":2,\"name\":\"Galeria&#038;Sklep\",\"item\":\"https:\\\/\\\/partygo.waw.pl\\\/index.php\\\/sklep\\\/\"},{\"@type\":\"ListItem\",\"position\":3,\"name\":\"Bukiet balonowy z helem na powitanie dziecka\"}]},{\"@type\":\"WebSite\",\"@id\":\"https:\\\/\\\/partygo.waw.pl\\\/#website\",\"url\":\"https:\\\/\\\/partygo.waw.pl\\\/\",\"name\":\"PartyGo\",\"description\":\"Balony i dekoracje Warszawa Legionowo\",\"publisher\":{\"@id\":\"https:\\\/\\\/partygo.waw.pl\\\/#organization\"},\"potentialAction\":[{\"@type\":\"SearchAction\",\"target\":{\"@type\":\"EntryPoint\",\"urlTemplate\":\"https:\\\/\\\/partygo.waw.pl\\\/?s={search_term_string}\"},\"query-input\":{\"@type\":\"PropertyValueSpecification\",\"valueRequired\":true,\"valueName\":\"search_term_string\"}}],\"inLanguage\":\"pl-PL\"},{\"@type\":\"Organization\",\"@id\":\"https:\\\/\\\/partygo.waw.pl\\\/#organization\",\"name\":\"PartyGo\",\"url\":\"https:\\\/\\\/partygo.waw.pl\\\/\",\"logo\":{\"@type\":\"ImageObject\",\"inLanguage\":\"pl-PL\",\"@id\":\"https:\\\/\\\/partygo.waw.pl\\\/#\\\/schema\\\/logo\\\/image\\\/\",\"url\":\"https:\\\/\\\/partygo.waw.pl\\\/wp-content\\\/uploads\\\/2022\\\/10\\\/logo_party-2.jpg\",\"contentUrl\":\"https:\\\/\\\/partygo.waw.pl\\\/wp-content\\\/uploads\\\/2022\\\/10\\\/logo_party-2.jpg\",\"width\":300,\"height\":300,\"caption\":\"PartyGo\"},\"image\":{\"@id\":\"https:\\\/\\\/partygo.waw.pl\\\/#\\\/schema\\\/logo\\\/image\\\/\"},\"sameAs\":[\"https:\\\/\\\/www.facebook.com\\\/people\\\/Party-Go-Warszawa\\\/\"]}]}<\/script>\n<!-- \/ Yoast SEO plugin. -->","yoast_head_json":{"title":"Bukiet balonowy z helem na powitanie dziecka - PartyGo","description":"Urocza i pe\u0142na ciep\u0142a kompozycja balonowa idealna na powitanie nowego cz\u0142onka rodziny. Motyw misia w po\u0142\u0105czeniu z personalizowanym sercem tworzy wyj\u0105tkow\u0105 dekoracj\u0119, kt\u00f3ra podkre\u015bla radosny charakter chwili.Zestaw zawiera:Balon foliowy \u201eMi\u015b\u201dBalon foliowy w kszta\u0142cie serca ze spersonalizowanym nadrukiem6 balon\u00f3w lateksowychPompowanie helemBukiet doskonale sprawdzi si\u0119 jako prezent oraz dekoracja domu w pierwszych dniach po narodzinach dziecka.Mo\u017cliwo\u015b\u0107 dopasowania kolorystyki balon\u00f3w oraz tre\u015bci personalizacji do okazji.","robots":{"index":"index","follow":"follow","max-snippet":"max-snippet:-1","max-image-preview":"max-image-preview:large","max-video-preview":"max-video-preview:-1"},"canonical":"https:\/\/partygo.waw.pl\/index.php\/product\/bukiet-balonowy-z-helem-na-powitanie-dziecka\/","og_locale":"pl_PL","og_type":"article","og_title":"Bukiet balonowy z helem na powitanie dziecka - PartyGo","og_description":"Urocza i pe\u0142na ciep\u0142a kompozycja balonowa idealna na powitanie nowego cz\u0142onka rodziny. Motyw misia w po\u0142\u0105czeniu z personalizowanym sercem tworzy wyj\u0105tkow\u0105 dekoracj\u0119, kt\u00f3ra podkre\u015bla radosny charakter chwili.Zestaw zawiera:Balon foliowy \u201eMi\u015b\u201dBalon foliowy w kszta\u0142cie serca ze spersonalizowanym nadrukiem6 balon\u00f3w lateksowychPompowanie helemBukiet doskonale sprawdzi si\u0119 jako prezent oraz dekoracja domu w pierwszych dniach po narodzinach dziecka.Mo\u017cliwo\u015b\u0107 dopasowania kolorystyki balon\u00f3w oraz tre\u015bci personalizacji do okazji.","og_url":"https:\/\/partygo.waw.pl\/index.php\/product\/bukiet-balonowy-z-helem-na-powitanie-dziecka\/","og_site_name":"PartyGo","article_publisher":"https:\/\/www.facebook.com\/people\/Party-Go-Warszawa\/","article_modified_time":"2026-03-04T16:53:08+00:00","og_image":[{"width":1536,"height":2048,"url":"https:\/\/partygo.waw.pl\/wp-content\/uploads\/2026\/02\/1000008416.jpg","type":"image\/jpeg"}],"twitter_card":"summary_large_image","twitter_misc":{"Szacowany czas czytania":"1 minuta"},"schema":{"@context":"https:\/\/schema.org","@graph":[{"@type":"WebPage","@id":"https:\/\/partygo.waw.pl\/index.php\/product\/bukiet-balonowy-z-helem-na-powitanie-dziecka\/","url":"https:\/\/partygo.waw.pl\/index.php\/product\/bukiet-balonowy-z-helem-na-powitanie-dziecka\/","name":"Bukiet balonowy z helem na powitanie dziecka - PartyGo","isPartOf":{"@id":"https:\/\/partygo.waw.pl\/#website"},"primaryImageOfPage":{"@id":"https:\/\/partygo.waw.pl\/index.php\/product\/bukiet-balonowy-z-helem-na-powitanie-dziecka\/#primaryimage"},"image":{"@id":"https:\/\/partygo.waw.pl\/index.php\/product\/bukiet-balonowy-z-helem-na-powitanie-dziecka\/#primaryimage"},"thumbnailUrl":"https:\/\/partygo.waw.pl\/wp-content\/uploads\/2026\/02\/1000008416.jpg","datePublished":"2026-02-26T09:23:02+00:00","dateModified":"2026-03-04T16:53:08+00:00","description":"Urocza i pe\u0142na ciep\u0142a kompozycja balonowa idealna na powitanie nowego cz\u0142onka rodziny. Motyw misia w po\u0142\u0105czeniu z personalizowanym sercem tworzy wyj\u0105tkow\u0105 dekoracj\u0119, kt\u00f3ra podkre\u015bla radosny charakter chwili.Zestaw zawiera:Balon foliowy \u201eMi\u015b\u201dBalon foliowy w kszta\u0142cie serca ze spersonalizowanym nadrukiem6 balon\u00f3w lateksowychPompowanie helemBukiet doskonale sprawdzi si\u0119 jako prezent oraz dekoracja domu w pierwszych dniach po narodzinach dziecka.Mo\u017cliwo\u015b\u0107 dopasowania kolorystyki balon\u00f3w oraz tre\u015bci personalizacji do okazji.","breadcrumb":{"@id":"https:\/\/partygo.waw.pl\/index.php\/product\/bukiet-balonowy-z-helem-na-powitanie-dziecka\/#breadcrumb"},"inLanguage":"pl-PL","potentialAction":[{"@type":"ReadAction","target":["https:\/\/partygo.waw.pl\/index.php\/product\/bukiet-balonowy-z-helem-na-powitanie-dziecka\/"]}]},{"@type":"ImageObject","inLanguage":"pl-PL","@id":"https:\/\/partygo.waw.pl\/index.php\/product\/bukiet-balonowy-z-helem-na-powitanie-dziecka\/#primaryimage","url":"https:\/\/partygo.waw.pl\/wp-content\/uploads\/2026\/02\/1000008416.jpg","contentUrl":"https:\/\/partygo.waw.pl\/wp-content\/uploads\/2026\/02\/1000008416.jpg","width":1536,"height":2048},{"@type":"BreadcrumbList","@id":"https:\/\/partygo.waw.pl\/index.php\/product\/bukiet-balonowy-z-helem-na-powitanie-dziecka\/#breadcrumb","itemListElement":[{"@type":"ListItem","position":1,"name":"Strona g\u0142\u00f3wna","item":"https:\/\/partygo.waw.pl\/"},{"@type":"ListItem","position":2,"name":"Galeria&#038;Sklep","item":"https:\/\/partygo.waw.pl\/index.php\/sklep\/"},{"@type":"ListItem","position":3,"name":"Bukiet balonowy z helem na powitanie dziecka"}]},{"@type":"WebSite","@id":"https:\/\/partygo.waw.pl\/#website","url":"https:\/\/partygo.waw.pl\/","name":"PartyGo","description":"Balony i dekoracje Warszawa Legionowo","publisher":{"@id":"https:\/\/partygo.waw.pl\/#organization"},"potentialAction":[{"@type":"SearchAction","target":{"@type":"EntryPoint","urlTemplate":"https:\/\/partygo.waw.pl\/?s={search_term_string}"},"query-input":{"@type":"PropertyValueSpecification","valueRequired":true,"valueName":"search_term_string"}}],"inLanguage":"pl-PL"},{"@type":"Organization","@id":"https:\/\/partygo.waw.pl\/#organization","name":"PartyGo","url":"https:\/\/partygo.waw.pl\/","logo":{"@type":"ImageObject","inLanguage":"pl-PL","@id":"https:\/\/partygo.waw.pl\/#\/schema\/logo\/image\/","url":"https:\/\/partygo.waw.pl\/wp-content\/uploads\/2022\/10\/logo_party-2.jpg","contentUrl":"https:\/\/partygo.waw.pl\/wp-content\/uploads\/2022\/10\/logo_party-2.jpg","width":300,"height":300,"caption":"PartyGo"},"image":{"@id":"https:\/\/partygo.waw.pl\/#\/schema\/logo\/image\/"},"sameAs":["https:\/\/www.facebook.com\/people\/Party-Go-Warszawa\/"]}]}},"_links":{"self":[{"href":"https:\/\/partygo.waw.pl\/index.php\/wp-json\/wp\/v2\/product\/1481","targetHints":{"allow":["GET"]}}],"collection":[{"href":"https:\/\/partygo.waw.pl\/index.php\/wp-json\/wp\/v2\/product"}],"about":[{"href":"https:\/\/partygo.waw.pl\/index.php\/wp-json\/wp\/v2\/types\/product"}],"replies":[{"embeddable":true,"href":"https:\/\/partygo.waw.pl\/index.php\/wp-json\/wp\/v2\/comments?post=1481"}],"wp:featuredmedia":[{"embeddable":true,"href":"https:\/\/partygo.waw.pl\/index.php\/wp-json\/wp\/v2\/media\/1389"}],"wp:attachment":[{"href":"https:\/\/partygo.waw.pl\/index.php\/wp-json\/wp\/v2\/media?parent=1481"}],"wp:term":[{"taxonomy":"product_brand","embeddable":true,"href":"https:\/\/partygo.waw.pl\/index.php\/wp-json\/wp\/v2\/product_brand?post=1481"},{"taxonomy":"product_cat","embeddable":true,"href":"https:\/\/partygo.waw.pl\/index.php\/wp-json\/wp\/v2\/product_cat?post=1481"},{"taxonomy":"product_tag","embeddable":true,"href":"https:\/\/partygo.waw.pl\/index.php\/wp-json\/wp\/v2\/product_tag?post=1481"}],"curies":[{"name":"wp","href":"https:\/\/api.w.org\/{rel}","templated":true}]}}