{"id":1485,"date":"2026-02-26T11:15:08","date_gmt":"2026-02-26T10:15:08","guid":{"rendered":"https:\/\/partygo.waw.pl\/?post_type=product&#038;p=1485"},"modified":"2026-03-04T18:56:38","modified_gmt":"2026-03-04T17:56:38","slug":"dekoracja-na-baby-shower","status":"publish","type":"product","link":"https:\/\/partygo.waw.pl\/index.php\/product\/dekoracja-na-baby-shower\/","title":{"rendered":"Dekoracja na Baby Shower"},"content":{"rendered":"<h2 data-start=\"77\" data-end=\"257\">Dekoracja na Baby Shower<\/h2>\n<p>Stylowa i efektowna aran\u017cacja, kt\u00f3ra tworzy wyj\u0105tkow\u0105 stref\u0119 zdj\u0119ciow\u0105 podczas Baby Shower. Subtelna kompozycja z motywem kokardki doskonale podkre\u015bla radosny charakter wydarzenia.<\/p>\n<h3 data-start=\"259\" data-end=\"289\"><strong data-start=\"259\" data-end=\"289\">W sk\u0142ad dekoracji wchodzi:<\/strong><\/h3>\n<ul data-start=\"290\" data-end=\"400\">\n<li data-start=\"290\" data-end=\"318\">Ma\u0142a \u015bcianka dekoracyjna<\/li>\n<li data-start=\"319\" data-end=\"371\">Organiczna girlanda balonowa o d\u0142ugo\u015bci 3 metr\u00f3w<\/li>\n<li data-start=\"372\" data-end=\"400\">Balon foliowy \u201eKokardka\u201d<\/li>\n<\/ul>\n<p>Dekoracja \u015bwietnie sprawdzi si\u0119 w sali, restauracji lub podczas imprezy plenerowej. Stanowi idealne t\u0142o do zdj\u0119\u0107 i centralny punkt aran\u017cacji przyj\u0119cia.<\/p>\n<p>Mo\u017cliwo\u015b\u0107 dopasowania kolorystyki girlandy do motywu przewodniego wydarzenia.<\/p>\n","protected":false},"excerpt":{"rendered":"<p>Dekoracja na Baby Shower Stylowa i efektowna aran\u017cacja, kt\u00f3ra tworzy wyj\u0105tkow\u0105 stref\u0119 zdj\u0119ciow\u0105 podczas Baby Shower. Subtelna kompozycja z motywem kokardki doskonale podkre\u015bla radosny charakter wydarzenia. W sk\u0142ad dekoracji wchodzi: Ma\u0142a \u015bcianka dekoracyjna Organiczna girlanda balonowa o d\u0142ugo\u015bci 3 metr\u00f3w Balon foliowy \u201eKokardka\u201d Dekoracja \u015bwietnie sprawdzi si\u0119 w sali, restauracji lub podczas imprezy plenerowej. Stanowi&hellip;&nbsp;<a href=\"https:\/\/partygo.waw.pl\/index.php\/product\/dekoracja-na-baby-shower\/\" class=\"\" rel=\"bookmark\">Czytaj dalej &raquo;<span class=\"screen-reader-text\">Dekoracja na Baby Shower<\/span><\/a><\/p>\n","protected":false},"featured_media":1385,"comment_status":"open","ping_status":"closed","template":"","meta":{"neve_meta_sidebar":"","neve_meta_container":"","neve_meta_enable_content_width":"off","neve_meta_content_width":100,"neve_meta_title_alignment":"","neve_meta_author_avatar":"","neve_post_elements_order":"","neve_meta_disable_header":"","neve_meta_disable_footer":"","neve_meta_disable_title":"","_vp_format_video_url":"","_vp_image_focal_point":[]},"product_brand":[],"product_cat":[46,48,40],"product_tag":[],"class_list":{"0":"post-1485","1":"product","2":"type-product","3":"status-publish","4":"has-post-thumbnail","6":"product_cat-dekoracje","7":"product_cat-narodziny-i-baby-shower","8":"product_cat-misc","10":"first","11":"onbackorder","12":"shipping-taxable","13":"product-type-simple"},"yoast_head":"<!-- This site is optimized with the Yoast SEO plugin v27.3 - https:\/\/yoast.com\/product\/yoast-seo-wordpress\/ -->\n<title>Dekoracja na Baby Shower - PartyGo<\/title>\n<meta name=\"description\" content=\"Stylowa i efektowna aran\u017cacja, kt\u00f3ra tworzy wyj\u0105tkow\u0105 stref\u0119 zdj\u0119ciow\u0105 podczas Baby Shower. Subtelna kompozycja z motywem kokardki doskonale podkre\u015bla radosny charakter wydarzenia.W sk\u0142ad dekoracji wchodzi:Ma\u0142a \u015bcianka dekoracyjnaOrganiczna girlanda balonowa o d\u0142ugo\u015bci 3 metr\u00f3wBalon foliowy \u201eKokardka\u201dDekoracja \u015bwietnie sprawdzi si\u0119 w sali, restauracji lub podczas imprezy plenerowej. Stanowi idealne t\u0142o do zdj\u0119\u0107 i centralny punkt aran\u017cacji przyj\u0119cia.Mo\u017cliwo\u015b\u0107 dopasowania kolorystyki girlandy do motywu przewodniego wydarzenia.\" \/>\n<meta name=\"robots\" content=\"index, follow, max-snippet:-1, max-image-preview:large, max-video-preview:-1\" \/>\n<link rel=\"canonical\" href=\"https:\/\/partygo.waw.pl\/index.php\/product\/dekoracja-na-baby-shower\/\" \/>\n<meta property=\"og:locale\" content=\"pl_PL\" \/>\n<meta property=\"og:type\" content=\"article\" \/>\n<meta property=\"og:title\" content=\"Dekoracja na Baby Shower - PartyGo\" \/>\n<meta property=\"og:description\" content=\"Stylowa i efektowna aran\u017cacja, kt\u00f3ra tworzy wyj\u0105tkow\u0105 stref\u0119 zdj\u0119ciow\u0105 podczas Baby Shower. Subtelna kompozycja z motywem kokardki doskonale podkre\u015bla radosny charakter wydarzenia.W sk\u0142ad dekoracji wchodzi:Ma\u0142a \u015bcianka dekoracyjnaOrganiczna girlanda balonowa o d\u0142ugo\u015bci 3 metr\u00f3wBalon foliowy \u201eKokardka\u201dDekoracja \u015bwietnie sprawdzi si\u0119 w sali, restauracji lub podczas imprezy plenerowej. Stanowi idealne t\u0142o do zdj\u0119\u0107 i centralny punkt aran\u017cacji przyj\u0119cia.Mo\u017cliwo\u015b\u0107 dopasowania kolorystyki girlandy do motywu przewodniego wydarzenia.\" \/>\n<meta property=\"og:url\" content=\"https:\/\/partygo.waw.pl\/index.php\/product\/dekoracja-na-baby-shower\/\" \/>\n<meta property=\"og:site_name\" content=\"PartyGo\" \/>\n<meta property=\"article:publisher\" content=\"https:\/\/www.facebook.com\/people\/Party-Go-Warszawa\/\" \/>\n<meta property=\"article:modified_time\" content=\"2026-03-04T17:56:38+00:00\" \/>\n<meta property=\"og:image\" content=\"https:\/\/partygo.waw.pl\/wp-content\/uploads\/2026\/02\/1000006695-1.jpg\" \/>\n\t<meta property=\"og:image:width\" content=\"690\" \/>\n\t<meta property=\"og:image:height\" content=\"1395\" \/>\n\t<meta property=\"og:image:type\" content=\"image\/jpeg\" \/>\n<meta name=\"twitter:card\" content=\"summary_large_image\" \/>\n<meta name=\"twitter:label1\" content=\"Szacowany czas czytania\" \/>\n\t<meta name=\"twitter:data1\" content=\"1 minuta\" \/>\n<script type=\"application\/ld+json\" class=\"yoast-schema-graph\">{\"@context\":\"https:\\\/\\\/schema.org\",\"@graph\":[{\"@type\":\"WebPage\",\"@id\":\"https:\\\/\\\/partygo.waw.pl\\\/index.php\\\/product\\\/dekoracja-na-baby-shower\\\/\",\"url\":\"https:\\\/\\\/partygo.waw.pl\\\/index.php\\\/product\\\/dekoracja-na-baby-shower\\\/\",\"name\":\"Dekoracja na Baby Shower - PartyGo\",\"isPartOf\":{\"@id\":\"https:\\\/\\\/partygo.waw.pl\\\/#website\"},\"primaryImageOfPage\":{\"@id\":\"https:\\\/\\\/partygo.waw.pl\\\/index.php\\\/product\\\/dekoracja-na-baby-shower\\\/#primaryimage\"},\"image\":{\"@id\":\"https:\\\/\\\/partygo.waw.pl\\\/index.php\\\/product\\\/dekoracja-na-baby-shower\\\/#primaryimage\"},\"thumbnailUrl\":\"https:\\\/\\\/partygo.waw.pl\\\/wp-content\\\/uploads\\\/2026\\\/02\\\/1000006695-1.jpg\",\"datePublished\":\"2026-02-26T10:15:08+00:00\",\"dateModified\":\"2026-03-04T17:56:38+00:00\",\"description\":\"Stylowa i efektowna aran\u017cacja, kt\u00f3ra tworzy wyj\u0105tkow\u0105 stref\u0119 zdj\u0119ciow\u0105 podczas Baby Shower. Subtelna kompozycja z motywem kokardki doskonale podkre\u015bla radosny charakter wydarzenia.W sk\u0142ad dekoracji wchodzi:Ma\u0142a \u015bcianka dekoracyjnaOrganiczna girlanda balonowa o d\u0142ugo\u015bci 3 metr\u00f3wBalon foliowy \u201eKokardka\u201dDekoracja \u015bwietnie sprawdzi si\u0119 w sali, restauracji lub podczas imprezy plenerowej. Stanowi idealne t\u0142o do zdj\u0119\u0107 i centralny punkt aran\u017cacji przyj\u0119cia.Mo\u017cliwo\u015b\u0107 dopasowania kolorystyki girlandy do motywu przewodniego wydarzenia.\",\"breadcrumb\":{\"@id\":\"https:\\\/\\\/partygo.waw.pl\\\/index.php\\\/product\\\/dekoracja-na-baby-shower\\\/#breadcrumb\"},\"inLanguage\":\"pl-PL\",\"potentialAction\":[{\"@type\":\"ReadAction\",\"target\":[\"https:\\\/\\\/partygo.waw.pl\\\/index.php\\\/product\\\/dekoracja-na-baby-shower\\\/\"]}]},{\"@type\":\"ImageObject\",\"inLanguage\":\"pl-PL\",\"@id\":\"https:\\\/\\\/partygo.waw.pl\\\/index.php\\\/product\\\/dekoracja-na-baby-shower\\\/#primaryimage\",\"url\":\"https:\\\/\\\/partygo.waw.pl\\\/wp-content\\\/uploads\\\/2026\\\/02\\\/1000006695-1.jpg\",\"contentUrl\":\"https:\\\/\\\/partygo.waw.pl\\\/wp-content\\\/uploads\\\/2026\\\/02\\\/1000006695-1.jpg\",\"width\":690,\"height\":1395},{\"@type\":\"BreadcrumbList\",\"@id\":\"https:\\\/\\\/partygo.waw.pl\\\/index.php\\\/product\\\/dekoracja-na-baby-shower\\\/#breadcrumb\",\"itemListElement\":[{\"@type\":\"ListItem\",\"position\":1,\"name\":\"Strona g\u0142\u00f3wna\",\"item\":\"https:\\\/\\\/partygo.waw.pl\\\/\"},{\"@type\":\"ListItem\",\"position\":2,\"name\":\"Galeria&#038;Sklep\",\"item\":\"https:\\\/\\\/partygo.waw.pl\\\/index.php\\\/sklep\\\/\"},{\"@type\":\"ListItem\",\"position\":3,\"name\":\"Dekoracja na Baby Shower\"}]},{\"@type\":\"WebSite\",\"@id\":\"https:\\\/\\\/partygo.waw.pl\\\/#website\",\"url\":\"https:\\\/\\\/partygo.waw.pl\\\/\",\"name\":\"PartyGo\",\"description\":\"Balony i dekoracje Warszawa Legionowo\",\"publisher\":{\"@id\":\"https:\\\/\\\/partygo.waw.pl\\\/#organization\"},\"potentialAction\":[{\"@type\":\"SearchAction\",\"target\":{\"@type\":\"EntryPoint\",\"urlTemplate\":\"https:\\\/\\\/partygo.waw.pl\\\/?s={search_term_string}\"},\"query-input\":{\"@type\":\"PropertyValueSpecification\",\"valueRequired\":true,\"valueName\":\"search_term_string\"}}],\"inLanguage\":\"pl-PL\"},{\"@type\":\"Organization\",\"@id\":\"https:\\\/\\\/partygo.waw.pl\\\/#organization\",\"name\":\"PartyGo\",\"url\":\"https:\\\/\\\/partygo.waw.pl\\\/\",\"logo\":{\"@type\":\"ImageObject\",\"inLanguage\":\"pl-PL\",\"@id\":\"https:\\\/\\\/partygo.waw.pl\\\/#\\\/schema\\\/logo\\\/image\\\/\",\"url\":\"https:\\\/\\\/partygo.waw.pl\\\/wp-content\\\/uploads\\\/2022\\\/10\\\/logo_party-2.jpg\",\"contentUrl\":\"https:\\\/\\\/partygo.waw.pl\\\/wp-content\\\/uploads\\\/2022\\\/10\\\/logo_party-2.jpg\",\"width\":300,\"height\":300,\"caption\":\"PartyGo\"},\"image\":{\"@id\":\"https:\\\/\\\/partygo.waw.pl\\\/#\\\/schema\\\/logo\\\/image\\\/\"},\"sameAs\":[\"https:\\\/\\\/www.facebook.com\\\/people\\\/Party-Go-Warszawa\\\/\"]}]}<\/script>\n<!-- \/ Yoast SEO plugin. -->","yoast_head_json":{"title":"Dekoracja na Baby Shower - PartyGo","description":"Stylowa i efektowna aran\u017cacja, kt\u00f3ra tworzy wyj\u0105tkow\u0105 stref\u0119 zdj\u0119ciow\u0105 podczas Baby Shower. Subtelna kompozycja z motywem kokardki doskonale podkre\u015bla radosny charakter wydarzenia.W sk\u0142ad dekoracji wchodzi:Ma\u0142a \u015bcianka dekoracyjnaOrganiczna girlanda balonowa o d\u0142ugo\u015bci 3 metr\u00f3wBalon foliowy \u201eKokardka\u201dDekoracja \u015bwietnie sprawdzi si\u0119 w sali, restauracji lub podczas imprezy plenerowej. Stanowi idealne t\u0142o do zdj\u0119\u0107 i centralny punkt aran\u017cacji przyj\u0119cia.Mo\u017cliwo\u015b\u0107 dopasowania kolorystyki girlandy do motywu przewodniego wydarzenia.","robots":{"index":"index","follow":"follow","max-snippet":"max-snippet:-1","max-image-preview":"max-image-preview:large","max-video-preview":"max-video-preview:-1"},"canonical":"https:\/\/partygo.waw.pl\/index.php\/product\/dekoracja-na-baby-shower\/","og_locale":"pl_PL","og_type":"article","og_title":"Dekoracja na Baby Shower - PartyGo","og_description":"Stylowa i efektowna aran\u017cacja, kt\u00f3ra tworzy wyj\u0105tkow\u0105 stref\u0119 zdj\u0119ciow\u0105 podczas Baby Shower. Subtelna kompozycja z motywem kokardki doskonale podkre\u015bla radosny charakter wydarzenia.W sk\u0142ad dekoracji wchodzi:Ma\u0142a \u015bcianka dekoracyjnaOrganiczna girlanda balonowa o d\u0142ugo\u015bci 3 metr\u00f3wBalon foliowy \u201eKokardka\u201dDekoracja \u015bwietnie sprawdzi si\u0119 w sali, restauracji lub podczas imprezy plenerowej. Stanowi idealne t\u0142o do zdj\u0119\u0107 i centralny punkt aran\u017cacji przyj\u0119cia.Mo\u017cliwo\u015b\u0107 dopasowania kolorystyki girlandy do motywu przewodniego wydarzenia.","og_url":"https:\/\/partygo.waw.pl\/index.php\/product\/dekoracja-na-baby-shower\/","og_site_name":"PartyGo","article_publisher":"https:\/\/www.facebook.com\/people\/Party-Go-Warszawa\/","article_modified_time":"2026-03-04T17:56:38+00:00","og_image":[{"width":690,"height":1395,"url":"https:\/\/partygo.waw.pl\/wp-content\/uploads\/2026\/02\/1000006695-1.jpg","type":"image\/jpeg"}],"twitter_card":"summary_large_image","twitter_misc":{"Szacowany czas czytania":"1 minuta"},"schema":{"@context":"https:\/\/schema.org","@graph":[{"@type":"WebPage","@id":"https:\/\/partygo.waw.pl\/index.php\/product\/dekoracja-na-baby-shower\/","url":"https:\/\/partygo.waw.pl\/index.php\/product\/dekoracja-na-baby-shower\/","name":"Dekoracja na Baby Shower - PartyGo","isPartOf":{"@id":"https:\/\/partygo.waw.pl\/#website"},"primaryImageOfPage":{"@id":"https:\/\/partygo.waw.pl\/index.php\/product\/dekoracja-na-baby-shower\/#primaryimage"},"image":{"@id":"https:\/\/partygo.waw.pl\/index.php\/product\/dekoracja-na-baby-shower\/#primaryimage"},"thumbnailUrl":"https:\/\/partygo.waw.pl\/wp-content\/uploads\/2026\/02\/1000006695-1.jpg","datePublished":"2026-02-26T10:15:08+00:00","dateModified":"2026-03-04T17:56:38+00:00","description":"Stylowa i efektowna aran\u017cacja, kt\u00f3ra tworzy wyj\u0105tkow\u0105 stref\u0119 zdj\u0119ciow\u0105 podczas Baby Shower. Subtelna kompozycja z motywem kokardki doskonale podkre\u015bla radosny charakter wydarzenia.W sk\u0142ad dekoracji wchodzi:Ma\u0142a \u015bcianka dekoracyjnaOrganiczna girlanda balonowa o d\u0142ugo\u015bci 3 metr\u00f3wBalon foliowy \u201eKokardka\u201dDekoracja \u015bwietnie sprawdzi si\u0119 w sali, restauracji lub podczas imprezy plenerowej. Stanowi idealne t\u0142o do zdj\u0119\u0107 i centralny punkt aran\u017cacji przyj\u0119cia.Mo\u017cliwo\u015b\u0107 dopasowania kolorystyki girlandy do motywu przewodniego wydarzenia.","breadcrumb":{"@id":"https:\/\/partygo.waw.pl\/index.php\/product\/dekoracja-na-baby-shower\/#breadcrumb"},"inLanguage":"pl-PL","potentialAction":[{"@type":"ReadAction","target":["https:\/\/partygo.waw.pl\/index.php\/product\/dekoracja-na-baby-shower\/"]}]},{"@type":"ImageObject","inLanguage":"pl-PL","@id":"https:\/\/partygo.waw.pl\/index.php\/product\/dekoracja-na-baby-shower\/#primaryimage","url":"https:\/\/partygo.waw.pl\/wp-content\/uploads\/2026\/02\/1000006695-1.jpg","contentUrl":"https:\/\/partygo.waw.pl\/wp-content\/uploads\/2026\/02\/1000006695-1.jpg","width":690,"height":1395},{"@type":"BreadcrumbList","@id":"https:\/\/partygo.waw.pl\/index.php\/product\/dekoracja-na-baby-shower\/#breadcrumb","itemListElement":[{"@type":"ListItem","position":1,"name":"Strona g\u0142\u00f3wna","item":"https:\/\/partygo.waw.pl\/"},{"@type":"ListItem","position":2,"name":"Galeria&#038;Sklep","item":"https:\/\/partygo.waw.pl\/index.php\/sklep\/"},{"@type":"ListItem","position":3,"name":"Dekoracja na Baby Shower"}]},{"@type":"WebSite","@id":"https:\/\/partygo.waw.pl\/#website","url":"https:\/\/partygo.waw.pl\/","name":"PartyGo","description":"Balony i dekoracje Warszawa Legionowo","publisher":{"@id":"https:\/\/partygo.waw.pl\/#organization"},"potentialAction":[{"@type":"SearchAction","target":{"@type":"EntryPoint","urlTemplate":"https:\/\/partygo.waw.pl\/?s={search_term_string}"},"query-input":{"@type":"PropertyValueSpecification","valueRequired":true,"valueName":"search_term_string"}}],"inLanguage":"pl-PL"},{"@type":"Organization","@id":"https:\/\/partygo.waw.pl\/#organization","name":"PartyGo","url":"https:\/\/partygo.waw.pl\/","logo":{"@type":"ImageObject","inLanguage":"pl-PL","@id":"https:\/\/partygo.waw.pl\/#\/schema\/logo\/image\/","url":"https:\/\/partygo.waw.pl\/wp-content\/uploads\/2022\/10\/logo_party-2.jpg","contentUrl":"https:\/\/partygo.waw.pl\/wp-content\/uploads\/2022\/10\/logo_party-2.jpg","width":300,"height":300,"caption":"PartyGo"},"image":{"@id":"https:\/\/partygo.waw.pl\/#\/schema\/logo\/image\/"},"sameAs":["https:\/\/www.facebook.com\/people\/Party-Go-Warszawa\/"]}]}},"_links":{"self":[{"href":"https:\/\/partygo.waw.pl\/index.php\/wp-json\/wp\/v2\/product\/1485","targetHints":{"allow":["GET"]}}],"collection":[{"href":"https:\/\/partygo.waw.pl\/index.php\/wp-json\/wp\/v2\/product"}],"about":[{"href":"https:\/\/partygo.waw.pl\/index.php\/wp-json\/wp\/v2\/types\/product"}],"replies":[{"embeddable":true,"href":"https:\/\/partygo.waw.pl\/index.php\/wp-json\/wp\/v2\/comments?post=1485"}],"wp:featuredmedia":[{"embeddable":true,"href":"https:\/\/partygo.waw.pl\/index.php\/wp-json\/wp\/v2\/media\/1385"}],"wp:attachment":[{"href":"https:\/\/partygo.waw.pl\/index.php\/wp-json\/wp\/v2\/media?parent=1485"}],"wp:term":[{"taxonomy":"product_brand","embeddable":true,"href":"https:\/\/partygo.waw.pl\/index.php\/wp-json\/wp\/v2\/product_brand?post=1485"},{"taxonomy":"product_cat","embeddable":true,"href":"https:\/\/partygo.waw.pl\/index.php\/wp-json\/wp\/v2\/product_cat?post=1485"},{"taxonomy":"product_tag","embeddable":true,"href":"https:\/\/partygo.waw.pl\/index.php\/wp-json\/wp\/v2\/product_tag?post=1485"}],"curies":[{"name":"wp","href":"https:\/\/api.w.org\/{rel}","templated":true}]}}