{"id":1487,"date":"2026-02-26T12:04:10","date_gmt":"2026-02-26T11:04:10","guid":{"rendered":"https:\/\/partygo.waw.pl\/?post_type=product&#038;p=1487"},"modified":"2026-03-04T15:25:35","modified_gmt":"2026-03-04T14:25:35","slug":"kompozycja-balonowa-na-40-rocznice-slubu-z-helem","status":"publish","type":"product","link":"https:\/\/partygo.waw.pl\/index.php\/product\/kompozycja-balonowa-na-40-rocznice-slubu-z-helem\/","title":{"rendered":"Kompozycja balonowa na 40 rocznic\u0119 \u015blubu z helem"},"content":{"rendered":"<div class=\"flex flex-col text-sm\">\n<article class=\"text-token-text-primary w-full focus:outline-none [--shadow-height:45px] has-data-writing-block:pointer-events-none has-data-writing-block:-mt-(--shadow-height) has-data-writing-block:pt-(--shadow-height) [&amp;:has([data-writing-block])&gt;*]:pointer-events-auto scroll-mt-[calc(var(--header-height)+min(200px,max(70px,20svh)))]\" dir=\"auto\" tabindex=\"-1\" data-turn-id=\"request-6996e3e7-5b08-8330-9d2d-c4db58b944d0-8\" data-testid=\"conversation-turn-94\" data-scroll-anchor=\"true\" data-turn=\"assistant\">\n<div class=\"text-base my-auto mx-auto pb-10 [--thread-content-margin:--spacing(4)] @w-sm\/main:[--thread-content-margin:--spacing(6)] @w-lg\/main:[--thread-content-margin:--spacing(16)] px-(--thread-content-margin)\">\n<div class=\"[--thread-content-max-width:40rem] @w-lg\/main:[--thread-content-max-width:48rem] mx-auto max-w-(--thread-content-max-width) flex-1 group\/turn-messages focus-visible:outline-hidden relative flex w-full min-w-0 flex-col agent-turn\" tabindex=\"-1\">\n<div class=\"flex max-w-full flex-col grow\">\n<div class=\"min-h-8 text-message relative flex w-full flex-col items-end gap-2 text-start break-words whitespace-normal [.text-message+&amp;]:mt-1\" dir=\"auto\" data-message-author-role=\"assistant\" data-message-id=\"01bd2f92-c8be-4c4e-b6ca-75df92eb3da6\" data-message-model-slug=\"gpt-5-2\">\n<div class=\"flex w-full flex-col gap-1 empty:hidden first:pt-[1px]\">\n<div class=\"markdown prose dark:prose-invert w-full wrap-break-word light markdown-new-styling\">\n<h2 data-start=\"56\" data-end=\"238\">Kompozycja balonowa na 40 rocznic\u0119 \u015blubu z helem<\/h2>\n<p>Elegancka dekoracja podkre\u015blaj\u0105ca wyj\u0105tkowy jubileusz \u2013 40 lat razem. Klasyczne cyfry w po\u0142\u0105czeniu ze spersonalizowanymi sercami tworz\u0105 efektown\u0105 i sentymentaln\u0105 opraw\u0119 uroczysto\u015bci.<\/p>\n<h3 data-start=\"240\" data-end=\"271\"><strong data-start=\"240\" data-end=\"271\">W sk\u0142ad kompozycji wchodzi:<\/strong><\/h3>\n<ul data-start=\"272\" data-end=\"475\">\n<li data-start=\"272\" data-end=\"324\">Balony foliowe cyfry \u201e4\u201d i \u201e0\u201d o wysoko\u015bci 76 cm<\/li>\n<li data-start=\"325\" data-end=\"427\">2 balony foliowe w kszta\u0142cie serca ze spersonalizowanym nadrukiem (imiona, data, kr\u00f3tka dedykacja)<\/li>\n<li data-start=\"428\" data-end=\"454\">10 balon\u00f3w lateksowych<\/li>\n<li data-start=\"455\" data-end=\"475\">Pompowanie helem<\/li>\n<\/ul>\n<p>Dekoracja idealnie sprawdzi si\u0119 w sali bankietowej, restauracji lub jako strefa zdj\u0119ciowa podczas przyj\u0119cia rocznicowego.Mo\u017cliwo\u015b\u0107 dopasowania kolorystyki oraz tre\u015bci nadruku do charakteru wydarzenia.<\/p><\/div>\n<\/div>\n<\/div>\n<\/div>\n<\/div>\n<\/div>\n<\/article>\n<\/div>\n","protected":false},"excerpt":{"rendered":"<p>Kompozycja balonowa na 40 rocznic\u0119 \u015blubu z helem Elegancka dekoracja podkre\u015blaj\u0105ca wyj\u0105tkowy jubileusz \u2013 40 lat razem. Klasyczne cyfry w po\u0142\u0105czeniu ze spersonalizowanymi sercami tworz\u0105 efektown\u0105 i sentymentaln\u0105 opraw\u0119 uroczysto\u015bci. W sk\u0142ad kompozycji wchodzi: Balony foliowe cyfry \u201e4\u201d i \u201e0\u201d o wysoko\u015bci 76 cm 2 balony foliowe w kszta\u0142cie serca ze spersonalizowanym nadrukiem (imiona, data,&hellip;&nbsp;<a href=\"https:\/\/partygo.waw.pl\/index.php\/product\/kompozycja-balonowa-na-40-rocznice-slubu-z-helem\/\" class=\"\" rel=\"bookmark\">Czytaj dalej &raquo;<span class=\"screen-reader-text\">Kompozycja balonowa na 40 rocznic\u0119 \u015blubu z helem<\/span><\/a><\/p>\n","protected":false},"featured_media":1383,"comment_status":"open","ping_status":"closed","template":"","meta":{"neve_meta_sidebar":"","neve_meta_container":"","neve_meta_enable_content_width":"off","neve_meta_content_width":100,"neve_meta_title_alignment":"","neve_meta_author_avatar":"","neve_post_elements_order":"","neve_meta_disable_header":"","neve_meta_disable_footer":"","neve_meta_disable_title":"","_vp_format_video_url":"","_vp_image_focal_point":[]},"product_brand":[],"product_cat":[46,40,50],"product_tag":[],"class_list":{"0":"post-1487","1":"product","2":"type-product","3":"status-publish","4":"has-post-thumbnail","6":"product_cat-dekoracje","7":"product_cat-misc","8":"product_cat-slub-i-rocznica-slubu","10":"first","11":"onbackorder","12":"shipping-taxable","13":"product-type-simple"},"yoast_head":"<!-- This site is optimized with the Yoast SEO plugin v27.3 - https:\/\/yoast.com\/product\/yoast-seo-wordpress\/ -->\n<title>Kompozycja balonowa na 40 rocznic\u0119 \u015blubu z helem - PartyGo<\/title>\n<meta name=\"description\" content=\"Elegancka dekoracja podkre\u015blaj\u0105ca wyj\u0105tkowy jubileusz \u2013 40 lat razem. Klasyczne cyfry w po\u0142\u0105czeniu ze spersonalizowanymi sercami tworz\u0105 efektown\u0105 i sentymentaln\u0105 opraw\u0119 uroczysto\u015bci.\" \/>\n<meta name=\"robots\" content=\"index, follow, max-snippet:-1, max-image-preview:large, max-video-preview:-1\" \/>\n<link rel=\"canonical\" href=\"https:\/\/partygo.waw.pl\/index.php\/product\/kompozycja-balonowa-na-40-rocznice-slubu-z-helem\/\" \/>\n<meta property=\"og:locale\" content=\"pl_PL\" \/>\n<meta property=\"og:type\" content=\"article\" \/>\n<meta property=\"og:title\" content=\"Kompozycja balonowa na 40 rocznic\u0119 \u015blubu z helem - PartyGo\" \/>\n<meta property=\"og:description\" content=\"Elegancka dekoracja podkre\u015blaj\u0105ca wyj\u0105tkowy jubileusz \u2013 40 lat razem. Klasyczne cyfry w po\u0142\u0105czeniu ze spersonalizowanymi sercami tworz\u0105 efektown\u0105 i sentymentaln\u0105 opraw\u0119 uroczysto\u015bci.\" \/>\n<meta property=\"og:url\" content=\"https:\/\/partygo.waw.pl\/index.php\/product\/kompozycja-balonowa-na-40-rocznice-slubu-z-helem\/\" \/>\n<meta property=\"og:site_name\" content=\"PartyGo\" \/>\n<meta property=\"article:publisher\" content=\"https:\/\/www.facebook.com\/people\/Party-Go-Warszawa\/\" \/>\n<meta property=\"article:modified_time\" content=\"2026-03-04T14:25:35+00:00\" \/>\n<meta property=\"og:image\" content=\"https:\/\/partygo.waw.pl\/wp-content\/uploads\/2026\/02\/1000006358.jpg\" \/>\n\t<meta property=\"og:image:width\" content=\"1536\" \/>\n\t<meta property=\"og:image:height\" content=\"2048\" \/>\n\t<meta property=\"og:image:type\" content=\"image\/jpeg\" \/>\n<meta name=\"twitter:card\" content=\"summary_large_image\" \/>\n<meta name=\"twitter:label1\" content=\"Szacowany czas czytania\" \/>\n\t<meta name=\"twitter:data1\" content=\"1 minuta\" \/>\n<script type=\"application\/ld+json\" class=\"yoast-schema-graph\">{\"@context\":\"https:\\\/\\\/schema.org\",\"@graph\":[{\"@type\":\"WebPage\",\"@id\":\"https:\\\/\\\/partygo.waw.pl\\\/index.php\\\/product\\\/kompozycja-balonowa-na-40-rocznice-slubu-z-helem\\\/\",\"url\":\"https:\\\/\\\/partygo.waw.pl\\\/index.php\\\/product\\\/kompozycja-balonowa-na-40-rocznice-slubu-z-helem\\\/\",\"name\":\"Kompozycja balonowa na 40 rocznic\u0119 \u015blubu z helem - PartyGo\",\"isPartOf\":{\"@id\":\"https:\\\/\\\/partygo.waw.pl\\\/#website\"},\"primaryImageOfPage\":{\"@id\":\"https:\\\/\\\/partygo.waw.pl\\\/index.php\\\/product\\\/kompozycja-balonowa-na-40-rocznice-slubu-z-helem\\\/#primaryimage\"},\"image\":{\"@id\":\"https:\\\/\\\/partygo.waw.pl\\\/index.php\\\/product\\\/kompozycja-balonowa-na-40-rocznice-slubu-z-helem\\\/#primaryimage\"},\"thumbnailUrl\":\"https:\\\/\\\/partygo.waw.pl\\\/wp-content\\\/uploads\\\/2026\\\/02\\\/1000006358.jpg\",\"datePublished\":\"2026-02-26T11:04:10+00:00\",\"dateModified\":\"2026-03-04T14:25:35+00:00\",\"description\":\"Elegancka dekoracja podkre\u015blaj\u0105ca wyj\u0105tkowy jubileusz \u2013 40 lat razem. Klasyczne cyfry w po\u0142\u0105czeniu ze spersonalizowanymi sercami tworz\u0105 efektown\u0105 i sentymentaln\u0105 opraw\u0119 uroczysto\u015bci.\",\"breadcrumb\":{\"@id\":\"https:\\\/\\\/partygo.waw.pl\\\/index.php\\\/product\\\/kompozycja-balonowa-na-40-rocznice-slubu-z-helem\\\/#breadcrumb\"},\"inLanguage\":\"pl-PL\",\"potentialAction\":[{\"@type\":\"ReadAction\",\"target\":[\"https:\\\/\\\/partygo.waw.pl\\\/index.php\\\/product\\\/kompozycja-balonowa-na-40-rocznice-slubu-z-helem\\\/\"]}]},{\"@type\":\"ImageObject\",\"inLanguage\":\"pl-PL\",\"@id\":\"https:\\\/\\\/partygo.waw.pl\\\/index.php\\\/product\\\/kompozycja-balonowa-na-40-rocznice-slubu-z-helem\\\/#primaryimage\",\"url\":\"https:\\\/\\\/partygo.waw.pl\\\/wp-content\\\/uploads\\\/2026\\\/02\\\/1000006358.jpg\",\"contentUrl\":\"https:\\\/\\\/partygo.waw.pl\\\/wp-content\\\/uploads\\\/2026\\\/02\\\/1000006358.jpg\",\"width\":1536,\"height\":2048},{\"@type\":\"BreadcrumbList\",\"@id\":\"https:\\\/\\\/partygo.waw.pl\\\/index.php\\\/product\\\/kompozycja-balonowa-na-40-rocznice-slubu-z-helem\\\/#breadcrumb\",\"itemListElement\":[{\"@type\":\"ListItem\",\"position\":1,\"name\":\"Strona g\u0142\u00f3wna\",\"item\":\"https:\\\/\\\/partygo.waw.pl\\\/\"},{\"@type\":\"ListItem\",\"position\":2,\"name\":\"Galeria&#038;Sklep\",\"item\":\"https:\\\/\\\/partygo.waw.pl\\\/index.php\\\/sklep\\\/\"},{\"@type\":\"ListItem\",\"position\":3,\"name\":\"Kompozycja balonowa na 40 rocznic\u0119 \u015blubu z helem\"}]},{\"@type\":\"WebSite\",\"@id\":\"https:\\\/\\\/partygo.waw.pl\\\/#website\",\"url\":\"https:\\\/\\\/partygo.waw.pl\\\/\",\"name\":\"PartyGo\",\"description\":\"Balony i dekoracje Warszawa Legionowo\",\"publisher\":{\"@id\":\"https:\\\/\\\/partygo.waw.pl\\\/#organization\"},\"potentialAction\":[{\"@type\":\"SearchAction\",\"target\":{\"@type\":\"EntryPoint\",\"urlTemplate\":\"https:\\\/\\\/partygo.waw.pl\\\/?s={search_term_string}\"},\"query-input\":{\"@type\":\"PropertyValueSpecification\",\"valueRequired\":true,\"valueName\":\"search_term_string\"}}],\"inLanguage\":\"pl-PL\"},{\"@type\":\"Organization\",\"@id\":\"https:\\\/\\\/partygo.waw.pl\\\/#organization\",\"name\":\"PartyGo\",\"url\":\"https:\\\/\\\/partygo.waw.pl\\\/\",\"logo\":{\"@type\":\"ImageObject\",\"inLanguage\":\"pl-PL\",\"@id\":\"https:\\\/\\\/partygo.waw.pl\\\/#\\\/schema\\\/logo\\\/image\\\/\",\"url\":\"https:\\\/\\\/partygo.waw.pl\\\/wp-content\\\/uploads\\\/2022\\\/10\\\/logo_party-2.jpg\",\"contentUrl\":\"https:\\\/\\\/partygo.waw.pl\\\/wp-content\\\/uploads\\\/2022\\\/10\\\/logo_party-2.jpg\",\"width\":300,\"height\":300,\"caption\":\"PartyGo\"},\"image\":{\"@id\":\"https:\\\/\\\/partygo.waw.pl\\\/#\\\/schema\\\/logo\\\/image\\\/\"},\"sameAs\":[\"https:\\\/\\\/www.facebook.com\\\/people\\\/Party-Go-Warszawa\\\/\"]}]}<\/script>\n<!-- \/ Yoast SEO plugin. -->","yoast_head_json":{"title":"Kompozycja balonowa na 40 rocznic\u0119 \u015blubu z helem - PartyGo","description":"Elegancka dekoracja podkre\u015blaj\u0105ca wyj\u0105tkowy jubileusz \u2013 40 lat razem. Klasyczne cyfry w po\u0142\u0105czeniu ze spersonalizowanymi sercami tworz\u0105 efektown\u0105 i sentymentaln\u0105 opraw\u0119 uroczysto\u015bci.","robots":{"index":"index","follow":"follow","max-snippet":"max-snippet:-1","max-image-preview":"max-image-preview:large","max-video-preview":"max-video-preview:-1"},"canonical":"https:\/\/partygo.waw.pl\/index.php\/product\/kompozycja-balonowa-na-40-rocznice-slubu-z-helem\/","og_locale":"pl_PL","og_type":"article","og_title":"Kompozycja balonowa na 40 rocznic\u0119 \u015blubu z helem - PartyGo","og_description":"Elegancka dekoracja podkre\u015blaj\u0105ca wyj\u0105tkowy jubileusz \u2013 40 lat razem. Klasyczne cyfry w po\u0142\u0105czeniu ze spersonalizowanymi sercami tworz\u0105 efektown\u0105 i sentymentaln\u0105 opraw\u0119 uroczysto\u015bci.","og_url":"https:\/\/partygo.waw.pl\/index.php\/product\/kompozycja-balonowa-na-40-rocznice-slubu-z-helem\/","og_site_name":"PartyGo","article_publisher":"https:\/\/www.facebook.com\/people\/Party-Go-Warszawa\/","article_modified_time":"2026-03-04T14:25:35+00:00","og_image":[{"width":1536,"height":2048,"url":"https:\/\/partygo.waw.pl\/wp-content\/uploads\/2026\/02\/1000006358.jpg","type":"image\/jpeg"}],"twitter_card":"summary_large_image","twitter_misc":{"Szacowany czas czytania":"1 minuta"},"schema":{"@context":"https:\/\/schema.org","@graph":[{"@type":"WebPage","@id":"https:\/\/partygo.waw.pl\/index.php\/product\/kompozycja-balonowa-na-40-rocznice-slubu-z-helem\/","url":"https:\/\/partygo.waw.pl\/index.php\/product\/kompozycja-balonowa-na-40-rocznice-slubu-z-helem\/","name":"Kompozycja balonowa na 40 rocznic\u0119 \u015blubu z helem - PartyGo","isPartOf":{"@id":"https:\/\/partygo.waw.pl\/#website"},"primaryImageOfPage":{"@id":"https:\/\/partygo.waw.pl\/index.php\/product\/kompozycja-balonowa-na-40-rocznice-slubu-z-helem\/#primaryimage"},"image":{"@id":"https:\/\/partygo.waw.pl\/index.php\/product\/kompozycja-balonowa-na-40-rocznice-slubu-z-helem\/#primaryimage"},"thumbnailUrl":"https:\/\/partygo.waw.pl\/wp-content\/uploads\/2026\/02\/1000006358.jpg","datePublished":"2026-02-26T11:04:10+00:00","dateModified":"2026-03-04T14:25:35+00:00","description":"Elegancka dekoracja podkre\u015blaj\u0105ca wyj\u0105tkowy jubileusz \u2013 40 lat razem. Klasyczne cyfry w po\u0142\u0105czeniu ze spersonalizowanymi sercami tworz\u0105 efektown\u0105 i sentymentaln\u0105 opraw\u0119 uroczysto\u015bci.","breadcrumb":{"@id":"https:\/\/partygo.waw.pl\/index.php\/product\/kompozycja-balonowa-na-40-rocznice-slubu-z-helem\/#breadcrumb"},"inLanguage":"pl-PL","potentialAction":[{"@type":"ReadAction","target":["https:\/\/partygo.waw.pl\/index.php\/product\/kompozycja-balonowa-na-40-rocznice-slubu-z-helem\/"]}]},{"@type":"ImageObject","inLanguage":"pl-PL","@id":"https:\/\/partygo.waw.pl\/index.php\/product\/kompozycja-balonowa-na-40-rocznice-slubu-z-helem\/#primaryimage","url":"https:\/\/partygo.waw.pl\/wp-content\/uploads\/2026\/02\/1000006358.jpg","contentUrl":"https:\/\/partygo.waw.pl\/wp-content\/uploads\/2026\/02\/1000006358.jpg","width":1536,"height":2048},{"@type":"BreadcrumbList","@id":"https:\/\/partygo.waw.pl\/index.php\/product\/kompozycja-balonowa-na-40-rocznice-slubu-z-helem\/#breadcrumb","itemListElement":[{"@type":"ListItem","position":1,"name":"Strona g\u0142\u00f3wna","item":"https:\/\/partygo.waw.pl\/"},{"@type":"ListItem","position":2,"name":"Galeria&#038;Sklep","item":"https:\/\/partygo.waw.pl\/index.php\/sklep\/"},{"@type":"ListItem","position":3,"name":"Kompozycja balonowa na 40 rocznic\u0119 \u015blubu z helem"}]},{"@type":"WebSite","@id":"https:\/\/partygo.waw.pl\/#website","url":"https:\/\/partygo.waw.pl\/","name":"PartyGo","description":"Balony i dekoracje Warszawa Legionowo","publisher":{"@id":"https:\/\/partygo.waw.pl\/#organization"},"potentialAction":[{"@type":"SearchAction","target":{"@type":"EntryPoint","urlTemplate":"https:\/\/partygo.waw.pl\/?s={search_term_string}"},"query-input":{"@type":"PropertyValueSpecification","valueRequired":true,"valueName":"search_term_string"}}],"inLanguage":"pl-PL"},{"@type":"Organization","@id":"https:\/\/partygo.waw.pl\/#organization","name":"PartyGo","url":"https:\/\/partygo.waw.pl\/","logo":{"@type":"ImageObject","inLanguage":"pl-PL","@id":"https:\/\/partygo.waw.pl\/#\/schema\/logo\/image\/","url":"https:\/\/partygo.waw.pl\/wp-content\/uploads\/2022\/10\/logo_party-2.jpg","contentUrl":"https:\/\/partygo.waw.pl\/wp-content\/uploads\/2022\/10\/logo_party-2.jpg","width":300,"height":300,"caption":"PartyGo"},"image":{"@id":"https:\/\/partygo.waw.pl\/#\/schema\/logo\/image\/"},"sameAs":["https:\/\/www.facebook.com\/people\/Party-Go-Warszawa\/"]}]}},"_links":{"self":[{"href":"https:\/\/partygo.waw.pl\/index.php\/wp-json\/wp\/v2\/product\/1487","targetHints":{"allow":["GET"]}}],"collection":[{"href":"https:\/\/partygo.waw.pl\/index.php\/wp-json\/wp\/v2\/product"}],"about":[{"href":"https:\/\/partygo.waw.pl\/index.php\/wp-json\/wp\/v2\/types\/product"}],"replies":[{"embeddable":true,"href":"https:\/\/partygo.waw.pl\/index.php\/wp-json\/wp\/v2\/comments?post=1487"}],"wp:featuredmedia":[{"embeddable":true,"href":"https:\/\/partygo.waw.pl\/index.php\/wp-json\/wp\/v2\/media\/1383"}],"wp:attachment":[{"href":"https:\/\/partygo.waw.pl\/index.php\/wp-json\/wp\/v2\/media?parent=1487"}],"wp:term":[{"taxonomy":"product_brand","embeddable":true,"href":"https:\/\/partygo.waw.pl\/index.php\/wp-json\/wp\/v2\/product_brand?post=1487"},{"taxonomy":"product_cat","embeddable":true,"href":"https:\/\/partygo.waw.pl\/index.php\/wp-json\/wp\/v2\/product_cat?post=1487"},{"taxonomy":"product_tag","embeddable":true,"href":"https:\/\/partygo.waw.pl\/index.php\/wp-json\/wp\/v2\/product_tag?post=1487"}],"curies":[{"name":"wp","href":"https:\/\/api.w.org\/{rel}","templated":true}]}}