{"id":1509,"date":"2026-03-04T14:07:21","date_gmt":"2026-03-04T13:07:21","guid":{"rendered":"https:\/\/partygo.waw.pl\/?post_type=product&#038;p=1509"},"modified":"2026-03-04T19:11:00","modified_gmt":"2026-03-04T18:11:00","slug":"1509","status":"publish","type":"product","link":"https:\/\/partygo.waw.pl\/index.php\/product\/1509\/","title":{"rendered":"Spersonalizowana szarfa na Baby Shower"},"content":{"rendered":"<h2 data-start=\"73\" data-end=\"116\">Spersonalizowana szarfa na Baby Shower<\/h2>\n<p>Efektowna, satynowa szarfa z indywidualnym nadrukiem to idealny dodatek na przyj\u0119cie Baby Shower. Podkre\u015bla wyj\u0105tkowy charakter wydarzenia i sprawia, \u017ce przysz\u0142a mama wyr\u00f3\u017cnia si\u0119 podczas ca\u0142ej uroczysto\u015bci.<\/p>\n<p>Bia\u0142y kolor w po\u0142\u0105czeniu z eleganckim, kontrastowym niebieskim nadrukiem prezentuje si\u0119 stylowo i doskonale komponuje si\u0119 z dekoracjami w klimacie dzieci\u0119cym.<\/p>\n<h3 data-start=\"487\" data-end=\"513\">Specyfikacja produktu:<\/h3>\n<ul data-start=\"514\" data-end=\"688\">\n<li data-start=\"514\" data-end=\"550\">Satynowa szarfa w kolorze bia\u0142ym<\/li>\n<li data-start=\"551\" data-end=\"604\">Spersonalizowany nadruk (np. imi\u0119 mamy i dziecka)<\/li>\n<li data-start=\"605\" data-end=\"664\">Grafiki okoliczno\u015bciowe do wyboru (np. st\u00f3pki, smoczek)<\/li>\n<li data-start=\"665\" data-end=\"688\">Uniwersalny rozmiar<\/li>\n<\/ul>\n<p>Szarfa doskonale sprawdzi si\u0119 podczas przyj\u0119cia w domu, w sali, w restauracji lub w plenerze. To wyj\u0105tkowy dodatek do zdj\u0119\u0107 oraz pi\u0119kna pami\u0105tka z tego szczeg\u00f3lnego dnia.<\/p>\n","protected":false},"excerpt":{"rendered":"<p>Spersonalizowana szarfa na Baby Shower Efektowna, satynowa szarfa z indywidualnym nadrukiem to idealny dodatek na przyj\u0119cie Baby Shower. Podkre\u015bla wyj\u0105tkowy charakter wydarzenia i sprawia, \u017ce przysz\u0142a mama wyr\u00f3\u017cnia si\u0119 podczas ca\u0142ej uroczysto\u015bci. Bia\u0142y kolor w po\u0142\u0105czeniu z eleganckim, kontrastowym niebieskim nadrukiem prezentuje si\u0119 stylowo i doskonale komponuje si\u0119 z dekoracjami w klimacie dzieci\u0119cym. Specyfikacja produktu:&hellip;&nbsp;<a href=\"https:\/\/partygo.waw.pl\/index.php\/product\/1509\/\" class=\"\" rel=\"bookmark\">Czytaj dalej &raquo;<span class=\"screen-reader-text\">Spersonalizowana szarfa na Baby Shower<\/span><\/a><\/p>\n","protected":false},"featured_media":1504,"comment_status":"open","ping_status":"closed","template":"","meta":{"neve_meta_sidebar":"","neve_meta_container":"","neve_meta_enable_content_width":"off","neve_meta_content_width":100,"neve_meta_title_alignment":"","neve_meta_author_avatar":"","neve_post_elements_order":"","neve_meta_disable_header":"","neve_meta_disable_footer":"","neve_meta_disable_title":"","_vp_format_video_url":"","_vp_image_focal_point":[]},"product_brand":[],"product_cat":[48,40],"product_tag":[],"class_list":{"0":"post-1509","1":"product","2":"type-product","3":"status-publish","4":"has-post-thumbnail","6":"product_cat-narodziny-i-baby-shower","7":"product_cat-misc","9":"first","10":"onbackorder","11":"shipping-taxable","12":"product-type-simple"},"yoast_head":"<!-- This site is optimized with the Yoast SEO plugin v27.3 - https:\/\/yoast.com\/product\/yoast-seo-wordpress\/ -->\n<title>Spersonalizowana szarfa na Baby Shower - PartyGo<\/title>\n<meta name=\"description\" content=\"Spersonalizowana szarfa na Baby Shower Efektowna, satynowa szarfa z indywidualnym nadrukiem to idealny dodatek na przyj\u0119cie Baby Shower. Podkre\u015bla wyj\u0105tkowy charakter wydarzenia i sprawia, \u017ce przysz\u0142a mama wyr\u00f3\u017cnia si\u0119 podczas ca\u0142ej uroczysto\u015bci.Bia\u0142y kolor w po\u0142\u0105czeniu z eleganckim, kontrastowym niebieskim nadrukiem prezentuje si\u0119 stylowo i doskonale komponuje si\u0119 z dekoracjami w klimacie dzieci\u0119cym.\" \/>\n<meta name=\"robots\" content=\"index, follow, max-snippet:-1, max-image-preview:large, max-video-preview:-1\" \/>\n<link rel=\"canonical\" href=\"https:\/\/partygo.waw.pl\/index.php\/product\/1509\/\" \/>\n<meta property=\"og:locale\" content=\"pl_PL\" \/>\n<meta property=\"og:type\" content=\"article\" \/>\n<meta property=\"og:title\" content=\"Spersonalizowana szarfa na Baby Shower - PartyGo\" \/>\n<meta property=\"og:description\" content=\"Spersonalizowana szarfa na Baby Shower Efektowna, satynowa szarfa z indywidualnym nadrukiem to idealny dodatek na przyj\u0119cie Baby Shower. Podkre\u015bla wyj\u0105tkowy charakter wydarzenia i sprawia, \u017ce przysz\u0142a mama wyr\u00f3\u017cnia si\u0119 podczas ca\u0142ej uroczysto\u015bci.Bia\u0142y kolor w po\u0142\u0105czeniu z eleganckim, kontrastowym niebieskim nadrukiem prezentuje si\u0119 stylowo i doskonale komponuje si\u0119 z dekoracjami w klimacie dzieci\u0119cym.\" \/>\n<meta property=\"og:url\" content=\"https:\/\/partygo.waw.pl\/index.php\/product\/1509\/\" \/>\n<meta property=\"og:site_name\" content=\"PartyGo\" \/>\n<meta property=\"article:publisher\" content=\"https:\/\/www.facebook.com\/people\/Party-Go-Warszawa\/\" \/>\n<meta property=\"article:modified_time\" content=\"2026-03-04T18:11:00+00:00\" \/>\n<meta property=\"og:image\" content=\"https:\/\/partygo.waw.pl\/wp-content\/uploads\/2026\/03\/szarfa_bedemama.jpg\" \/>\n\t<meta property=\"og:image:width\" content=\"823\" \/>\n\t<meta property=\"og:image:height\" content=\"340\" \/>\n\t<meta property=\"og:image:type\" content=\"image\/jpeg\" \/>\n<meta name=\"twitter:card\" content=\"summary_large_image\" \/>\n<meta name=\"twitter:label1\" content=\"Szacowany czas czytania\" \/>\n\t<meta name=\"twitter:data1\" content=\"1 minuta\" \/>\n<script type=\"application\/ld+json\" class=\"yoast-schema-graph\">{\"@context\":\"https:\\\/\\\/schema.org\",\"@graph\":[{\"@type\":\"WebPage\",\"@id\":\"https:\\\/\\\/partygo.waw.pl\\\/index.php\\\/product\\\/1509\\\/\",\"url\":\"https:\\\/\\\/partygo.waw.pl\\\/index.php\\\/product\\\/1509\\\/\",\"name\":\"Spersonalizowana szarfa na Baby Shower - PartyGo\",\"isPartOf\":{\"@id\":\"https:\\\/\\\/partygo.waw.pl\\\/#website\"},\"primaryImageOfPage\":{\"@id\":\"https:\\\/\\\/partygo.waw.pl\\\/index.php\\\/product\\\/1509\\\/#primaryimage\"},\"image\":{\"@id\":\"https:\\\/\\\/partygo.waw.pl\\\/index.php\\\/product\\\/1509\\\/#primaryimage\"},\"thumbnailUrl\":\"https:\\\/\\\/partygo.waw.pl\\\/wp-content\\\/uploads\\\/2026\\\/03\\\/szarfa_bedemama.jpg\",\"datePublished\":\"2026-03-04T13:07:21+00:00\",\"dateModified\":\"2026-03-04T18:11:00+00:00\",\"description\":\"Spersonalizowana szarfa na Baby Shower Efektowna, satynowa szarfa z indywidualnym nadrukiem to idealny dodatek na przyj\u0119cie Baby Shower. Podkre\u015bla wyj\u0105tkowy charakter wydarzenia i sprawia, \u017ce przysz\u0142a mama wyr\u00f3\u017cnia si\u0119 podczas ca\u0142ej uroczysto\u015bci.Bia\u0142y kolor w po\u0142\u0105czeniu z eleganckim, kontrastowym niebieskim nadrukiem prezentuje si\u0119 stylowo i doskonale komponuje si\u0119 z dekoracjami w klimacie dzieci\u0119cym.\",\"breadcrumb\":{\"@id\":\"https:\\\/\\\/partygo.waw.pl\\\/index.php\\\/product\\\/1509\\\/#breadcrumb\"},\"inLanguage\":\"pl-PL\",\"potentialAction\":[{\"@type\":\"ReadAction\",\"target\":[\"https:\\\/\\\/partygo.waw.pl\\\/index.php\\\/product\\\/1509\\\/\"]}]},{\"@type\":\"ImageObject\",\"inLanguage\":\"pl-PL\",\"@id\":\"https:\\\/\\\/partygo.waw.pl\\\/index.php\\\/product\\\/1509\\\/#primaryimage\",\"url\":\"https:\\\/\\\/partygo.waw.pl\\\/wp-content\\\/uploads\\\/2026\\\/03\\\/szarfa_bedemama.jpg\",\"contentUrl\":\"https:\\\/\\\/partygo.waw.pl\\\/wp-content\\\/uploads\\\/2026\\\/03\\\/szarfa_bedemama.jpg\",\"width\":823,\"height\":340},{\"@type\":\"BreadcrumbList\",\"@id\":\"https:\\\/\\\/partygo.waw.pl\\\/index.php\\\/product\\\/1509\\\/#breadcrumb\",\"itemListElement\":[{\"@type\":\"ListItem\",\"position\":1,\"name\":\"Strona g\u0142\u00f3wna\",\"item\":\"https:\\\/\\\/partygo.waw.pl\\\/\"},{\"@type\":\"ListItem\",\"position\":2,\"name\":\"Galeria&#038;Sklep\",\"item\":\"https:\\\/\\\/partygo.waw.pl\\\/index.php\\\/sklep\\\/\"},{\"@type\":\"ListItem\",\"position\":3,\"name\":\"Spersonalizowana szarfa na Baby Shower\"}]},{\"@type\":\"WebSite\",\"@id\":\"https:\\\/\\\/partygo.waw.pl\\\/#website\",\"url\":\"https:\\\/\\\/partygo.waw.pl\\\/\",\"name\":\"PartyGo\",\"description\":\"Balony i dekoracje Warszawa Legionowo\",\"publisher\":{\"@id\":\"https:\\\/\\\/partygo.waw.pl\\\/#organization\"},\"potentialAction\":[{\"@type\":\"SearchAction\",\"target\":{\"@type\":\"EntryPoint\",\"urlTemplate\":\"https:\\\/\\\/partygo.waw.pl\\\/?s={search_term_string}\"},\"query-input\":{\"@type\":\"PropertyValueSpecification\",\"valueRequired\":true,\"valueName\":\"search_term_string\"}}],\"inLanguage\":\"pl-PL\"},{\"@type\":\"Organization\",\"@id\":\"https:\\\/\\\/partygo.waw.pl\\\/#organization\",\"name\":\"PartyGo\",\"url\":\"https:\\\/\\\/partygo.waw.pl\\\/\",\"logo\":{\"@type\":\"ImageObject\",\"inLanguage\":\"pl-PL\",\"@id\":\"https:\\\/\\\/partygo.waw.pl\\\/#\\\/schema\\\/logo\\\/image\\\/\",\"url\":\"https:\\\/\\\/partygo.waw.pl\\\/wp-content\\\/uploads\\\/2022\\\/10\\\/logo_party-2.jpg\",\"contentUrl\":\"https:\\\/\\\/partygo.waw.pl\\\/wp-content\\\/uploads\\\/2022\\\/10\\\/logo_party-2.jpg\",\"width\":300,\"height\":300,\"caption\":\"PartyGo\"},\"image\":{\"@id\":\"https:\\\/\\\/partygo.waw.pl\\\/#\\\/schema\\\/logo\\\/image\\\/\"},\"sameAs\":[\"https:\\\/\\\/www.facebook.com\\\/people\\\/Party-Go-Warszawa\\\/\"]}]}<\/script>\n<!-- \/ Yoast SEO plugin. -->","yoast_head_json":{"title":"Spersonalizowana szarfa na Baby Shower - PartyGo","description":"Spersonalizowana szarfa na Baby Shower Efektowna, satynowa szarfa z indywidualnym nadrukiem to idealny dodatek na przyj\u0119cie Baby Shower. Podkre\u015bla wyj\u0105tkowy charakter wydarzenia i sprawia, \u017ce przysz\u0142a mama wyr\u00f3\u017cnia si\u0119 podczas ca\u0142ej uroczysto\u015bci.Bia\u0142y kolor w po\u0142\u0105czeniu z eleganckim, kontrastowym niebieskim nadrukiem prezentuje si\u0119 stylowo i doskonale komponuje si\u0119 z dekoracjami w klimacie dzieci\u0119cym.","robots":{"index":"index","follow":"follow","max-snippet":"max-snippet:-1","max-image-preview":"max-image-preview:large","max-video-preview":"max-video-preview:-1"},"canonical":"https:\/\/partygo.waw.pl\/index.php\/product\/1509\/","og_locale":"pl_PL","og_type":"article","og_title":"Spersonalizowana szarfa na Baby Shower - PartyGo","og_description":"Spersonalizowana szarfa na Baby Shower Efektowna, satynowa szarfa z indywidualnym nadrukiem to idealny dodatek na przyj\u0119cie Baby Shower. Podkre\u015bla wyj\u0105tkowy charakter wydarzenia i sprawia, \u017ce przysz\u0142a mama wyr\u00f3\u017cnia si\u0119 podczas ca\u0142ej uroczysto\u015bci.Bia\u0142y kolor w po\u0142\u0105czeniu z eleganckim, kontrastowym niebieskim nadrukiem prezentuje si\u0119 stylowo i doskonale komponuje si\u0119 z dekoracjami w klimacie dzieci\u0119cym.","og_url":"https:\/\/partygo.waw.pl\/index.php\/product\/1509\/","og_site_name":"PartyGo","article_publisher":"https:\/\/www.facebook.com\/people\/Party-Go-Warszawa\/","article_modified_time":"2026-03-04T18:11:00+00:00","og_image":[{"width":823,"height":340,"url":"https:\/\/partygo.waw.pl\/wp-content\/uploads\/2026\/03\/szarfa_bedemama.jpg","type":"image\/jpeg"}],"twitter_card":"summary_large_image","twitter_misc":{"Szacowany czas czytania":"1 minuta"},"schema":{"@context":"https:\/\/schema.org","@graph":[{"@type":"WebPage","@id":"https:\/\/partygo.waw.pl\/index.php\/product\/1509\/","url":"https:\/\/partygo.waw.pl\/index.php\/product\/1509\/","name":"Spersonalizowana szarfa na Baby Shower - PartyGo","isPartOf":{"@id":"https:\/\/partygo.waw.pl\/#website"},"primaryImageOfPage":{"@id":"https:\/\/partygo.waw.pl\/index.php\/product\/1509\/#primaryimage"},"image":{"@id":"https:\/\/partygo.waw.pl\/index.php\/product\/1509\/#primaryimage"},"thumbnailUrl":"https:\/\/partygo.waw.pl\/wp-content\/uploads\/2026\/03\/szarfa_bedemama.jpg","datePublished":"2026-03-04T13:07:21+00:00","dateModified":"2026-03-04T18:11:00+00:00","description":"Spersonalizowana szarfa na Baby Shower Efektowna, satynowa szarfa z indywidualnym nadrukiem to idealny dodatek na przyj\u0119cie Baby Shower. Podkre\u015bla wyj\u0105tkowy charakter wydarzenia i sprawia, \u017ce przysz\u0142a mama wyr\u00f3\u017cnia si\u0119 podczas ca\u0142ej uroczysto\u015bci.Bia\u0142y kolor w po\u0142\u0105czeniu z eleganckim, kontrastowym niebieskim nadrukiem prezentuje si\u0119 stylowo i doskonale komponuje si\u0119 z dekoracjami w klimacie dzieci\u0119cym.","breadcrumb":{"@id":"https:\/\/partygo.waw.pl\/index.php\/product\/1509\/#breadcrumb"},"inLanguage":"pl-PL","potentialAction":[{"@type":"ReadAction","target":["https:\/\/partygo.waw.pl\/index.php\/product\/1509\/"]}]},{"@type":"ImageObject","inLanguage":"pl-PL","@id":"https:\/\/partygo.waw.pl\/index.php\/product\/1509\/#primaryimage","url":"https:\/\/partygo.waw.pl\/wp-content\/uploads\/2026\/03\/szarfa_bedemama.jpg","contentUrl":"https:\/\/partygo.waw.pl\/wp-content\/uploads\/2026\/03\/szarfa_bedemama.jpg","width":823,"height":340},{"@type":"BreadcrumbList","@id":"https:\/\/partygo.waw.pl\/index.php\/product\/1509\/#breadcrumb","itemListElement":[{"@type":"ListItem","position":1,"name":"Strona g\u0142\u00f3wna","item":"https:\/\/partygo.waw.pl\/"},{"@type":"ListItem","position":2,"name":"Galeria&#038;Sklep","item":"https:\/\/partygo.waw.pl\/index.php\/sklep\/"},{"@type":"ListItem","position":3,"name":"Spersonalizowana szarfa na Baby Shower"}]},{"@type":"WebSite","@id":"https:\/\/partygo.waw.pl\/#website","url":"https:\/\/partygo.waw.pl\/","name":"PartyGo","description":"Balony i dekoracje Warszawa Legionowo","publisher":{"@id":"https:\/\/partygo.waw.pl\/#organization"},"potentialAction":[{"@type":"SearchAction","target":{"@type":"EntryPoint","urlTemplate":"https:\/\/partygo.waw.pl\/?s={search_term_string}"},"query-input":{"@type":"PropertyValueSpecification","valueRequired":true,"valueName":"search_term_string"}}],"inLanguage":"pl-PL"},{"@type":"Organization","@id":"https:\/\/partygo.waw.pl\/#organization","name":"PartyGo","url":"https:\/\/partygo.waw.pl\/","logo":{"@type":"ImageObject","inLanguage":"pl-PL","@id":"https:\/\/partygo.waw.pl\/#\/schema\/logo\/image\/","url":"https:\/\/partygo.waw.pl\/wp-content\/uploads\/2022\/10\/logo_party-2.jpg","contentUrl":"https:\/\/partygo.waw.pl\/wp-content\/uploads\/2022\/10\/logo_party-2.jpg","width":300,"height":300,"caption":"PartyGo"},"image":{"@id":"https:\/\/partygo.waw.pl\/#\/schema\/logo\/image\/"},"sameAs":["https:\/\/www.facebook.com\/people\/Party-Go-Warszawa\/"]}]}},"_links":{"self":[{"href":"https:\/\/partygo.waw.pl\/index.php\/wp-json\/wp\/v2\/product\/1509","targetHints":{"allow":["GET"]}}],"collection":[{"href":"https:\/\/partygo.waw.pl\/index.php\/wp-json\/wp\/v2\/product"}],"about":[{"href":"https:\/\/partygo.waw.pl\/index.php\/wp-json\/wp\/v2\/types\/product"}],"replies":[{"embeddable":true,"href":"https:\/\/partygo.waw.pl\/index.php\/wp-json\/wp\/v2\/comments?post=1509"}],"wp:featuredmedia":[{"embeddable":true,"href":"https:\/\/partygo.waw.pl\/index.php\/wp-json\/wp\/v2\/media\/1504"}],"wp:attachment":[{"href":"https:\/\/partygo.waw.pl\/index.php\/wp-json\/wp\/v2\/media?parent=1509"}],"wp:term":[{"taxonomy":"product_brand","embeddable":true,"href":"https:\/\/partygo.waw.pl\/index.php\/wp-json\/wp\/v2\/product_brand?post=1509"},{"taxonomy":"product_cat","embeddable":true,"href":"https:\/\/partygo.waw.pl\/index.php\/wp-json\/wp\/v2\/product_cat?post=1509"},{"taxonomy":"product_tag","embeddable":true,"href":"https:\/\/partygo.waw.pl\/index.php\/wp-json\/wp\/v2\/product_tag?post=1509"}],"curies":[{"name":"wp","href":"https:\/\/api.w.org\/{rel}","templated":true}]}}