{"id":1512,"date":"2026-03-04T14:22:58","date_gmt":"2026-03-04T13:22:58","guid":{"rendered":"https:\/\/partygo.waw.pl\/?post_type=product&#038;p=1512"},"modified":"2026-03-04T19:13:13","modified_gmt":"2026-03-04T18:13:13","slug":"kubek-ze-spersonalizowanym-nadrukiem-gratulacje","status":"publish","type":"product","link":"https:\/\/partygo.waw.pl\/index.php\/product\/kubek-ze-spersonalizowanym-nadrukiem-gratulacje\/","title":{"rendered":"Kubek ze spersonalizowanym nadrukiem \u201eGratulacje\u201d"},"content":{"rendered":"<h2 data-start=\"0\" data-end=\"54\">Kubek ze spersonalizowanym nadrukiem \u201eGratulacje\u201d<\/h2>\n<p>Wyj\u0105tkowy kubek z napisem \u201eGratulacje\u201d to idealny prezent na szczeg\u00f3lne okazje \u2013 awans, obron\u0119 pracy dyplomowej, narodziny dziecka, nowe mieszkanie czy inne wa\u017cne osi\u0105gni\u0119cie. Indywidualny nadruk sprawia, \u017ce upominek staje si\u0119 niepowtarzaln\u0105 pami\u0105tk\u0105.<\/p>\n<p>Mo\u017cliwo\u015b\u0107 dodania imienia, daty, kr\u00f3tkiej dedykacji lub grafiki dopasowanej do okazji nadaje kubkowi indywidualnego charakteru.<\/p>\n<h3 data-start=\"441\" data-end=\"467\">Specyfikacja produktu:<\/h3>\n<ul data-start=\"468\" data-end=\"626\">\n<li data-start=\"468\" data-end=\"504\">Klasyczny bia\u0142y kubek ceramiczny<\/li>\n<li data-start=\"505\" data-end=\"540\">Trwa\u0142y, wysokiej jako\u015bci nadruk<\/li>\n<li data-start=\"541\" data-end=\"605\">Mo\u017cliwo\u015b\u0107 pe\u0142nej personalizacji (imi\u0119, data, tekst, grafika)<\/li>\n<li data-start=\"606\" data-end=\"626\">Pojemno\u015b\u0107 330 ml<\/li>\n<\/ul>\n<p>Idealny jako symboliczny, a jednocze\u015bnie praktyczny prezent, kt\u00f3ry ka\u017cdego dnia b\u0119dzie przypomina\u0142 o wa\u017cnym sukcesie.<\/p>\n","protected":false},"excerpt":{"rendered":"<p>Kubek ze spersonalizowanym nadrukiem \u201eGratulacje\u201d Wyj\u0105tkowy kubek z napisem \u201eGratulacje\u201d to idealny prezent na szczeg\u00f3lne okazje \u2013 awans, obron\u0119 pracy dyplomowej, narodziny dziecka, nowe mieszkanie czy inne wa\u017cne osi\u0105gni\u0119cie. Indywidualny nadruk sprawia, \u017ce upominek staje si\u0119 niepowtarzaln\u0105 pami\u0105tk\u0105. Mo\u017cliwo\u015b\u0107 dodania imienia, daty, kr\u00f3tkiej dedykacji lub grafiki dopasowanej do okazji nadaje kubkowi indywidualnego charakteru. Specyfikacja produktu:&hellip;&nbsp;<a href=\"https:\/\/partygo.waw.pl\/index.php\/product\/kubek-ze-spersonalizowanym-nadrukiem-gratulacje\/\" class=\"\" rel=\"bookmark\">Czytaj dalej &raquo;<span class=\"screen-reader-text\">Kubek ze spersonalizowanym nadrukiem \u201eGratulacje\u201d<\/span><\/a><\/p>\n","protected":false},"featured_media":1502,"comment_status":"open","ping_status":"closed","template":"","meta":{"neve_meta_sidebar":"","neve_meta_container":"","neve_meta_enable_content_width":"off","neve_meta_content_width":100,"neve_meta_title_alignment":"","neve_meta_author_avatar":"","neve_post_elements_order":"","neve_meta_disable_header":"","neve_meta_disable_footer":"","neve_meta_disable_title":"","_vp_format_video_url":"","_vp_image_focal_point":[]},"product_brand":[],"product_cat":[40,51],"product_tag":[],"class_list":{"0":"post-1512","1":"product","2":"type-product","3":"status-publish","4":"has-post-thumbnail","6":"product_cat-misc","7":"product_cat-spersonalizowane-produkty","9":"first","10":"onbackorder","11":"shipping-taxable","12":"product-type-simple"},"yoast_head":"<!-- This site is optimized with the Yoast SEO plugin v27.3 - https:\/\/yoast.com\/product\/yoast-seo-wordpress\/ -->\n<title>Kubek ze spersonalizowanym nadrukiem \u201eGratulacje\u201d - PartyGo<\/title>\n<meta name=\"description\" content=\"Kubek ze spersonalizowanym nadrukiem \u201eGratulacje\u201dWyj\u0105tkowy kubek z napisem \u201eGratulacje\u201d to idealny prezent na szczeg\u00f3lne okazje \u2013 awans, obron\u0119 pracy dyplomowej, narodziny dziecka, nowe mieszkanie czy inne wa\u017cne osi\u0105gni\u0119cie. Indywidualny nadruk sprawia, \u017ce upominek staje si\u0119 niepowtarzaln\u0105 pami\u0105tk\u0105.Mo\u017cliwo\u015b\u0107 dodania imienia, daty, kr\u00f3tkiej dedykacji lub grafiki dopasowanej do okazji nadaje kubkowi indywidualnego charakteru.\" \/>\n<meta name=\"robots\" content=\"index, follow, max-snippet:-1, max-image-preview:large, max-video-preview:-1\" \/>\n<link rel=\"canonical\" href=\"https:\/\/partygo.waw.pl\/index.php\/product\/kubek-ze-spersonalizowanym-nadrukiem-gratulacje\/\" \/>\n<meta property=\"og:locale\" content=\"pl_PL\" \/>\n<meta property=\"og:type\" content=\"article\" \/>\n<meta property=\"og:title\" content=\"Kubek ze spersonalizowanym nadrukiem \u201eGratulacje\u201d - PartyGo\" \/>\n<meta property=\"og:description\" content=\"Kubek ze spersonalizowanym nadrukiem \u201eGratulacje\u201dWyj\u0105tkowy kubek z napisem \u201eGratulacje\u201d to idealny prezent na szczeg\u00f3lne okazje \u2013 awans, obron\u0119 pracy dyplomowej, narodziny dziecka, nowe mieszkanie czy inne wa\u017cne osi\u0105gni\u0119cie. Indywidualny nadruk sprawia, \u017ce upominek staje si\u0119 niepowtarzaln\u0105 pami\u0105tk\u0105.Mo\u017cliwo\u015b\u0107 dodania imienia, daty, kr\u00f3tkiej dedykacji lub grafiki dopasowanej do okazji nadaje kubkowi indywidualnego charakteru.\" \/>\n<meta property=\"og:url\" content=\"https:\/\/partygo.waw.pl\/index.php\/product\/kubek-ze-spersonalizowanym-nadrukiem-gratulacje\/\" \/>\n<meta property=\"og:site_name\" content=\"PartyGo\" \/>\n<meta property=\"article:publisher\" content=\"https:\/\/www.facebook.com\/people\/Party-Go-Warszawa\/\" \/>\n<meta property=\"article:modified_time\" content=\"2026-03-04T18:13:13+00:00\" \/>\n<meta property=\"og:image\" content=\"https:\/\/partygo.waw.pl\/wp-content\/uploads\/2026\/03\/kubek_krolowa_gratulacje-scaled.jpg\" \/>\n\t<meta property=\"og:image:width\" content=\"2560\" \/>\n\t<meta property=\"og:image:height\" content=\"1978\" \/>\n\t<meta property=\"og:image:type\" content=\"image\/jpeg\" \/>\n<meta name=\"twitter:card\" content=\"summary_large_image\" \/>\n<meta name=\"twitter:label1\" content=\"Szacowany czas czytania\" \/>\n\t<meta name=\"twitter:data1\" content=\"1 minuta\" \/>\n<script type=\"application\/ld+json\" class=\"yoast-schema-graph\">{\"@context\":\"https:\\\/\\\/schema.org\",\"@graph\":[{\"@type\":\"WebPage\",\"@id\":\"https:\\\/\\\/partygo.waw.pl\\\/index.php\\\/product\\\/kubek-ze-spersonalizowanym-nadrukiem-gratulacje\\\/\",\"url\":\"https:\\\/\\\/partygo.waw.pl\\\/index.php\\\/product\\\/kubek-ze-spersonalizowanym-nadrukiem-gratulacje\\\/\",\"name\":\"Kubek ze spersonalizowanym nadrukiem \u201eGratulacje\u201d - PartyGo\",\"isPartOf\":{\"@id\":\"https:\\\/\\\/partygo.waw.pl\\\/#website\"},\"primaryImageOfPage\":{\"@id\":\"https:\\\/\\\/partygo.waw.pl\\\/index.php\\\/product\\\/kubek-ze-spersonalizowanym-nadrukiem-gratulacje\\\/#primaryimage\"},\"image\":{\"@id\":\"https:\\\/\\\/partygo.waw.pl\\\/index.php\\\/product\\\/kubek-ze-spersonalizowanym-nadrukiem-gratulacje\\\/#primaryimage\"},\"thumbnailUrl\":\"https:\\\/\\\/partygo.waw.pl\\\/wp-content\\\/uploads\\\/2026\\\/03\\\/kubek_krolowa_gratulacje-scaled.jpg\",\"datePublished\":\"2026-03-04T13:22:58+00:00\",\"dateModified\":\"2026-03-04T18:13:13+00:00\",\"description\":\"Kubek ze spersonalizowanym nadrukiem \u201eGratulacje\u201dWyj\u0105tkowy kubek z napisem \u201eGratulacje\u201d to idealny prezent na szczeg\u00f3lne okazje \u2013 awans, obron\u0119 pracy dyplomowej, narodziny dziecka, nowe mieszkanie czy inne wa\u017cne osi\u0105gni\u0119cie. Indywidualny nadruk sprawia, \u017ce upominek staje si\u0119 niepowtarzaln\u0105 pami\u0105tk\u0105.Mo\u017cliwo\u015b\u0107 dodania imienia, daty, kr\u00f3tkiej dedykacji lub grafiki dopasowanej do okazji nadaje kubkowi indywidualnego charakteru.\",\"breadcrumb\":{\"@id\":\"https:\\\/\\\/partygo.waw.pl\\\/index.php\\\/product\\\/kubek-ze-spersonalizowanym-nadrukiem-gratulacje\\\/#breadcrumb\"},\"inLanguage\":\"pl-PL\",\"potentialAction\":[{\"@type\":\"ReadAction\",\"target\":[\"https:\\\/\\\/partygo.waw.pl\\\/index.php\\\/product\\\/kubek-ze-spersonalizowanym-nadrukiem-gratulacje\\\/\"]}]},{\"@type\":\"ImageObject\",\"inLanguage\":\"pl-PL\",\"@id\":\"https:\\\/\\\/partygo.waw.pl\\\/index.php\\\/product\\\/kubek-ze-spersonalizowanym-nadrukiem-gratulacje\\\/#primaryimage\",\"url\":\"https:\\\/\\\/partygo.waw.pl\\\/wp-content\\\/uploads\\\/2026\\\/03\\\/kubek_krolowa_gratulacje-scaled.jpg\",\"contentUrl\":\"https:\\\/\\\/partygo.waw.pl\\\/wp-content\\\/uploads\\\/2026\\\/03\\\/kubek_krolowa_gratulacje-scaled.jpg\",\"width\":2560,\"height\":1978},{\"@type\":\"BreadcrumbList\",\"@id\":\"https:\\\/\\\/partygo.waw.pl\\\/index.php\\\/product\\\/kubek-ze-spersonalizowanym-nadrukiem-gratulacje\\\/#breadcrumb\",\"itemListElement\":[{\"@type\":\"ListItem\",\"position\":1,\"name\":\"Strona g\u0142\u00f3wna\",\"item\":\"https:\\\/\\\/partygo.waw.pl\\\/\"},{\"@type\":\"ListItem\",\"position\":2,\"name\":\"Galeria&#038;Sklep\",\"item\":\"https:\\\/\\\/partygo.waw.pl\\\/index.php\\\/sklep\\\/\"},{\"@type\":\"ListItem\",\"position\":3,\"name\":\"Kubek ze spersonalizowanym nadrukiem \u201eGratulacje\u201d\"}]},{\"@type\":\"WebSite\",\"@id\":\"https:\\\/\\\/partygo.waw.pl\\\/#website\",\"url\":\"https:\\\/\\\/partygo.waw.pl\\\/\",\"name\":\"PartyGo\",\"description\":\"Balony i dekoracje Warszawa Legionowo\",\"publisher\":{\"@id\":\"https:\\\/\\\/partygo.waw.pl\\\/#organization\"},\"potentialAction\":[{\"@type\":\"SearchAction\",\"target\":{\"@type\":\"EntryPoint\",\"urlTemplate\":\"https:\\\/\\\/partygo.waw.pl\\\/?s={search_term_string}\"},\"query-input\":{\"@type\":\"PropertyValueSpecification\",\"valueRequired\":true,\"valueName\":\"search_term_string\"}}],\"inLanguage\":\"pl-PL\"},{\"@type\":\"Organization\",\"@id\":\"https:\\\/\\\/partygo.waw.pl\\\/#organization\",\"name\":\"PartyGo\",\"url\":\"https:\\\/\\\/partygo.waw.pl\\\/\",\"logo\":{\"@type\":\"ImageObject\",\"inLanguage\":\"pl-PL\",\"@id\":\"https:\\\/\\\/partygo.waw.pl\\\/#\\\/schema\\\/logo\\\/image\\\/\",\"url\":\"https:\\\/\\\/partygo.waw.pl\\\/wp-content\\\/uploads\\\/2022\\\/10\\\/logo_party-2.jpg\",\"contentUrl\":\"https:\\\/\\\/partygo.waw.pl\\\/wp-content\\\/uploads\\\/2022\\\/10\\\/logo_party-2.jpg\",\"width\":300,\"height\":300,\"caption\":\"PartyGo\"},\"image\":{\"@id\":\"https:\\\/\\\/partygo.waw.pl\\\/#\\\/schema\\\/logo\\\/image\\\/\"},\"sameAs\":[\"https:\\\/\\\/www.facebook.com\\\/people\\\/Party-Go-Warszawa\\\/\"]}]}<\/script>\n<!-- \/ Yoast SEO plugin. -->","yoast_head_json":{"title":"Kubek ze spersonalizowanym nadrukiem \u201eGratulacje\u201d - PartyGo","description":"Kubek ze spersonalizowanym nadrukiem \u201eGratulacje\u201dWyj\u0105tkowy kubek z napisem \u201eGratulacje\u201d to idealny prezent na szczeg\u00f3lne okazje \u2013 awans, obron\u0119 pracy dyplomowej, narodziny dziecka, nowe mieszkanie czy inne wa\u017cne osi\u0105gni\u0119cie. Indywidualny nadruk sprawia, \u017ce upominek staje si\u0119 niepowtarzaln\u0105 pami\u0105tk\u0105.Mo\u017cliwo\u015b\u0107 dodania imienia, daty, kr\u00f3tkiej dedykacji lub grafiki dopasowanej do okazji nadaje kubkowi indywidualnego charakteru.","robots":{"index":"index","follow":"follow","max-snippet":"max-snippet:-1","max-image-preview":"max-image-preview:large","max-video-preview":"max-video-preview:-1"},"canonical":"https:\/\/partygo.waw.pl\/index.php\/product\/kubek-ze-spersonalizowanym-nadrukiem-gratulacje\/","og_locale":"pl_PL","og_type":"article","og_title":"Kubek ze spersonalizowanym nadrukiem \u201eGratulacje\u201d - PartyGo","og_description":"Kubek ze spersonalizowanym nadrukiem \u201eGratulacje\u201dWyj\u0105tkowy kubek z napisem \u201eGratulacje\u201d to idealny prezent na szczeg\u00f3lne okazje \u2013 awans, obron\u0119 pracy dyplomowej, narodziny dziecka, nowe mieszkanie czy inne wa\u017cne osi\u0105gni\u0119cie. Indywidualny nadruk sprawia, \u017ce upominek staje si\u0119 niepowtarzaln\u0105 pami\u0105tk\u0105.Mo\u017cliwo\u015b\u0107 dodania imienia, daty, kr\u00f3tkiej dedykacji lub grafiki dopasowanej do okazji nadaje kubkowi indywidualnego charakteru.","og_url":"https:\/\/partygo.waw.pl\/index.php\/product\/kubek-ze-spersonalizowanym-nadrukiem-gratulacje\/","og_site_name":"PartyGo","article_publisher":"https:\/\/www.facebook.com\/people\/Party-Go-Warszawa\/","article_modified_time":"2026-03-04T18:13:13+00:00","og_image":[{"width":2560,"height":1978,"url":"https:\/\/partygo.waw.pl\/wp-content\/uploads\/2026\/03\/kubek_krolowa_gratulacje-scaled.jpg","type":"image\/jpeg"}],"twitter_card":"summary_large_image","twitter_misc":{"Szacowany czas czytania":"1 minuta"},"schema":{"@context":"https:\/\/schema.org","@graph":[{"@type":"WebPage","@id":"https:\/\/partygo.waw.pl\/index.php\/product\/kubek-ze-spersonalizowanym-nadrukiem-gratulacje\/","url":"https:\/\/partygo.waw.pl\/index.php\/product\/kubek-ze-spersonalizowanym-nadrukiem-gratulacje\/","name":"Kubek ze spersonalizowanym nadrukiem \u201eGratulacje\u201d - PartyGo","isPartOf":{"@id":"https:\/\/partygo.waw.pl\/#website"},"primaryImageOfPage":{"@id":"https:\/\/partygo.waw.pl\/index.php\/product\/kubek-ze-spersonalizowanym-nadrukiem-gratulacje\/#primaryimage"},"image":{"@id":"https:\/\/partygo.waw.pl\/index.php\/product\/kubek-ze-spersonalizowanym-nadrukiem-gratulacje\/#primaryimage"},"thumbnailUrl":"https:\/\/partygo.waw.pl\/wp-content\/uploads\/2026\/03\/kubek_krolowa_gratulacje-scaled.jpg","datePublished":"2026-03-04T13:22:58+00:00","dateModified":"2026-03-04T18:13:13+00:00","description":"Kubek ze spersonalizowanym nadrukiem \u201eGratulacje\u201dWyj\u0105tkowy kubek z napisem \u201eGratulacje\u201d to idealny prezent na szczeg\u00f3lne okazje \u2013 awans, obron\u0119 pracy dyplomowej, narodziny dziecka, nowe mieszkanie czy inne wa\u017cne osi\u0105gni\u0119cie. Indywidualny nadruk sprawia, \u017ce upominek staje si\u0119 niepowtarzaln\u0105 pami\u0105tk\u0105.Mo\u017cliwo\u015b\u0107 dodania imienia, daty, kr\u00f3tkiej dedykacji lub grafiki dopasowanej do okazji nadaje kubkowi indywidualnego charakteru.","breadcrumb":{"@id":"https:\/\/partygo.waw.pl\/index.php\/product\/kubek-ze-spersonalizowanym-nadrukiem-gratulacje\/#breadcrumb"},"inLanguage":"pl-PL","potentialAction":[{"@type":"ReadAction","target":["https:\/\/partygo.waw.pl\/index.php\/product\/kubek-ze-spersonalizowanym-nadrukiem-gratulacje\/"]}]},{"@type":"ImageObject","inLanguage":"pl-PL","@id":"https:\/\/partygo.waw.pl\/index.php\/product\/kubek-ze-spersonalizowanym-nadrukiem-gratulacje\/#primaryimage","url":"https:\/\/partygo.waw.pl\/wp-content\/uploads\/2026\/03\/kubek_krolowa_gratulacje-scaled.jpg","contentUrl":"https:\/\/partygo.waw.pl\/wp-content\/uploads\/2026\/03\/kubek_krolowa_gratulacje-scaled.jpg","width":2560,"height":1978},{"@type":"BreadcrumbList","@id":"https:\/\/partygo.waw.pl\/index.php\/product\/kubek-ze-spersonalizowanym-nadrukiem-gratulacje\/#breadcrumb","itemListElement":[{"@type":"ListItem","position":1,"name":"Strona g\u0142\u00f3wna","item":"https:\/\/partygo.waw.pl\/"},{"@type":"ListItem","position":2,"name":"Galeria&#038;Sklep","item":"https:\/\/partygo.waw.pl\/index.php\/sklep\/"},{"@type":"ListItem","position":3,"name":"Kubek ze spersonalizowanym nadrukiem \u201eGratulacje\u201d"}]},{"@type":"WebSite","@id":"https:\/\/partygo.waw.pl\/#website","url":"https:\/\/partygo.waw.pl\/","name":"PartyGo","description":"Balony i dekoracje Warszawa Legionowo","publisher":{"@id":"https:\/\/partygo.waw.pl\/#organization"},"potentialAction":[{"@type":"SearchAction","target":{"@type":"EntryPoint","urlTemplate":"https:\/\/partygo.waw.pl\/?s={search_term_string}"},"query-input":{"@type":"PropertyValueSpecification","valueRequired":true,"valueName":"search_term_string"}}],"inLanguage":"pl-PL"},{"@type":"Organization","@id":"https:\/\/partygo.waw.pl\/#organization","name":"PartyGo","url":"https:\/\/partygo.waw.pl\/","logo":{"@type":"ImageObject","inLanguage":"pl-PL","@id":"https:\/\/partygo.waw.pl\/#\/schema\/logo\/image\/","url":"https:\/\/partygo.waw.pl\/wp-content\/uploads\/2022\/10\/logo_party-2.jpg","contentUrl":"https:\/\/partygo.waw.pl\/wp-content\/uploads\/2022\/10\/logo_party-2.jpg","width":300,"height":300,"caption":"PartyGo"},"image":{"@id":"https:\/\/partygo.waw.pl\/#\/schema\/logo\/image\/"},"sameAs":["https:\/\/www.facebook.com\/people\/Party-Go-Warszawa\/"]}]}},"_links":{"self":[{"href":"https:\/\/partygo.waw.pl\/index.php\/wp-json\/wp\/v2\/product\/1512","targetHints":{"allow":["GET"]}}],"collection":[{"href":"https:\/\/partygo.waw.pl\/index.php\/wp-json\/wp\/v2\/product"}],"about":[{"href":"https:\/\/partygo.waw.pl\/index.php\/wp-json\/wp\/v2\/types\/product"}],"replies":[{"embeddable":true,"href":"https:\/\/partygo.waw.pl\/index.php\/wp-json\/wp\/v2\/comments?post=1512"}],"wp:featuredmedia":[{"embeddable":true,"href":"https:\/\/partygo.waw.pl\/index.php\/wp-json\/wp\/v2\/media\/1502"}],"wp:attachment":[{"href":"https:\/\/partygo.waw.pl\/index.php\/wp-json\/wp\/v2\/media?parent=1512"}],"wp:term":[{"taxonomy":"product_brand","embeddable":true,"href":"https:\/\/partygo.waw.pl\/index.php\/wp-json\/wp\/v2\/product_brand?post=1512"},{"taxonomy":"product_cat","embeddable":true,"href":"https:\/\/partygo.waw.pl\/index.php\/wp-json\/wp\/v2\/product_cat?post=1512"},{"taxonomy":"product_tag","embeddable":true,"href":"https:\/\/partygo.waw.pl\/index.php\/wp-json\/wp\/v2\/product_tag?post=1512"}],"curies":[{"name":"wp","href":"https:\/\/api.w.org\/{rel}","templated":true}]}}