{"id":1521,"date":"2026-03-07T18:15:37","date_gmt":"2026-03-07T17:15:37","guid":{"rendered":"https:\/\/partygo.waw.pl\/?post_type=product&#038;p=1521"},"modified":"2026-03-07T18:17:10","modified_gmt":"2026-03-07T17:17:10","slug":"bukiet-balonowy-na-60-urodziny","status":"publish","type":"product","link":"https:\/\/partygo.waw.pl\/index.php\/product\/bukiet-balonowy-na-60-urodziny\/","title":{"rendered":"Bukiet balonowy na 60 urodziny z helem"},"content":{"rendered":"<h2 data-section-id=\"ypyrud\" data-start=\"0\" data-end=\"49\">Bukiet balonowy na 60 urodziny z personalizacj\u0105<\/h2>\n<p>Elegancka kompozycja balonowa, kt\u00f3ra doskonale sprawdzi si\u0119 jako dekoracja urodzinowa, dodatek do prezentu lub wyj\u0105tkowa niespodzianka dla solenizanta. Klasyczne po\u0142\u0105czenie z\u0142ota, bieli i czerni nadaje ca\u0142o\u015bci stylowy i uroczysty charakter.<\/p>\n<p>Centralnym elementem bukietu jest balon foliowy w kszta\u0142cie gwiazdy z personalizowanym napisem (np. imi\u0119 oraz wiek jubilata), kt\u00f3ry nadaje dekoracji indywidualnego charakteru.<\/p>\n<h3 data-section-id=\"8zpe5n\" data-start=\"470\" data-end=\"498\">W sk\u0142ad zestawu wchodzi:<\/h3>\n<ul data-start=\"499\" data-end=\"757\">\n<li data-section-id=\"5jv66e\" data-start=\"499\" data-end=\"563\">Balon foliowy w kszta\u0142cie gwiazdy z personalizowanym napisem<\/li>\n<li data-section-id=\"1k8r07n\" data-start=\"564\" data-end=\"611\">Balon foliowy okr\u0105g\u0142y\u00a0 60 urodziny<\/li>\n<li data-section-id=\"15uqvgj\" data-start=\"612\" data-end=\"666\">2 balony lateksowe z napisem \u201eHappy Birthday To You\u201d<\/li>\n<li data-section-id=\"1sxjvmj\" data-start=\"667\" data-end=\"716\">2 balony lateksowe w kolorze metalicznego z\u0142ota<\/li>\n<li data-section-id=\"1p8hjmg\" data-start=\"737\" data-end=\"757\">Pompowanie helem<\/li>\n<\/ul>\n<p>Bukiet \u015bwietnie prezentuje si\u0119 podczas przyj\u0119cia w domu, w restauracji lub w sali bankietowej. To tak\u017ce idealny pomys\u0142 na efektown\u0105 niespodziank\u0119 dla bliskiej osoby.<\/p>\n<p>Mo\u017cliwo\u015b\u0107 dopasowania napisu, wieku oraz kolorystyki balon\u00f3w wed\u0142ug indywidualnych preferencji.<\/p>\n","protected":false},"excerpt":{"rendered":"<p>Bukiet balonowy na 60 urodziny z personalizacj\u0105 Elegancka kompozycja balonowa, kt\u00f3ra doskonale sprawdzi si\u0119 jako dekoracja urodzinowa, dodatek do prezentu lub wyj\u0105tkowa niespodzianka dla solenizanta. Klasyczne po\u0142\u0105czenie z\u0142ota, bieli i czerni nadaje ca\u0142o\u015bci stylowy i uroczysty charakter. Centralnym elementem bukietu jest balon foliowy w kszta\u0142cie gwiazdy z personalizowanym napisem (np. imi\u0119 oraz wiek jubilata), kt\u00f3ry&hellip;&nbsp;<a href=\"https:\/\/partygo.waw.pl\/index.php\/product\/bukiet-balonowy-na-60-urodziny\/\" class=\"\" rel=\"bookmark\">Czytaj dalej &raquo;<span class=\"screen-reader-text\">Bukiet balonowy na 60 urodziny z helem<\/span><\/a><\/p>\n","protected":false},"featured_media":1322,"comment_status":"open","ping_status":"closed","template":"","meta":{"neve_meta_sidebar":"","neve_meta_container":"","neve_meta_enable_content_width":"off","neve_meta_content_width":100,"neve_meta_title_alignment":"","neve_meta_author_avatar":"","neve_post_elements_order":"","neve_meta_disable_header":"","neve_meta_disable_footer":"","neve_meta_disable_title":"","_vp_format_video_url":"","_vp_image_focal_point":[]},"product_brand":[],"product_cat":[45,40],"product_tag":[],"class_list":{"0":"post-1521","1":"product","2":"type-product","3":"status-publish","4":"has-post-thumbnail","6":"product_cat-bukiety-urodzinowe","7":"product_cat-misc","9":"first","10":"onbackorder","11":"shipping-taxable","12":"product-type-simple"},"yoast_head":"<!-- This site is optimized with the Yoast SEO plugin v27.3 - https:\/\/yoast.com\/product\/yoast-seo-wordpress\/ -->\n<title>Bukiet balonowy na 60 urodziny z helem - PartyGo<\/title>\n<meta name=\"description\" content=\"Bukiet balonowy na 60 urodziny z personalizacj\u0105Elegancka kompozycja balonowa, kt\u00f3ra doskonale sprawdzi si\u0119 jako dekoracja urodzinowa, dodatek do prezentu lub wyj\u0105tkowa niespodzianka dla solenizanta. Klasyczne po\u0142\u0105czenie z\u0142ota, bieli i czerni nadaje ca\u0142o\u015bci stylowy i uroczysty charakter.Centralnym elementem bukietu jest balon foliowy w kszta\u0142cie gwiazdy z personalizowanym napisem (np. imi\u0119 oraz wiek jubilata), kt\u00f3ry nadaje dekoracji indywidualnego charakteru.\" \/>\n<meta name=\"robots\" content=\"index, follow, max-snippet:-1, max-image-preview:large, max-video-preview:-1\" \/>\n<link rel=\"canonical\" href=\"https:\/\/partygo.waw.pl\/index.php\/product\/bukiet-balonowy-na-60-urodziny\/\" \/>\n<meta property=\"og:locale\" content=\"pl_PL\" \/>\n<meta property=\"og:type\" content=\"article\" \/>\n<meta property=\"og:title\" content=\"Bukiet balonowy na 60 urodziny z helem - PartyGo\" \/>\n<meta property=\"og:description\" content=\"Bukiet balonowy na 60 urodziny z personalizacj\u0105Elegancka kompozycja balonowa, kt\u00f3ra doskonale sprawdzi si\u0119 jako dekoracja urodzinowa, dodatek do prezentu lub wyj\u0105tkowa niespodzianka dla solenizanta. Klasyczne po\u0142\u0105czenie z\u0142ota, bieli i czerni nadaje ca\u0142o\u015bci stylowy i uroczysty charakter.Centralnym elementem bukietu jest balon foliowy w kszta\u0142cie gwiazdy z personalizowanym napisem (np. imi\u0119 oraz wiek jubilata), kt\u00f3ry nadaje dekoracji indywidualnego charakteru.\" \/>\n<meta property=\"og:url\" content=\"https:\/\/partygo.waw.pl\/index.php\/product\/bukiet-balonowy-na-60-urodziny\/\" \/>\n<meta property=\"og:site_name\" content=\"PartyGo\" \/>\n<meta property=\"article:publisher\" content=\"https:\/\/www.facebook.com\/people\/Party-Go-Warszawa\/\" \/>\n<meta property=\"article:modified_time\" content=\"2026-03-07T17:17:10+00:00\" \/>\n<meta property=\"og:image\" content=\"https:\/\/partygo.waw.pl\/wp-content\/uploads\/2026\/02\/1000011704.jpg\" \/>\n\t<meta property=\"og:image:width\" content=\"1536\" \/>\n\t<meta property=\"og:image:height\" content=\"2048\" \/>\n\t<meta property=\"og:image:type\" content=\"image\/jpeg\" \/>\n<meta name=\"twitter:card\" content=\"summary_large_image\" \/>\n<meta name=\"twitter:label1\" content=\"Szacowany czas czytania\" \/>\n\t<meta name=\"twitter:data1\" content=\"1 minuta\" \/>\n<script type=\"application\/ld+json\" class=\"yoast-schema-graph\">{\"@context\":\"https:\\\/\\\/schema.org\",\"@graph\":[{\"@type\":\"WebPage\",\"@id\":\"https:\\\/\\\/partygo.waw.pl\\\/index.php\\\/product\\\/bukiet-balonowy-na-60-urodziny\\\/\",\"url\":\"https:\\\/\\\/partygo.waw.pl\\\/index.php\\\/product\\\/bukiet-balonowy-na-60-urodziny\\\/\",\"name\":\"Bukiet balonowy na 60 urodziny z helem - PartyGo\",\"isPartOf\":{\"@id\":\"https:\\\/\\\/partygo.waw.pl\\\/#website\"},\"primaryImageOfPage\":{\"@id\":\"https:\\\/\\\/partygo.waw.pl\\\/index.php\\\/product\\\/bukiet-balonowy-na-60-urodziny\\\/#primaryimage\"},\"image\":{\"@id\":\"https:\\\/\\\/partygo.waw.pl\\\/index.php\\\/product\\\/bukiet-balonowy-na-60-urodziny\\\/#primaryimage\"},\"thumbnailUrl\":\"https:\\\/\\\/partygo.waw.pl\\\/wp-content\\\/uploads\\\/2026\\\/02\\\/1000011704.jpg\",\"datePublished\":\"2026-03-07T17:15:37+00:00\",\"dateModified\":\"2026-03-07T17:17:10+00:00\",\"description\":\"Bukiet balonowy na 60 urodziny z personalizacj\u0105Elegancka kompozycja balonowa, kt\u00f3ra doskonale sprawdzi si\u0119 jako dekoracja urodzinowa, dodatek do prezentu lub wyj\u0105tkowa niespodzianka dla solenizanta. Klasyczne po\u0142\u0105czenie z\u0142ota, bieli i czerni nadaje ca\u0142o\u015bci stylowy i uroczysty charakter.Centralnym elementem bukietu jest balon foliowy w kszta\u0142cie gwiazdy z personalizowanym napisem (np. imi\u0119 oraz wiek jubilata), kt\u00f3ry nadaje dekoracji indywidualnego charakteru.\",\"breadcrumb\":{\"@id\":\"https:\\\/\\\/partygo.waw.pl\\\/index.php\\\/product\\\/bukiet-balonowy-na-60-urodziny\\\/#breadcrumb\"},\"inLanguage\":\"pl-PL\",\"potentialAction\":[{\"@type\":\"ReadAction\",\"target\":[\"https:\\\/\\\/partygo.waw.pl\\\/index.php\\\/product\\\/bukiet-balonowy-na-60-urodziny\\\/\"]}]},{\"@type\":\"ImageObject\",\"inLanguage\":\"pl-PL\",\"@id\":\"https:\\\/\\\/partygo.waw.pl\\\/index.php\\\/product\\\/bukiet-balonowy-na-60-urodziny\\\/#primaryimage\",\"url\":\"https:\\\/\\\/partygo.waw.pl\\\/wp-content\\\/uploads\\\/2026\\\/02\\\/1000011704.jpg\",\"contentUrl\":\"https:\\\/\\\/partygo.waw.pl\\\/wp-content\\\/uploads\\\/2026\\\/02\\\/1000011704.jpg\",\"width\":1536,\"height\":2048},{\"@type\":\"BreadcrumbList\",\"@id\":\"https:\\\/\\\/partygo.waw.pl\\\/index.php\\\/product\\\/bukiet-balonowy-na-60-urodziny\\\/#breadcrumb\",\"itemListElement\":[{\"@type\":\"ListItem\",\"position\":1,\"name\":\"Strona g\u0142\u00f3wna\",\"item\":\"https:\\\/\\\/partygo.waw.pl\\\/\"},{\"@type\":\"ListItem\",\"position\":2,\"name\":\"Galeria&#038;Sklep\",\"item\":\"https:\\\/\\\/partygo.waw.pl\\\/index.php\\\/sklep\\\/\"},{\"@type\":\"ListItem\",\"position\":3,\"name\":\"Bukiet balonowy na 60 urodziny z helem\"}]},{\"@type\":\"WebSite\",\"@id\":\"https:\\\/\\\/partygo.waw.pl\\\/#website\",\"url\":\"https:\\\/\\\/partygo.waw.pl\\\/\",\"name\":\"PartyGo\",\"description\":\"Balony i dekoracje Warszawa Legionowo\",\"publisher\":{\"@id\":\"https:\\\/\\\/partygo.waw.pl\\\/#organization\"},\"potentialAction\":[{\"@type\":\"SearchAction\",\"target\":{\"@type\":\"EntryPoint\",\"urlTemplate\":\"https:\\\/\\\/partygo.waw.pl\\\/?s={search_term_string}\"},\"query-input\":{\"@type\":\"PropertyValueSpecification\",\"valueRequired\":true,\"valueName\":\"search_term_string\"}}],\"inLanguage\":\"pl-PL\"},{\"@type\":\"Organization\",\"@id\":\"https:\\\/\\\/partygo.waw.pl\\\/#organization\",\"name\":\"PartyGo\",\"url\":\"https:\\\/\\\/partygo.waw.pl\\\/\",\"logo\":{\"@type\":\"ImageObject\",\"inLanguage\":\"pl-PL\",\"@id\":\"https:\\\/\\\/partygo.waw.pl\\\/#\\\/schema\\\/logo\\\/image\\\/\",\"url\":\"https:\\\/\\\/partygo.waw.pl\\\/wp-content\\\/uploads\\\/2022\\\/10\\\/logo_party-2.jpg\",\"contentUrl\":\"https:\\\/\\\/partygo.waw.pl\\\/wp-content\\\/uploads\\\/2022\\\/10\\\/logo_party-2.jpg\",\"width\":300,\"height\":300,\"caption\":\"PartyGo\"},\"image\":{\"@id\":\"https:\\\/\\\/partygo.waw.pl\\\/#\\\/schema\\\/logo\\\/image\\\/\"},\"sameAs\":[\"https:\\\/\\\/www.facebook.com\\\/people\\\/Party-Go-Warszawa\\\/\"]}]}<\/script>\n<!-- \/ Yoast SEO plugin. -->","yoast_head_json":{"title":"Bukiet balonowy na 60 urodziny z helem - PartyGo","description":"Bukiet balonowy na 60 urodziny z personalizacj\u0105Elegancka kompozycja balonowa, kt\u00f3ra doskonale sprawdzi si\u0119 jako dekoracja urodzinowa, dodatek do prezentu lub wyj\u0105tkowa niespodzianka dla solenizanta. Klasyczne po\u0142\u0105czenie z\u0142ota, bieli i czerni nadaje ca\u0142o\u015bci stylowy i uroczysty charakter.Centralnym elementem bukietu jest balon foliowy w kszta\u0142cie gwiazdy z personalizowanym napisem (np. imi\u0119 oraz wiek jubilata), kt\u00f3ry nadaje dekoracji indywidualnego charakteru.","robots":{"index":"index","follow":"follow","max-snippet":"max-snippet:-1","max-image-preview":"max-image-preview:large","max-video-preview":"max-video-preview:-1"},"canonical":"https:\/\/partygo.waw.pl\/index.php\/product\/bukiet-balonowy-na-60-urodziny\/","og_locale":"pl_PL","og_type":"article","og_title":"Bukiet balonowy na 60 urodziny z helem - PartyGo","og_description":"Bukiet balonowy na 60 urodziny z personalizacj\u0105Elegancka kompozycja balonowa, kt\u00f3ra doskonale sprawdzi si\u0119 jako dekoracja urodzinowa, dodatek do prezentu lub wyj\u0105tkowa niespodzianka dla solenizanta. Klasyczne po\u0142\u0105czenie z\u0142ota, bieli i czerni nadaje ca\u0142o\u015bci stylowy i uroczysty charakter.Centralnym elementem bukietu jest balon foliowy w kszta\u0142cie gwiazdy z personalizowanym napisem (np. imi\u0119 oraz wiek jubilata), kt\u00f3ry nadaje dekoracji indywidualnego charakteru.","og_url":"https:\/\/partygo.waw.pl\/index.php\/product\/bukiet-balonowy-na-60-urodziny\/","og_site_name":"PartyGo","article_publisher":"https:\/\/www.facebook.com\/people\/Party-Go-Warszawa\/","article_modified_time":"2026-03-07T17:17:10+00:00","og_image":[{"width":1536,"height":2048,"url":"https:\/\/partygo.waw.pl\/wp-content\/uploads\/2026\/02\/1000011704.jpg","type":"image\/jpeg"}],"twitter_card":"summary_large_image","twitter_misc":{"Szacowany czas czytania":"1 minuta"},"schema":{"@context":"https:\/\/schema.org","@graph":[{"@type":"WebPage","@id":"https:\/\/partygo.waw.pl\/index.php\/product\/bukiet-balonowy-na-60-urodziny\/","url":"https:\/\/partygo.waw.pl\/index.php\/product\/bukiet-balonowy-na-60-urodziny\/","name":"Bukiet balonowy na 60 urodziny z helem - PartyGo","isPartOf":{"@id":"https:\/\/partygo.waw.pl\/#website"},"primaryImageOfPage":{"@id":"https:\/\/partygo.waw.pl\/index.php\/product\/bukiet-balonowy-na-60-urodziny\/#primaryimage"},"image":{"@id":"https:\/\/partygo.waw.pl\/index.php\/product\/bukiet-balonowy-na-60-urodziny\/#primaryimage"},"thumbnailUrl":"https:\/\/partygo.waw.pl\/wp-content\/uploads\/2026\/02\/1000011704.jpg","datePublished":"2026-03-07T17:15:37+00:00","dateModified":"2026-03-07T17:17:10+00:00","description":"Bukiet balonowy na 60 urodziny z personalizacj\u0105Elegancka kompozycja balonowa, kt\u00f3ra doskonale sprawdzi si\u0119 jako dekoracja urodzinowa, dodatek do prezentu lub wyj\u0105tkowa niespodzianka dla solenizanta. Klasyczne po\u0142\u0105czenie z\u0142ota, bieli i czerni nadaje ca\u0142o\u015bci stylowy i uroczysty charakter.Centralnym elementem bukietu jest balon foliowy w kszta\u0142cie gwiazdy z personalizowanym napisem (np. imi\u0119 oraz wiek jubilata), kt\u00f3ry nadaje dekoracji indywidualnego charakteru.","breadcrumb":{"@id":"https:\/\/partygo.waw.pl\/index.php\/product\/bukiet-balonowy-na-60-urodziny\/#breadcrumb"},"inLanguage":"pl-PL","potentialAction":[{"@type":"ReadAction","target":["https:\/\/partygo.waw.pl\/index.php\/product\/bukiet-balonowy-na-60-urodziny\/"]}]},{"@type":"ImageObject","inLanguage":"pl-PL","@id":"https:\/\/partygo.waw.pl\/index.php\/product\/bukiet-balonowy-na-60-urodziny\/#primaryimage","url":"https:\/\/partygo.waw.pl\/wp-content\/uploads\/2026\/02\/1000011704.jpg","contentUrl":"https:\/\/partygo.waw.pl\/wp-content\/uploads\/2026\/02\/1000011704.jpg","width":1536,"height":2048},{"@type":"BreadcrumbList","@id":"https:\/\/partygo.waw.pl\/index.php\/product\/bukiet-balonowy-na-60-urodziny\/#breadcrumb","itemListElement":[{"@type":"ListItem","position":1,"name":"Strona g\u0142\u00f3wna","item":"https:\/\/partygo.waw.pl\/"},{"@type":"ListItem","position":2,"name":"Galeria&#038;Sklep","item":"https:\/\/partygo.waw.pl\/index.php\/sklep\/"},{"@type":"ListItem","position":3,"name":"Bukiet balonowy na 60 urodziny z helem"}]},{"@type":"WebSite","@id":"https:\/\/partygo.waw.pl\/#website","url":"https:\/\/partygo.waw.pl\/","name":"PartyGo","description":"Balony i dekoracje Warszawa Legionowo","publisher":{"@id":"https:\/\/partygo.waw.pl\/#organization"},"potentialAction":[{"@type":"SearchAction","target":{"@type":"EntryPoint","urlTemplate":"https:\/\/partygo.waw.pl\/?s={search_term_string}"},"query-input":{"@type":"PropertyValueSpecification","valueRequired":true,"valueName":"search_term_string"}}],"inLanguage":"pl-PL"},{"@type":"Organization","@id":"https:\/\/partygo.waw.pl\/#organization","name":"PartyGo","url":"https:\/\/partygo.waw.pl\/","logo":{"@type":"ImageObject","inLanguage":"pl-PL","@id":"https:\/\/partygo.waw.pl\/#\/schema\/logo\/image\/","url":"https:\/\/partygo.waw.pl\/wp-content\/uploads\/2022\/10\/logo_party-2.jpg","contentUrl":"https:\/\/partygo.waw.pl\/wp-content\/uploads\/2022\/10\/logo_party-2.jpg","width":300,"height":300,"caption":"PartyGo"},"image":{"@id":"https:\/\/partygo.waw.pl\/#\/schema\/logo\/image\/"},"sameAs":["https:\/\/www.facebook.com\/people\/Party-Go-Warszawa\/"]}]}},"_links":{"self":[{"href":"https:\/\/partygo.waw.pl\/index.php\/wp-json\/wp\/v2\/product\/1521","targetHints":{"allow":["GET"]}}],"collection":[{"href":"https:\/\/partygo.waw.pl\/index.php\/wp-json\/wp\/v2\/product"}],"about":[{"href":"https:\/\/partygo.waw.pl\/index.php\/wp-json\/wp\/v2\/types\/product"}],"replies":[{"embeddable":true,"href":"https:\/\/partygo.waw.pl\/index.php\/wp-json\/wp\/v2\/comments?post=1521"}],"wp:featuredmedia":[{"embeddable":true,"href":"https:\/\/partygo.waw.pl\/index.php\/wp-json\/wp\/v2\/media\/1322"}],"wp:attachment":[{"href":"https:\/\/partygo.waw.pl\/index.php\/wp-json\/wp\/v2\/media?parent=1521"}],"wp:term":[{"taxonomy":"product_brand","embeddable":true,"href":"https:\/\/partygo.waw.pl\/index.php\/wp-json\/wp\/v2\/product_brand?post=1521"},{"taxonomy":"product_cat","embeddable":true,"href":"https:\/\/partygo.waw.pl\/index.php\/wp-json\/wp\/v2\/product_cat?post=1521"},{"taxonomy":"product_tag","embeddable":true,"href":"https:\/\/partygo.waw.pl\/index.php\/wp-json\/wp\/v2\/product_tag?post=1521"}],"curies":[{"name":"wp","href":"https:\/\/api.w.org\/{rel}","templated":true}]}}