{"id":1524,"date":"2026-03-07T18:40:08","date_gmt":"2026-03-07T17:40:08","guid":{"rendered":"https:\/\/partygo.waw.pl\/?post_type=product&#038;p=1524"},"modified":"2026-03-07T18:40:08","modified_gmt":"2026-03-07T17:40:08","slug":"bukiet-balonowy-z-helem-na-30-urodziny","status":"publish","type":"product","link":"https:\/\/partygo.waw.pl\/index.php\/product\/bukiet-balonowy-z-helem-na-30-urodziny\/","title":{"rendered":"Bukiet balonowy z helem na 30 urodziny"},"content":{"rendered":"<h2 data-section-id=\"l0ew4y\" data-start=\"0\" data-end=\"68\">Bukiet balonowy na 30 urodziny \u2013 personalizowana gwiazda Jumbo<\/h2>\n<p data-start=\"70\" data-end=\"341\">Elegancka i efektowna kompozycja balonowa stworzona z my\u015bl\u0105 o 30 urodzinach. Centralnym elementem dekoracji jest du\u017cy balon foliowy w kszta\u0142cie gwiazdy &#8220;Jumbo&#8221; z personalizowanym nadrukiem (imi\u0119 oraz wiek), kt\u00f3ry nadaje ca\u0142o\u015bci wyj\u0105tkowego i indywidualnego charakteru.<\/p>\n<p data-start=\"343\" data-end=\"478\">Delikatna kolorystyka r\u00f3\u017cu, bieli i z\u0142ota sprawia, \u017ce bukiet prezentuje si\u0119 bardzo stylowo i doskonale pasuje do urodzinowej atmosfery.<\/p>\n<h3 data-section-id=\"8zpe5n\" data-start=\"480\" data-end=\"508\">W sk\u0142ad zestawu wchodzi:<\/h3>\n<ul data-start=\"509\" data-end=\"746\">\n<li data-section-id=\"18051ri\" data-start=\"509\" data-end=\"578\">\n<p data-start=\"511\" data-end=\"578\">Du\u017cy balon foliowy gwiazda &#8220;Jumbo&#8221; ze spersonalizowanym napisem<\/p>\n<\/li>\n<li data-section-id=\"1vw3oh3\" data-start=\"579\" data-end=\"616\">\n<p data-start=\"581\" data-end=\"616\">2 balony lateksowe w kolorze bia\u0142ym<\/p>\n<\/li>\n<li data-section-id=\"1qr9ka2\" data-start=\"617\" data-end=\"655\">\n<p data-start=\"619\" data-end=\"655\">2 balony lateksowe w kolorze r\u00f3\u017cowym<\/p>\n<\/li>\n<li data-section-id=\"1sxjvmj\" data-start=\"656\" data-end=\"705\">\n<p data-start=\"658\" data-end=\"705\">2 balony lateksowe w kolorze metalicznego z\u0142ota<\/p>\n<\/li>\n<li data-section-id=\"1p8hjmg\" data-start=\"726\" data-end=\"746\">\n<p data-start=\"728\" data-end=\"746\">Pompowanie helem<\/p>\n<\/li>\n<\/ul>\n<p data-start=\"748\" data-end=\"934\">Bukiet \u015bwietnie sprawdzi si\u0119 jako dekoracja przyj\u0119cia urodzinowego, efektowny dodatek do prezentu lub niespodzianka dla solenizantki. Idealny do domu, restauracji lub sali bankietowej.<\/p>\n<p data-start=\"936\" data-end=\"1031\" data-is-last-node=\"\" data-is-only-node=\"\">Mo\u017cliwo\u015b\u0107 dopasowania napisu, wieku oraz kolorystyki balon\u00f3w wed\u0142ug indywidualnych preferencji.<\/p>\n","protected":false},"excerpt":{"rendered":"<p>Bukiet balonowy na 30 urodziny \u2013 personalizowana gwiazda Jumbo Elegancka i efektowna kompozycja balonowa stworzona z my\u015bl\u0105 o 30 urodzinach. Centralnym elementem dekoracji jest du\u017cy balon foliowy w kszta\u0142cie gwiazdy &#8220;Jumbo&#8221; z personalizowanym nadrukiem (imi\u0119 oraz wiek), kt\u00f3ry nadaje ca\u0142o\u015bci wyj\u0105tkowego i indywidualnego charakteru. Delikatna kolorystyka r\u00f3\u017cu, bieli i z\u0142ota sprawia, \u017ce bukiet prezentuje si\u0119&hellip;&nbsp;<a href=\"https:\/\/partygo.waw.pl\/index.php\/product\/bukiet-balonowy-z-helem-na-30-urodziny\/\" class=\"\" rel=\"bookmark\">Czytaj dalej &raquo;<span class=\"screen-reader-text\">Bukiet balonowy z helem na 30 urodziny<\/span><\/a><\/p>\n","protected":false},"featured_media":1320,"comment_status":"open","ping_status":"closed","template":"","meta":{"neve_meta_sidebar":"","neve_meta_container":"","neve_meta_enable_content_width":"off","neve_meta_content_width":100,"neve_meta_title_alignment":"","neve_meta_author_avatar":"","neve_post_elements_order":"","neve_meta_disable_header":"","neve_meta_disable_footer":"","neve_meta_disable_title":"","_vp_format_video_url":"","_vp_image_focal_point":[]},"product_brand":[],"product_cat":[45,40],"product_tag":[],"class_list":{"0":"post-1524","1":"product","2":"type-product","3":"status-publish","4":"has-post-thumbnail","6":"product_cat-bukiety-urodzinowe","7":"product_cat-misc","9":"first","10":"onbackorder","11":"shipping-taxable","12":"product-type-simple"},"yoast_head":"<!-- This site is optimized with the Yoast SEO plugin v27.3 - https:\/\/yoast.com\/product\/yoast-seo-wordpress\/ -->\n<title>Bukiet balonowy z helem na 30 urodziny - PartyGo<\/title>\n<meta name=\"description\" content=\"Bukiet balonowy na 30 urodziny \u2013 personalizowana gwiazda JumboElegancka i efektowna kompozycja balonowa stworzona z my\u015bl\u0105 o 30 urodzinach. Centralnym elementem dekoracji jest du\u017cy balon foliowy w kszta\u0142cie gwiazdy &quot;Jumbo&quot; z personalizowanym nadrukiem (imi\u0119 oraz wiek), kt\u00f3ry nadaje ca\u0142o\u015bci wyj\u0105tkowego i indywidualnego charakteru.Delikatna kolorystyka r\u00f3\u017cu, bieli i z\u0142ota sprawia, \u017ce bukiet prezentuje si\u0119 bardzo stylowo i doskonale pasuje do urodzinowej atmosfery.\" \/>\n<meta name=\"robots\" content=\"index, follow, max-snippet:-1, max-image-preview:large, max-video-preview:-1\" \/>\n<link rel=\"canonical\" href=\"https:\/\/partygo.waw.pl\/index.php\/product\/bukiet-balonowy-z-helem-na-30-urodziny\/\" \/>\n<meta property=\"og:locale\" content=\"pl_PL\" \/>\n<meta property=\"og:type\" content=\"article\" \/>\n<meta property=\"og:title\" content=\"Bukiet balonowy z helem na 30 urodziny - PartyGo\" \/>\n<meta property=\"og:description\" content=\"Bukiet balonowy na 30 urodziny \u2013 personalizowana gwiazda JumboElegancka i efektowna kompozycja balonowa stworzona z my\u015bl\u0105 o 30 urodzinach. Centralnym elementem dekoracji jest du\u017cy balon foliowy w kszta\u0142cie gwiazdy &quot;Jumbo&quot; z personalizowanym nadrukiem (imi\u0119 oraz wiek), kt\u00f3ry nadaje ca\u0142o\u015bci wyj\u0105tkowego i indywidualnego charakteru.Delikatna kolorystyka r\u00f3\u017cu, bieli i z\u0142ota sprawia, \u017ce bukiet prezentuje si\u0119 bardzo stylowo i doskonale pasuje do urodzinowej atmosfery.\" \/>\n<meta property=\"og:url\" content=\"https:\/\/partygo.waw.pl\/index.php\/product\/bukiet-balonowy-z-helem-na-30-urodziny\/\" \/>\n<meta property=\"og:site_name\" content=\"PartyGo\" \/>\n<meta property=\"article:publisher\" content=\"https:\/\/www.facebook.com\/people\/Party-Go-Warszawa\/\" \/>\n<meta property=\"og:image\" content=\"https:\/\/partygo.waw.pl\/wp-content\/uploads\/2026\/02\/1000011692.jpg\" \/>\n\t<meta property=\"og:image:width\" content=\"1536\" \/>\n\t<meta property=\"og:image:height\" content=\"2048\" \/>\n\t<meta property=\"og:image:type\" content=\"image\/jpeg\" \/>\n<meta name=\"twitter:card\" content=\"summary_large_image\" \/>\n<meta name=\"twitter:label1\" content=\"Szacowany czas czytania\" \/>\n\t<meta name=\"twitter:data1\" content=\"1 minuta\" \/>\n<script type=\"application\/ld+json\" class=\"yoast-schema-graph\">{\"@context\":\"https:\\\/\\\/schema.org\",\"@graph\":[{\"@type\":\"WebPage\",\"@id\":\"https:\\\/\\\/partygo.waw.pl\\\/index.php\\\/product\\\/bukiet-balonowy-z-helem-na-30-urodziny\\\/\",\"url\":\"https:\\\/\\\/partygo.waw.pl\\\/index.php\\\/product\\\/bukiet-balonowy-z-helem-na-30-urodziny\\\/\",\"name\":\"Bukiet balonowy z helem na 30 urodziny - PartyGo\",\"isPartOf\":{\"@id\":\"https:\\\/\\\/partygo.waw.pl\\\/#website\"},\"primaryImageOfPage\":{\"@id\":\"https:\\\/\\\/partygo.waw.pl\\\/index.php\\\/product\\\/bukiet-balonowy-z-helem-na-30-urodziny\\\/#primaryimage\"},\"image\":{\"@id\":\"https:\\\/\\\/partygo.waw.pl\\\/index.php\\\/product\\\/bukiet-balonowy-z-helem-na-30-urodziny\\\/#primaryimage\"},\"thumbnailUrl\":\"https:\\\/\\\/partygo.waw.pl\\\/wp-content\\\/uploads\\\/2026\\\/02\\\/1000011692.jpg\",\"datePublished\":\"2026-03-07T17:40:08+00:00\",\"description\":\"Bukiet balonowy na 30 urodziny \u2013 personalizowana gwiazda JumboElegancka i efektowna kompozycja balonowa stworzona z my\u015bl\u0105 o 30 urodzinach. Centralnym elementem dekoracji jest du\u017cy balon foliowy w kszta\u0142cie gwiazdy \\\"Jumbo\\\" z personalizowanym nadrukiem (imi\u0119 oraz wiek), kt\u00f3ry nadaje ca\u0142o\u015bci wyj\u0105tkowego i indywidualnego charakteru.Delikatna kolorystyka r\u00f3\u017cu, bieli i z\u0142ota sprawia, \u017ce bukiet prezentuje si\u0119 bardzo stylowo i doskonale pasuje do urodzinowej atmosfery.\",\"breadcrumb\":{\"@id\":\"https:\\\/\\\/partygo.waw.pl\\\/index.php\\\/product\\\/bukiet-balonowy-z-helem-na-30-urodziny\\\/#breadcrumb\"},\"inLanguage\":\"pl-PL\",\"potentialAction\":[{\"@type\":\"ReadAction\",\"target\":[\"https:\\\/\\\/partygo.waw.pl\\\/index.php\\\/product\\\/bukiet-balonowy-z-helem-na-30-urodziny\\\/\"]}]},{\"@type\":\"ImageObject\",\"inLanguage\":\"pl-PL\",\"@id\":\"https:\\\/\\\/partygo.waw.pl\\\/index.php\\\/product\\\/bukiet-balonowy-z-helem-na-30-urodziny\\\/#primaryimage\",\"url\":\"https:\\\/\\\/partygo.waw.pl\\\/wp-content\\\/uploads\\\/2026\\\/02\\\/1000011692.jpg\",\"contentUrl\":\"https:\\\/\\\/partygo.waw.pl\\\/wp-content\\\/uploads\\\/2026\\\/02\\\/1000011692.jpg\",\"width\":1536,\"height\":2048},{\"@type\":\"BreadcrumbList\",\"@id\":\"https:\\\/\\\/partygo.waw.pl\\\/index.php\\\/product\\\/bukiet-balonowy-z-helem-na-30-urodziny\\\/#breadcrumb\",\"itemListElement\":[{\"@type\":\"ListItem\",\"position\":1,\"name\":\"Strona g\u0142\u00f3wna\",\"item\":\"https:\\\/\\\/partygo.waw.pl\\\/\"},{\"@type\":\"ListItem\",\"position\":2,\"name\":\"Galeria&#038;Sklep\",\"item\":\"https:\\\/\\\/partygo.waw.pl\\\/index.php\\\/sklep\\\/\"},{\"@type\":\"ListItem\",\"position\":3,\"name\":\"Bukiet balonowy z helem na 30 urodziny\"}]},{\"@type\":\"WebSite\",\"@id\":\"https:\\\/\\\/partygo.waw.pl\\\/#website\",\"url\":\"https:\\\/\\\/partygo.waw.pl\\\/\",\"name\":\"PartyGo\",\"description\":\"Balony i dekoracje Warszawa Legionowo\",\"publisher\":{\"@id\":\"https:\\\/\\\/partygo.waw.pl\\\/#organization\"},\"potentialAction\":[{\"@type\":\"SearchAction\",\"target\":{\"@type\":\"EntryPoint\",\"urlTemplate\":\"https:\\\/\\\/partygo.waw.pl\\\/?s={search_term_string}\"},\"query-input\":{\"@type\":\"PropertyValueSpecification\",\"valueRequired\":true,\"valueName\":\"search_term_string\"}}],\"inLanguage\":\"pl-PL\"},{\"@type\":\"Organization\",\"@id\":\"https:\\\/\\\/partygo.waw.pl\\\/#organization\",\"name\":\"PartyGo\",\"url\":\"https:\\\/\\\/partygo.waw.pl\\\/\",\"logo\":{\"@type\":\"ImageObject\",\"inLanguage\":\"pl-PL\",\"@id\":\"https:\\\/\\\/partygo.waw.pl\\\/#\\\/schema\\\/logo\\\/image\\\/\",\"url\":\"https:\\\/\\\/partygo.waw.pl\\\/wp-content\\\/uploads\\\/2022\\\/10\\\/logo_party-2.jpg\",\"contentUrl\":\"https:\\\/\\\/partygo.waw.pl\\\/wp-content\\\/uploads\\\/2022\\\/10\\\/logo_party-2.jpg\",\"width\":300,\"height\":300,\"caption\":\"PartyGo\"},\"image\":{\"@id\":\"https:\\\/\\\/partygo.waw.pl\\\/#\\\/schema\\\/logo\\\/image\\\/\"},\"sameAs\":[\"https:\\\/\\\/www.facebook.com\\\/people\\\/Party-Go-Warszawa\\\/\"]}]}<\/script>\n<!-- \/ Yoast SEO plugin. -->","yoast_head_json":{"title":"Bukiet balonowy z helem na 30 urodziny - PartyGo","description":"Bukiet balonowy na 30 urodziny \u2013 personalizowana gwiazda JumboElegancka i efektowna kompozycja balonowa stworzona z my\u015bl\u0105 o 30 urodzinach. Centralnym elementem dekoracji jest du\u017cy balon foliowy w kszta\u0142cie gwiazdy \"Jumbo\" z personalizowanym nadrukiem (imi\u0119 oraz wiek), kt\u00f3ry nadaje ca\u0142o\u015bci wyj\u0105tkowego i indywidualnego charakteru.Delikatna kolorystyka r\u00f3\u017cu, bieli i z\u0142ota sprawia, \u017ce bukiet prezentuje si\u0119 bardzo stylowo i doskonale pasuje do urodzinowej atmosfery.","robots":{"index":"index","follow":"follow","max-snippet":"max-snippet:-1","max-image-preview":"max-image-preview:large","max-video-preview":"max-video-preview:-1"},"canonical":"https:\/\/partygo.waw.pl\/index.php\/product\/bukiet-balonowy-z-helem-na-30-urodziny\/","og_locale":"pl_PL","og_type":"article","og_title":"Bukiet balonowy z helem na 30 urodziny - PartyGo","og_description":"Bukiet balonowy na 30 urodziny \u2013 personalizowana gwiazda JumboElegancka i efektowna kompozycja balonowa stworzona z my\u015bl\u0105 o 30 urodzinach. Centralnym elementem dekoracji jest du\u017cy balon foliowy w kszta\u0142cie gwiazdy \"Jumbo\" z personalizowanym nadrukiem (imi\u0119 oraz wiek), kt\u00f3ry nadaje ca\u0142o\u015bci wyj\u0105tkowego i indywidualnego charakteru.Delikatna kolorystyka r\u00f3\u017cu, bieli i z\u0142ota sprawia, \u017ce bukiet prezentuje si\u0119 bardzo stylowo i doskonale pasuje do urodzinowej atmosfery.","og_url":"https:\/\/partygo.waw.pl\/index.php\/product\/bukiet-balonowy-z-helem-na-30-urodziny\/","og_site_name":"PartyGo","article_publisher":"https:\/\/www.facebook.com\/people\/Party-Go-Warszawa\/","og_image":[{"width":1536,"height":2048,"url":"https:\/\/partygo.waw.pl\/wp-content\/uploads\/2026\/02\/1000011692.jpg","type":"image\/jpeg"}],"twitter_card":"summary_large_image","twitter_misc":{"Szacowany czas czytania":"1 minuta"},"schema":{"@context":"https:\/\/schema.org","@graph":[{"@type":"WebPage","@id":"https:\/\/partygo.waw.pl\/index.php\/product\/bukiet-balonowy-z-helem-na-30-urodziny\/","url":"https:\/\/partygo.waw.pl\/index.php\/product\/bukiet-balonowy-z-helem-na-30-urodziny\/","name":"Bukiet balonowy z helem na 30 urodziny - PartyGo","isPartOf":{"@id":"https:\/\/partygo.waw.pl\/#website"},"primaryImageOfPage":{"@id":"https:\/\/partygo.waw.pl\/index.php\/product\/bukiet-balonowy-z-helem-na-30-urodziny\/#primaryimage"},"image":{"@id":"https:\/\/partygo.waw.pl\/index.php\/product\/bukiet-balonowy-z-helem-na-30-urodziny\/#primaryimage"},"thumbnailUrl":"https:\/\/partygo.waw.pl\/wp-content\/uploads\/2026\/02\/1000011692.jpg","datePublished":"2026-03-07T17:40:08+00:00","description":"Bukiet balonowy na 30 urodziny \u2013 personalizowana gwiazda JumboElegancka i efektowna kompozycja balonowa stworzona z my\u015bl\u0105 o 30 urodzinach. Centralnym elementem dekoracji jest du\u017cy balon foliowy w kszta\u0142cie gwiazdy \"Jumbo\" z personalizowanym nadrukiem (imi\u0119 oraz wiek), kt\u00f3ry nadaje ca\u0142o\u015bci wyj\u0105tkowego i indywidualnego charakteru.Delikatna kolorystyka r\u00f3\u017cu, bieli i z\u0142ota sprawia, \u017ce bukiet prezentuje si\u0119 bardzo stylowo i doskonale pasuje do urodzinowej atmosfery.","breadcrumb":{"@id":"https:\/\/partygo.waw.pl\/index.php\/product\/bukiet-balonowy-z-helem-na-30-urodziny\/#breadcrumb"},"inLanguage":"pl-PL","potentialAction":[{"@type":"ReadAction","target":["https:\/\/partygo.waw.pl\/index.php\/product\/bukiet-balonowy-z-helem-na-30-urodziny\/"]}]},{"@type":"ImageObject","inLanguage":"pl-PL","@id":"https:\/\/partygo.waw.pl\/index.php\/product\/bukiet-balonowy-z-helem-na-30-urodziny\/#primaryimage","url":"https:\/\/partygo.waw.pl\/wp-content\/uploads\/2026\/02\/1000011692.jpg","contentUrl":"https:\/\/partygo.waw.pl\/wp-content\/uploads\/2026\/02\/1000011692.jpg","width":1536,"height":2048},{"@type":"BreadcrumbList","@id":"https:\/\/partygo.waw.pl\/index.php\/product\/bukiet-balonowy-z-helem-na-30-urodziny\/#breadcrumb","itemListElement":[{"@type":"ListItem","position":1,"name":"Strona g\u0142\u00f3wna","item":"https:\/\/partygo.waw.pl\/"},{"@type":"ListItem","position":2,"name":"Galeria&#038;Sklep","item":"https:\/\/partygo.waw.pl\/index.php\/sklep\/"},{"@type":"ListItem","position":3,"name":"Bukiet balonowy z helem na 30 urodziny"}]},{"@type":"WebSite","@id":"https:\/\/partygo.waw.pl\/#website","url":"https:\/\/partygo.waw.pl\/","name":"PartyGo","description":"Balony i dekoracje Warszawa Legionowo","publisher":{"@id":"https:\/\/partygo.waw.pl\/#organization"},"potentialAction":[{"@type":"SearchAction","target":{"@type":"EntryPoint","urlTemplate":"https:\/\/partygo.waw.pl\/?s={search_term_string}"},"query-input":{"@type":"PropertyValueSpecification","valueRequired":true,"valueName":"search_term_string"}}],"inLanguage":"pl-PL"},{"@type":"Organization","@id":"https:\/\/partygo.waw.pl\/#organization","name":"PartyGo","url":"https:\/\/partygo.waw.pl\/","logo":{"@type":"ImageObject","inLanguage":"pl-PL","@id":"https:\/\/partygo.waw.pl\/#\/schema\/logo\/image\/","url":"https:\/\/partygo.waw.pl\/wp-content\/uploads\/2022\/10\/logo_party-2.jpg","contentUrl":"https:\/\/partygo.waw.pl\/wp-content\/uploads\/2022\/10\/logo_party-2.jpg","width":300,"height":300,"caption":"PartyGo"},"image":{"@id":"https:\/\/partygo.waw.pl\/#\/schema\/logo\/image\/"},"sameAs":["https:\/\/www.facebook.com\/people\/Party-Go-Warszawa\/"]}]}},"_links":{"self":[{"href":"https:\/\/partygo.waw.pl\/index.php\/wp-json\/wp\/v2\/product\/1524","targetHints":{"allow":["GET"]}}],"collection":[{"href":"https:\/\/partygo.waw.pl\/index.php\/wp-json\/wp\/v2\/product"}],"about":[{"href":"https:\/\/partygo.waw.pl\/index.php\/wp-json\/wp\/v2\/types\/product"}],"replies":[{"embeddable":true,"href":"https:\/\/partygo.waw.pl\/index.php\/wp-json\/wp\/v2\/comments?post=1524"}],"wp:featuredmedia":[{"embeddable":true,"href":"https:\/\/partygo.waw.pl\/index.php\/wp-json\/wp\/v2\/media\/1320"}],"wp:attachment":[{"href":"https:\/\/partygo.waw.pl\/index.php\/wp-json\/wp\/v2\/media?parent=1524"}],"wp:term":[{"taxonomy":"product_brand","embeddable":true,"href":"https:\/\/partygo.waw.pl\/index.php\/wp-json\/wp\/v2\/product_brand?post=1524"},{"taxonomy":"product_cat","embeddable":true,"href":"https:\/\/partygo.waw.pl\/index.php\/wp-json\/wp\/v2\/product_cat?post=1524"},{"taxonomy":"product_tag","embeddable":true,"href":"https:\/\/partygo.waw.pl\/index.php\/wp-json\/wp\/v2\/product_tag?post=1524"}],"curies":[{"name":"wp","href":"https:\/\/api.w.org\/{rel}","templated":true}]}}