{"id":1529,"date":"2026-03-09T12:20:28","date_gmt":"2026-03-09T11:20:28","guid":{"rendered":"https:\/\/partygo.waw.pl\/?post_type=product&#038;p=1529"},"modified":"2026-03-09T12:20:28","modified_gmt":"2026-03-09T11:20:28","slug":"bukiet-balonowy-na-urodziny-dla-mezczyzny","status":"publish","type":"product","link":"https:\/\/partygo.waw.pl\/index.php\/product\/bukiet-balonowy-na-urodziny-dla-mezczyzny\/","title":{"rendered":"Bukiet balonowy na urodziny dla m\u0119\u017cczyzny"},"content":{"rendered":"<h2 data-start=\"81\" data-end=\"126\"><strong data-start=\"81\" data-end=\"126\">Bukiet balonowy na urodziny dla m\u0119\u017cczyzny<\/strong><\/h2>\n<p>Elegancki bukiet balonowy stworzony z my\u015bl\u0105 o m\u0119skich urodzinach. Kompozycja utrzymana w stylowym po\u0142\u0105czeniu czerni i z\u0142ota prezentuje si\u0119 bardzo efektownie i doskonale pasuje zar\u00f3wno do przyj\u0119cia w domu, jak i w sali bankietowej.<\/p>\n<p>G\u0142\u00f3wnym elementem zestawu jest balon w kszta\u0142cie butelki z napisem \u201eAged to Perfection\u201d, kt\u00f3ry symbolicznie nawi\u0105zuje do powiedzenia, \u017ce wiek \u2013 podobnie jak w przypadku dobrej whisky \u2013 tylko dodaje charakteru. Ca\u0142o\u015b\u0107 uzupe\u0142niaj\u0105 balony lateksowe oraz transparentny balon z gwiazdkami.<\/p>\n<p>Dodatkowym elementem jest personalizowany balon z imieniem oraz wiekiem solenizanta, dzi\u0119ki czemu dekoracja staje si\u0119 wyj\u0105tkow\u0105 i niepowtarzaln\u0105 ozdob\u0105 urodzin.<\/p>\n<h3 data-start=\"646\" data-end=\"806\">\nZestaw zawiera<\/h3>\n<ul>\n<li>Balon foliowy w kszta\u0142cie butelki whisky<\/li>\n<li>Balon foliowy w kszta\u0142cie gwiazdy ze spersonalizowanym nadrukiem<\/li>\n<li>3 balony lateksowe<\/li>\n<li>Pompowanie helem<\/li>\n<\/ul>\n<p data-start=\"808\" data-end=\"901\">Bukiet idealnie sprawdzi si\u0119 jako dekoracja przyj\u0119cia lub oryginalny prezent dla solenizanta.<\/p>\n","protected":false},"excerpt":{"rendered":"<p>Bukiet balonowy na urodziny dla m\u0119\u017cczyzny Elegancki bukiet balonowy stworzony z my\u015bl\u0105 o m\u0119skich urodzinach. Kompozycja utrzymana w stylowym po\u0142\u0105czeniu czerni i z\u0142ota prezentuje si\u0119 bardzo efektownie i doskonale pasuje zar\u00f3wno do przyj\u0119cia w domu, jak i w sali bankietowej. G\u0142\u00f3wnym elementem zestawu jest balon w kszta\u0142cie butelki z napisem \u201eAged to Perfection\u201d, kt\u00f3ry symbolicznie&hellip;&nbsp;<a href=\"https:\/\/partygo.waw.pl\/index.php\/product\/bukiet-balonowy-na-urodziny-dla-mezczyzny\/\" class=\"\" rel=\"bookmark\">Czytaj dalej &raquo;<span class=\"screen-reader-text\">Bukiet balonowy na urodziny dla m\u0119\u017cczyzny<\/span><\/a><\/p>\n","protected":false},"featured_media":1316,"comment_status":"open","ping_status":"closed","template":"","meta":{"neve_meta_sidebar":"","neve_meta_container":"","neve_meta_enable_content_width":"off","neve_meta_content_width":100,"neve_meta_title_alignment":"","neve_meta_author_avatar":"","neve_post_elements_order":"","neve_meta_disable_header":"","neve_meta_disable_footer":"","neve_meta_disable_title":"","_vp_format_video_url":"","_vp_image_focal_point":[]},"product_brand":[],"product_cat":[45,40],"product_tag":[],"class_list":{"0":"post-1529","1":"product","2":"type-product","3":"status-publish","4":"has-post-thumbnail","6":"product_cat-bukiety-urodzinowe","7":"product_cat-misc","9":"first","10":"onbackorder","11":"shipping-taxable","12":"product-type-simple"},"yoast_head":"<!-- This site is optimized with the Yoast SEO plugin v27.3 - https:\/\/yoast.com\/product\/yoast-seo-wordpress\/ -->\n<title>Bukiet balonowy na urodziny dla m\u0119\u017cczyzny - PartyGo<\/title>\n<meta name=\"description\" content=\"Bukiet balonowy na urodziny dla m\u0119\u017cczyzny Elegancki bukiet balonowy stworzony z my\u015bl\u0105 o m\u0119skich urodzinach. Kompozycja utrzymana w stylowym po\u0142\u0105czeniu czerni i z\u0142ota prezentuje si\u0119 bardzo efektownie i doskonale pasuje zar\u00f3wno do przyj\u0119cia w domu, jak i w sali bankietowej.G\u0142\u00f3wnym elementem zestawu jest balon w kszta\u0142cie butelki z napisem \u201eAged to Perfection\u201d, kt\u00f3ry symbolicznie nawi\u0105zuje do powiedzenia, \u017ce wiek \u2013 podobnie jak w przypadku dobrej whisky \u2013 tylko dodaje charakteru. Ca\u0142o\u015b\u0107 uzupe\u0142niaj\u0105 balony lateksowe oraz transparentny balon z gwiazdkami.\" \/>\n<meta name=\"robots\" content=\"index, follow, max-snippet:-1, max-image-preview:large, max-video-preview:-1\" \/>\n<link rel=\"canonical\" href=\"https:\/\/partygo.waw.pl\/index.php\/product\/bukiet-balonowy-na-urodziny-dla-mezczyzny\/\" \/>\n<meta property=\"og:locale\" content=\"pl_PL\" \/>\n<meta property=\"og:type\" content=\"article\" \/>\n<meta property=\"og:title\" content=\"Bukiet balonowy na urodziny dla m\u0119\u017cczyzny - PartyGo\" \/>\n<meta property=\"og:description\" content=\"Bukiet balonowy na urodziny dla m\u0119\u017cczyzny Elegancki bukiet balonowy stworzony z my\u015bl\u0105 o m\u0119skich urodzinach. Kompozycja utrzymana w stylowym po\u0142\u0105czeniu czerni i z\u0142ota prezentuje si\u0119 bardzo efektownie i doskonale pasuje zar\u00f3wno do przyj\u0119cia w domu, jak i w sali bankietowej.G\u0142\u00f3wnym elementem zestawu jest balon w kszta\u0142cie butelki z napisem \u201eAged to Perfection\u201d, kt\u00f3ry symbolicznie nawi\u0105zuje do powiedzenia, \u017ce wiek \u2013 podobnie jak w przypadku dobrej whisky \u2013 tylko dodaje charakteru. Ca\u0142o\u015b\u0107 uzupe\u0142niaj\u0105 balony lateksowe oraz transparentny balon z gwiazdkami.\" \/>\n<meta property=\"og:url\" content=\"https:\/\/partygo.waw.pl\/index.php\/product\/bukiet-balonowy-na-urodziny-dla-mezczyzny\/\" \/>\n<meta property=\"og:site_name\" content=\"PartyGo\" \/>\n<meta property=\"article:publisher\" content=\"https:\/\/www.facebook.com\/people\/Party-Go-Warszawa\/\" \/>\n<meta property=\"og:image\" content=\"https:\/\/partygo.waw.pl\/wp-content\/uploads\/2026\/02\/1000011596.jpg\" \/>\n\t<meta property=\"og:image:width\" content=\"998\" \/>\n\t<meta property=\"og:image:height\" content=\"1600\" \/>\n\t<meta property=\"og:image:type\" content=\"image\/jpeg\" \/>\n<meta name=\"twitter:card\" content=\"summary_large_image\" \/>\n<meta name=\"twitter:label1\" content=\"Szacowany czas czytania\" \/>\n\t<meta name=\"twitter:data1\" content=\"1 minuta\" \/>\n<script type=\"application\/ld+json\" class=\"yoast-schema-graph\">{\"@context\":\"https:\\\/\\\/schema.org\",\"@graph\":[{\"@type\":\"WebPage\",\"@id\":\"https:\\\/\\\/partygo.waw.pl\\\/index.php\\\/product\\\/bukiet-balonowy-na-urodziny-dla-mezczyzny\\\/\",\"url\":\"https:\\\/\\\/partygo.waw.pl\\\/index.php\\\/product\\\/bukiet-balonowy-na-urodziny-dla-mezczyzny\\\/\",\"name\":\"Bukiet balonowy na urodziny dla m\u0119\u017cczyzny - PartyGo\",\"isPartOf\":{\"@id\":\"https:\\\/\\\/partygo.waw.pl\\\/#website\"},\"primaryImageOfPage\":{\"@id\":\"https:\\\/\\\/partygo.waw.pl\\\/index.php\\\/product\\\/bukiet-balonowy-na-urodziny-dla-mezczyzny\\\/#primaryimage\"},\"image\":{\"@id\":\"https:\\\/\\\/partygo.waw.pl\\\/index.php\\\/product\\\/bukiet-balonowy-na-urodziny-dla-mezczyzny\\\/#primaryimage\"},\"thumbnailUrl\":\"https:\\\/\\\/partygo.waw.pl\\\/wp-content\\\/uploads\\\/2026\\\/02\\\/1000011596.jpg\",\"datePublished\":\"2026-03-09T11:20:28+00:00\",\"description\":\"Bukiet balonowy na urodziny dla m\u0119\u017cczyzny Elegancki bukiet balonowy stworzony z my\u015bl\u0105 o m\u0119skich urodzinach. Kompozycja utrzymana w stylowym po\u0142\u0105czeniu czerni i z\u0142ota prezentuje si\u0119 bardzo efektownie i doskonale pasuje zar\u00f3wno do przyj\u0119cia w domu, jak i w sali bankietowej.G\u0142\u00f3wnym elementem zestawu jest balon w kszta\u0142cie butelki z napisem \u201eAged to Perfection\u201d, kt\u00f3ry symbolicznie nawi\u0105zuje do powiedzenia, \u017ce wiek \u2013 podobnie jak w przypadku dobrej whisky \u2013 tylko dodaje charakteru. Ca\u0142o\u015b\u0107 uzupe\u0142niaj\u0105 balony lateksowe oraz transparentny balon z gwiazdkami.\",\"breadcrumb\":{\"@id\":\"https:\\\/\\\/partygo.waw.pl\\\/index.php\\\/product\\\/bukiet-balonowy-na-urodziny-dla-mezczyzny\\\/#breadcrumb\"},\"inLanguage\":\"pl-PL\",\"potentialAction\":[{\"@type\":\"ReadAction\",\"target\":[\"https:\\\/\\\/partygo.waw.pl\\\/index.php\\\/product\\\/bukiet-balonowy-na-urodziny-dla-mezczyzny\\\/\"]}]},{\"@type\":\"ImageObject\",\"inLanguage\":\"pl-PL\",\"@id\":\"https:\\\/\\\/partygo.waw.pl\\\/index.php\\\/product\\\/bukiet-balonowy-na-urodziny-dla-mezczyzny\\\/#primaryimage\",\"url\":\"https:\\\/\\\/partygo.waw.pl\\\/wp-content\\\/uploads\\\/2026\\\/02\\\/1000011596.jpg\",\"contentUrl\":\"https:\\\/\\\/partygo.waw.pl\\\/wp-content\\\/uploads\\\/2026\\\/02\\\/1000011596.jpg\",\"width\":998,\"height\":1600},{\"@type\":\"BreadcrumbList\",\"@id\":\"https:\\\/\\\/partygo.waw.pl\\\/index.php\\\/product\\\/bukiet-balonowy-na-urodziny-dla-mezczyzny\\\/#breadcrumb\",\"itemListElement\":[{\"@type\":\"ListItem\",\"position\":1,\"name\":\"Strona g\u0142\u00f3wna\",\"item\":\"https:\\\/\\\/partygo.waw.pl\\\/\"},{\"@type\":\"ListItem\",\"position\":2,\"name\":\"Galeria&#038;Sklep\",\"item\":\"https:\\\/\\\/partygo.waw.pl\\\/index.php\\\/sklep\\\/\"},{\"@type\":\"ListItem\",\"position\":3,\"name\":\"Bukiet balonowy na urodziny dla m\u0119\u017cczyzny\"}]},{\"@type\":\"WebSite\",\"@id\":\"https:\\\/\\\/partygo.waw.pl\\\/#website\",\"url\":\"https:\\\/\\\/partygo.waw.pl\\\/\",\"name\":\"PartyGo\",\"description\":\"Balony i dekoracje Warszawa Legionowo\",\"publisher\":{\"@id\":\"https:\\\/\\\/partygo.waw.pl\\\/#organization\"},\"potentialAction\":[{\"@type\":\"SearchAction\",\"target\":{\"@type\":\"EntryPoint\",\"urlTemplate\":\"https:\\\/\\\/partygo.waw.pl\\\/?s={search_term_string}\"},\"query-input\":{\"@type\":\"PropertyValueSpecification\",\"valueRequired\":true,\"valueName\":\"search_term_string\"}}],\"inLanguage\":\"pl-PL\"},{\"@type\":\"Organization\",\"@id\":\"https:\\\/\\\/partygo.waw.pl\\\/#organization\",\"name\":\"PartyGo\",\"url\":\"https:\\\/\\\/partygo.waw.pl\\\/\",\"logo\":{\"@type\":\"ImageObject\",\"inLanguage\":\"pl-PL\",\"@id\":\"https:\\\/\\\/partygo.waw.pl\\\/#\\\/schema\\\/logo\\\/image\\\/\",\"url\":\"https:\\\/\\\/partygo.waw.pl\\\/wp-content\\\/uploads\\\/2022\\\/10\\\/logo_party-2.jpg\",\"contentUrl\":\"https:\\\/\\\/partygo.waw.pl\\\/wp-content\\\/uploads\\\/2022\\\/10\\\/logo_party-2.jpg\",\"width\":300,\"height\":300,\"caption\":\"PartyGo\"},\"image\":{\"@id\":\"https:\\\/\\\/partygo.waw.pl\\\/#\\\/schema\\\/logo\\\/image\\\/\"},\"sameAs\":[\"https:\\\/\\\/www.facebook.com\\\/people\\\/Party-Go-Warszawa\\\/\"]}]}<\/script>\n<!-- \/ Yoast SEO plugin. -->","yoast_head_json":{"title":"Bukiet balonowy na urodziny dla m\u0119\u017cczyzny - PartyGo","description":"Bukiet balonowy na urodziny dla m\u0119\u017cczyzny Elegancki bukiet balonowy stworzony z my\u015bl\u0105 o m\u0119skich urodzinach. Kompozycja utrzymana w stylowym po\u0142\u0105czeniu czerni i z\u0142ota prezentuje si\u0119 bardzo efektownie i doskonale pasuje zar\u00f3wno do przyj\u0119cia w domu, jak i w sali bankietowej.G\u0142\u00f3wnym elementem zestawu jest balon w kszta\u0142cie butelki z napisem \u201eAged to Perfection\u201d, kt\u00f3ry symbolicznie nawi\u0105zuje do powiedzenia, \u017ce wiek \u2013 podobnie jak w przypadku dobrej whisky \u2013 tylko dodaje charakteru. Ca\u0142o\u015b\u0107 uzupe\u0142niaj\u0105 balony lateksowe oraz transparentny balon z gwiazdkami.","robots":{"index":"index","follow":"follow","max-snippet":"max-snippet:-1","max-image-preview":"max-image-preview:large","max-video-preview":"max-video-preview:-1"},"canonical":"https:\/\/partygo.waw.pl\/index.php\/product\/bukiet-balonowy-na-urodziny-dla-mezczyzny\/","og_locale":"pl_PL","og_type":"article","og_title":"Bukiet balonowy na urodziny dla m\u0119\u017cczyzny - PartyGo","og_description":"Bukiet balonowy na urodziny dla m\u0119\u017cczyzny Elegancki bukiet balonowy stworzony z my\u015bl\u0105 o m\u0119skich urodzinach. Kompozycja utrzymana w stylowym po\u0142\u0105czeniu czerni i z\u0142ota prezentuje si\u0119 bardzo efektownie i doskonale pasuje zar\u00f3wno do przyj\u0119cia w domu, jak i w sali bankietowej.G\u0142\u00f3wnym elementem zestawu jest balon w kszta\u0142cie butelki z napisem \u201eAged to Perfection\u201d, kt\u00f3ry symbolicznie nawi\u0105zuje do powiedzenia, \u017ce wiek \u2013 podobnie jak w przypadku dobrej whisky \u2013 tylko dodaje charakteru. Ca\u0142o\u015b\u0107 uzupe\u0142niaj\u0105 balony lateksowe oraz transparentny balon z gwiazdkami.","og_url":"https:\/\/partygo.waw.pl\/index.php\/product\/bukiet-balonowy-na-urodziny-dla-mezczyzny\/","og_site_name":"PartyGo","article_publisher":"https:\/\/www.facebook.com\/people\/Party-Go-Warszawa\/","og_image":[{"width":998,"height":1600,"url":"https:\/\/partygo.waw.pl\/wp-content\/uploads\/2026\/02\/1000011596.jpg","type":"image\/jpeg"}],"twitter_card":"summary_large_image","twitter_misc":{"Szacowany czas czytania":"1 minuta"},"schema":{"@context":"https:\/\/schema.org","@graph":[{"@type":"WebPage","@id":"https:\/\/partygo.waw.pl\/index.php\/product\/bukiet-balonowy-na-urodziny-dla-mezczyzny\/","url":"https:\/\/partygo.waw.pl\/index.php\/product\/bukiet-balonowy-na-urodziny-dla-mezczyzny\/","name":"Bukiet balonowy na urodziny dla m\u0119\u017cczyzny - PartyGo","isPartOf":{"@id":"https:\/\/partygo.waw.pl\/#website"},"primaryImageOfPage":{"@id":"https:\/\/partygo.waw.pl\/index.php\/product\/bukiet-balonowy-na-urodziny-dla-mezczyzny\/#primaryimage"},"image":{"@id":"https:\/\/partygo.waw.pl\/index.php\/product\/bukiet-balonowy-na-urodziny-dla-mezczyzny\/#primaryimage"},"thumbnailUrl":"https:\/\/partygo.waw.pl\/wp-content\/uploads\/2026\/02\/1000011596.jpg","datePublished":"2026-03-09T11:20:28+00:00","description":"Bukiet balonowy na urodziny dla m\u0119\u017cczyzny Elegancki bukiet balonowy stworzony z my\u015bl\u0105 o m\u0119skich urodzinach. Kompozycja utrzymana w stylowym po\u0142\u0105czeniu czerni i z\u0142ota prezentuje si\u0119 bardzo efektownie i doskonale pasuje zar\u00f3wno do przyj\u0119cia w domu, jak i w sali bankietowej.G\u0142\u00f3wnym elementem zestawu jest balon w kszta\u0142cie butelki z napisem \u201eAged to Perfection\u201d, kt\u00f3ry symbolicznie nawi\u0105zuje do powiedzenia, \u017ce wiek \u2013 podobnie jak w przypadku dobrej whisky \u2013 tylko dodaje charakteru. Ca\u0142o\u015b\u0107 uzupe\u0142niaj\u0105 balony lateksowe oraz transparentny balon z gwiazdkami.","breadcrumb":{"@id":"https:\/\/partygo.waw.pl\/index.php\/product\/bukiet-balonowy-na-urodziny-dla-mezczyzny\/#breadcrumb"},"inLanguage":"pl-PL","potentialAction":[{"@type":"ReadAction","target":["https:\/\/partygo.waw.pl\/index.php\/product\/bukiet-balonowy-na-urodziny-dla-mezczyzny\/"]}]},{"@type":"ImageObject","inLanguage":"pl-PL","@id":"https:\/\/partygo.waw.pl\/index.php\/product\/bukiet-balonowy-na-urodziny-dla-mezczyzny\/#primaryimage","url":"https:\/\/partygo.waw.pl\/wp-content\/uploads\/2026\/02\/1000011596.jpg","contentUrl":"https:\/\/partygo.waw.pl\/wp-content\/uploads\/2026\/02\/1000011596.jpg","width":998,"height":1600},{"@type":"BreadcrumbList","@id":"https:\/\/partygo.waw.pl\/index.php\/product\/bukiet-balonowy-na-urodziny-dla-mezczyzny\/#breadcrumb","itemListElement":[{"@type":"ListItem","position":1,"name":"Strona g\u0142\u00f3wna","item":"https:\/\/partygo.waw.pl\/"},{"@type":"ListItem","position":2,"name":"Galeria&#038;Sklep","item":"https:\/\/partygo.waw.pl\/index.php\/sklep\/"},{"@type":"ListItem","position":3,"name":"Bukiet balonowy na urodziny dla m\u0119\u017cczyzny"}]},{"@type":"WebSite","@id":"https:\/\/partygo.waw.pl\/#website","url":"https:\/\/partygo.waw.pl\/","name":"PartyGo","description":"Balony i dekoracje Warszawa Legionowo","publisher":{"@id":"https:\/\/partygo.waw.pl\/#organization"},"potentialAction":[{"@type":"SearchAction","target":{"@type":"EntryPoint","urlTemplate":"https:\/\/partygo.waw.pl\/?s={search_term_string}"},"query-input":{"@type":"PropertyValueSpecification","valueRequired":true,"valueName":"search_term_string"}}],"inLanguage":"pl-PL"},{"@type":"Organization","@id":"https:\/\/partygo.waw.pl\/#organization","name":"PartyGo","url":"https:\/\/partygo.waw.pl\/","logo":{"@type":"ImageObject","inLanguage":"pl-PL","@id":"https:\/\/partygo.waw.pl\/#\/schema\/logo\/image\/","url":"https:\/\/partygo.waw.pl\/wp-content\/uploads\/2022\/10\/logo_party-2.jpg","contentUrl":"https:\/\/partygo.waw.pl\/wp-content\/uploads\/2022\/10\/logo_party-2.jpg","width":300,"height":300,"caption":"PartyGo"},"image":{"@id":"https:\/\/partygo.waw.pl\/#\/schema\/logo\/image\/"},"sameAs":["https:\/\/www.facebook.com\/people\/Party-Go-Warszawa\/"]}]}},"_links":{"self":[{"href":"https:\/\/partygo.waw.pl\/index.php\/wp-json\/wp\/v2\/product\/1529","targetHints":{"allow":["GET"]}}],"collection":[{"href":"https:\/\/partygo.waw.pl\/index.php\/wp-json\/wp\/v2\/product"}],"about":[{"href":"https:\/\/partygo.waw.pl\/index.php\/wp-json\/wp\/v2\/types\/product"}],"replies":[{"embeddable":true,"href":"https:\/\/partygo.waw.pl\/index.php\/wp-json\/wp\/v2\/comments?post=1529"}],"wp:featuredmedia":[{"embeddable":true,"href":"https:\/\/partygo.waw.pl\/index.php\/wp-json\/wp\/v2\/media\/1316"}],"wp:attachment":[{"href":"https:\/\/partygo.waw.pl\/index.php\/wp-json\/wp\/v2\/media?parent=1529"}],"wp:term":[{"taxonomy":"product_brand","embeddable":true,"href":"https:\/\/partygo.waw.pl\/index.php\/wp-json\/wp\/v2\/product_brand?post=1529"},{"taxonomy":"product_cat","embeddable":true,"href":"https:\/\/partygo.waw.pl\/index.php\/wp-json\/wp\/v2\/product_cat?post=1529"},{"taxonomy":"product_tag","embeddable":true,"href":"https:\/\/partygo.waw.pl\/index.php\/wp-json\/wp\/v2\/product_tag?post=1529"}],"curies":[{"name":"wp","href":"https:\/\/api.w.org\/{rel}","templated":true}]}}