{"id":1532,"date":"2026-03-09T13:07:02","date_gmt":"2026-03-09T12:07:02","guid":{"rendered":"https:\/\/partygo.waw.pl\/?post_type=product&#038;p=1532"},"modified":"2026-03-09T13:08:12","modified_gmt":"2026-03-09T12:08:12","slug":"kompozycja-balonowa-na-50-rocznice-slubu","status":"publish","type":"product","link":"https:\/\/partygo.waw.pl\/index.php\/product\/kompozycja-balonowa-na-50-rocznice-slubu\/","title":{"rendered":"Kompozycja balonowa na 50. rocznic\u0119 \u015blubu"},"content":{"rendered":"<h2 data-start=\"138\" data-end=\"191\"><strong data-start=\"138\" data-end=\"191\">Kompozycja balonowa na 50. rocznic\u0119 \u015blubu z helem<\/strong><\/h2>\n<p data-start=\"193\" data-end=\"397\">Elegancka dekoracja podkre\u015blaj\u0105ca wyj\u0105tkowy jubileusz \u2013 <strong data-start=\"249\" data-end=\"265\">50 lat razem<\/strong>. Klasyczne cyfry w po\u0142\u0105czeniu ze spersonalizowanymi balonami w kszta\u0142cie serc tworz\u0105 efektown\u0105 i sentymentaln\u0105 opraw\u0119 uroczysto\u015bci.<\/p>\n<h3 data-start=\"399\" data-end=\"430\"><strong data-start=\"399\" data-end=\"430\">W sk\u0142ad kompozycji wchodzi:<\/strong><\/h3>\n<ul data-start=\"431\" data-end=\"661\">\n<li data-section-id=\"10d58h3\" data-start=\"431\" data-end=\"486\">\n<p data-start=\"433\" data-end=\"486\">balony foliowe \u2013 cyfry \u201e5\u201d i \u201e0\u201d o wysoko\u015bci 92 cm,<\/p>\n<\/li>\n<li data-section-id=\"1oiadje\" data-start=\"487\" data-end=\"604\">\n<p data-start=\"489\" data-end=\"604\">2 balony foliowe Jumbo w kszta\u0142cie serca ze spersonalizowanymi nadrukami (imiona, data lub kr\u00f3tka dedykacja),<\/p>\n<\/li>\n<li data-section-id=\"1lsrhoj\" data-start=\"605\" data-end=\"632\">\n<p data-start=\"607\" data-end=\"632\">12 balon\u00f3w lateksowych,<\/p>\n<\/li>\n<li data-section-id=\"1u4pobh\" data-start=\"633\" data-end=\"661\">\n<p data-start=\"635\" data-end=\"661\">nape\u0142nienie balon\u00f3w helem.<\/p>\n<\/li>\n<\/ul>\n<p data-start=\"663\" data-end=\"874\">Dekoracja doskonale sprawdzi si\u0119 w sali bankietowej, restauracji lub jako strefa zdj\u0119ciowa podczas przyj\u0119cia rocznicowego. Istnieje mo\u017cliwo\u015b\u0107 dopasowania kolorystyki oraz tre\u015bci nadruku do charakteru wydarzenia.<\/p>\n<p data-start=\"876\" data-end=\"1018\"><em><strong data-start=\"876\" data-end=\"892\">Ciekawostka:<\/strong> ta kompozycja zosta\u0142a przygotowana dla dw\u00f3ch si\u00f3str, kt\u00f3re wzi\u0119\u0142y \u015blub tego samego dnia i wsp\u00f3lnie \u015bwi\u0119towa\u0142y sw\u00f3j jubileusz.<\/em><\/p>\n<p>&nbsp;<\/p>\n","protected":false},"excerpt":{"rendered":"<p>Kompozycja balonowa na 50. rocznic\u0119 \u015blubu z helem Elegancka dekoracja podkre\u015blaj\u0105ca wyj\u0105tkowy jubileusz \u2013 50 lat razem. Klasyczne cyfry w po\u0142\u0105czeniu ze spersonalizowanymi balonami w kszta\u0142cie serc tworz\u0105 efektown\u0105 i sentymentaln\u0105 opraw\u0119 uroczysto\u015bci. W sk\u0142ad kompozycji wchodzi: balony foliowe \u2013 cyfry \u201e5\u201d i \u201e0\u201d o wysoko\u015bci 92 cm, 2 balony foliowe Jumbo w kszta\u0142cie serca&hellip;&nbsp;<a href=\"https:\/\/partygo.waw.pl\/index.php\/product\/kompozycja-balonowa-na-50-rocznice-slubu\/\" class=\"\" rel=\"bookmark\">Czytaj dalej &raquo;<span class=\"screen-reader-text\">Kompozycja balonowa na 50. rocznic\u0119 \u015blubu<\/span><\/a><\/p>\n","protected":false},"featured_media":1313,"comment_status":"open","ping_status":"closed","template":"","meta":{"neve_meta_sidebar":"","neve_meta_container":"","neve_meta_enable_content_width":"off","neve_meta_content_width":100,"neve_meta_title_alignment":"","neve_meta_author_avatar":"","neve_post_elements_order":"","neve_meta_disable_header":"","neve_meta_disable_footer":"","neve_meta_disable_title":"","_vp_format_video_url":"","_vp_image_focal_point":[]},"product_brand":[],"product_cat":[40,50],"product_tag":[],"class_list":{"0":"post-1532","1":"product","2":"type-product","3":"status-publish","4":"has-post-thumbnail","6":"product_cat-misc","7":"product_cat-slub-i-rocznica-slubu","9":"first","10":"onbackorder","11":"shipping-taxable","12":"product-type-simple"},"yoast_head":"<!-- This site is optimized with the Yoast SEO plugin v27.3 - https:\/\/yoast.com\/product\/yoast-seo-wordpress\/ -->\n<title>Kompozycja balonowa na 50. rocznic\u0119 \u015blubu - PartyGo<\/title>\n<meta name=\"description\" content=\"Kompozycja balonowa na 50. rocznic\u0119 \u015blubu z helem Elegancka dekoracja podkre\u015blaj\u0105ca wyj\u0105tkowy jubileusz \u2013 50 lat razem. Klasyczne cyfry w po\u0142\u0105czeniu ze spersonalizowanymi balonami w kszta\u0142cie serc tworz\u0105 efektown\u0105 i sentymentaln\u0105 opraw\u0119 uroczysto\u015bci.\" \/>\n<meta name=\"robots\" content=\"index, follow, max-snippet:-1, max-image-preview:large, max-video-preview:-1\" \/>\n<link rel=\"canonical\" href=\"https:\/\/partygo.waw.pl\/index.php\/product\/kompozycja-balonowa-na-50-rocznice-slubu\/\" \/>\n<meta property=\"og:locale\" content=\"pl_PL\" \/>\n<meta property=\"og:type\" content=\"article\" \/>\n<meta property=\"og:title\" content=\"Kompozycja balonowa na 50. rocznic\u0119 \u015blubu - PartyGo\" \/>\n<meta property=\"og:description\" content=\"Kompozycja balonowa na 50. rocznic\u0119 \u015blubu z helem Elegancka dekoracja podkre\u015blaj\u0105ca wyj\u0105tkowy jubileusz \u2013 50 lat razem. Klasyczne cyfry w po\u0142\u0105czeniu ze spersonalizowanymi balonami w kszta\u0142cie serc tworz\u0105 efektown\u0105 i sentymentaln\u0105 opraw\u0119 uroczysto\u015bci.\" \/>\n<meta property=\"og:url\" content=\"https:\/\/partygo.waw.pl\/index.php\/product\/kompozycja-balonowa-na-50-rocznice-slubu\/\" \/>\n<meta property=\"og:site_name\" content=\"PartyGo\" \/>\n<meta property=\"article:publisher\" content=\"https:\/\/www.facebook.com\/people\/Party-Go-Warszawa\/\" \/>\n<meta property=\"article:modified_time\" content=\"2026-03-09T12:08:12+00:00\" \/>\n<meta property=\"og:image\" content=\"https:\/\/partygo.waw.pl\/wp-content\/uploads\/2026\/02\/1000011415.jpg\" \/>\n\t<meta property=\"og:image:width\" content=\"1536\" \/>\n\t<meta property=\"og:image:height\" content=\"1536\" \/>\n\t<meta property=\"og:image:type\" content=\"image\/jpeg\" \/>\n<meta name=\"twitter:card\" content=\"summary_large_image\" \/>\n<meta name=\"twitter:label1\" content=\"Szacowany czas czytania\" \/>\n\t<meta name=\"twitter:data1\" content=\"1 minuta\" \/>\n<script type=\"application\/ld+json\" class=\"yoast-schema-graph\">{\"@context\":\"https:\\\/\\\/schema.org\",\"@graph\":[{\"@type\":\"WebPage\",\"@id\":\"https:\\\/\\\/partygo.waw.pl\\\/index.php\\\/product\\\/kompozycja-balonowa-na-50-rocznice-slubu\\\/\",\"url\":\"https:\\\/\\\/partygo.waw.pl\\\/index.php\\\/product\\\/kompozycja-balonowa-na-50-rocznice-slubu\\\/\",\"name\":\"Kompozycja balonowa na 50. rocznic\u0119 \u015blubu - PartyGo\",\"isPartOf\":{\"@id\":\"https:\\\/\\\/partygo.waw.pl\\\/#website\"},\"primaryImageOfPage\":{\"@id\":\"https:\\\/\\\/partygo.waw.pl\\\/index.php\\\/product\\\/kompozycja-balonowa-na-50-rocznice-slubu\\\/#primaryimage\"},\"image\":{\"@id\":\"https:\\\/\\\/partygo.waw.pl\\\/index.php\\\/product\\\/kompozycja-balonowa-na-50-rocznice-slubu\\\/#primaryimage\"},\"thumbnailUrl\":\"https:\\\/\\\/partygo.waw.pl\\\/wp-content\\\/uploads\\\/2026\\\/02\\\/1000011415.jpg\",\"datePublished\":\"2026-03-09T12:07:02+00:00\",\"dateModified\":\"2026-03-09T12:08:12+00:00\",\"description\":\"Kompozycja balonowa na 50. rocznic\u0119 \u015blubu z helem Elegancka dekoracja podkre\u015blaj\u0105ca wyj\u0105tkowy jubileusz \u2013 50 lat razem. Klasyczne cyfry w po\u0142\u0105czeniu ze spersonalizowanymi balonami w kszta\u0142cie serc tworz\u0105 efektown\u0105 i sentymentaln\u0105 opraw\u0119 uroczysto\u015bci.\",\"breadcrumb\":{\"@id\":\"https:\\\/\\\/partygo.waw.pl\\\/index.php\\\/product\\\/kompozycja-balonowa-na-50-rocznice-slubu\\\/#breadcrumb\"},\"inLanguage\":\"pl-PL\",\"potentialAction\":[{\"@type\":\"ReadAction\",\"target\":[\"https:\\\/\\\/partygo.waw.pl\\\/index.php\\\/product\\\/kompozycja-balonowa-na-50-rocznice-slubu\\\/\"]}]},{\"@type\":\"ImageObject\",\"inLanguage\":\"pl-PL\",\"@id\":\"https:\\\/\\\/partygo.waw.pl\\\/index.php\\\/product\\\/kompozycja-balonowa-na-50-rocznice-slubu\\\/#primaryimage\",\"url\":\"https:\\\/\\\/partygo.waw.pl\\\/wp-content\\\/uploads\\\/2026\\\/02\\\/1000011415.jpg\",\"contentUrl\":\"https:\\\/\\\/partygo.waw.pl\\\/wp-content\\\/uploads\\\/2026\\\/02\\\/1000011415.jpg\",\"width\":1536,\"height\":1536},{\"@type\":\"BreadcrumbList\",\"@id\":\"https:\\\/\\\/partygo.waw.pl\\\/index.php\\\/product\\\/kompozycja-balonowa-na-50-rocznice-slubu\\\/#breadcrumb\",\"itemListElement\":[{\"@type\":\"ListItem\",\"position\":1,\"name\":\"Strona g\u0142\u00f3wna\",\"item\":\"https:\\\/\\\/partygo.waw.pl\\\/\"},{\"@type\":\"ListItem\",\"position\":2,\"name\":\"Galeria&#038;Sklep\",\"item\":\"https:\\\/\\\/partygo.waw.pl\\\/index.php\\\/sklep\\\/\"},{\"@type\":\"ListItem\",\"position\":3,\"name\":\"Kompozycja balonowa na 50. rocznic\u0119 \u015blubu\"}]},{\"@type\":\"WebSite\",\"@id\":\"https:\\\/\\\/partygo.waw.pl\\\/#website\",\"url\":\"https:\\\/\\\/partygo.waw.pl\\\/\",\"name\":\"PartyGo\",\"description\":\"Balony i dekoracje Warszawa Legionowo\",\"publisher\":{\"@id\":\"https:\\\/\\\/partygo.waw.pl\\\/#organization\"},\"potentialAction\":[{\"@type\":\"SearchAction\",\"target\":{\"@type\":\"EntryPoint\",\"urlTemplate\":\"https:\\\/\\\/partygo.waw.pl\\\/?s={search_term_string}\"},\"query-input\":{\"@type\":\"PropertyValueSpecification\",\"valueRequired\":true,\"valueName\":\"search_term_string\"}}],\"inLanguage\":\"pl-PL\"},{\"@type\":\"Organization\",\"@id\":\"https:\\\/\\\/partygo.waw.pl\\\/#organization\",\"name\":\"PartyGo\",\"url\":\"https:\\\/\\\/partygo.waw.pl\\\/\",\"logo\":{\"@type\":\"ImageObject\",\"inLanguage\":\"pl-PL\",\"@id\":\"https:\\\/\\\/partygo.waw.pl\\\/#\\\/schema\\\/logo\\\/image\\\/\",\"url\":\"https:\\\/\\\/partygo.waw.pl\\\/wp-content\\\/uploads\\\/2022\\\/10\\\/logo_party-2.jpg\",\"contentUrl\":\"https:\\\/\\\/partygo.waw.pl\\\/wp-content\\\/uploads\\\/2022\\\/10\\\/logo_party-2.jpg\",\"width\":300,\"height\":300,\"caption\":\"PartyGo\"},\"image\":{\"@id\":\"https:\\\/\\\/partygo.waw.pl\\\/#\\\/schema\\\/logo\\\/image\\\/\"},\"sameAs\":[\"https:\\\/\\\/www.facebook.com\\\/people\\\/Party-Go-Warszawa\\\/\"]}]}<\/script>\n<!-- \/ Yoast SEO plugin. -->","yoast_head_json":{"title":"Kompozycja balonowa na 50. rocznic\u0119 \u015blubu - PartyGo","description":"Kompozycja balonowa na 50. rocznic\u0119 \u015blubu z helem Elegancka dekoracja podkre\u015blaj\u0105ca wyj\u0105tkowy jubileusz \u2013 50 lat razem. Klasyczne cyfry w po\u0142\u0105czeniu ze spersonalizowanymi balonami w kszta\u0142cie serc tworz\u0105 efektown\u0105 i sentymentaln\u0105 opraw\u0119 uroczysto\u015bci.","robots":{"index":"index","follow":"follow","max-snippet":"max-snippet:-1","max-image-preview":"max-image-preview:large","max-video-preview":"max-video-preview:-1"},"canonical":"https:\/\/partygo.waw.pl\/index.php\/product\/kompozycja-balonowa-na-50-rocznice-slubu\/","og_locale":"pl_PL","og_type":"article","og_title":"Kompozycja balonowa na 50. rocznic\u0119 \u015blubu - PartyGo","og_description":"Kompozycja balonowa na 50. rocznic\u0119 \u015blubu z helem Elegancka dekoracja podkre\u015blaj\u0105ca wyj\u0105tkowy jubileusz \u2013 50 lat razem. Klasyczne cyfry w po\u0142\u0105czeniu ze spersonalizowanymi balonami w kszta\u0142cie serc tworz\u0105 efektown\u0105 i sentymentaln\u0105 opraw\u0119 uroczysto\u015bci.","og_url":"https:\/\/partygo.waw.pl\/index.php\/product\/kompozycja-balonowa-na-50-rocznice-slubu\/","og_site_name":"PartyGo","article_publisher":"https:\/\/www.facebook.com\/people\/Party-Go-Warszawa\/","article_modified_time":"2026-03-09T12:08:12+00:00","og_image":[{"width":1536,"height":1536,"url":"https:\/\/partygo.waw.pl\/wp-content\/uploads\/2026\/02\/1000011415.jpg","type":"image\/jpeg"}],"twitter_card":"summary_large_image","twitter_misc":{"Szacowany czas czytania":"1 minuta"},"schema":{"@context":"https:\/\/schema.org","@graph":[{"@type":"WebPage","@id":"https:\/\/partygo.waw.pl\/index.php\/product\/kompozycja-balonowa-na-50-rocznice-slubu\/","url":"https:\/\/partygo.waw.pl\/index.php\/product\/kompozycja-balonowa-na-50-rocznice-slubu\/","name":"Kompozycja balonowa na 50. rocznic\u0119 \u015blubu - PartyGo","isPartOf":{"@id":"https:\/\/partygo.waw.pl\/#website"},"primaryImageOfPage":{"@id":"https:\/\/partygo.waw.pl\/index.php\/product\/kompozycja-balonowa-na-50-rocznice-slubu\/#primaryimage"},"image":{"@id":"https:\/\/partygo.waw.pl\/index.php\/product\/kompozycja-balonowa-na-50-rocznice-slubu\/#primaryimage"},"thumbnailUrl":"https:\/\/partygo.waw.pl\/wp-content\/uploads\/2026\/02\/1000011415.jpg","datePublished":"2026-03-09T12:07:02+00:00","dateModified":"2026-03-09T12:08:12+00:00","description":"Kompozycja balonowa na 50. rocznic\u0119 \u015blubu z helem Elegancka dekoracja podkre\u015blaj\u0105ca wyj\u0105tkowy jubileusz \u2013 50 lat razem. Klasyczne cyfry w po\u0142\u0105czeniu ze spersonalizowanymi balonami w kszta\u0142cie serc tworz\u0105 efektown\u0105 i sentymentaln\u0105 opraw\u0119 uroczysto\u015bci.","breadcrumb":{"@id":"https:\/\/partygo.waw.pl\/index.php\/product\/kompozycja-balonowa-na-50-rocznice-slubu\/#breadcrumb"},"inLanguage":"pl-PL","potentialAction":[{"@type":"ReadAction","target":["https:\/\/partygo.waw.pl\/index.php\/product\/kompozycja-balonowa-na-50-rocznice-slubu\/"]}]},{"@type":"ImageObject","inLanguage":"pl-PL","@id":"https:\/\/partygo.waw.pl\/index.php\/product\/kompozycja-balonowa-na-50-rocznice-slubu\/#primaryimage","url":"https:\/\/partygo.waw.pl\/wp-content\/uploads\/2026\/02\/1000011415.jpg","contentUrl":"https:\/\/partygo.waw.pl\/wp-content\/uploads\/2026\/02\/1000011415.jpg","width":1536,"height":1536},{"@type":"BreadcrumbList","@id":"https:\/\/partygo.waw.pl\/index.php\/product\/kompozycja-balonowa-na-50-rocznice-slubu\/#breadcrumb","itemListElement":[{"@type":"ListItem","position":1,"name":"Strona g\u0142\u00f3wna","item":"https:\/\/partygo.waw.pl\/"},{"@type":"ListItem","position":2,"name":"Galeria&#038;Sklep","item":"https:\/\/partygo.waw.pl\/index.php\/sklep\/"},{"@type":"ListItem","position":3,"name":"Kompozycja balonowa na 50. rocznic\u0119 \u015blubu"}]},{"@type":"WebSite","@id":"https:\/\/partygo.waw.pl\/#website","url":"https:\/\/partygo.waw.pl\/","name":"PartyGo","description":"Balony i dekoracje Warszawa Legionowo","publisher":{"@id":"https:\/\/partygo.waw.pl\/#organization"},"potentialAction":[{"@type":"SearchAction","target":{"@type":"EntryPoint","urlTemplate":"https:\/\/partygo.waw.pl\/?s={search_term_string}"},"query-input":{"@type":"PropertyValueSpecification","valueRequired":true,"valueName":"search_term_string"}}],"inLanguage":"pl-PL"},{"@type":"Organization","@id":"https:\/\/partygo.waw.pl\/#organization","name":"PartyGo","url":"https:\/\/partygo.waw.pl\/","logo":{"@type":"ImageObject","inLanguage":"pl-PL","@id":"https:\/\/partygo.waw.pl\/#\/schema\/logo\/image\/","url":"https:\/\/partygo.waw.pl\/wp-content\/uploads\/2022\/10\/logo_party-2.jpg","contentUrl":"https:\/\/partygo.waw.pl\/wp-content\/uploads\/2022\/10\/logo_party-2.jpg","width":300,"height":300,"caption":"PartyGo"},"image":{"@id":"https:\/\/partygo.waw.pl\/#\/schema\/logo\/image\/"},"sameAs":["https:\/\/www.facebook.com\/people\/Party-Go-Warszawa\/"]}]}},"_links":{"self":[{"href":"https:\/\/partygo.waw.pl\/index.php\/wp-json\/wp\/v2\/product\/1532","targetHints":{"allow":["GET"]}}],"collection":[{"href":"https:\/\/partygo.waw.pl\/index.php\/wp-json\/wp\/v2\/product"}],"about":[{"href":"https:\/\/partygo.waw.pl\/index.php\/wp-json\/wp\/v2\/types\/product"}],"replies":[{"embeddable":true,"href":"https:\/\/partygo.waw.pl\/index.php\/wp-json\/wp\/v2\/comments?post=1532"}],"wp:featuredmedia":[{"embeddable":true,"href":"https:\/\/partygo.waw.pl\/index.php\/wp-json\/wp\/v2\/media\/1313"}],"wp:attachment":[{"href":"https:\/\/partygo.waw.pl\/index.php\/wp-json\/wp\/v2\/media?parent=1532"}],"wp:term":[{"taxonomy":"product_brand","embeddable":true,"href":"https:\/\/partygo.waw.pl\/index.php\/wp-json\/wp\/v2\/product_brand?post=1532"},{"taxonomy":"product_cat","embeddable":true,"href":"https:\/\/partygo.waw.pl\/index.php\/wp-json\/wp\/v2\/product_cat?post=1532"},{"taxonomy":"product_tag","embeddable":true,"href":"https:\/\/partygo.waw.pl\/index.php\/wp-json\/wp\/v2\/product_tag?post=1532"}],"curies":[{"name":"wp","href":"https:\/\/api.w.org\/{rel}","templated":true}]}}