{"id":1567,"date":"2026-03-16T12:06:21","date_gmt":"2026-03-16T11:06:21","guid":{"rendered":"https:\/\/partygo.waw.pl\/?post_type=product&#038;p=1567"},"modified":"2026-03-16T12:06:21","modified_gmt":"2026-03-16T11:06:21","slug":"dekoracja-balonowa-na-otwarcie-placowki","status":"publish","type":"product","link":"https:\/\/partygo.waw.pl\/index.php\/product\/dekoracja-balonowa-na-otwarcie-placowki\/","title":{"rendered":"Dekoracja balonowa na otwarcie plac\u00f3wki"},"content":{"rendered":"<div class=\"relative basis-auto flex-col -mb-(--composer-overlap-px) [--composer-overlap-px:28px] grow flex\">\n<div class=\"flex flex-col text-sm pb-25\">\n<article class=\"text-token-text-primary w-full focus:outline-none [--shadow-height:45px] has-data-writing-block:pointer-events-none has-data-writing-block:-mt-(--shadow-height) has-data-writing-block:pt-(--shadow-height) [&amp;:has([data-writing-block])&gt;*]:pointer-events-auto scroll-mt-[calc(var(--header-height)+min(200px,max(70px,20svh)))]\" dir=\"auto\" tabindex=\"-1\" data-turn-id=\"request-6996e3e7-5b08-8330-9d2d-c4db58b944d0-0\" data-testid=\"conversation-turn-146\" data-scroll-anchor=\"true\" data-turn=\"assistant\">\n<div class=\"text-base my-auto mx-auto pb-10 [--thread-content-margin:var(--thread-content-margin-xs,calc(var(--spacing)*4))] @w-sm\/main:[--thread-content-margin:var(--thread-content-margin-sm,calc(var(--spacing)*6))] @w-lg\/main:[--thread-content-margin:var(--thread-content-margin-lg,calc(var(--spacing)*16))] px-(--thread-content-margin)\">\n<div class=\"[--thread-content-max-width:40rem] @w-lg\/main:[--thread-content-max-width:48rem] mx-auto max-w-(--thread-content-max-width) flex-1 group\/turn-messages focus-visible:outline-hidden relative flex w-full min-w-0 flex-col agent-turn\" tabindex=\"-1\">\n<div class=\"flex max-w-full flex-col gap-4 grow\">\n<div class=\"min-h-8 text-message relative flex w-full flex-col items-end gap-2 text-start break-words whitespace-normal [.text-message+&amp;]:mt-1\" dir=\"auto\" data-message-author-role=\"assistant\" data-message-id=\"4453b073-6886-444c-bf0e-fcb150bd0b0d\" data-message-model-slug=\"gpt-5-3\">\n<div class=\"flex w-full flex-col gap-1 empty:hidden\">\n<div class=\"markdown prose dark:prose-invert w-full wrap-break-word light markdown-new-styling\">\n<h2 data-start=\"0\" data-end=\"69\"><strong data-start=\"0\" data-end=\"69\">Dekoracja balonowa na otwarcie plac\u00f3wki \u2013 bukiety balonowe z logo<\/strong><\/h2>\n<p>Eleganckie bukiety balonowe przygotowane na otwarcie plac\u00f3wki dostawcy internetu <a href=\"https:\/\/laito.pl\"><strong data-start=\"152\" data-end=\"161\">Laito<\/strong><\/a>. Kompozycje utrzymane s\u0105 w kolorystyce nawi\u0105zuj\u0105cej do barw logo firmy, dzi\u0119ki czemu dekoracja sp\u00f3jnie podkre\u015bla identyfikacj\u0119 wizualn\u0105 marki i tworzy profesjonalny wizerunek podczas wydarzenia.<\/div>\n<div class=\"markdown prose dark:prose-invert w-full wrap-break-word light markdown-new-styling\">Ka\u017cdy bukiet sk\u0142ada si\u0119 z balon\u00f3w lateksowych w dw\u00f3ch kolorach oraz balonu foliowego z nadrukowanym logo firmy. Ca\u0142o\u015b\u0107 zosta\u0142a nape\u0142niona helem i przygotowana do ustawienia w biurze, przy recepcji lub w strefie obs\u0142ugi klient\u00f3w.<\/p>\n<h3 data-start=\"588\" data-end=\"605\"><strong data-start=\"588\" data-end=\"605\">Specyfikacja:<\/strong><\/h3>\n<ul data-start=\"606\" data-end=\"768\">\n<li data-section-id=\"1x96wft\" data-start=\"606\" data-end=\"647\">2 balony foliowe w kszta\u0142cie k\u00f3\u0142eczka\u00a0 z nadrukiem logo firmy,<\/li>\n<li data-section-id=\"s3ktnu\" data-start=\"648\" data-end=\"726\">10 balon\u00f3w lateksowych w kolorach dopasowanych do identyfikacji wizualnej marki,<\/li>\n<li data-section-id=\"1cmfe45\" data-start=\"727\" data-end=\"749\">pompowanie helem.<\/li>\n<\/ul>\n<p>Bukiety balonowe doskonale sprawdz\u0105 si\u0119 jako dekoracja podczas otwarcia nowej plac\u00f3wki, event\u00f3w firmowych, promocji lub wydarze\u0144 marketingowych. To prosty i efektowny spos\u00f3b na stworzenie przyjaznej atmosfery oraz przyci\u0105gni\u0119cie uwagi klient\u00f3w.Na \u017cyczenie mo\u017cliwe jest przygotowanie dekoracji w kolorach firmowych oraz z indywidualnym nadrukiem logo lub has\u0142a reklamowego<\/p><\/div>\n<\/div>\n<\/div>\n<\/div>\n<\/div>\n<\/div>\n<\/article>\n<\/div>\n<\/div>\n","protected":false},"excerpt":{"rendered":"<p>Dekoracja balonowa na otwarcie plac\u00f3wki \u2013 bukiety balonowe z logo Eleganckie bukiety balonowe przygotowane na otwarcie plac\u00f3wki dostawcy internetu Laito. Kompozycje utrzymane s\u0105 w kolorystyce nawi\u0105zuj\u0105cej do barw logo firmy, dzi\u0119ki czemu dekoracja sp\u00f3jnie podkre\u015bla identyfikacj\u0119 wizualn\u0105 marki i tworzy profesjonalny wizerunek podczas wydarzenia. Ka\u017cdy bukiet sk\u0142ada si\u0119 z balon\u00f3w lateksowych w dw\u00f3ch kolorach oraz&hellip;&nbsp;<a href=\"https:\/\/partygo.waw.pl\/index.php\/product\/dekoracja-balonowa-na-otwarcie-placowki\/\" class=\"\" rel=\"bookmark\">Czytaj dalej &raquo;<span class=\"screen-reader-text\">Dekoracja balonowa na otwarcie plac\u00f3wki<\/span><\/a><\/p>\n","protected":false},"featured_media":1566,"comment_status":"open","ping_status":"closed","template":"","meta":{"neve_meta_sidebar":"","neve_meta_container":"","neve_meta_enable_content_width":"off","neve_meta_content_width":100,"neve_meta_title_alignment":"","neve_meta_author_avatar":"","neve_post_elements_order":"","neve_meta_disable_header":"","neve_meta_disable_footer":"","neve_meta_disable_title":"","_vp_format_video_url":"","_vp_image_focal_point":[]},"product_brand":[],"product_cat":[52,40],"product_tag":[],"class_list":{"0":"post-1567","1":"product","2":"type-product","3":"status-publish","4":"has-post-thumbnail","6":"product_cat-dekoracje-dla-firm","7":"product_cat-misc","9":"first","10":"onbackorder","11":"shipping-taxable","12":"product-type-simple"},"yoast_head":"<!-- This site is optimized with the Yoast SEO plugin v27.3 - https:\/\/yoast.com\/product\/yoast-seo-wordpress\/ -->\n<title>Dekoracja balonowa na otwarcie plac\u00f3wki - PartyGo<\/title>\n<meta name=\"description\" content=\"Dekoracja balonowa na otwarcie plac\u00f3wki \u2013 bukiety balonowe z logo Eleganckie bukiety balonowe przygotowane na otwarcie plac\u00f3wki dostawcy internetu Laito.\" \/>\n<meta name=\"robots\" content=\"index, follow, max-snippet:-1, max-image-preview:large, max-video-preview:-1\" \/>\n<link rel=\"canonical\" href=\"https:\/\/partygo.waw.pl\/index.php\/product\/dekoracja-balonowa-na-otwarcie-placowki\/\" \/>\n<meta property=\"og:locale\" content=\"pl_PL\" \/>\n<meta property=\"og:type\" content=\"article\" \/>\n<meta property=\"og:title\" content=\"Dekoracja balonowa na otwarcie plac\u00f3wki - PartyGo\" \/>\n<meta property=\"og:description\" content=\"Dekoracja balonowa na otwarcie plac\u00f3wki \u2013 bukiety balonowe z logo Eleganckie bukiety balonowe przygotowane na otwarcie plac\u00f3wki dostawcy internetu Laito.\" \/>\n<meta property=\"og:url\" content=\"https:\/\/partygo.waw.pl\/index.php\/product\/dekoracja-balonowa-na-otwarcie-placowki\/\" \/>\n<meta property=\"og:site_name\" content=\"PartyGo\" \/>\n<meta property=\"article:publisher\" content=\"https:\/\/www.facebook.com\/people\/Party-Go-Warszawa\/\" \/>\n<meta property=\"og:image\" content=\"https:\/\/partygo.waw.pl\/wp-content\/uploads\/2026\/03\/IMG-20250905-WA0001.jpg\" \/>\n\t<meta property=\"og:image:width\" content=\"1200\" \/>\n\t<meta property=\"og:image:height\" content=\"1600\" \/>\n\t<meta property=\"og:image:type\" content=\"image\/jpeg\" \/>\n<meta name=\"twitter:card\" content=\"summary_large_image\" \/>\n<meta name=\"twitter:label1\" content=\"Szacowany czas czytania\" \/>\n\t<meta name=\"twitter:data1\" content=\"2 minuty\" \/>\n<script type=\"application\/ld+json\" class=\"yoast-schema-graph\">{\"@context\":\"https:\\\/\\\/schema.org\",\"@graph\":[{\"@type\":\"WebPage\",\"@id\":\"https:\\\/\\\/partygo.waw.pl\\\/index.php\\\/product\\\/dekoracja-balonowa-na-otwarcie-placowki\\\/\",\"url\":\"https:\\\/\\\/partygo.waw.pl\\\/index.php\\\/product\\\/dekoracja-balonowa-na-otwarcie-placowki\\\/\",\"name\":\"Dekoracja balonowa na otwarcie plac\u00f3wki - PartyGo\",\"isPartOf\":{\"@id\":\"https:\\\/\\\/partygo.waw.pl\\\/#website\"},\"primaryImageOfPage\":{\"@id\":\"https:\\\/\\\/partygo.waw.pl\\\/index.php\\\/product\\\/dekoracja-balonowa-na-otwarcie-placowki\\\/#primaryimage\"},\"image\":{\"@id\":\"https:\\\/\\\/partygo.waw.pl\\\/index.php\\\/product\\\/dekoracja-balonowa-na-otwarcie-placowki\\\/#primaryimage\"},\"thumbnailUrl\":\"https:\\\/\\\/partygo.waw.pl\\\/wp-content\\\/uploads\\\/2026\\\/03\\\/IMG-20250905-WA0001.jpg\",\"datePublished\":\"2026-03-16T11:06:21+00:00\",\"description\":\"Dekoracja balonowa na otwarcie plac\u00f3wki \u2013 bukiety balonowe z logo Eleganckie bukiety balonowe przygotowane na otwarcie plac\u00f3wki dostawcy internetu Laito.\",\"breadcrumb\":{\"@id\":\"https:\\\/\\\/partygo.waw.pl\\\/index.php\\\/product\\\/dekoracja-balonowa-na-otwarcie-placowki\\\/#breadcrumb\"},\"inLanguage\":\"pl-PL\",\"potentialAction\":[{\"@type\":\"ReadAction\",\"target\":[\"https:\\\/\\\/partygo.waw.pl\\\/index.php\\\/product\\\/dekoracja-balonowa-na-otwarcie-placowki\\\/\"]}]},{\"@type\":\"ImageObject\",\"inLanguage\":\"pl-PL\",\"@id\":\"https:\\\/\\\/partygo.waw.pl\\\/index.php\\\/product\\\/dekoracja-balonowa-na-otwarcie-placowki\\\/#primaryimage\",\"url\":\"https:\\\/\\\/partygo.waw.pl\\\/wp-content\\\/uploads\\\/2026\\\/03\\\/IMG-20250905-WA0001.jpg\",\"contentUrl\":\"https:\\\/\\\/partygo.waw.pl\\\/wp-content\\\/uploads\\\/2026\\\/03\\\/IMG-20250905-WA0001.jpg\",\"width\":1200,\"height\":1600},{\"@type\":\"BreadcrumbList\",\"@id\":\"https:\\\/\\\/partygo.waw.pl\\\/index.php\\\/product\\\/dekoracja-balonowa-na-otwarcie-placowki\\\/#breadcrumb\",\"itemListElement\":[{\"@type\":\"ListItem\",\"position\":1,\"name\":\"Strona g\u0142\u00f3wna\",\"item\":\"https:\\\/\\\/partygo.waw.pl\\\/\"},{\"@type\":\"ListItem\",\"position\":2,\"name\":\"Galeria&#038;Sklep\",\"item\":\"https:\\\/\\\/partygo.waw.pl\\\/index.php\\\/sklep\\\/\"},{\"@type\":\"ListItem\",\"position\":3,\"name\":\"Dekoracja balonowa na otwarcie plac\u00f3wki\"}]},{\"@type\":\"WebSite\",\"@id\":\"https:\\\/\\\/partygo.waw.pl\\\/#website\",\"url\":\"https:\\\/\\\/partygo.waw.pl\\\/\",\"name\":\"PartyGo\",\"description\":\"Balony i dekoracje Warszawa Legionowo\",\"publisher\":{\"@id\":\"https:\\\/\\\/partygo.waw.pl\\\/#organization\"},\"potentialAction\":[{\"@type\":\"SearchAction\",\"target\":{\"@type\":\"EntryPoint\",\"urlTemplate\":\"https:\\\/\\\/partygo.waw.pl\\\/?s={search_term_string}\"},\"query-input\":{\"@type\":\"PropertyValueSpecification\",\"valueRequired\":true,\"valueName\":\"search_term_string\"}}],\"inLanguage\":\"pl-PL\"},{\"@type\":\"Organization\",\"@id\":\"https:\\\/\\\/partygo.waw.pl\\\/#organization\",\"name\":\"PartyGo\",\"url\":\"https:\\\/\\\/partygo.waw.pl\\\/\",\"logo\":{\"@type\":\"ImageObject\",\"inLanguage\":\"pl-PL\",\"@id\":\"https:\\\/\\\/partygo.waw.pl\\\/#\\\/schema\\\/logo\\\/image\\\/\",\"url\":\"https:\\\/\\\/partygo.waw.pl\\\/wp-content\\\/uploads\\\/2022\\\/10\\\/logo_party-2.jpg\",\"contentUrl\":\"https:\\\/\\\/partygo.waw.pl\\\/wp-content\\\/uploads\\\/2022\\\/10\\\/logo_party-2.jpg\",\"width\":300,\"height\":300,\"caption\":\"PartyGo\"},\"image\":{\"@id\":\"https:\\\/\\\/partygo.waw.pl\\\/#\\\/schema\\\/logo\\\/image\\\/\"},\"sameAs\":[\"https:\\\/\\\/www.facebook.com\\\/people\\\/Party-Go-Warszawa\\\/\"]}]}<\/script>\n<!-- \/ Yoast SEO plugin. -->","yoast_head_json":{"title":"Dekoracja balonowa na otwarcie plac\u00f3wki - PartyGo","description":"Dekoracja balonowa na otwarcie plac\u00f3wki \u2013 bukiety balonowe z logo Eleganckie bukiety balonowe przygotowane na otwarcie plac\u00f3wki dostawcy internetu Laito.","robots":{"index":"index","follow":"follow","max-snippet":"max-snippet:-1","max-image-preview":"max-image-preview:large","max-video-preview":"max-video-preview:-1"},"canonical":"https:\/\/partygo.waw.pl\/index.php\/product\/dekoracja-balonowa-na-otwarcie-placowki\/","og_locale":"pl_PL","og_type":"article","og_title":"Dekoracja balonowa na otwarcie plac\u00f3wki - PartyGo","og_description":"Dekoracja balonowa na otwarcie plac\u00f3wki \u2013 bukiety balonowe z logo Eleganckie bukiety balonowe przygotowane na otwarcie plac\u00f3wki dostawcy internetu Laito.","og_url":"https:\/\/partygo.waw.pl\/index.php\/product\/dekoracja-balonowa-na-otwarcie-placowki\/","og_site_name":"PartyGo","article_publisher":"https:\/\/www.facebook.com\/people\/Party-Go-Warszawa\/","og_image":[{"width":1200,"height":1600,"url":"https:\/\/partygo.waw.pl\/wp-content\/uploads\/2026\/03\/IMG-20250905-WA0001.jpg","type":"image\/jpeg"}],"twitter_card":"summary_large_image","twitter_misc":{"Szacowany czas czytania":"2 minuty"},"schema":{"@context":"https:\/\/schema.org","@graph":[{"@type":"WebPage","@id":"https:\/\/partygo.waw.pl\/index.php\/product\/dekoracja-balonowa-na-otwarcie-placowki\/","url":"https:\/\/partygo.waw.pl\/index.php\/product\/dekoracja-balonowa-na-otwarcie-placowki\/","name":"Dekoracja balonowa na otwarcie plac\u00f3wki - PartyGo","isPartOf":{"@id":"https:\/\/partygo.waw.pl\/#website"},"primaryImageOfPage":{"@id":"https:\/\/partygo.waw.pl\/index.php\/product\/dekoracja-balonowa-na-otwarcie-placowki\/#primaryimage"},"image":{"@id":"https:\/\/partygo.waw.pl\/index.php\/product\/dekoracja-balonowa-na-otwarcie-placowki\/#primaryimage"},"thumbnailUrl":"https:\/\/partygo.waw.pl\/wp-content\/uploads\/2026\/03\/IMG-20250905-WA0001.jpg","datePublished":"2026-03-16T11:06:21+00:00","description":"Dekoracja balonowa na otwarcie plac\u00f3wki \u2013 bukiety balonowe z logo Eleganckie bukiety balonowe przygotowane na otwarcie plac\u00f3wki dostawcy internetu Laito.","breadcrumb":{"@id":"https:\/\/partygo.waw.pl\/index.php\/product\/dekoracja-balonowa-na-otwarcie-placowki\/#breadcrumb"},"inLanguage":"pl-PL","potentialAction":[{"@type":"ReadAction","target":["https:\/\/partygo.waw.pl\/index.php\/product\/dekoracja-balonowa-na-otwarcie-placowki\/"]}]},{"@type":"ImageObject","inLanguage":"pl-PL","@id":"https:\/\/partygo.waw.pl\/index.php\/product\/dekoracja-balonowa-na-otwarcie-placowki\/#primaryimage","url":"https:\/\/partygo.waw.pl\/wp-content\/uploads\/2026\/03\/IMG-20250905-WA0001.jpg","contentUrl":"https:\/\/partygo.waw.pl\/wp-content\/uploads\/2026\/03\/IMG-20250905-WA0001.jpg","width":1200,"height":1600},{"@type":"BreadcrumbList","@id":"https:\/\/partygo.waw.pl\/index.php\/product\/dekoracja-balonowa-na-otwarcie-placowki\/#breadcrumb","itemListElement":[{"@type":"ListItem","position":1,"name":"Strona g\u0142\u00f3wna","item":"https:\/\/partygo.waw.pl\/"},{"@type":"ListItem","position":2,"name":"Galeria&#038;Sklep","item":"https:\/\/partygo.waw.pl\/index.php\/sklep\/"},{"@type":"ListItem","position":3,"name":"Dekoracja balonowa na otwarcie plac\u00f3wki"}]},{"@type":"WebSite","@id":"https:\/\/partygo.waw.pl\/#website","url":"https:\/\/partygo.waw.pl\/","name":"PartyGo","description":"Balony i dekoracje Warszawa Legionowo","publisher":{"@id":"https:\/\/partygo.waw.pl\/#organization"},"potentialAction":[{"@type":"SearchAction","target":{"@type":"EntryPoint","urlTemplate":"https:\/\/partygo.waw.pl\/?s={search_term_string}"},"query-input":{"@type":"PropertyValueSpecification","valueRequired":true,"valueName":"search_term_string"}}],"inLanguage":"pl-PL"},{"@type":"Organization","@id":"https:\/\/partygo.waw.pl\/#organization","name":"PartyGo","url":"https:\/\/partygo.waw.pl\/","logo":{"@type":"ImageObject","inLanguage":"pl-PL","@id":"https:\/\/partygo.waw.pl\/#\/schema\/logo\/image\/","url":"https:\/\/partygo.waw.pl\/wp-content\/uploads\/2022\/10\/logo_party-2.jpg","contentUrl":"https:\/\/partygo.waw.pl\/wp-content\/uploads\/2022\/10\/logo_party-2.jpg","width":300,"height":300,"caption":"PartyGo"},"image":{"@id":"https:\/\/partygo.waw.pl\/#\/schema\/logo\/image\/"},"sameAs":["https:\/\/www.facebook.com\/people\/Party-Go-Warszawa\/"]}]}},"_links":{"self":[{"href":"https:\/\/partygo.waw.pl\/index.php\/wp-json\/wp\/v2\/product\/1567","targetHints":{"allow":["GET"]}}],"collection":[{"href":"https:\/\/partygo.waw.pl\/index.php\/wp-json\/wp\/v2\/product"}],"about":[{"href":"https:\/\/partygo.waw.pl\/index.php\/wp-json\/wp\/v2\/types\/product"}],"replies":[{"embeddable":true,"href":"https:\/\/partygo.waw.pl\/index.php\/wp-json\/wp\/v2\/comments?post=1567"}],"wp:featuredmedia":[{"embeddable":true,"href":"https:\/\/partygo.waw.pl\/index.php\/wp-json\/wp\/v2\/media\/1566"}],"wp:attachment":[{"href":"https:\/\/partygo.waw.pl\/index.php\/wp-json\/wp\/v2\/media?parent=1567"}],"wp:term":[{"taxonomy":"product_brand","embeddable":true,"href":"https:\/\/partygo.waw.pl\/index.php\/wp-json\/wp\/v2\/product_brand?post=1567"},{"taxonomy":"product_cat","embeddable":true,"href":"https:\/\/partygo.waw.pl\/index.php\/wp-json\/wp\/v2\/product_cat?post=1567"},{"taxonomy":"product_tag","embeddable":true,"href":"https:\/\/partygo.waw.pl\/index.php\/wp-json\/wp\/v2\/product_tag?post=1567"}],"curies":[{"name":"wp","href":"https:\/\/api.w.org\/{rel}","templated":true}]}}