{"id":1584,"date":"2026-03-16T13:17:04","date_gmt":"2026-03-16T12:17:04","guid":{"rendered":"https:\/\/partygo.waw.pl\/?post_type=product&#038;p=1584"},"modified":"2026-03-16T13:17:04","modified_gmt":"2026-03-16T12:17:04","slug":"kolumny-balonowe-na-urodziny-kina","status":"publish","type":"product","link":"https:\/\/partygo.waw.pl\/index.php\/product\/kolumny-balonowe-na-urodziny-kina\/","title":{"rendered":"Kolumny balonowe na urodziny kina"},"content":{"rendered":"<h2 data-start=\"48\" data-end=\"314\">Kolumny balonowe na urodziny kina<\/h2>\n<p>Efektowna dekoracja balonowa przygotowana z okazji urodzin kina <a href=\"https:\/\/helios.pl\/legionowo\/kino-helios\/\">\u201eHelios\u201d<\/a>. Kolumny utrzymane s\u0105 w kolorystyce dopasowanej do identyfikacji wizualnej marki, dzi\u0119ki czemu ca\u0142o\u015b\u0107 tworzy sp\u00f3jn\u0105 i eleganck\u0105 opraw\u0119 wydarzenia oraz przyci\u0105ga uwag\u0119 go\u015bci.<\/p>\n<h3 data-start=\"808\" data-end=\"835\"><strong data-start=\"808\" data-end=\"835\">Specyfikacja dekoracji:<\/strong><\/h3>\n<ul>\n<li>2 spiralne s\u0142upki balonowe o wysoko\u015bci ok. 1,5 metr\u00f3w,<\/li>\n<li>2 balony g\u00f3rne ze spersonalizowanym nadrukiem<\/li>\n<li>Kolorystyka dopasowana do barw firmowych kina.<\/li>\n<\/ul>\n<p data-start=\"602\" data-end=\"787\">Dekoracja idealnie sprawdzi si\u0119 podczas urodzin firmy, otwarcia lokalu, event\u00f3w promocyjnych lub jubileuszy. Tworzy wyj\u0105tkow\u0105 atmosfer\u0119 wydarzenia i stanowi atrakcyjne t\u0142o do zdj\u0119\u0107.<\/p>\n<p data-start=\"789\" data-end=\"936\">Na \u017cyczenie mo\u017cliwe jest dopasowanie kolorystyki, wysoko\u015bci dekoracji oraz dodatkowych element\u00f3w do charakteru wydarzenia i przestrzeni lokalu.<\/p>\n","protected":false},"excerpt":{"rendered":"<p>Kolumny balonowe na urodziny kina Efektowna dekoracja balonowa przygotowana z okazji urodzin kina \u201eHelios\u201d. Kolumny utrzymane s\u0105 w kolorystyce dopasowanej do identyfikacji wizualnej marki, dzi\u0119ki czemu ca\u0142o\u015b\u0107 tworzy sp\u00f3jn\u0105 i eleganck\u0105 opraw\u0119 wydarzenia oraz przyci\u0105ga uwag\u0119 go\u015bci. Specyfikacja dekoracji: 2 spiralne s\u0142upki balonowe o wysoko\u015bci ok. 1,5 metr\u00f3w, 2 balony g\u00f3rne ze spersonalizowanym nadrukiem Kolorystyka&hellip;&nbsp;<a href=\"https:\/\/partygo.waw.pl\/index.php\/product\/kolumny-balonowe-na-urodziny-kina\/\" class=\"\" rel=\"bookmark\">Czytaj dalej &raquo;<span class=\"screen-reader-text\">Kolumny balonowe na urodziny kina<\/span><\/a><\/p>\n","protected":false},"featured_media":1569,"comment_status":"open","ping_status":"closed","template":"","meta":{"neve_meta_sidebar":"","neve_meta_container":"","neve_meta_enable_content_width":"off","neve_meta_content_width":100,"neve_meta_title_alignment":"","neve_meta_author_avatar":"","neve_post_elements_order":"","neve_meta_disable_header":"","neve_meta_disable_footer":"","neve_meta_disable_title":"","_vp_format_video_url":"","_vp_image_focal_point":[]},"product_brand":[],"product_cat":[52,40],"product_tag":[],"class_list":{"0":"post-1584","1":"product","2":"type-product","3":"status-publish","4":"has-post-thumbnail","6":"product_cat-dekoracje-dla-firm","7":"product_cat-misc","9":"first","10":"onbackorder","11":"shipping-taxable","12":"product-type-simple"},"yoast_head":"<!-- This site is optimized with the Yoast SEO plugin v27.3 - https:\/\/yoast.com\/product\/yoast-seo-wordpress\/ -->\n<title>Kolumny balonowe na urodziny kina - PartyGo<\/title>\n<meta name=\"description\" content=\"Kolumny balonowe na urodziny kina. Efektowna dekoracja balonowa przygotowana z okazji urodzin kina \u201eHelios\u201d.\" \/>\n<meta name=\"robots\" content=\"index, follow, max-snippet:-1, max-image-preview:large, max-video-preview:-1\" \/>\n<link rel=\"canonical\" href=\"https:\/\/partygo.waw.pl\/index.php\/product\/kolumny-balonowe-na-urodziny-kina\/\" \/>\n<meta property=\"og:locale\" content=\"pl_PL\" \/>\n<meta property=\"og:type\" content=\"article\" \/>\n<meta property=\"og:title\" content=\"Kolumny balonowe na urodziny kina - PartyGo\" \/>\n<meta property=\"og:description\" content=\"Kolumny balonowe na urodziny kina. Efektowna dekoracja balonowa przygotowana z okazji urodzin kina \u201eHelios\u201d.\" \/>\n<meta property=\"og:url\" content=\"https:\/\/partygo.waw.pl\/index.php\/product\/kolumny-balonowe-na-urodziny-kina\/\" \/>\n<meta property=\"og:site_name\" content=\"PartyGo\" \/>\n<meta property=\"article:publisher\" content=\"https:\/\/www.facebook.com\/people\/Party-Go-Warszawa\/\" \/>\n<meta property=\"og:image\" content=\"https:\/\/partygo.waw.pl\/wp-content\/uploads\/2026\/03\/1000014513-scaled.jpg\" \/>\n\t<meta property=\"og:image:width\" content=\"1920\" \/>\n\t<meta property=\"og:image:height\" content=\"2560\" \/>\n\t<meta property=\"og:image:type\" content=\"image\/jpeg\" \/>\n<meta name=\"twitter:card\" content=\"summary_large_image\" \/>\n<meta name=\"twitter:label1\" content=\"Szacowany czas czytania\" \/>\n\t<meta name=\"twitter:data1\" content=\"1 minuta\" \/>\n<script type=\"application\/ld+json\" class=\"yoast-schema-graph\">{\"@context\":\"https:\\\/\\\/schema.org\",\"@graph\":[{\"@type\":\"WebPage\",\"@id\":\"https:\\\/\\\/partygo.waw.pl\\\/index.php\\\/product\\\/kolumny-balonowe-na-urodziny-kina\\\/\",\"url\":\"https:\\\/\\\/partygo.waw.pl\\\/index.php\\\/product\\\/kolumny-balonowe-na-urodziny-kina\\\/\",\"name\":\"Kolumny balonowe na urodziny kina - PartyGo\",\"isPartOf\":{\"@id\":\"https:\\\/\\\/partygo.waw.pl\\\/#website\"},\"primaryImageOfPage\":{\"@id\":\"https:\\\/\\\/partygo.waw.pl\\\/index.php\\\/product\\\/kolumny-balonowe-na-urodziny-kina\\\/#primaryimage\"},\"image\":{\"@id\":\"https:\\\/\\\/partygo.waw.pl\\\/index.php\\\/product\\\/kolumny-balonowe-na-urodziny-kina\\\/#primaryimage\"},\"thumbnailUrl\":\"https:\\\/\\\/partygo.waw.pl\\\/wp-content\\\/uploads\\\/2026\\\/03\\\/1000014513-scaled.jpg\",\"datePublished\":\"2026-03-16T12:17:04+00:00\",\"description\":\"Kolumny balonowe na urodziny kina. Efektowna dekoracja balonowa przygotowana z okazji urodzin kina \u201eHelios\u201d.\",\"breadcrumb\":{\"@id\":\"https:\\\/\\\/partygo.waw.pl\\\/index.php\\\/product\\\/kolumny-balonowe-na-urodziny-kina\\\/#breadcrumb\"},\"inLanguage\":\"pl-PL\",\"potentialAction\":[{\"@type\":\"ReadAction\",\"target\":[\"https:\\\/\\\/partygo.waw.pl\\\/index.php\\\/product\\\/kolumny-balonowe-na-urodziny-kina\\\/\"]}]},{\"@type\":\"ImageObject\",\"inLanguage\":\"pl-PL\",\"@id\":\"https:\\\/\\\/partygo.waw.pl\\\/index.php\\\/product\\\/kolumny-balonowe-na-urodziny-kina\\\/#primaryimage\",\"url\":\"https:\\\/\\\/partygo.waw.pl\\\/wp-content\\\/uploads\\\/2026\\\/03\\\/1000014513-scaled.jpg\",\"contentUrl\":\"https:\\\/\\\/partygo.waw.pl\\\/wp-content\\\/uploads\\\/2026\\\/03\\\/1000014513-scaled.jpg\",\"width\":1920,\"height\":2560},{\"@type\":\"BreadcrumbList\",\"@id\":\"https:\\\/\\\/partygo.waw.pl\\\/index.php\\\/product\\\/kolumny-balonowe-na-urodziny-kina\\\/#breadcrumb\",\"itemListElement\":[{\"@type\":\"ListItem\",\"position\":1,\"name\":\"Strona g\u0142\u00f3wna\",\"item\":\"https:\\\/\\\/partygo.waw.pl\\\/\"},{\"@type\":\"ListItem\",\"position\":2,\"name\":\"Galeria&#038;Sklep\",\"item\":\"https:\\\/\\\/partygo.waw.pl\\\/index.php\\\/sklep\\\/\"},{\"@type\":\"ListItem\",\"position\":3,\"name\":\"Kolumny balonowe na urodziny kina\"}]},{\"@type\":\"WebSite\",\"@id\":\"https:\\\/\\\/partygo.waw.pl\\\/#website\",\"url\":\"https:\\\/\\\/partygo.waw.pl\\\/\",\"name\":\"PartyGo\",\"description\":\"Balony i dekoracje Warszawa Legionowo\",\"publisher\":{\"@id\":\"https:\\\/\\\/partygo.waw.pl\\\/#organization\"},\"potentialAction\":[{\"@type\":\"SearchAction\",\"target\":{\"@type\":\"EntryPoint\",\"urlTemplate\":\"https:\\\/\\\/partygo.waw.pl\\\/?s={search_term_string}\"},\"query-input\":{\"@type\":\"PropertyValueSpecification\",\"valueRequired\":true,\"valueName\":\"search_term_string\"}}],\"inLanguage\":\"pl-PL\"},{\"@type\":\"Organization\",\"@id\":\"https:\\\/\\\/partygo.waw.pl\\\/#organization\",\"name\":\"PartyGo\",\"url\":\"https:\\\/\\\/partygo.waw.pl\\\/\",\"logo\":{\"@type\":\"ImageObject\",\"inLanguage\":\"pl-PL\",\"@id\":\"https:\\\/\\\/partygo.waw.pl\\\/#\\\/schema\\\/logo\\\/image\\\/\",\"url\":\"https:\\\/\\\/partygo.waw.pl\\\/wp-content\\\/uploads\\\/2022\\\/10\\\/logo_party-2.jpg\",\"contentUrl\":\"https:\\\/\\\/partygo.waw.pl\\\/wp-content\\\/uploads\\\/2022\\\/10\\\/logo_party-2.jpg\",\"width\":300,\"height\":300,\"caption\":\"PartyGo\"},\"image\":{\"@id\":\"https:\\\/\\\/partygo.waw.pl\\\/#\\\/schema\\\/logo\\\/image\\\/\"},\"sameAs\":[\"https:\\\/\\\/www.facebook.com\\\/people\\\/Party-Go-Warszawa\\\/\"]}]}<\/script>\n<!-- \/ Yoast SEO plugin. -->","yoast_head_json":{"title":"Kolumny balonowe na urodziny kina - PartyGo","description":"Kolumny balonowe na urodziny kina. Efektowna dekoracja balonowa przygotowana z okazji urodzin kina \u201eHelios\u201d.","robots":{"index":"index","follow":"follow","max-snippet":"max-snippet:-1","max-image-preview":"max-image-preview:large","max-video-preview":"max-video-preview:-1"},"canonical":"https:\/\/partygo.waw.pl\/index.php\/product\/kolumny-balonowe-na-urodziny-kina\/","og_locale":"pl_PL","og_type":"article","og_title":"Kolumny balonowe na urodziny kina - PartyGo","og_description":"Kolumny balonowe na urodziny kina. Efektowna dekoracja balonowa przygotowana z okazji urodzin kina \u201eHelios\u201d.","og_url":"https:\/\/partygo.waw.pl\/index.php\/product\/kolumny-balonowe-na-urodziny-kina\/","og_site_name":"PartyGo","article_publisher":"https:\/\/www.facebook.com\/people\/Party-Go-Warszawa\/","og_image":[{"width":1920,"height":2560,"url":"https:\/\/partygo.waw.pl\/wp-content\/uploads\/2026\/03\/1000014513-scaled.jpg","type":"image\/jpeg"}],"twitter_card":"summary_large_image","twitter_misc":{"Szacowany czas czytania":"1 minuta"},"schema":{"@context":"https:\/\/schema.org","@graph":[{"@type":"WebPage","@id":"https:\/\/partygo.waw.pl\/index.php\/product\/kolumny-balonowe-na-urodziny-kina\/","url":"https:\/\/partygo.waw.pl\/index.php\/product\/kolumny-balonowe-na-urodziny-kina\/","name":"Kolumny balonowe na urodziny kina - PartyGo","isPartOf":{"@id":"https:\/\/partygo.waw.pl\/#website"},"primaryImageOfPage":{"@id":"https:\/\/partygo.waw.pl\/index.php\/product\/kolumny-balonowe-na-urodziny-kina\/#primaryimage"},"image":{"@id":"https:\/\/partygo.waw.pl\/index.php\/product\/kolumny-balonowe-na-urodziny-kina\/#primaryimage"},"thumbnailUrl":"https:\/\/partygo.waw.pl\/wp-content\/uploads\/2026\/03\/1000014513-scaled.jpg","datePublished":"2026-03-16T12:17:04+00:00","description":"Kolumny balonowe na urodziny kina. Efektowna dekoracja balonowa przygotowana z okazji urodzin kina \u201eHelios\u201d.","breadcrumb":{"@id":"https:\/\/partygo.waw.pl\/index.php\/product\/kolumny-balonowe-na-urodziny-kina\/#breadcrumb"},"inLanguage":"pl-PL","potentialAction":[{"@type":"ReadAction","target":["https:\/\/partygo.waw.pl\/index.php\/product\/kolumny-balonowe-na-urodziny-kina\/"]}]},{"@type":"ImageObject","inLanguage":"pl-PL","@id":"https:\/\/partygo.waw.pl\/index.php\/product\/kolumny-balonowe-na-urodziny-kina\/#primaryimage","url":"https:\/\/partygo.waw.pl\/wp-content\/uploads\/2026\/03\/1000014513-scaled.jpg","contentUrl":"https:\/\/partygo.waw.pl\/wp-content\/uploads\/2026\/03\/1000014513-scaled.jpg","width":1920,"height":2560},{"@type":"BreadcrumbList","@id":"https:\/\/partygo.waw.pl\/index.php\/product\/kolumny-balonowe-na-urodziny-kina\/#breadcrumb","itemListElement":[{"@type":"ListItem","position":1,"name":"Strona g\u0142\u00f3wna","item":"https:\/\/partygo.waw.pl\/"},{"@type":"ListItem","position":2,"name":"Galeria&#038;Sklep","item":"https:\/\/partygo.waw.pl\/index.php\/sklep\/"},{"@type":"ListItem","position":3,"name":"Kolumny balonowe na urodziny kina"}]},{"@type":"WebSite","@id":"https:\/\/partygo.waw.pl\/#website","url":"https:\/\/partygo.waw.pl\/","name":"PartyGo","description":"Balony i dekoracje Warszawa Legionowo","publisher":{"@id":"https:\/\/partygo.waw.pl\/#organization"},"potentialAction":[{"@type":"SearchAction","target":{"@type":"EntryPoint","urlTemplate":"https:\/\/partygo.waw.pl\/?s={search_term_string}"},"query-input":{"@type":"PropertyValueSpecification","valueRequired":true,"valueName":"search_term_string"}}],"inLanguage":"pl-PL"},{"@type":"Organization","@id":"https:\/\/partygo.waw.pl\/#organization","name":"PartyGo","url":"https:\/\/partygo.waw.pl\/","logo":{"@type":"ImageObject","inLanguage":"pl-PL","@id":"https:\/\/partygo.waw.pl\/#\/schema\/logo\/image\/","url":"https:\/\/partygo.waw.pl\/wp-content\/uploads\/2022\/10\/logo_party-2.jpg","contentUrl":"https:\/\/partygo.waw.pl\/wp-content\/uploads\/2022\/10\/logo_party-2.jpg","width":300,"height":300,"caption":"PartyGo"},"image":{"@id":"https:\/\/partygo.waw.pl\/#\/schema\/logo\/image\/"},"sameAs":["https:\/\/www.facebook.com\/people\/Party-Go-Warszawa\/"]}]}},"_links":{"self":[{"href":"https:\/\/partygo.waw.pl\/index.php\/wp-json\/wp\/v2\/product\/1584","targetHints":{"allow":["GET"]}}],"collection":[{"href":"https:\/\/partygo.waw.pl\/index.php\/wp-json\/wp\/v2\/product"}],"about":[{"href":"https:\/\/partygo.waw.pl\/index.php\/wp-json\/wp\/v2\/types\/product"}],"replies":[{"embeddable":true,"href":"https:\/\/partygo.waw.pl\/index.php\/wp-json\/wp\/v2\/comments?post=1584"}],"wp:featuredmedia":[{"embeddable":true,"href":"https:\/\/partygo.waw.pl\/index.php\/wp-json\/wp\/v2\/media\/1569"}],"wp:attachment":[{"href":"https:\/\/partygo.waw.pl\/index.php\/wp-json\/wp\/v2\/media?parent=1584"}],"wp:term":[{"taxonomy":"product_brand","embeddable":true,"href":"https:\/\/partygo.waw.pl\/index.php\/wp-json\/wp\/v2\/product_brand?post=1584"},{"taxonomy":"product_cat","embeddable":true,"href":"https:\/\/partygo.waw.pl\/index.php\/wp-json\/wp\/v2\/product_cat?post=1584"},{"taxonomy":"product_tag","embeddable":true,"href":"https:\/\/partygo.waw.pl\/index.php\/wp-json\/wp\/v2\/product_tag?post=1584"}],"curies":[{"name":"wp","href":"https:\/\/api.w.org\/{rel}","templated":true}]}}