{"id":1595,"date":"2026-03-18T14:46:56","date_gmt":"2026-03-18T13:46:56","guid":{"rendered":"https:\/\/partygo.waw.pl\/?post_type=product&#038;p=1595"},"modified":"2026-03-18T14:46:56","modified_gmt":"2026-03-18T13:46:56","slug":"kompozycja-balonowa-z-helem-na-4-urodziny","status":"publish","type":"product","link":"https:\/\/partygo.waw.pl\/index.php\/product\/kompozycja-balonowa-z-helem-na-4-urodziny\/","title":{"rendered":"Kompozycja balonowa z helem na 4. urodziny"},"content":{"rendered":"<h2 data-start=\"186\" data-end=\"244\"><strong data-start=\"186\" data-end=\"244\">Kompozycja balonowa z helem na 4. urodziny \u2013 dinozaury<\/strong><\/h2>\n<p>Efektowna i pe\u0142na energii dekoracja urodzinowa dla ma\u0142ych fan\u00f3w dinozaur\u00f3w. Kolorowa kompozycja wprowadza radosny klimat i doskonale sprawdzi si\u0119 jako g\u0142\u00f3wna ozdoba przyj\u0119cia oraz t\u0142o do zdj\u0119\u0107.<\/p>\n<h3 data-start=\"441\" data-end=\"460\"><strong data-start=\"441\" data-end=\"460\">Zestaw zawiera:<\/strong><\/h3>\n<ul data-start=\"461\" data-end=\"690\">\n<li data-section-id=\"1e2cag5\" data-start=\"461\" data-end=\"528\">balon foliowy cyfra \u201e4\u201d w kolorze mi\u0119towym (wysoko\u015b\u0107 ok. 76 cm)<\/li>\n<li data-section-id=\"1eamodz\" data-start=\"529\" data-end=\"568\">balon foliowy w kszta\u0142cie dinozaura<\/li>\n<li data-section-id=\"t8b2gg\" data-start=\"569\" data-end=\"632\">balon foliowy okr\u0105g\u0142y \u201eHappy Birthday\u201d z motywem dinozaur\u00f3w<\/li>\n<li data-section-id=\"hpmh57\" data-start=\"633\" data-end=\"669\">8 kolorowych balon\u00f3w lateksowych<\/li>\n<li data-section-id=\"1xmo1k\" data-start=\"670\" data-end=\"690\">pompowanie helem<\/li>\n<\/ul>\n<p>Kompozycja tworzy lekk\u0105, unosz\u0105c\u0105 si\u0119 aran\u017cacj\u0119, kt\u00f3ra od razu przyci\u0105ga uwag\u0119 i buduje weso\u0142\u0105, urodzinow\u0105 atmosfer\u0119.<\/p>\n<p>Istnieje mo\u017cliwo\u015b\u0107 dopasowania kolorystyki balon\u00f3w oraz rozszerzenia zestawu o personalizacj\u0119.<\/p>\n","protected":false},"excerpt":{"rendered":"<p>Kompozycja balonowa z helem na 4. urodziny \u2013 dinozaury Efektowna i pe\u0142na energii dekoracja urodzinowa dla ma\u0142ych fan\u00f3w dinozaur\u00f3w. Kolorowa kompozycja wprowadza radosny klimat i doskonale sprawdzi si\u0119 jako g\u0142\u00f3wna ozdoba przyj\u0119cia oraz t\u0142o do zdj\u0119\u0107. Zestaw zawiera: balon foliowy cyfra \u201e4\u201d w kolorze mi\u0119towym (wysoko\u015b\u0107 ok. 76 cm) balon foliowy w kszta\u0142cie dinozaura balon&hellip;&nbsp;<a href=\"https:\/\/partygo.waw.pl\/index.php\/product\/kompozycja-balonowa-z-helem-na-4-urodziny\/\" class=\"\" rel=\"bookmark\">Czytaj dalej &raquo;<span class=\"screen-reader-text\">Kompozycja balonowa z helem na 4. urodziny<\/span><\/a><\/p>\n","protected":false},"featured_media":1300,"comment_status":"open","ping_status":"closed","template":"","meta":{"neve_meta_sidebar":"","neve_meta_container":"","neve_meta_enable_content_width":"off","neve_meta_content_width":100,"neve_meta_title_alignment":"","neve_meta_author_avatar":"","neve_post_elements_order":"","neve_meta_disable_header":"","neve_meta_disable_footer":"","neve_meta_disable_title":"","_vp_format_video_url":"","_vp_image_focal_point":[]},"product_brand":[],"product_cat":[45,40],"product_tag":[],"class_list":{"0":"post-1595","1":"product","2":"type-product","3":"status-publish","4":"has-post-thumbnail","6":"product_cat-bukiety-urodzinowe","7":"product_cat-misc","9":"first","10":"onbackorder","11":"shipping-taxable","12":"product-type-simple"},"yoast_head":"<!-- This site is optimized with the Yoast SEO plugin v27.3 - https:\/\/yoast.com\/product\/yoast-seo-wordpress\/ -->\n<title>Kompozycja balonowa z helem na 4. urodziny - PartyGo<\/title>\n<meta name=\"description\" content=\"Efektowna i pe\u0142na energii dekoracja urodzinowa dla ma\u0142ych fan\u00f3w dinozaur\u00f3w. Kolorowa kompozycja wprowadza radosny klimat i doskonale sprawdzi si\u0119 jako g\u0142\u00f3wna ozdoba przyj\u0119cia oraz t\u0142o do zdj\u0119\u0107.\" \/>\n<meta name=\"robots\" content=\"index, follow, max-snippet:-1, max-image-preview:large, max-video-preview:-1\" \/>\n<link rel=\"canonical\" href=\"https:\/\/partygo.waw.pl\/index.php\/product\/kompozycja-balonowa-z-helem-na-4-urodziny\/\" \/>\n<meta property=\"og:locale\" content=\"pl_PL\" \/>\n<meta property=\"og:type\" content=\"article\" \/>\n<meta property=\"og:title\" content=\"Kompozycja balonowa z helem na 4. urodziny - PartyGo\" \/>\n<meta property=\"og:description\" content=\"Efektowna i pe\u0142na energii dekoracja urodzinowa dla ma\u0142ych fan\u00f3w dinozaur\u00f3w. Kolorowa kompozycja wprowadza radosny klimat i doskonale sprawdzi si\u0119 jako g\u0142\u00f3wna ozdoba przyj\u0119cia oraz t\u0142o do zdj\u0119\u0107.\" \/>\n<meta property=\"og:url\" content=\"https:\/\/partygo.waw.pl\/index.php\/product\/kompozycja-balonowa-z-helem-na-4-urodziny\/\" \/>\n<meta property=\"og:site_name\" content=\"PartyGo\" \/>\n<meta property=\"article:publisher\" content=\"https:\/\/www.facebook.com\/people\/Party-Go-Warszawa\/\" \/>\n<meta property=\"og:image\" content=\"https:\/\/partygo.waw.pl\/wp-content\/uploads\/2026\/02\/1000011199.jpg\" \/>\n\t<meta property=\"og:image:width\" content=\"1536\" \/>\n\t<meta property=\"og:image:height\" content=\"2048\" \/>\n\t<meta property=\"og:image:type\" content=\"image\/jpeg\" \/>\n<meta name=\"twitter:card\" content=\"summary_large_image\" \/>\n<meta name=\"twitter:label1\" content=\"Szacowany czas czytania\" \/>\n\t<meta name=\"twitter:data1\" content=\"1 minuta\" \/>\n<script type=\"application\/ld+json\" class=\"yoast-schema-graph\">{\"@context\":\"https:\\\/\\\/schema.org\",\"@graph\":[{\"@type\":\"WebPage\",\"@id\":\"https:\\\/\\\/partygo.waw.pl\\\/index.php\\\/product\\\/kompozycja-balonowa-z-helem-na-4-urodziny\\\/\",\"url\":\"https:\\\/\\\/partygo.waw.pl\\\/index.php\\\/product\\\/kompozycja-balonowa-z-helem-na-4-urodziny\\\/\",\"name\":\"Kompozycja balonowa z helem na 4. urodziny - PartyGo\",\"isPartOf\":{\"@id\":\"https:\\\/\\\/partygo.waw.pl\\\/#website\"},\"primaryImageOfPage\":{\"@id\":\"https:\\\/\\\/partygo.waw.pl\\\/index.php\\\/product\\\/kompozycja-balonowa-z-helem-na-4-urodziny\\\/#primaryimage\"},\"image\":{\"@id\":\"https:\\\/\\\/partygo.waw.pl\\\/index.php\\\/product\\\/kompozycja-balonowa-z-helem-na-4-urodziny\\\/#primaryimage\"},\"thumbnailUrl\":\"https:\\\/\\\/partygo.waw.pl\\\/wp-content\\\/uploads\\\/2026\\\/02\\\/1000011199.jpg\",\"datePublished\":\"2026-03-18T13:46:56+00:00\",\"description\":\"Efektowna i pe\u0142na energii dekoracja urodzinowa dla ma\u0142ych fan\u00f3w dinozaur\u00f3w. Kolorowa kompozycja wprowadza radosny klimat i doskonale sprawdzi si\u0119 jako g\u0142\u00f3wna ozdoba przyj\u0119cia oraz t\u0142o do zdj\u0119\u0107.\",\"breadcrumb\":{\"@id\":\"https:\\\/\\\/partygo.waw.pl\\\/index.php\\\/product\\\/kompozycja-balonowa-z-helem-na-4-urodziny\\\/#breadcrumb\"},\"inLanguage\":\"pl-PL\",\"potentialAction\":[{\"@type\":\"ReadAction\",\"target\":[\"https:\\\/\\\/partygo.waw.pl\\\/index.php\\\/product\\\/kompozycja-balonowa-z-helem-na-4-urodziny\\\/\"]}]},{\"@type\":\"ImageObject\",\"inLanguage\":\"pl-PL\",\"@id\":\"https:\\\/\\\/partygo.waw.pl\\\/index.php\\\/product\\\/kompozycja-balonowa-z-helem-na-4-urodziny\\\/#primaryimage\",\"url\":\"https:\\\/\\\/partygo.waw.pl\\\/wp-content\\\/uploads\\\/2026\\\/02\\\/1000011199.jpg\",\"contentUrl\":\"https:\\\/\\\/partygo.waw.pl\\\/wp-content\\\/uploads\\\/2026\\\/02\\\/1000011199.jpg\",\"width\":1536,\"height\":2048},{\"@type\":\"BreadcrumbList\",\"@id\":\"https:\\\/\\\/partygo.waw.pl\\\/index.php\\\/product\\\/kompozycja-balonowa-z-helem-na-4-urodziny\\\/#breadcrumb\",\"itemListElement\":[{\"@type\":\"ListItem\",\"position\":1,\"name\":\"Strona g\u0142\u00f3wna\",\"item\":\"https:\\\/\\\/partygo.waw.pl\\\/\"},{\"@type\":\"ListItem\",\"position\":2,\"name\":\"Galeria&#038;Sklep\",\"item\":\"https:\\\/\\\/partygo.waw.pl\\\/index.php\\\/sklep\\\/\"},{\"@type\":\"ListItem\",\"position\":3,\"name\":\"Kompozycja balonowa z helem na 4. urodziny\"}]},{\"@type\":\"WebSite\",\"@id\":\"https:\\\/\\\/partygo.waw.pl\\\/#website\",\"url\":\"https:\\\/\\\/partygo.waw.pl\\\/\",\"name\":\"PartyGo\",\"description\":\"Balony i dekoracje Warszawa Legionowo\",\"publisher\":{\"@id\":\"https:\\\/\\\/partygo.waw.pl\\\/#organization\"},\"potentialAction\":[{\"@type\":\"SearchAction\",\"target\":{\"@type\":\"EntryPoint\",\"urlTemplate\":\"https:\\\/\\\/partygo.waw.pl\\\/?s={search_term_string}\"},\"query-input\":{\"@type\":\"PropertyValueSpecification\",\"valueRequired\":true,\"valueName\":\"search_term_string\"}}],\"inLanguage\":\"pl-PL\"},{\"@type\":\"Organization\",\"@id\":\"https:\\\/\\\/partygo.waw.pl\\\/#organization\",\"name\":\"PartyGo\",\"url\":\"https:\\\/\\\/partygo.waw.pl\\\/\",\"logo\":{\"@type\":\"ImageObject\",\"inLanguage\":\"pl-PL\",\"@id\":\"https:\\\/\\\/partygo.waw.pl\\\/#\\\/schema\\\/logo\\\/image\\\/\",\"url\":\"https:\\\/\\\/partygo.waw.pl\\\/wp-content\\\/uploads\\\/2022\\\/10\\\/logo_party-2.jpg\",\"contentUrl\":\"https:\\\/\\\/partygo.waw.pl\\\/wp-content\\\/uploads\\\/2022\\\/10\\\/logo_party-2.jpg\",\"width\":300,\"height\":300,\"caption\":\"PartyGo\"},\"image\":{\"@id\":\"https:\\\/\\\/partygo.waw.pl\\\/#\\\/schema\\\/logo\\\/image\\\/\"},\"sameAs\":[\"https:\\\/\\\/www.facebook.com\\\/people\\\/Party-Go-Warszawa\\\/\"]}]}<\/script>\n<!-- \/ Yoast SEO plugin. -->","yoast_head_json":{"title":"Kompozycja balonowa z helem na 4. urodziny - PartyGo","description":"Efektowna i pe\u0142na energii dekoracja urodzinowa dla ma\u0142ych fan\u00f3w dinozaur\u00f3w. Kolorowa kompozycja wprowadza radosny klimat i doskonale sprawdzi si\u0119 jako g\u0142\u00f3wna ozdoba przyj\u0119cia oraz t\u0142o do zdj\u0119\u0107.","robots":{"index":"index","follow":"follow","max-snippet":"max-snippet:-1","max-image-preview":"max-image-preview:large","max-video-preview":"max-video-preview:-1"},"canonical":"https:\/\/partygo.waw.pl\/index.php\/product\/kompozycja-balonowa-z-helem-na-4-urodziny\/","og_locale":"pl_PL","og_type":"article","og_title":"Kompozycja balonowa z helem na 4. urodziny - PartyGo","og_description":"Efektowna i pe\u0142na energii dekoracja urodzinowa dla ma\u0142ych fan\u00f3w dinozaur\u00f3w. Kolorowa kompozycja wprowadza radosny klimat i doskonale sprawdzi si\u0119 jako g\u0142\u00f3wna ozdoba przyj\u0119cia oraz t\u0142o do zdj\u0119\u0107.","og_url":"https:\/\/partygo.waw.pl\/index.php\/product\/kompozycja-balonowa-z-helem-na-4-urodziny\/","og_site_name":"PartyGo","article_publisher":"https:\/\/www.facebook.com\/people\/Party-Go-Warszawa\/","og_image":[{"width":1536,"height":2048,"url":"https:\/\/partygo.waw.pl\/wp-content\/uploads\/2026\/02\/1000011199.jpg","type":"image\/jpeg"}],"twitter_card":"summary_large_image","twitter_misc":{"Szacowany czas czytania":"1 minuta"},"schema":{"@context":"https:\/\/schema.org","@graph":[{"@type":"WebPage","@id":"https:\/\/partygo.waw.pl\/index.php\/product\/kompozycja-balonowa-z-helem-na-4-urodziny\/","url":"https:\/\/partygo.waw.pl\/index.php\/product\/kompozycja-balonowa-z-helem-na-4-urodziny\/","name":"Kompozycja balonowa z helem na 4. urodziny - PartyGo","isPartOf":{"@id":"https:\/\/partygo.waw.pl\/#website"},"primaryImageOfPage":{"@id":"https:\/\/partygo.waw.pl\/index.php\/product\/kompozycja-balonowa-z-helem-na-4-urodziny\/#primaryimage"},"image":{"@id":"https:\/\/partygo.waw.pl\/index.php\/product\/kompozycja-balonowa-z-helem-na-4-urodziny\/#primaryimage"},"thumbnailUrl":"https:\/\/partygo.waw.pl\/wp-content\/uploads\/2026\/02\/1000011199.jpg","datePublished":"2026-03-18T13:46:56+00:00","description":"Efektowna i pe\u0142na energii dekoracja urodzinowa dla ma\u0142ych fan\u00f3w dinozaur\u00f3w. Kolorowa kompozycja wprowadza radosny klimat i doskonale sprawdzi si\u0119 jako g\u0142\u00f3wna ozdoba przyj\u0119cia oraz t\u0142o do zdj\u0119\u0107.","breadcrumb":{"@id":"https:\/\/partygo.waw.pl\/index.php\/product\/kompozycja-balonowa-z-helem-na-4-urodziny\/#breadcrumb"},"inLanguage":"pl-PL","potentialAction":[{"@type":"ReadAction","target":["https:\/\/partygo.waw.pl\/index.php\/product\/kompozycja-balonowa-z-helem-na-4-urodziny\/"]}]},{"@type":"ImageObject","inLanguage":"pl-PL","@id":"https:\/\/partygo.waw.pl\/index.php\/product\/kompozycja-balonowa-z-helem-na-4-urodziny\/#primaryimage","url":"https:\/\/partygo.waw.pl\/wp-content\/uploads\/2026\/02\/1000011199.jpg","contentUrl":"https:\/\/partygo.waw.pl\/wp-content\/uploads\/2026\/02\/1000011199.jpg","width":1536,"height":2048},{"@type":"BreadcrumbList","@id":"https:\/\/partygo.waw.pl\/index.php\/product\/kompozycja-balonowa-z-helem-na-4-urodziny\/#breadcrumb","itemListElement":[{"@type":"ListItem","position":1,"name":"Strona g\u0142\u00f3wna","item":"https:\/\/partygo.waw.pl\/"},{"@type":"ListItem","position":2,"name":"Galeria&#038;Sklep","item":"https:\/\/partygo.waw.pl\/index.php\/sklep\/"},{"@type":"ListItem","position":3,"name":"Kompozycja balonowa z helem na 4. urodziny"}]},{"@type":"WebSite","@id":"https:\/\/partygo.waw.pl\/#website","url":"https:\/\/partygo.waw.pl\/","name":"PartyGo","description":"Balony i dekoracje Warszawa Legionowo","publisher":{"@id":"https:\/\/partygo.waw.pl\/#organization"},"potentialAction":[{"@type":"SearchAction","target":{"@type":"EntryPoint","urlTemplate":"https:\/\/partygo.waw.pl\/?s={search_term_string}"},"query-input":{"@type":"PropertyValueSpecification","valueRequired":true,"valueName":"search_term_string"}}],"inLanguage":"pl-PL"},{"@type":"Organization","@id":"https:\/\/partygo.waw.pl\/#organization","name":"PartyGo","url":"https:\/\/partygo.waw.pl\/","logo":{"@type":"ImageObject","inLanguage":"pl-PL","@id":"https:\/\/partygo.waw.pl\/#\/schema\/logo\/image\/","url":"https:\/\/partygo.waw.pl\/wp-content\/uploads\/2022\/10\/logo_party-2.jpg","contentUrl":"https:\/\/partygo.waw.pl\/wp-content\/uploads\/2022\/10\/logo_party-2.jpg","width":300,"height":300,"caption":"PartyGo"},"image":{"@id":"https:\/\/partygo.waw.pl\/#\/schema\/logo\/image\/"},"sameAs":["https:\/\/www.facebook.com\/people\/Party-Go-Warszawa\/"]}]}},"_links":{"self":[{"href":"https:\/\/partygo.waw.pl\/index.php\/wp-json\/wp\/v2\/product\/1595","targetHints":{"allow":["GET"]}}],"collection":[{"href":"https:\/\/partygo.waw.pl\/index.php\/wp-json\/wp\/v2\/product"}],"about":[{"href":"https:\/\/partygo.waw.pl\/index.php\/wp-json\/wp\/v2\/types\/product"}],"replies":[{"embeddable":true,"href":"https:\/\/partygo.waw.pl\/index.php\/wp-json\/wp\/v2\/comments?post=1595"}],"wp:featuredmedia":[{"embeddable":true,"href":"https:\/\/partygo.waw.pl\/index.php\/wp-json\/wp\/v2\/media\/1300"}],"wp:attachment":[{"href":"https:\/\/partygo.waw.pl\/index.php\/wp-json\/wp\/v2\/media?parent=1595"}],"wp:term":[{"taxonomy":"product_brand","embeddable":true,"href":"https:\/\/partygo.waw.pl\/index.php\/wp-json\/wp\/v2\/product_brand?post=1595"},{"taxonomy":"product_cat","embeddable":true,"href":"https:\/\/partygo.waw.pl\/index.php\/wp-json\/wp\/v2\/product_cat?post=1595"},{"taxonomy":"product_tag","embeddable":true,"href":"https:\/\/partygo.waw.pl\/index.php\/wp-json\/wp\/v2\/product_tag?post=1595"}],"curies":[{"name":"wp","href":"https:\/\/api.w.org\/{rel}","templated":true}]}}