{"id":1598,"date":"2026-03-20T12:16:38","date_gmt":"2026-03-20T11:16:38","guid":{"rendered":"https:\/\/partygo.waw.pl\/?post_type=product&#038;p=1598"},"modified":"2026-03-20T12:16:38","modified_gmt":"2026-03-20T11:16:38","slug":"kompozycja-balonowa-na-10-urodziny","status":"publish","type":"product","link":"https:\/\/partygo.waw.pl\/index.php\/product\/kompozycja-balonowa-na-10-urodziny\/","title":{"rendered":"Kompozycja balonowa na 10. urodziny"},"content":{"rendered":"<div class=\"flex flex-col text-sm pb-25\">\n<section class=\"text-token-text-primary w-full focus:outline-none [--shadow-height:45px] has-data-writing-block:pointer-events-none has-data-writing-block:-mt-(--shadow-height) has-data-writing-block:pt-(--shadow-height) [&amp;:has([data-writing-block])&gt;*]:pointer-events-auto scroll-mt-[calc(var(--header-height)+min(200px,max(70px,20svh)))]\" dir=\"auto\" data-turn-id=\"request-6996e3e7-5b08-8330-9d2d-c4db58b944d0-7\" data-testid=\"conversation-turn-168\" data-scroll-anchor=\"true\" data-turn=\"assistant\">\n<div class=\"text-base my-auto mx-auto pb-10 [--thread-content-margin:var(--thread-content-margin-xs,calc(var(--spacing)*4))] @w-sm\/main:[--thread-content-margin:var(--thread-content-margin-sm,calc(var(--spacing)*6))] @w-lg\/main:[--thread-content-margin:var(--thread-content-margin-lg,calc(var(--spacing)*16))] px-(--thread-content-margin)\">\n<div class=\"[--thread-content-max-width:40rem] @w-lg\/main:[--thread-content-max-width:48rem] mx-auto max-w-(--thread-content-max-width) flex-1 group\/turn-messages focus-visible:outline-hidden relative flex w-full min-w-0 flex-col agent-turn\">\n<div class=\"flex max-w-full flex-col gap-4 grow\">\n<div class=\"min-h-8 text-message relative flex w-full flex-col items-end gap-2 text-start break-words whitespace-normal outline-none keyboard-focused:focus-ring [.text-message+&amp;]:mt-1\" dir=\"auto\" tabindex=\"0\" data-message-author-role=\"assistant\" data-message-id=\"47056163-ac0a-4627-8a6b-9a7652108a8e\" data-message-model-slug=\"gpt-5-3\" data-turn-start-message=\"true\">\n<div class=\"flex w-full flex-col gap-1 empty:hidden\">\n<div class=\"markdown prose dark:prose-invert w-full wrap-break-word light markdown-new-styling\">\n<h2 data-section-id=\"1fjddg4\" data-start=\"0\" data-end=\"48\">Kompozycja balonowa na 10. urodziny z helem<\/h2>\n<p>Stylowa i radosna dekoracja przygotowana z okazji 10. urodzin. Po\u0142\u0105czenie b\u0142\u0119kitu i srebra nadaje kompozycji \u015bwie\u017cy, elegancki wygl\u0105d, kt\u00f3ry doskonale pasuje do dzieci\u0119cego przyj\u0119cia.<\/p><\/div>\n<div><\/div>\n<div class=\"markdown prose dark:prose-invert w-full wrap-break-word light markdown-new-styling\">Centralnym elementem zestawu s\u0105 balony w kszta\u0142cie cyfr \u201e1\u201d i \u201e0\u201d, kt\u00f3re podkre\u015blaj\u0105 wyj\u0105tkowy jubileusz. Ca\u0142o\u015b\u0107 uzupe\u0142niaj\u0105 srebrne gwiazdy oraz balony lateksowe w dopasowanej kolorystyce, tworz\u0105c sp\u00f3jn\u0105 i efektown\u0105 aran\u017cacj\u0119.<\/p>\n<h3 data-section-id=\"8zpe5n\" data-start=\"464\" data-end=\"492\">W sk\u0142ad zestawu wchodzi:<\/h3>\n<ul data-start=\"493\" data-end=\"712\">\n<li data-section-id=\"z1kry0\" data-start=\"493\" data-end=\"574\">foliowe balony cyfry \u201e1\u201d i \u201e0\u201d w kolorze b\u0142\u0119kitnym o wysoko\u015bci ok. <strong data-start=\"562\" data-end=\"571\">76 cm<\/strong>,<\/li>\n<li data-section-id=\"137iadt\" data-start=\"575\" data-end=\"635\">2 balony foliowe w kszta\u0142cie gwiazdy w kolorze srebrnym,<\/li>\n<li data-section-id=\"4a3mc2\" data-start=\"636\" data-end=\"686\">6 balon\u00f3w lateksowych w dopasowanych kolorach,<\/li>\n<li data-section-id=\"uxtguu\" data-start=\"687\" data-end=\"712\">pompowanie helem.<\/li>\n<\/ul>\n<p data-start=\"714\" data-end=\"891\">Kompozycja doskonale sprawdzi si\u0119 jako dekoracja przyj\u0119cia w domu, w sali zabaw lub restauracji. To tak\u017ce \u015bwietny pomys\u0142 na dodatek do prezentu oraz t\u0142o do pami\u0105tkowych zdj\u0119\u0107.<\/p>\n<p data-start=\"893\" data-end=\"969\" data-is-last-node=\"\" data-is-only-node=\"\">Mo\u017cliwo\u015b\u0107 dopasowania kolorystyki balon\u00f3w do motywu przewodniego imprezy.<\/p>\n<\/div>\n<\/div>\n<\/div>\n<div class=\"puik-root not-prose not-markdown\" data-theme=\"light\">\n<div class=\"general-agent-cot-root\"><\/div>\n<\/div>\n<\/div>\n<div class=\"z-0 flex min-h-[46px] justify-start\"><\/div>\n<div class=\"mt-3 w-full empty:hidden\">\n<div class=\"text-center\"><\/div>\n<\/div>\n<\/div>\n<\/div>\n<\/section>\n<\/div>\n<div class=\"pointer-events-none h-px w-px absolute bottom-0\" aria-hidden=\"true\" data-edge=\"true\"><\/div>\n<p>&nbsp;<\/p>\n","protected":false},"excerpt":{"rendered":"<p>Kompozycja balonowa na 10. urodziny z helem Stylowa i radosna dekoracja przygotowana z okazji 10. urodzin. Po\u0142\u0105czenie b\u0142\u0119kitu i srebra nadaje kompozycji \u015bwie\u017cy, elegancki wygl\u0105d, kt\u00f3ry doskonale pasuje do dzieci\u0119cego przyj\u0119cia. Centralnym elementem zestawu s\u0105 balony w kszta\u0142cie cyfr \u201e1\u201d i \u201e0\u201d, kt\u00f3re podkre\u015blaj\u0105 wyj\u0105tkowy jubileusz. Ca\u0142o\u015b\u0107 uzupe\u0142niaj\u0105 srebrne gwiazdy oraz balony lateksowe w dopasowanej&hellip;&nbsp;<a href=\"https:\/\/partygo.waw.pl\/index.php\/product\/kompozycja-balonowa-na-10-urodziny\/\" class=\"\" rel=\"bookmark\">Czytaj dalej &raquo;<span class=\"screen-reader-text\">Kompozycja balonowa na 10. urodziny<\/span><\/a><\/p>\n","protected":false},"featured_media":1206,"comment_status":"open","ping_status":"closed","template":"","meta":{"neve_meta_sidebar":"","neve_meta_container":"","neve_meta_enable_content_width":"off","neve_meta_content_width":100,"neve_meta_title_alignment":"","neve_meta_author_avatar":"","neve_post_elements_order":"","neve_meta_disable_header":"","neve_meta_disable_footer":"","neve_meta_disable_title":"","_vp_format_video_url":"","_vp_image_focal_point":[]},"product_brand":[],"product_cat":[45,40],"product_tag":[],"class_list":{"0":"post-1598","1":"product","2":"type-product","3":"status-publish","4":"has-post-thumbnail","6":"product_cat-bukiety-urodzinowe","7":"product_cat-misc","9":"first","10":"onbackorder","11":"shipping-taxable","12":"product-type-simple"},"yoast_head":"<!-- This site is optimized with the Yoast SEO plugin v27.3 - https:\/\/yoast.com\/product\/yoast-seo-wordpress\/ -->\n<title>Kompozycja balonowa na 10. urodziny - PartyGo<\/title>\n<meta name=\"description\" content=\"Stylowa i radosna dekoracja przygotowana z okazji 10. urodzin. Po\u0142\u0105czenie b\u0142\u0119kitu i srebra nadaje kompozycji \u015bwie\u017cy, elegancki wygl\u0105d, kt\u00f3ry doskonale pasuje do dzieci\u0119cego przyj\u0119cia.\" \/>\n<meta name=\"robots\" content=\"index, follow, max-snippet:-1, max-image-preview:large, max-video-preview:-1\" \/>\n<link rel=\"canonical\" href=\"https:\/\/partygo.waw.pl\/index.php\/product\/kompozycja-balonowa-na-10-urodziny\/\" \/>\n<meta property=\"og:locale\" content=\"pl_PL\" \/>\n<meta property=\"og:type\" content=\"article\" \/>\n<meta property=\"og:title\" content=\"Kompozycja balonowa na 10. urodziny - PartyGo\" \/>\n<meta property=\"og:description\" content=\"Stylowa i radosna dekoracja przygotowana z okazji 10. urodzin. Po\u0142\u0105czenie b\u0142\u0119kitu i srebra nadaje kompozycji \u015bwie\u017cy, elegancki wygl\u0105d, kt\u00f3ry doskonale pasuje do dzieci\u0119cego przyj\u0119cia.\" \/>\n<meta property=\"og:url\" content=\"https:\/\/partygo.waw.pl\/index.php\/product\/kompozycja-balonowa-na-10-urodziny\/\" \/>\n<meta property=\"og:site_name\" content=\"PartyGo\" \/>\n<meta property=\"article:publisher\" content=\"https:\/\/www.facebook.com\/people\/Party-Go-Warszawa\/\" \/>\n<meta property=\"og:image\" content=\"https:\/\/partygo.waw.pl\/wp-content\/uploads\/2025\/06\/WhatsApp-Image-2025-05-04-at-20.05.18-1.jpeg\" \/>\n\t<meta property=\"og:image:width\" content=\"1155\" \/>\n\t<meta property=\"og:image:height\" content=\"1853\" \/>\n\t<meta property=\"og:image:type\" content=\"image\/jpeg\" \/>\n<meta name=\"twitter:card\" content=\"summary_large_image\" \/>\n<meta name=\"twitter:label1\" content=\"Szacowany czas czytania\" \/>\n\t<meta name=\"twitter:data1\" content=\"2 minuty\" \/>\n<script type=\"application\/ld+json\" class=\"yoast-schema-graph\">{\"@context\":\"https:\\\/\\\/schema.org\",\"@graph\":[{\"@type\":\"WebPage\",\"@id\":\"https:\\\/\\\/partygo.waw.pl\\\/index.php\\\/product\\\/kompozycja-balonowa-na-10-urodziny\\\/\",\"url\":\"https:\\\/\\\/partygo.waw.pl\\\/index.php\\\/product\\\/kompozycja-balonowa-na-10-urodziny\\\/\",\"name\":\"Kompozycja balonowa na 10. urodziny - PartyGo\",\"isPartOf\":{\"@id\":\"https:\\\/\\\/partygo.waw.pl\\\/#website\"},\"primaryImageOfPage\":{\"@id\":\"https:\\\/\\\/partygo.waw.pl\\\/index.php\\\/product\\\/kompozycja-balonowa-na-10-urodziny\\\/#primaryimage\"},\"image\":{\"@id\":\"https:\\\/\\\/partygo.waw.pl\\\/index.php\\\/product\\\/kompozycja-balonowa-na-10-urodziny\\\/#primaryimage\"},\"thumbnailUrl\":\"https:\\\/\\\/partygo.waw.pl\\\/wp-content\\\/uploads\\\/2025\\\/06\\\/WhatsApp-Image-2025-05-04-at-20.05.18-1.jpeg\",\"datePublished\":\"2026-03-20T11:16:38+00:00\",\"description\":\"Stylowa i radosna dekoracja przygotowana z okazji 10. urodzin. Po\u0142\u0105czenie b\u0142\u0119kitu i srebra nadaje kompozycji \u015bwie\u017cy, elegancki wygl\u0105d, kt\u00f3ry doskonale pasuje do dzieci\u0119cego przyj\u0119cia.\",\"breadcrumb\":{\"@id\":\"https:\\\/\\\/partygo.waw.pl\\\/index.php\\\/product\\\/kompozycja-balonowa-na-10-urodziny\\\/#breadcrumb\"},\"inLanguage\":\"pl-PL\",\"potentialAction\":[{\"@type\":\"ReadAction\",\"target\":[\"https:\\\/\\\/partygo.waw.pl\\\/index.php\\\/product\\\/kompozycja-balonowa-na-10-urodziny\\\/\"]}]},{\"@type\":\"ImageObject\",\"inLanguage\":\"pl-PL\",\"@id\":\"https:\\\/\\\/partygo.waw.pl\\\/index.php\\\/product\\\/kompozycja-balonowa-na-10-urodziny\\\/#primaryimage\",\"url\":\"https:\\\/\\\/partygo.waw.pl\\\/wp-content\\\/uploads\\\/2025\\\/06\\\/WhatsApp-Image-2025-05-04-at-20.05.18-1.jpeg\",\"contentUrl\":\"https:\\\/\\\/partygo.waw.pl\\\/wp-content\\\/uploads\\\/2025\\\/06\\\/WhatsApp-Image-2025-05-04-at-20.05.18-1.jpeg\",\"width\":1155,\"height\":1853,\"caption\":\"URODZINY\"},{\"@type\":\"BreadcrumbList\",\"@id\":\"https:\\\/\\\/partygo.waw.pl\\\/index.php\\\/product\\\/kompozycja-balonowa-na-10-urodziny\\\/#breadcrumb\",\"itemListElement\":[{\"@type\":\"ListItem\",\"position\":1,\"name\":\"Strona g\u0142\u00f3wna\",\"item\":\"https:\\\/\\\/partygo.waw.pl\\\/\"},{\"@type\":\"ListItem\",\"position\":2,\"name\":\"Galeria&#038;Sklep\",\"item\":\"https:\\\/\\\/partygo.waw.pl\\\/index.php\\\/sklep\\\/\"},{\"@type\":\"ListItem\",\"position\":3,\"name\":\"Kompozycja balonowa na 10. urodziny\"}]},{\"@type\":\"WebSite\",\"@id\":\"https:\\\/\\\/partygo.waw.pl\\\/#website\",\"url\":\"https:\\\/\\\/partygo.waw.pl\\\/\",\"name\":\"PartyGo\",\"description\":\"Balony i dekoracje Warszawa Legionowo\",\"publisher\":{\"@id\":\"https:\\\/\\\/partygo.waw.pl\\\/#organization\"},\"potentialAction\":[{\"@type\":\"SearchAction\",\"target\":{\"@type\":\"EntryPoint\",\"urlTemplate\":\"https:\\\/\\\/partygo.waw.pl\\\/?s={search_term_string}\"},\"query-input\":{\"@type\":\"PropertyValueSpecification\",\"valueRequired\":true,\"valueName\":\"search_term_string\"}}],\"inLanguage\":\"pl-PL\"},{\"@type\":\"Organization\",\"@id\":\"https:\\\/\\\/partygo.waw.pl\\\/#organization\",\"name\":\"PartyGo\",\"url\":\"https:\\\/\\\/partygo.waw.pl\\\/\",\"logo\":{\"@type\":\"ImageObject\",\"inLanguage\":\"pl-PL\",\"@id\":\"https:\\\/\\\/partygo.waw.pl\\\/#\\\/schema\\\/logo\\\/image\\\/\",\"url\":\"https:\\\/\\\/partygo.waw.pl\\\/wp-content\\\/uploads\\\/2022\\\/10\\\/logo_party-2.jpg\",\"contentUrl\":\"https:\\\/\\\/partygo.waw.pl\\\/wp-content\\\/uploads\\\/2022\\\/10\\\/logo_party-2.jpg\",\"width\":300,\"height\":300,\"caption\":\"PartyGo\"},\"image\":{\"@id\":\"https:\\\/\\\/partygo.waw.pl\\\/#\\\/schema\\\/logo\\\/image\\\/\"},\"sameAs\":[\"https:\\\/\\\/www.facebook.com\\\/people\\\/Party-Go-Warszawa\\\/\"]}]}<\/script>\n<!-- \/ Yoast SEO plugin. -->","yoast_head_json":{"title":"Kompozycja balonowa na 10. urodziny - PartyGo","description":"Stylowa i radosna dekoracja przygotowana z okazji 10. urodzin. Po\u0142\u0105czenie b\u0142\u0119kitu i srebra nadaje kompozycji \u015bwie\u017cy, elegancki wygl\u0105d, kt\u00f3ry doskonale pasuje do dzieci\u0119cego przyj\u0119cia.","robots":{"index":"index","follow":"follow","max-snippet":"max-snippet:-1","max-image-preview":"max-image-preview:large","max-video-preview":"max-video-preview:-1"},"canonical":"https:\/\/partygo.waw.pl\/index.php\/product\/kompozycja-balonowa-na-10-urodziny\/","og_locale":"pl_PL","og_type":"article","og_title":"Kompozycja balonowa na 10. urodziny - PartyGo","og_description":"Stylowa i radosna dekoracja przygotowana z okazji 10. urodzin. Po\u0142\u0105czenie b\u0142\u0119kitu i srebra nadaje kompozycji \u015bwie\u017cy, elegancki wygl\u0105d, kt\u00f3ry doskonale pasuje do dzieci\u0119cego przyj\u0119cia.","og_url":"https:\/\/partygo.waw.pl\/index.php\/product\/kompozycja-balonowa-na-10-urodziny\/","og_site_name":"PartyGo","article_publisher":"https:\/\/www.facebook.com\/people\/Party-Go-Warszawa\/","og_image":[{"width":1155,"height":1853,"url":"https:\/\/partygo.waw.pl\/wp-content\/uploads\/2025\/06\/WhatsApp-Image-2025-05-04-at-20.05.18-1.jpeg","type":"image\/jpeg"}],"twitter_card":"summary_large_image","twitter_misc":{"Szacowany czas czytania":"2 minuty"},"schema":{"@context":"https:\/\/schema.org","@graph":[{"@type":"WebPage","@id":"https:\/\/partygo.waw.pl\/index.php\/product\/kompozycja-balonowa-na-10-urodziny\/","url":"https:\/\/partygo.waw.pl\/index.php\/product\/kompozycja-balonowa-na-10-urodziny\/","name":"Kompozycja balonowa na 10. urodziny - PartyGo","isPartOf":{"@id":"https:\/\/partygo.waw.pl\/#website"},"primaryImageOfPage":{"@id":"https:\/\/partygo.waw.pl\/index.php\/product\/kompozycja-balonowa-na-10-urodziny\/#primaryimage"},"image":{"@id":"https:\/\/partygo.waw.pl\/index.php\/product\/kompozycja-balonowa-na-10-urodziny\/#primaryimage"},"thumbnailUrl":"https:\/\/partygo.waw.pl\/wp-content\/uploads\/2025\/06\/WhatsApp-Image-2025-05-04-at-20.05.18-1.jpeg","datePublished":"2026-03-20T11:16:38+00:00","description":"Stylowa i radosna dekoracja przygotowana z okazji 10. urodzin. Po\u0142\u0105czenie b\u0142\u0119kitu i srebra nadaje kompozycji \u015bwie\u017cy, elegancki wygl\u0105d, kt\u00f3ry doskonale pasuje do dzieci\u0119cego przyj\u0119cia.","breadcrumb":{"@id":"https:\/\/partygo.waw.pl\/index.php\/product\/kompozycja-balonowa-na-10-urodziny\/#breadcrumb"},"inLanguage":"pl-PL","potentialAction":[{"@type":"ReadAction","target":["https:\/\/partygo.waw.pl\/index.php\/product\/kompozycja-balonowa-na-10-urodziny\/"]}]},{"@type":"ImageObject","inLanguage":"pl-PL","@id":"https:\/\/partygo.waw.pl\/index.php\/product\/kompozycja-balonowa-na-10-urodziny\/#primaryimage","url":"https:\/\/partygo.waw.pl\/wp-content\/uploads\/2025\/06\/WhatsApp-Image-2025-05-04-at-20.05.18-1.jpeg","contentUrl":"https:\/\/partygo.waw.pl\/wp-content\/uploads\/2025\/06\/WhatsApp-Image-2025-05-04-at-20.05.18-1.jpeg","width":1155,"height":1853,"caption":"URODZINY"},{"@type":"BreadcrumbList","@id":"https:\/\/partygo.waw.pl\/index.php\/product\/kompozycja-balonowa-na-10-urodziny\/#breadcrumb","itemListElement":[{"@type":"ListItem","position":1,"name":"Strona g\u0142\u00f3wna","item":"https:\/\/partygo.waw.pl\/"},{"@type":"ListItem","position":2,"name":"Galeria&#038;Sklep","item":"https:\/\/partygo.waw.pl\/index.php\/sklep\/"},{"@type":"ListItem","position":3,"name":"Kompozycja balonowa na 10. urodziny"}]},{"@type":"WebSite","@id":"https:\/\/partygo.waw.pl\/#website","url":"https:\/\/partygo.waw.pl\/","name":"PartyGo","description":"Balony i dekoracje Warszawa Legionowo","publisher":{"@id":"https:\/\/partygo.waw.pl\/#organization"},"potentialAction":[{"@type":"SearchAction","target":{"@type":"EntryPoint","urlTemplate":"https:\/\/partygo.waw.pl\/?s={search_term_string}"},"query-input":{"@type":"PropertyValueSpecification","valueRequired":true,"valueName":"search_term_string"}}],"inLanguage":"pl-PL"},{"@type":"Organization","@id":"https:\/\/partygo.waw.pl\/#organization","name":"PartyGo","url":"https:\/\/partygo.waw.pl\/","logo":{"@type":"ImageObject","inLanguage":"pl-PL","@id":"https:\/\/partygo.waw.pl\/#\/schema\/logo\/image\/","url":"https:\/\/partygo.waw.pl\/wp-content\/uploads\/2022\/10\/logo_party-2.jpg","contentUrl":"https:\/\/partygo.waw.pl\/wp-content\/uploads\/2022\/10\/logo_party-2.jpg","width":300,"height":300,"caption":"PartyGo"},"image":{"@id":"https:\/\/partygo.waw.pl\/#\/schema\/logo\/image\/"},"sameAs":["https:\/\/www.facebook.com\/people\/Party-Go-Warszawa\/"]}]}},"_links":{"self":[{"href":"https:\/\/partygo.waw.pl\/index.php\/wp-json\/wp\/v2\/product\/1598","targetHints":{"allow":["GET"]}}],"collection":[{"href":"https:\/\/partygo.waw.pl\/index.php\/wp-json\/wp\/v2\/product"}],"about":[{"href":"https:\/\/partygo.waw.pl\/index.php\/wp-json\/wp\/v2\/types\/product"}],"replies":[{"embeddable":true,"href":"https:\/\/partygo.waw.pl\/index.php\/wp-json\/wp\/v2\/comments?post=1598"}],"wp:featuredmedia":[{"embeddable":true,"href":"https:\/\/partygo.waw.pl\/index.php\/wp-json\/wp\/v2\/media\/1206"}],"wp:attachment":[{"href":"https:\/\/partygo.waw.pl\/index.php\/wp-json\/wp\/v2\/media?parent=1598"}],"wp:term":[{"taxonomy":"product_brand","embeddable":true,"href":"https:\/\/partygo.waw.pl\/index.php\/wp-json\/wp\/v2\/product_brand?post=1598"},{"taxonomy":"product_cat","embeddable":true,"href":"https:\/\/partygo.waw.pl\/index.php\/wp-json\/wp\/v2\/product_cat?post=1598"},{"taxonomy":"product_tag","embeddable":true,"href":"https:\/\/partygo.waw.pl\/index.php\/wp-json\/wp\/v2\/product_tag?post=1598"}],"curies":[{"name":"wp","href":"https:\/\/api.w.org\/{rel}","templated":true}]}}