{"id":1610,"date":"2026-03-25T12:10:58","date_gmt":"2026-03-25T11:10:58","guid":{"rendered":"https:\/\/partygo.waw.pl\/?post_type=product&#038;p=1610"},"modified":"2026-03-25T12:10:58","modified_gmt":"2026-03-25T11:10:58","slug":"dekoracja-i-bukiet-balonowy-z-helem-z-okazji-pierwszej-komunii-swietej","status":"publish","type":"product","link":"https:\/\/partygo.waw.pl\/index.php\/product\/dekoracja-i-bukiet-balonowy-z-helem-z-okazji-pierwszej-komunii-swietej\/","title":{"rendered":"Dekoracja i bukiet balonowy z helem z okazji Pierwszej Komunii \u015awi\u0119tej"},"content":{"rendered":"<h2 data-start=\"92\" data-end=\"305\">Dekoracja z okazji Pierwszej Komunii \u015awi\u0119tej<\/h2>\n<p>Elegancka i subtelna aran\u017cacja przygotowana z my\u015bl\u0105 o wyj\u0105tkowym dniu Pierwszej Komunii \u015awi\u0119tej. Kompozycja tworzy estetyczn\u0105 stref\u0119 powitaln\u0105 oraz doskona\u0142e t\u0142o do pami\u0105tkowych zdj\u0119\u0107 podczas rodzinnego przyj\u0119cia.<\/p>\n<h3 data-start=\"307\" data-end=\"337\"><strong data-start=\"307\" data-end=\"337\">W sk\u0142ad dekoracji wchodzi:<\/strong><\/h3>\n<ul data-start=\"338\" data-end=\"462\">\n<li data-start=\"338\" data-end=\"382\">Organiczna girlanda balonowa \u2013 2,5 metra<\/li>\n<li data-start=\"383\" data-end=\"395\">Sztaluga<\/li>\n<li style=\"text-align: left;\" data-start=\"396\" data-end=\"462\">Spersonalizowana tablica (np. imi\u0119 dziecka, data uroczysto\u015bci)<\/li>\n<li data-start=\"396\" data-end=\"462\">Balon foliowy w kszta\u0142cie gwiazdy ze spersonalizowanym nadrukiem napompowany helem<\/li>\n<li data-start=\"396\" data-end=\"462\">6 balon\u00f3w lateksowych napompowanych helem<\/li>\n<\/ul>\n<p>Dekoracja doskonale sprawdzi si\u0119 podczas przyj\u0119cia rodzinnego w sali bankietowej, restauracji lub w domu.<\/p>\n<p>Mo\u017cliwo\u015b\u0107 dopasowania kolorystyki girlandy oraz projektu tablicy do motywu przewodniego uroczysto\u015bci.<\/p>\n","protected":false},"excerpt":{"rendered":"<p>Dekoracja z okazji Pierwszej Komunii \u015awi\u0119tej Elegancka i subtelna aran\u017cacja przygotowana z my\u015bl\u0105 o wyj\u0105tkowym dniu Pierwszej Komunii \u015awi\u0119tej. Kompozycja tworzy estetyczn\u0105 stref\u0119 powitaln\u0105 oraz doskona\u0142e t\u0142o do pami\u0105tkowych zdj\u0119\u0107 podczas rodzinnego przyj\u0119cia. W sk\u0142ad dekoracji wchodzi: Organiczna girlanda balonowa \u2013 2,5 metra Sztaluga Spersonalizowana tablica (np. imi\u0119 dziecka, data uroczysto\u015bci) Balon foliowy w kszta\u0142cie&hellip;&nbsp;<a href=\"https:\/\/partygo.waw.pl\/index.php\/product\/dekoracja-i-bukiet-balonowy-z-helem-z-okazji-pierwszej-komunii-swietej\/\" class=\"\" rel=\"bookmark\">Czytaj dalej &raquo;<span class=\"screen-reader-text\">Dekoracja i bukiet balonowy z helem z okazji Pierwszej Komunii \u015awi\u0119tej<\/span><\/a><\/p>\n","protected":false},"featured_media":1196,"comment_status":"open","ping_status":"closed","template":"","meta":{"neve_meta_sidebar":"","neve_meta_container":"","neve_meta_enable_content_width":"off","neve_meta_content_width":100,"neve_meta_title_alignment":"","neve_meta_author_avatar":"","neve_post_elements_order":"","neve_meta_disable_header":"","neve_meta_disable_footer":"","neve_meta_disable_title":"","_vp_format_video_url":"","_vp_image_focal_point":[]},"product_brand":[],"product_cat":[46,41,40],"product_tag":[],"class_list":{"0":"post-1610","1":"product","2":"type-product","3":"status-publish","4":"has-post-thumbnail","6":"product_cat-dekoracje","7":"product_cat-komunia-swieta","8":"product_cat-misc","10":"first","11":"onbackorder","12":"shipping-taxable","13":"product-type-simple"},"yoast_head":"<!-- This site is optimized with the Yoast SEO plugin v27.3 - https:\/\/yoast.com\/product\/yoast-seo-wordpress\/ -->\n<title>Dekoracja i bukiet balonowy z helem z okazji Pierwszej Komunii \u015awi\u0119tej - PartyGo<\/title>\n<meta name=\"description\" content=\"Elegancka i subtelna aran\u017cacja przygotowana z my\u015bl\u0105 o wyj\u0105tkowym dniu Pierwszej Komunii \u015awi\u0119tej. Kompozycja tworzy estetyczn\u0105 stref\u0119 powitaln\u0105 oraz doskona\u0142e t\u0142o do pami\u0105tkowych zdj\u0119\u0107 podczas rodzinnego przyj\u0119cia.\" \/>\n<meta name=\"robots\" content=\"index, follow, max-snippet:-1, max-image-preview:large, max-video-preview:-1\" \/>\n<link rel=\"canonical\" href=\"https:\/\/partygo.waw.pl\/index.php\/product\/dekoracja-i-bukiet-balonowy-z-helem-z-okazji-pierwszej-komunii-swietej\/\" \/>\n<meta property=\"og:locale\" content=\"pl_PL\" \/>\n<meta property=\"og:type\" content=\"article\" \/>\n<meta property=\"og:title\" content=\"Dekoracja i bukiet balonowy z helem z okazji Pierwszej Komunii \u015awi\u0119tej - PartyGo\" \/>\n<meta property=\"og:description\" content=\"Elegancka i subtelna aran\u017cacja przygotowana z my\u015bl\u0105 o wyj\u0105tkowym dniu Pierwszej Komunii \u015awi\u0119tej. Kompozycja tworzy estetyczn\u0105 stref\u0119 powitaln\u0105 oraz doskona\u0142e t\u0142o do pami\u0105tkowych zdj\u0119\u0107 podczas rodzinnego przyj\u0119cia.\" \/>\n<meta property=\"og:url\" content=\"https:\/\/partygo.waw.pl\/index.php\/product\/dekoracja-i-bukiet-balonowy-z-helem-z-okazji-pierwszej-komunii-swietej\/\" \/>\n<meta property=\"og:site_name\" content=\"PartyGo\" \/>\n<meta property=\"article:publisher\" content=\"https:\/\/www.facebook.com\/people\/Party-Go-Warszawa\/\" \/>\n<meta property=\"og:image\" content=\"https:\/\/partygo.waw.pl\/wp-content\/uploads\/2025\/06\/IMG-20250511-WA0000.jpg\" \/>\n\t<meta property=\"og:image:width\" content=\"1413\" \/>\n\t<meta property=\"og:image:height\" content=\"1683\" \/>\n\t<meta property=\"og:image:type\" content=\"image\/jpeg\" \/>\n<meta name=\"twitter:card\" content=\"summary_large_image\" \/>\n<meta name=\"twitter:label1\" content=\"Szacowany czas czytania\" \/>\n\t<meta name=\"twitter:data1\" content=\"1 minuta\" \/>\n<script type=\"application\/ld+json\" class=\"yoast-schema-graph\">{\"@context\":\"https:\\\/\\\/schema.org\",\"@graph\":[{\"@type\":\"WebPage\",\"@id\":\"https:\\\/\\\/partygo.waw.pl\\\/index.php\\\/product\\\/dekoracja-i-bukiet-balonowy-z-helem-z-okazji-pierwszej-komunii-swietej\\\/\",\"url\":\"https:\\\/\\\/partygo.waw.pl\\\/index.php\\\/product\\\/dekoracja-i-bukiet-balonowy-z-helem-z-okazji-pierwszej-komunii-swietej\\\/\",\"name\":\"Dekoracja i bukiet balonowy z helem z okazji Pierwszej Komunii \u015awi\u0119tej - PartyGo\",\"isPartOf\":{\"@id\":\"https:\\\/\\\/partygo.waw.pl\\\/#website\"},\"primaryImageOfPage\":{\"@id\":\"https:\\\/\\\/partygo.waw.pl\\\/index.php\\\/product\\\/dekoracja-i-bukiet-balonowy-z-helem-z-okazji-pierwszej-komunii-swietej\\\/#primaryimage\"},\"image\":{\"@id\":\"https:\\\/\\\/partygo.waw.pl\\\/index.php\\\/product\\\/dekoracja-i-bukiet-balonowy-z-helem-z-okazji-pierwszej-komunii-swietej\\\/#primaryimage\"},\"thumbnailUrl\":\"https:\\\/\\\/partygo.waw.pl\\\/wp-content\\\/uploads\\\/2025\\\/06\\\/IMG-20250511-WA0000.jpg\",\"datePublished\":\"2026-03-25T11:10:58+00:00\",\"description\":\"Elegancka i subtelna aran\u017cacja przygotowana z my\u015bl\u0105 o wyj\u0105tkowym dniu Pierwszej Komunii \u015awi\u0119tej. Kompozycja tworzy estetyczn\u0105 stref\u0119 powitaln\u0105 oraz doskona\u0142e t\u0142o do pami\u0105tkowych zdj\u0119\u0107 podczas rodzinnego przyj\u0119cia.\",\"breadcrumb\":{\"@id\":\"https:\\\/\\\/partygo.waw.pl\\\/index.php\\\/product\\\/dekoracja-i-bukiet-balonowy-z-helem-z-okazji-pierwszej-komunii-swietej\\\/#breadcrumb\"},\"inLanguage\":\"pl-PL\",\"potentialAction\":[{\"@type\":\"ReadAction\",\"target\":[\"https:\\\/\\\/partygo.waw.pl\\\/index.php\\\/product\\\/dekoracja-i-bukiet-balonowy-z-helem-z-okazji-pierwszej-komunii-swietej\\\/\"]}]},{\"@type\":\"ImageObject\",\"inLanguage\":\"pl-PL\",\"@id\":\"https:\\\/\\\/partygo.waw.pl\\\/index.php\\\/product\\\/dekoracja-i-bukiet-balonowy-z-helem-z-okazji-pierwszej-komunii-swietej\\\/#primaryimage\",\"url\":\"https:\\\/\\\/partygo.waw.pl\\\/wp-content\\\/uploads\\\/2025\\\/06\\\/IMG-20250511-WA0000.jpg\",\"contentUrl\":\"https:\\\/\\\/partygo.waw.pl\\\/wp-content\\\/uploads\\\/2025\\\/06\\\/IMG-20250511-WA0000.jpg\",\"width\":1413,\"height\":1683,\"caption\":\"Pierwsza Komunia \u015awi\u0119ta\"},{\"@type\":\"BreadcrumbList\",\"@id\":\"https:\\\/\\\/partygo.waw.pl\\\/index.php\\\/product\\\/dekoracja-i-bukiet-balonowy-z-helem-z-okazji-pierwszej-komunii-swietej\\\/#breadcrumb\",\"itemListElement\":[{\"@type\":\"ListItem\",\"position\":1,\"name\":\"Strona g\u0142\u00f3wna\",\"item\":\"https:\\\/\\\/partygo.waw.pl\\\/\"},{\"@type\":\"ListItem\",\"position\":2,\"name\":\"Galeria&#038;Sklep\",\"item\":\"https:\\\/\\\/partygo.waw.pl\\\/index.php\\\/sklep\\\/\"},{\"@type\":\"ListItem\",\"position\":3,\"name\":\"Dekoracja i bukiet balonowy z helem z okazji Pierwszej Komunii \u015awi\u0119tej\"}]},{\"@type\":\"WebSite\",\"@id\":\"https:\\\/\\\/partygo.waw.pl\\\/#website\",\"url\":\"https:\\\/\\\/partygo.waw.pl\\\/\",\"name\":\"PartyGo\",\"description\":\"Balony i dekoracje Warszawa Legionowo\",\"publisher\":{\"@id\":\"https:\\\/\\\/partygo.waw.pl\\\/#organization\"},\"potentialAction\":[{\"@type\":\"SearchAction\",\"target\":{\"@type\":\"EntryPoint\",\"urlTemplate\":\"https:\\\/\\\/partygo.waw.pl\\\/?s={search_term_string}\"},\"query-input\":{\"@type\":\"PropertyValueSpecification\",\"valueRequired\":true,\"valueName\":\"search_term_string\"}}],\"inLanguage\":\"pl-PL\"},{\"@type\":\"Organization\",\"@id\":\"https:\\\/\\\/partygo.waw.pl\\\/#organization\",\"name\":\"PartyGo\",\"url\":\"https:\\\/\\\/partygo.waw.pl\\\/\",\"logo\":{\"@type\":\"ImageObject\",\"inLanguage\":\"pl-PL\",\"@id\":\"https:\\\/\\\/partygo.waw.pl\\\/#\\\/schema\\\/logo\\\/image\\\/\",\"url\":\"https:\\\/\\\/partygo.waw.pl\\\/wp-content\\\/uploads\\\/2022\\\/10\\\/logo_party-2.jpg\",\"contentUrl\":\"https:\\\/\\\/partygo.waw.pl\\\/wp-content\\\/uploads\\\/2022\\\/10\\\/logo_party-2.jpg\",\"width\":300,\"height\":300,\"caption\":\"PartyGo\"},\"image\":{\"@id\":\"https:\\\/\\\/partygo.waw.pl\\\/#\\\/schema\\\/logo\\\/image\\\/\"},\"sameAs\":[\"https:\\\/\\\/www.facebook.com\\\/people\\\/Party-Go-Warszawa\\\/\"]}]}<\/script>\n<!-- \/ Yoast SEO plugin. -->","yoast_head_json":{"title":"Dekoracja i bukiet balonowy z helem z okazji Pierwszej Komunii \u015awi\u0119tej - PartyGo","description":"Elegancka i subtelna aran\u017cacja przygotowana z my\u015bl\u0105 o wyj\u0105tkowym dniu Pierwszej Komunii \u015awi\u0119tej. Kompozycja tworzy estetyczn\u0105 stref\u0119 powitaln\u0105 oraz doskona\u0142e t\u0142o do pami\u0105tkowych zdj\u0119\u0107 podczas rodzinnego przyj\u0119cia.","robots":{"index":"index","follow":"follow","max-snippet":"max-snippet:-1","max-image-preview":"max-image-preview:large","max-video-preview":"max-video-preview:-1"},"canonical":"https:\/\/partygo.waw.pl\/index.php\/product\/dekoracja-i-bukiet-balonowy-z-helem-z-okazji-pierwszej-komunii-swietej\/","og_locale":"pl_PL","og_type":"article","og_title":"Dekoracja i bukiet balonowy z helem z okazji Pierwszej Komunii \u015awi\u0119tej - PartyGo","og_description":"Elegancka i subtelna aran\u017cacja przygotowana z my\u015bl\u0105 o wyj\u0105tkowym dniu Pierwszej Komunii \u015awi\u0119tej. Kompozycja tworzy estetyczn\u0105 stref\u0119 powitaln\u0105 oraz doskona\u0142e t\u0142o do pami\u0105tkowych zdj\u0119\u0107 podczas rodzinnego przyj\u0119cia.","og_url":"https:\/\/partygo.waw.pl\/index.php\/product\/dekoracja-i-bukiet-balonowy-z-helem-z-okazji-pierwszej-komunii-swietej\/","og_site_name":"PartyGo","article_publisher":"https:\/\/www.facebook.com\/people\/Party-Go-Warszawa\/","og_image":[{"width":1413,"height":1683,"url":"https:\/\/partygo.waw.pl\/wp-content\/uploads\/2025\/06\/IMG-20250511-WA0000.jpg","type":"image\/jpeg"}],"twitter_card":"summary_large_image","twitter_misc":{"Szacowany czas czytania":"1 minuta"},"schema":{"@context":"https:\/\/schema.org","@graph":[{"@type":"WebPage","@id":"https:\/\/partygo.waw.pl\/index.php\/product\/dekoracja-i-bukiet-balonowy-z-helem-z-okazji-pierwszej-komunii-swietej\/","url":"https:\/\/partygo.waw.pl\/index.php\/product\/dekoracja-i-bukiet-balonowy-z-helem-z-okazji-pierwszej-komunii-swietej\/","name":"Dekoracja i bukiet balonowy z helem z okazji Pierwszej Komunii \u015awi\u0119tej - PartyGo","isPartOf":{"@id":"https:\/\/partygo.waw.pl\/#website"},"primaryImageOfPage":{"@id":"https:\/\/partygo.waw.pl\/index.php\/product\/dekoracja-i-bukiet-balonowy-z-helem-z-okazji-pierwszej-komunii-swietej\/#primaryimage"},"image":{"@id":"https:\/\/partygo.waw.pl\/index.php\/product\/dekoracja-i-bukiet-balonowy-z-helem-z-okazji-pierwszej-komunii-swietej\/#primaryimage"},"thumbnailUrl":"https:\/\/partygo.waw.pl\/wp-content\/uploads\/2025\/06\/IMG-20250511-WA0000.jpg","datePublished":"2026-03-25T11:10:58+00:00","description":"Elegancka i subtelna aran\u017cacja przygotowana z my\u015bl\u0105 o wyj\u0105tkowym dniu Pierwszej Komunii \u015awi\u0119tej. Kompozycja tworzy estetyczn\u0105 stref\u0119 powitaln\u0105 oraz doskona\u0142e t\u0142o do pami\u0105tkowych zdj\u0119\u0107 podczas rodzinnego przyj\u0119cia.","breadcrumb":{"@id":"https:\/\/partygo.waw.pl\/index.php\/product\/dekoracja-i-bukiet-balonowy-z-helem-z-okazji-pierwszej-komunii-swietej\/#breadcrumb"},"inLanguage":"pl-PL","potentialAction":[{"@type":"ReadAction","target":["https:\/\/partygo.waw.pl\/index.php\/product\/dekoracja-i-bukiet-balonowy-z-helem-z-okazji-pierwszej-komunii-swietej\/"]}]},{"@type":"ImageObject","inLanguage":"pl-PL","@id":"https:\/\/partygo.waw.pl\/index.php\/product\/dekoracja-i-bukiet-balonowy-z-helem-z-okazji-pierwszej-komunii-swietej\/#primaryimage","url":"https:\/\/partygo.waw.pl\/wp-content\/uploads\/2025\/06\/IMG-20250511-WA0000.jpg","contentUrl":"https:\/\/partygo.waw.pl\/wp-content\/uploads\/2025\/06\/IMG-20250511-WA0000.jpg","width":1413,"height":1683,"caption":"Pierwsza Komunia \u015awi\u0119ta"},{"@type":"BreadcrumbList","@id":"https:\/\/partygo.waw.pl\/index.php\/product\/dekoracja-i-bukiet-balonowy-z-helem-z-okazji-pierwszej-komunii-swietej\/#breadcrumb","itemListElement":[{"@type":"ListItem","position":1,"name":"Strona g\u0142\u00f3wna","item":"https:\/\/partygo.waw.pl\/"},{"@type":"ListItem","position":2,"name":"Galeria&#038;Sklep","item":"https:\/\/partygo.waw.pl\/index.php\/sklep\/"},{"@type":"ListItem","position":3,"name":"Dekoracja i bukiet balonowy z helem z okazji Pierwszej Komunii \u015awi\u0119tej"}]},{"@type":"WebSite","@id":"https:\/\/partygo.waw.pl\/#website","url":"https:\/\/partygo.waw.pl\/","name":"PartyGo","description":"Balony i dekoracje Warszawa Legionowo","publisher":{"@id":"https:\/\/partygo.waw.pl\/#organization"},"potentialAction":[{"@type":"SearchAction","target":{"@type":"EntryPoint","urlTemplate":"https:\/\/partygo.waw.pl\/?s={search_term_string}"},"query-input":{"@type":"PropertyValueSpecification","valueRequired":true,"valueName":"search_term_string"}}],"inLanguage":"pl-PL"},{"@type":"Organization","@id":"https:\/\/partygo.waw.pl\/#organization","name":"PartyGo","url":"https:\/\/partygo.waw.pl\/","logo":{"@type":"ImageObject","inLanguage":"pl-PL","@id":"https:\/\/partygo.waw.pl\/#\/schema\/logo\/image\/","url":"https:\/\/partygo.waw.pl\/wp-content\/uploads\/2022\/10\/logo_party-2.jpg","contentUrl":"https:\/\/partygo.waw.pl\/wp-content\/uploads\/2022\/10\/logo_party-2.jpg","width":300,"height":300,"caption":"PartyGo"},"image":{"@id":"https:\/\/partygo.waw.pl\/#\/schema\/logo\/image\/"},"sameAs":["https:\/\/www.facebook.com\/people\/Party-Go-Warszawa\/"]}]}},"_links":{"self":[{"href":"https:\/\/partygo.waw.pl\/index.php\/wp-json\/wp\/v2\/product\/1610","targetHints":{"allow":["GET"]}}],"collection":[{"href":"https:\/\/partygo.waw.pl\/index.php\/wp-json\/wp\/v2\/product"}],"about":[{"href":"https:\/\/partygo.waw.pl\/index.php\/wp-json\/wp\/v2\/types\/product"}],"replies":[{"embeddable":true,"href":"https:\/\/partygo.waw.pl\/index.php\/wp-json\/wp\/v2\/comments?post=1610"}],"wp:featuredmedia":[{"embeddable":true,"href":"https:\/\/partygo.waw.pl\/index.php\/wp-json\/wp\/v2\/media\/1196"}],"wp:attachment":[{"href":"https:\/\/partygo.waw.pl\/index.php\/wp-json\/wp\/v2\/media?parent=1610"}],"wp:term":[{"taxonomy":"product_brand","embeddable":true,"href":"https:\/\/partygo.waw.pl\/index.php\/wp-json\/wp\/v2\/product_brand?post=1610"},{"taxonomy":"product_cat","embeddable":true,"href":"https:\/\/partygo.waw.pl\/index.php\/wp-json\/wp\/v2\/product_cat?post=1610"},{"taxonomy":"product_tag","embeddable":true,"href":"https:\/\/partygo.waw.pl\/index.php\/wp-json\/wp\/v2\/product_tag?post=1610"}],"curies":[{"name":"wp","href":"https:\/\/api.w.org\/{rel}","templated":true}]}}