{"id":1618,"date":"2026-03-27T14:55:40","date_gmt":"2026-03-27T13:55:40","guid":{"rendered":"https:\/\/partygo.waw.pl\/?post_type=product&#038;p=1618"},"modified":"2026-03-27T14:56:20","modified_gmt":"2026-03-27T13:56:20","slug":"kompozycja-balonowa-z-helem-na-5-urodziny","status":"publish","type":"product","link":"https:\/\/partygo.waw.pl\/index.php\/product\/kompozycja-balonowa-z-helem-na-5-urodziny\/","title":{"rendered":"Kompozycja balonowa z helem na 5. urodziny"},"content":{"rendered":"<div class=\"relative basis-auto flex-col -mb-(--composer-overlap-px) pb-(--composer-overlap-px) [--composer-overlap-px:28px] grow flex\">\n<div class=\"flex flex-col text-sm pb-25\">\n<section class=\"text-token-text-primary w-full focus:outline-none [--shadow-height:45px] has-data-writing-block:pointer-events-none has-data-writing-block:-mt-(--shadow-height) has-data-writing-block:pt-(--shadow-height) [&amp;:has([data-writing-block])&gt;*]:pointer-events-auto scroll-mt-[calc(var(--header-height)+min(200px,max(70px,20svh)))]\" dir=\"auto\" data-turn-id=\"request-WEB:68d5dfe3-a7a7-4c81-8e7e-3ceee533065e-2\" data-testid=\"conversation-turn-6\" data-scroll-anchor=\"true\" data-turn=\"assistant\">\n<div class=\"text-base my-auto mx-auto pb-10 [--thread-content-margin:var(--thread-content-margin-xs,calc(var(--spacing)*4))] @w-sm\/main:[--thread-content-margin:var(--thread-content-margin-sm,calc(var(--spacing)*6))] @w-lg\/main:[--thread-content-margin:var(--thread-content-margin-lg,calc(var(--spacing)*16))] px-(--thread-content-margin)\">\n<div class=\"[--thread-content-max-width:40rem] @w-lg\/main:[--thread-content-max-width:48rem] mx-auto max-w-(--thread-content-max-width) flex-1 group\/turn-messages focus-visible:outline-hidden relative flex w-full min-w-0 flex-col agent-turn\">\n<div class=\"flex max-w-full flex-col gap-4 grow\">\n<div class=\"min-h-8 text-message relative flex w-full flex-col items-end gap-2 text-start break-words whitespace-normal outline-none keyboard-focused:focus-ring [.text-message+&amp;]:mt-1\" dir=\"auto\" tabindex=\"0\" data-message-author-role=\"assistant\" data-message-id=\"7198d0f0-a08c-48f5-9195-be7a27c7e82c\" data-message-model-slug=\"gpt-5-3\" data-turn-start-message=\"true\">\n<div class=\"flex w-full flex-col gap-1 empty:hidden\">\n<div class=\"markdown prose dark:prose-invert w-full wrap-break-word light markdown-new-styling\">\n<h2 data-start=\"0\" data-end=\"63\"><strong data-start=\"0\" data-end=\"63\">Kompozycja balonowa z helem na 5. urodziny \u2013 styl Wednesday<\/strong><\/h2>\n<p>Mroczna elegancja w imprezowym wydaniu. Zestaw inspirowany klimatem <span class=\"hover:entity-accent entity-underline inline cursor-pointer align-baseline\"><span class=\"whitespace-normal\">Wednesday<\/span><\/span> to idealna propozycja dla fan\u00f3w nietuzinkowych dekoracji \u2013 czarno-bia\u0142a kolorystyka, minimalizm i charakter robi\u0105 tu ca\u0142\u0105 robot\u0119.<\/p>\n<\/div>\n<div class=\"markdown prose dark:prose-invert w-full wrap-break-word light markdown-new-styling\">\n<p>Balony wype\u0142nione helem unosz\u0105 si\u0119 lekko pod sufit, tworz\u0105c sp\u00f3jn\u0105 i efektown\u0105 aran\u017cacj\u0119. Personalizowany balon z nadrukiem dodaje ca\u0142o\u015bci indywidualnego akcentu \u2013 dok\u0142adnie tak, jak lubi Wednesday.<\/p>\n<h3 data-start=\"502\" data-end=\"517\"><strong data-start=\"502\" data-end=\"517\">W zestawie:<\/strong><\/h3>\n<ul data-start=\"518\" data-end=\"761\">\n<li data-section-id=\"3imo6w\" data-start=\"518\" data-end=\"586\">balon foliowy cyfra <strong data-start=\"540\" data-end=\"545\">5<\/strong> w kolorze czarnym (wysoko\u015b\u0107 ok. 92 cm)<\/li>\n<li data-section-id=\"h6x46n\" data-start=\"587\" data-end=\"685\">du\u017cy transparentny balon z miksem czarnych i bia\u0142ych pi\u00f3rek + personalizowany nadruk i grafika<\/li>\n<li data-section-id=\"1eihpg8\" data-start=\"686\" data-end=\"739\">6 balon\u00f3w lateksowych w czarno-bia\u0142ej kolorystyce<\/li>\n<li data-section-id=\"1h4rf21\" data-start=\"740\" data-end=\"761\">pompowanie helem<\/li>\n<\/ul>\n<p data-start=\"763\" data-end=\"780\"><strong data-start=\"763\" data-end=\"780\">Zastosowanie:<\/strong><\/p>\n<ul data-start=\"781\" data-end=\"890\">\n<li data-section-id=\"1p268p6\" data-start=\"781\" data-end=\"809\">dekoracja na 5. urodziny<\/li>\n<li data-section-id=\"1qxvgqv\" data-start=\"810\" data-end=\"841\">motyw przewodni \u201eWednesday\u201d<\/li>\n<li data-section-id=\"lbk2e0\" data-start=\"842\" data-end=\"890\">efektowna aran\u017cacja pod sufit i t\u0142o do zdj\u0119\u0107<\/li>\n<\/ul>\n<p>Stylowo, klimatycznie i z lekkim \u201edark vibe\u201d \u2013 bo nie ka\u017cda impreza musi by\u0107 cukierkowa.<\/p>\n<\/div>\n<\/div>\n<\/div>\n<\/div>\n<\/div>\n<\/div>\n<\/section>\n<\/div>\n<\/div>\n","protected":false},"excerpt":{"rendered":"<p>Kompozycja balonowa z helem na 5. urodziny \u2013 styl Wednesday Mroczna elegancja w imprezowym wydaniu. Zestaw inspirowany klimatem Wednesday to idealna propozycja dla fan\u00f3w nietuzinkowych dekoracji \u2013 czarno-bia\u0142a kolorystyka, minimalizm i charakter robi\u0105 tu ca\u0142\u0105 robot\u0119. Balony wype\u0142nione helem unosz\u0105 si\u0119 lekko pod sufit, tworz\u0105c sp\u00f3jn\u0105 i efektown\u0105 aran\u017cacj\u0119. Personalizowany balon z nadrukiem dodaje ca\u0142o\u015bci&hellip;&nbsp;<a href=\"https:\/\/partygo.waw.pl\/index.php\/product\/kompozycja-balonowa-z-helem-na-5-urodziny\/\" class=\"\" rel=\"bookmark\">Czytaj dalej &raquo;<span class=\"screen-reader-text\">Kompozycja balonowa z helem na 5. urodziny<\/span><\/a><\/p>\n","protected":false},"featured_media":1110,"comment_status":"open","ping_status":"closed","template":"","meta":{"neve_meta_sidebar":"","neve_meta_container":"","neve_meta_enable_content_width":"off","neve_meta_content_width":100,"neve_meta_title_alignment":"","neve_meta_author_avatar":"","neve_post_elements_order":"","neve_meta_disable_header":"","neve_meta_disable_footer":"","neve_meta_disable_title":"","_vp_format_video_url":"","_vp_image_focal_point":[]},"product_brand":[],"product_cat":[45,40],"product_tag":[],"class_list":{"0":"post-1618","1":"product","2":"type-product","3":"status-publish","4":"has-post-thumbnail","6":"product_cat-bukiety-urodzinowe","7":"product_cat-misc","9":"first","10":"onbackorder","11":"shipping-taxable","12":"product-type-simple"},"yoast_head":"<!-- This site is optimized with the Yoast SEO plugin v27.3 - https:\/\/yoast.com\/product\/yoast-seo-wordpress\/ -->\n<title>Kompozycja balonowa z helem na 5. urodziny - PartyGo<\/title>\n<meta name=\"description\" content=\"Mroczna elegancja w imprezowym wydaniu. Zestaw inspirowany klimatem Wednesday to idealna propozycja dla fan\u00f3w nietuzinkowych dekoracji \u2013 czarno-bia\u0142a kolorystyka, minimalizm i charakter robi\u0105 tu ca\u0142\u0105 robot\u0119.\" \/>\n<meta name=\"robots\" content=\"index, follow, max-snippet:-1, max-image-preview:large, max-video-preview:-1\" \/>\n<link rel=\"canonical\" href=\"https:\/\/partygo.waw.pl\/index.php\/product\/kompozycja-balonowa-z-helem-na-5-urodziny\/\" \/>\n<meta property=\"og:locale\" content=\"pl_PL\" \/>\n<meta property=\"og:type\" content=\"article\" \/>\n<meta property=\"og:title\" content=\"Kompozycja balonowa z helem na 5. urodziny - PartyGo\" \/>\n<meta property=\"og:description\" content=\"Mroczna elegancja w imprezowym wydaniu. Zestaw inspirowany klimatem Wednesday to idealna propozycja dla fan\u00f3w nietuzinkowych dekoracji \u2013 czarno-bia\u0142a kolorystyka, minimalizm i charakter robi\u0105 tu ca\u0142\u0105 robot\u0119.\" \/>\n<meta property=\"og:url\" content=\"https:\/\/partygo.waw.pl\/index.php\/product\/kompozycja-balonowa-z-helem-na-5-urodziny\/\" \/>\n<meta property=\"og:site_name\" content=\"PartyGo\" \/>\n<meta property=\"article:publisher\" content=\"https:\/\/www.facebook.com\/people\/Party-Go-Warszawa\/\" \/>\n<meta property=\"article:modified_time\" content=\"2026-03-27T13:56:20+00:00\" \/>\n<meta property=\"og:image\" content=\"https:\/\/partygo.waw.pl\/wp-content\/uploads\/2023\/07\/IMG-20230325-WA0005.jpg\" \/>\n\t<meta property=\"og:image:width\" content=\"1200\" \/>\n\t<meta property=\"og:image:height\" content=\"1600\" \/>\n\t<meta property=\"og:image:type\" content=\"image\/jpeg\" \/>\n<meta name=\"twitter:card\" content=\"summary_large_image\" \/>\n<meta name=\"twitter:label1\" content=\"Szacowany czas czytania\" \/>\n\t<meta name=\"twitter:data1\" content=\"1 minuta\" \/>\n<script type=\"application\/ld+json\" class=\"yoast-schema-graph\">{\"@context\":\"https:\\\/\\\/schema.org\",\"@graph\":[{\"@type\":\"WebPage\",\"@id\":\"https:\\\/\\\/partygo.waw.pl\\\/index.php\\\/product\\\/kompozycja-balonowa-z-helem-na-5-urodziny\\\/\",\"url\":\"https:\\\/\\\/partygo.waw.pl\\\/index.php\\\/product\\\/kompozycja-balonowa-z-helem-na-5-urodziny\\\/\",\"name\":\"Kompozycja balonowa z helem na 5. urodziny - PartyGo\",\"isPartOf\":{\"@id\":\"https:\\\/\\\/partygo.waw.pl\\\/#website\"},\"primaryImageOfPage\":{\"@id\":\"https:\\\/\\\/partygo.waw.pl\\\/index.php\\\/product\\\/kompozycja-balonowa-z-helem-na-5-urodziny\\\/#primaryimage\"},\"image\":{\"@id\":\"https:\\\/\\\/partygo.waw.pl\\\/index.php\\\/product\\\/kompozycja-balonowa-z-helem-na-5-urodziny\\\/#primaryimage\"},\"thumbnailUrl\":\"https:\\\/\\\/partygo.waw.pl\\\/wp-content\\\/uploads\\\/2023\\\/07\\\/IMG-20230325-WA0005.jpg\",\"datePublished\":\"2026-03-27T13:55:40+00:00\",\"dateModified\":\"2026-03-27T13:56:20+00:00\",\"description\":\"Mroczna elegancja w imprezowym wydaniu. Zestaw inspirowany klimatem Wednesday to idealna propozycja dla fan\u00f3w nietuzinkowych dekoracji \u2013 czarno-bia\u0142a kolorystyka, minimalizm i charakter robi\u0105 tu ca\u0142\u0105 robot\u0119.\",\"breadcrumb\":{\"@id\":\"https:\\\/\\\/partygo.waw.pl\\\/index.php\\\/product\\\/kompozycja-balonowa-z-helem-na-5-urodziny\\\/#breadcrumb\"},\"inLanguage\":\"pl-PL\",\"potentialAction\":[{\"@type\":\"ReadAction\",\"target\":[\"https:\\\/\\\/partygo.waw.pl\\\/index.php\\\/product\\\/kompozycja-balonowa-z-helem-na-5-urodziny\\\/\"]}]},{\"@type\":\"ImageObject\",\"inLanguage\":\"pl-PL\",\"@id\":\"https:\\\/\\\/partygo.waw.pl\\\/index.php\\\/product\\\/kompozycja-balonowa-z-helem-na-5-urodziny\\\/#primaryimage\",\"url\":\"https:\\\/\\\/partygo.waw.pl\\\/wp-content\\\/uploads\\\/2023\\\/07\\\/IMG-20230325-WA0005.jpg\",\"contentUrl\":\"https:\\\/\\\/partygo.waw.pl\\\/wp-content\\\/uploads\\\/2023\\\/07\\\/IMG-20230325-WA0005.jpg\",\"width\":1200,\"height\":1600,\"caption\":\"URODZINY\"},{\"@type\":\"BreadcrumbList\",\"@id\":\"https:\\\/\\\/partygo.waw.pl\\\/index.php\\\/product\\\/kompozycja-balonowa-z-helem-na-5-urodziny\\\/#breadcrumb\",\"itemListElement\":[{\"@type\":\"ListItem\",\"position\":1,\"name\":\"Strona g\u0142\u00f3wna\",\"item\":\"https:\\\/\\\/partygo.waw.pl\\\/\"},{\"@type\":\"ListItem\",\"position\":2,\"name\":\"Galeria&#038;Sklep\",\"item\":\"https:\\\/\\\/partygo.waw.pl\\\/index.php\\\/sklep\\\/\"},{\"@type\":\"ListItem\",\"position\":3,\"name\":\"Kompozycja balonowa z helem na 5. urodziny\"}]},{\"@type\":\"WebSite\",\"@id\":\"https:\\\/\\\/partygo.waw.pl\\\/#website\",\"url\":\"https:\\\/\\\/partygo.waw.pl\\\/\",\"name\":\"PartyGo\",\"description\":\"Balony i dekoracje Warszawa Legionowo\",\"publisher\":{\"@id\":\"https:\\\/\\\/partygo.waw.pl\\\/#organization\"},\"potentialAction\":[{\"@type\":\"SearchAction\",\"target\":{\"@type\":\"EntryPoint\",\"urlTemplate\":\"https:\\\/\\\/partygo.waw.pl\\\/?s={search_term_string}\"},\"query-input\":{\"@type\":\"PropertyValueSpecification\",\"valueRequired\":true,\"valueName\":\"search_term_string\"}}],\"inLanguage\":\"pl-PL\"},{\"@type\":\"Organization\",\"@id\":\"https:\\\/\\\/partygo.waw.pl\\\/#organization\",\"name\":\"PartyGo\",\"url\":\"https:\\\/\\\/partygo.waw.pl\\\/\",\"logo\":{\"@type\":\"ImageObject\",\"inLanguage\":\"pl-PL\",\"@id\":\"https:\\\/\\\/partygo.waw.pl\\\/#\\\/schema\\\/logo\\\/image\\\/\",\"url\":\"https:\\\/\\\/partygo.waw.pl\\\/wp-content\\\/uploads\\\/2022\\\/10\\\/logo_party-2.jpg\",\"contentUrl\":\"https:\\\/\\\/partygo.waw.pl\\\/wp-content\\\/uploads\\\/2022\\\/10\\\/logo_party-2.jpg\",\"width\":300,\"height\":300,\"caption\":\"PartyGo\"},\"image\":{\"@id\":\"https:\\\/\\\/partygo.waw.pl\\\/#\\\/schema\\\/logo\\\/image\\\/\"},\"sameAs\":[\"https:\\\/\\\/www.facebook.com\\\/people\\\/Party-Go-Warszawa\\\/\"]}]}<\/script>\n<!-- \/ Yoast SEO plugin. -->","yoast_head_json":{"title":"Kompozycja balonowa z helem na 5. urodziny - PartyGo","description":"Mroczna elegancja w imprezowym wydaniu. Zestaw inspirowany klimatem Wednesday to idealna propozycja dla fan\u00f3w nietuzinkowych dekoracji \u2013 czarno-bia\u0142a kolorystyka, minimalizm i charakter robi\u0105 tu ca\u0142\u0105 robot\u0119.","robots":{"index":"index","follow":"follow","max-snippet":"max-snippet:-1","max-image-preview":"max-image-preview:large","max-video-preview":"max-video-preview:-1"},"canonical":"https:\/\/partygo.waw.pl\/index.php\/product\/kompozycja-balonowa-z-helem-na-5-urodziny\/","og_locale":"pl_PL","og_type":"article","og_title":"Kompozycja balonowa z helem na 5. urodziny - PartyGo","og_description":"Mroczna elegancja w imprezowym wydaniu. Zestaw inspirowany klimatem Wednesday to idealna propozycja dla fan\u00f3w nietuzinkowych dekoracji \u2013 czarno-bia\u0142a kolorystyka, minimalizm i charakter robi\u0105 tu ca\u0142\u0105 robot\u0119.","og_url":"https:\/\/partygo.waw.pl\/index.php\/product\/kompozycja-balonowa-z-helem-na-5-urodziny\/","og_site_name":"PartyGo","article_publisher":"https:\/\/www.facebook.com\/people\/Party-Go-Warszawa\/","article_modified_time":"2026-03-27T13:56:20+00:00","og_image":[{"width":1200,"height":1600,"url":"https:\/\/partygo.waw.pl\/wp-content\/uploads\/2023\/07\/IMG-20230325-WA0005.jpg","type":"image\/jpeg"}],"twitter_card":"summary_large_image","twitter_misc":{"Szacowany czas czytania":"1 minuta"},"schema":{"@context":"https:\/\/schema.org","@graph":[{"@type":"WebPage","@id":"https:\/\/partygo.waw.pl\/index.php\/product\/kompozycja-balonowa-z-helem-na-5-urodziny\/","url":"https:\/\/partygo.waw.pl\/index.php\/product\/kompozycja-balonowa-z-helem-na-5-urodziny\/","name":"Kompozycja balonowa z helem na 5. urodziny - PartyGo","isPartOf":{"@id":"https:\/\/partygo.waw.pl\/#website"},"primaryImageOfPage":{"@id":"https:\/\/partygo.waw.pl\/index.php\/product\/kompozycja-balonowa-z-helem-na-5-urodziny\/#primaryimage"},"image":{"@id":"https:\/\/partygo.waw.pl\/index.php\/product\/kompozycja-balonowa-z-helem-na-5-urodziny\/#primaryimage"},"thumbnailUrl":"https:\/\/partygo.waw.pl\/wp-content\/uploads\/2023\/07\/IMG-20230325-WA0005.jpg","datePublished":"2026-03-27T13:55:40+00:00","dateModified":"2026-03-27T13:56:20+00:00","description":"Mroczna elegancja w imprezowym wydaniu. Zestaw inspirowany klimatem Wednesday to idealna propozycja dla fan\u00f3w nietuzinkowych dekoracji \u2013 czarno-bia\u0142a kolorystyka, minimalizm i charakter robi\u0105 tu ca\u0142\u0105 robot\u0119.","breadcrumb":{"@id":"https:\/\/partygo.waw.pl\/index.php\/product\/kompozycja-balonowa-z-helem-na-5-urodziny\/#breadcrumb"},"inLanguage":"pl-PL","potentialAction":[{"@type":"ReadAction","target":["https:\/\/partygo.waw.pl\/index.php\/product\/kompozycja-balonowa-z-helem-na-5-urodziny\/"]}]},{"@type":"ImageObject","inLanguage":"pl-PL","@id":"https:\/\/partygo.waw.pl\/index.php\/product\/kompozycja-balonowa-z-helem-na-5-urodziny\/#primaryimage","url":"https:\/\/partygo.waw.pl\/wp-content\/uploads\/2023\/07\/IMG-20230325-WA0005.jpg","contentUrl":"https:\/\/partygo.waw.pl\/wp-content\/uploads\/2023\/07\/IMG-20230325-WA0005.jpg","width":1200,"height":1600,"caption":"URODZINY"},{"@type":"BreadcrumbList","@id":"https:\/\/partygo.waw.pl\/index.php\/product\/kompozycja-balonowa-z-helem-na-5-urodziny\/#breadcrumb","itemListElement":[{"@type":"ListItem","position":1,"name":"Strona g\u0142\u00f3wna","item":"https:\/\/partygo.waw.pl\/"},{"@type":"ListItem","position":2,"name":"Galeria&#038;Sklep","item":"https:\/\/partygo.waw.pl\/index.php\/sklep\/"},{"@type":"ListItem","position":3,"name":"Kompozycja balonowa z helem na 5. urodziny"}]},{"@type":"WebSite","@id":"https:\/\/partygo.waw.pl\/#website","url":"https:\/\/partygo.waw.pl\/","name":"PartyGo","description":"Balony i dekoracje Warszawa Legionowo","publisher":{"@id":"https:\/\/partygo.waw.pl\/#organization"},"potentialAction":[{"@type":"SearchAction","target":{"@type":"EntryPoint","urlTemplate":"https:\/\/partygo.waw.pl\/?s={search_term_string}"},"query-input":{"@type":"PropertyValueSpecification","valueRequired":true,"valueName":"search_term_string"}}],"inLanguage":"pl-PL"},{"@type":"Organization","@id":"https:\/\/partygo.waw.pl\/#organization","name":"PartyGo","url":"https:\/\/partygo.waw.pl\/","logo":{"@type":"ImageObject","inLanguage":"pl-PL","@id":"https:\/\/partygo.waw.pl\/#\/schema\/logo\/image\/","url":"https:\/\/partygo.waw.pl\/wp-content\/uploads\/2022\/10\/logo_party-2.jpg","contentUrl":"https:\/\/partygo.waw.pl\/wp-content\/uploads\/2022\/10\/logo_party-2.jpg","width":300,"height":300,"caption":"PartyGo"},"image":{"@id":"https:\/\/partygo.waw.pl\/#\/schema\/logo\/image\/"},"sameAs":["https:\/\/www.facebook.com\/people\/Party-Go-Warszawa\/"]}]}},"_links":{"self":[{"href":"https:\/\/partygo.waw.pl\/index.php\/wp-json\/wp\/v2\/product\/1618","targetHints":{"allow":["GET"]}}],"collection":[{"href":"https:\/\/partygo.waw.pl\/index.php\/wp-json\/wp\/v2\/product"}],"about":[{"href":"https:\/\/partygo.waw.pl\/index.php\/wp-json\/wp\/v2\/types\/product"}],"replies":[{"embeddable":true,"href":"https:\/\/partygo.waw.pl\/index.php\/wp-json\/wp\/v2\/comments?post=1618"}],"wp:featuredmedia":[{"embeddable":true,"href":"https:\/\/partygo.waw.pl\/index.php\/wp-json\/wp\/v2\/media\/1110"}],"wp:attachment":[{"href":"https:\/\/partygo.waw.pl\/index.php\/wp-json\/wp\/v2\/media?parent=1618"}],"wp:term":[{"taxonomy":"product_brand","embeddable":true,"href":"https:\/\/partygo.waw.pl\/index.php\/wp-json\/wp\/v2\/product_brand?post=1618"},{"taxonomy":"product_cat","embeddable":true,"href":"https:\/\/partygo.waw.pl\/index.php\/wp-json\/wp\/v2\/product_cat?post=1618"},{"taxonomy":"product_tag","embeddable":true,"href":"https:\/\/partygo.waw.pl\/index.php\/wp-json\/wp\/v2\/product_tag?post=1618"}],"curies":[{"name":"wp","href":"https:\/\/api.w.org\/{rel}","templated":true}]}}