{"id":1619,"date":"2026-03-27T15:13:15","date_gmt":"2026-03-27T14:13:15","guid":{"rendered":"https:\/\/partygo.waw.pl\/?post_type=product&#038;p=1619"},"modified":"2026-03-27T15:14:19","modified_gmt":"2026-03-27T14:14:19","slug":"bukiet-balonowy-z-helem-motyw-farmerski","status":"publish","type":"product","link":"https:\/\/partygo.waw.pl\/index.php\/product\/bukiet-balonowy-z-helem-motyw-farmerski\/","title":{"rendered":"Bukiet balonowy z helem \u2013 motyw farmerski"},"content":{"rendered":"<section class=\"text-token-text-primary w-full focus:outline-none [--shadow-height:45px] has-data-writing-block:pointer-events-none has-data-writing-block:-mt-(--shadow-height) has-data-writing-block:pt-(--shadow-height) [&amp;:has([data-writing-block])&gt;*]:pointer-events-auto scroll-mt-(--header-height)\" dir=\"auto\" data-turn-id=\"45be9f93-e41a-42e3-bc4f-1e126b467a8d\" data-testid=\"conversation-turn-9\" data-scroll-anchor=\"false\" data-turn=\"user\"><\/section>\n<section class=\"text-token-text-primary w-full focus:outline-none [--shadow-height:45px] has-data-writing-block:pointer-events-none has-data-writing-block:-mt-(--shadow-height) has-data-writing-block:pt-(--shadow-height) [&amp;:has([data-writing-block])&gt;*]:pointer-events-auto scroll-mt-[calc(var(--header-height)+min(200px,max(70px,20svh)))]\" dir=\"auto\" data-turn-id=\"request-WEB:68d5dfe3-a7a7-4c81-8e7e-3ceee533065e-4\" data-testid=\"conversation-turn-10\" data-scroll-anchor=\"true\" data-turn=\"assistant\">\n<div class=\"text-base my-auto mx-auto pb-10 [--thread-content-margin:var(--thread-content-margin-xs,calc(var(--spacing)*4))] @w-sm\/main:[--thread-content-margin:var(--thread-content-margin-sm,calc(var(--spacing)*6))] @w-lg\/main:[--thread-content-margin:var(--thread-content-margin-lg,calc(var(--spacing)*16))] px-(--thread-content-margin)\">\n<div class=\"[--thread-content-max-width:40rem] @w-lg\/main:[--thread-content-max-width:48rem] mx-auto max-w-(--thread-content-max-width) flex-1 group\/turn-messages focus-visible:outline-hidden relative flex w-full min-w-0 flex-col agent-turn\">\n<div class=\"flex max-w-full flex-col gap-4 grow\">\n<div class=\"min-h-8 text-message relative flex w-full flex-col items-end gap-2 text-start break-words whitespace-normal outline-none keyboard-focused:focus-ring [.text-message+&amp;]:mt-1\" dir=\"auto\" tabindex=\"0\" data-message-author-role=\"assistant\" data-message-id=\"44d8bcc1-cbdf-49c4-9499-f719ff498929\" data-message-model-slug=\"gpt-5-3\" data-turn-start-message=\"true\">\n<div class=\"flex w-full flex-col gap-1 empty:hidden\">\n<div class=\"markdown prose dark:prose-invert w-full wrap-break-word light markdown-new-styling\">\n<h2 data-start=\"0\" data-end=\"56\"><strong data-start=\"0\" data-end=\"56\">Bukiet balonowy z helem \u2013 motyw farmerski (urodziny)<\/strong><\/h2>\n<p>Swojski klimat, du\u017co uroku i zero nudy. Zestaw w stylu farmy to \u015bwietna opcja na urodziny dla dzieci, kt\u00f3re kochaj\u0105 zwierz\u0119ta i wiejskie motywy. Kolorowe balony unosz\u0105 si\u0119 pod sufit, tworz\u0105c lekk\u0105 i radosn\u0105 dekoracj\u0119, kt\u00f3ra od razu robi atmosfer\u0119 zabawy.<\/p>\n<h3 data-start=\"314\" data-end=\"329\"><strong data-start=\"314\" data-end=\"329\">W zestawie:<\/strong><\/h3>\n<ul data-start=\"330\" data-end=\"513\">\n<li data-section-id=\"uyuyx0\" data-start=\"330\" data-end=\"365\">balon foliowy w kszta\u0142cie konia<\/li>\n<li data-section-id=\"y333ua\" data-start=\"366\" data-end=\"432\">balon foliowy gwiazda ze spersonalizowanym nadrukiem i grafik\u0105<\/li>\n<li data-section-id=\"w4wfg3\" data-start=\"433\" data-end=\"492\">5 balon\u00f3w lateksowych z nadrukami: traktor,\u00a0 wz\u00f3r \u0142aty krowy<\/li>\n<li data-section-id=\"1xmo1k\" data-start=\"493\" data-end=\"513\">pompowanie helem<\/li>\n<\/ul>\n<h3 data-start=\"515\" data-end=\"532\"><strong data-start=\"515\" data-end=\"532\">Zastosowanie:<\/strong><\/h3>\n<ul data-start=\"533\" data-end=\"678\">\n<li data-section-id=\"1d9bkky\" data-start=\"533\" data-end=\"577\">dekoracja na urodziny w stylu farmerskim<\/li>\n<li data-section-id=\"drzwu6\" data-start=\"578\" data-end=\"623\">idealne dla dzieci i tematycznych przyj\u0119\u0107<\/li>\n<li data-section-id=\"qz6bso\" data-start=\"624\" data-end=\"678\">\u015bwietne t\u0142o do zdj\u0119\u0107<\/li>\n<\/ul>\n<p data-start=\"680\" data-end=\"784\" data-is-last-node=\"\" data-is-only-node=\"\">Prosto, tematycznie i z charakterem \u2014 dok\u0142adnie tak, jak powinna wygl\u0105da\u0107 dobra dzieci\u0119ca impreza<\/p>\n<\/div>\n<\/div>\n<\/div>\n<\/div>\n<\/div>\n<\/div>\n<\/section>\n","protected":false},"excerpt":{"rendered":"<p>Bukiet balonowy z helem \u2013 motyw farmerski (urodziny) Swojski klimat, du\u017co uroku i zero nudy. Zestaw w stylu farmy to \u015bwietna opcja na urodziny dla dzieci, kt\u00f3re kochaj\u0105 zwierz\u0119ta i wiejskie motywy. Kolorowe balony unosz\u0105 si\u0119 pod sufit, tworz\u0105c lekk\u0105 i radosn\u0105 dekoracj\u0119, kt\u00f3ra od razu robi atmosfer\u0119 zabawy. W zestawie: balon foliowy w kszta\u0142cie&hellip;&nbsp;<a href=\"https:\/\/partygo.waw.pl\/index.php\/product\/bukiet-balonowy-z-helem-motyw-farmerski\/\" class=\"\" rel=\"bookmark\">Czytaj dalej &raquo;<span class=\"screen-reader-text\">Bukiet balonowy z helem \u2013 motyw farmerski<\/span><\/a><\/p>\n","protected":false},"featured_media":1107,"comment_status":"open","ping_status":"closed","template":"","meta":{"neve_meta_sidebar":"","neve_meta_container":"","neve_meta_enable_content_width":"off","neve_meta_content_width":100,"neve_meta_title_alignment":"","neve_meta_author_avatar":"","neve_post_elements_order":"","neve_meta_disable_header":"","neve_meta_disable_footer":"","neve_meta_disable_title":"","_vp_format_video_url":"","_vp_image_focal_point":[]},"product_brand":[],"product_cat":[45,40],"product_tag":[],"class_list":{"0":"post-1619","1":"product","2":"type-product","3":"status-publish","4":"has-post-thumbnail","6":"product_cat-bukiety-urodzinowe","7":"product_cat-misc","9":"first","10":"onbackorder","11":"shipping-taxable","12":"product-type-simple"},"yoast_head":"<!-- This site is optimized with the Yoast SEO plugin v27.3 - https:\/\/yoast.com\/product\/yoast-seo-wordpress\/ -->\n<title>Bukiet balonowy z helem \u2013 motyw farmerski - PartyGo<\/title>\n<meta name=\"description\" content=\"Zestaw w stylu farmy to \u015bwietna opcja na urodziny dla dzieci, kt\u00f3re kochaj\u0105 zwierz\u0119ta i wiejskie motywy.\" \/>\n<meta name=\"robots\" content=\"index, follow, max-snippet:-1, max-image-preview:large, max-video-preview:-1\" \/>\n<link rel=\"canonical\" href=\"https:\/\/partygo.waw.pl\/index.php\/product\/bukiet-balonowy-z-helem-motyw-farmerski\/\" \/>\n<meta property=\"og:locale\" content=\"pl_PL\" \/>\n<meta property=\"og:type\" content=\"article\" \/>\n<meta property=\"og:title\" content=\"Bukiet balonowy z helem \u2013 motyw farmerski - PartyGo\" \/>\n<meta property=\"og:description\" content=\"Zestaw w stylu farmy to \u015bwietna opcja na urodziny dla dzieci, kt\u00f3re kochaj\u0105 zwierz\u0119ta i wiejskie motywy.\" \/>\n<meta property=\"og:url\" content=\"https:\/\/partygo.waw.pl\/index.php\/product\/bukiet-balonowy-z-helem-motyw-farmerski\/\" \/>\n<meta property=\"og:site_name\" content=\"PartyGo\" \/>\n<meta property=\"article:publisher\" content=\"https:\/\/www.facebook.com\/people\/Party-Go-Warszawa\/\" \/>\n<meta property=\"article:modified_time\" content=\"2026-03-27T14:14:19+00:00\" \/>\n<meta property=\"og:image\" content=\"https:\/\/partygo.waw.pl\/wp-content\/uploads\/2023\/07\/IMG-20230325-WA0002.jpg\" \/>\n\t<meta property=\"og:image:width\" content=\"1200\" \/>\n\t<meta property=\"og:image:height\" content=\"1600\" \/>\n\t<meta property=\"og:image:type\" content=\"image\/jpeg\" \/>\n<meta name=\"twitter:card\" content=\"summary_large_image\" \/>\n<meta name=\"twitter:label1\" content=\"Szacowany czas czytania\" \/>\n\t<meta name=\"twitter:data1\" content=\"1 minuta\" \/>\n<script type=\"application\/ld+json\" class=\"yoast-schema-graph\">{\"@context\":\"https:\\\/\\\/schema.org\",\"@graph\":[{\"@type\":\"WebPage\",\"@id\":\"https:\\\/\\\/partygo.waw.pl\\\/index.php\\\/product\\\/bukiet-balonowy-z-helem-motyw-farmerski\\\/\",\"url\":\"https:\\\/\\\/partygo.waw.pl\\\/index.php\\\/product\\\/bukiet-balonowy-z-helem-motyw-farmerski\\\/\",\"name\":\"Bukiet balonowy z helem \u2013 motyw farmerski - PartyGo\",\"isPartOf\":{\"@id\":\"https:\\\/\\\/partygo.waw.pl\\\/#website\"},\"primaryImageOfPage\":{\"@id\":\"https:\\\/\\\/partygo.waw.pl\\\/index.php\\\/product\\\/bukiet-balonowy-z-helem-motyw-farmerski\\\/#primaryimage\"},\"image\":{\"@id\":\"https:\\\/\\\/partygo.waw.pl\\\/index.php\\\/product\\\/bukiet-balonowy-z-helem-motyw-farmerski\\\/#primaryimage\"},\"thumbnailUrl\":\"https:\\\/\\\/partygo.waw.pl\\\/wp-content\\\/uploads\\\/2023\\\/07\\\/IMG-20230325-WA0002.jpg\",\"datePublished\":\"2026-03-27T14:13:15+00:00\",\"dateModified\":\"2026-03-27T14:14:19+00:00\",\"description\":\"Zestaw w stylu farmy to \u015bwietna opcja na urodziny dla dzieci, kt\u00f3re kochaj\u0105 zwierz\u0119ta i wiejskie motywy.\",\"breadcrumb\":{\"@id\":\"https:\\\/\\\/partygo.waw.pl\\\/index.php\\\/product\\\/bukiet-balonowy-z-helem-motyw-farmerski\\\/#breadcrumb\"},\"inLanguage\":\"pl-PL\",\"potentialAction\":[{\"@type\":\"ReadAction\",\"target\":[\"https:\\\/\\\/partygo.waw.pl\\\/index.php\\\/product\\\/bukiet-balonowy-z-helem-motyw-farmerski\\\/\"]}]},{\"@type\":\"ImageObject\",\"inLanguage\":\"pl-PL\",\"@id\":\"https:\\\/\\\/partygo.waw.pl\\\/index.php\\\/product\\\/bukiet-balonowy-z-helem-motyw-farmerski\\\/#primaryimage\",\"url\":\"https:\\\/\\\/partygo.waw.pl\\\/wp-content\\\/uploads\\\/2023\\\/07\\\/IMG-20230325-WA0002.jpg\",\"contentUrl\":\"https:\\\/\\\/partygo.waw.pl\\\/wp-content\\\/uploads\\\/2023\\\/07\\\/IMG-20230325-WA0002.jpg\",\"width\":1200,\"height\":1600,\"caption\":\"URODZINY\"},{\"@type\":\"BreadcrumbList\",\"@id\":\"https:\\\/\\\/partygo.waw.pl\\\/index.php\\\/product\\\/bukiet-balonowy-z-helem-motyw-farmerski\\\/#breadcrumb\",\"itemListElement\":[{\"@type\":\"ListItem\",\"position\":1,\"name\":\"Strona g\u0142\u00f3wna\",\"item\":\"https:\\\/\\\/partygo.waw.pl\\\/\"},{\"@type\":\"ListItem\",\"position\":2,\"name\":\"Galeria&#038;Sklep\",\"item\":\"https:\\\/\\\/partygo.waw.pl\\\/index.php\\\/sklep\\\/\"},{\"@type\":\"ListItem\",\"position\":3,\"name\":\"Bukiet balonowy z helem \u2013 motyw farmerski\"}]},{\"@type\":\"WebSite\",\"@id\":\"https:\\\/\\\/partygo.waw.pl\\\/#website\",\"url\":\"https:\\\/\\\/partygo.waw.pl\\\/\",\"name\":\"PartyGo\",\"description\":\"Balony i dekoracje Warszawa Legionowo\",\"publisher\":{\"@id\":\"https:\\\/\\\/partygo.waw.pl\\\/#organization\"},\"potentialAction\":[{\"@type\":\"SearchAction\",\"target\":{\"@type\":\"EntryPoint\",\"urlTemplate\":\"https:\\\/\\\/partygo.waw.pl\\\/?s={search_term_string}\"},\"query-input\":{\"@type\":\"PropertyValueSpecification\",\"valueRequired\":true,\"valueName\":\"search_term_string\"}}],\"inLanguage\":\"pl-PL\"},{\"@type\":\"Organization\",\"@id\":\"https:\\\/\\\/partygo.waw.pl\\\/#organization\",\"name\":\"PartyGo\",\"url\":\"https:\\\/\\\/partygo.waw.pl\\\/\",\"logo\":{\"@type\":\"ImageObject\",\"inLanguage\":\"pl-PL\",\"@id\":\"https:\\\/\\\/partygo.waw.pl\\\/#\\\/schema\\\/logo\\\/image\\\/\",\"url\":\"https:\\\/\\\/partygo.waw.pl\\\/wp-content\\\/uploads\\\/2022\\\/10\\\/logo_party-2.jpg\",\"contentUrl\":\"https:\\\/\\\/partygo.waw.pl\\\/wp-content\\\/uploads\\\/2022\\\/10\\\/logo_party-2.jpg\",\"width\":300,\"height\":300,\"caption\":\"PartyGo\"},\"image\":{\"@id\":\"https:\\\/\\\/partygo.waw.pl\\\/#\\\/schema\\\/logo\\\/image\\\/\"},\"sameAs\":[\"https:\\\/\\\/www.facebook.com\\\/people\\\/Party-Go-Warszawa\\\/\"]}]}<\/script>\n<!-- \/ Yoast SEO plugin. -->","yoast_head_json":{"title":"Bukiet balonowy z helem \u2013 motyw farmerski - PartyGo","description":"Zestaw w stylu farmy to \u015bwietna opcja na urodziny dla dzieci, kt\u00f3re kochaj\u0105 zwierz\u0119ta i wiejskie motywy.","robots":{"index":"index","follow":"follow","max-snippet":"max-snippet:-1","max-image-preview":"max-image-preview:large","max-video-preview":"max-video-preview:-1"},"canonical":"https:\/\/partygo.waw.pl\/index.php\/product\/bukiet-balonowy-z-helem-motyw-farmerski\/","og_locale":"pl_PL","og_type":"article","og_title":"Bukiet balonowy z helem \u2013 motyw farmerski - PartyGo","og_description":"Zestaw w stylu farmy to \u015bwietna opcja na urodziny dla dzieci, kt\u00f3re kochaj\u0105 zwierz\u0119ta i wiejskie motywy.","og_url":"https:\/\/partygo.waw.pl\/index.php\/product\/bukiet-balonowy-z-helem-motyw-farmerski\/","og_site_name":"PartyGo","article_publisher":"https:\/\/www.facebook.com\/people\/Party-Go-Warszawa\/","article_modified_time":"2026-03-27T14:14:19+00:00","og_image":[{"width":1200,"height":1600,"url":"https:\/\/partygo.waw.pl\/wp-content\/uploads\/2023\/07\/IMG-20230325-WA0002.jpg","type":"image\/jpeg"}],"twitter_card":"summary_large_image","twitter_misc":{"Szacowany czas czytania":"1 minuta"},"schema":{"@context":"https:\/\/schema.org","@graph":[{"@type":"WebPage","@id":"https:\/\/partygo.waw.pl\/index.php\/product\/bukiet-balonowy-z-helem-motyw-farmerski\/","url":"https:\/\/partygo.waw.pl\/index.php\/product\/bukiet-balonowy-z-helem-motyw-farmerski\/","name":"Bukiet balonowy z helem \u2013 motyw farmerski - PartyGo","isPartOf":{"@id":"https:\/\/partygo.waw.pl\/#website"},"primaryImageOfPage":{"@id":"https:\/\/partygo.waw.pl\/index.php\/product\/bukiet-balonowy-z-helem-motyw-farmerski\/#primaryimage"},"image":{"@id":"https:\/\/partygo.waw.pl\/index.php\/product\/bukiet-balonowy-z-helem-motyw-farmerski\/#primaryimage"},"thumbnailUrl":"https:\/\/partygo.waw.pl\/wp-content\/uploads\/2023\/07\/IMG-20230325-WA0002.jpg","datePublished":"2026-03-27T14:13:15+00:00","dateModified":"2026-03-27T14:14:19+00:00","description":"Zestaw w stylu farmy to \u015bwietna opcja na urodziny dla dzieci, kt\u00f3re kochaj\u0105 zwierz\u0119ta i wiejskie motywy.","breadcrumb":{"@id":"https:\/\/partygo.waw.pl\/index.php\/product\/bukiet-balonowy-z-helem-motyw-farmerski\/#breadcrumb"},"inLanguage":"pl-PL","potentialAction":[{"@type":"ReadAction","target":["https:\/\/partygo.waw.pl\/index.php\/product\/bukiet-balonowy-z-helem-motyw-farmerski\/"]}]},{"@type":"ImageObject","inLanguage":"pl-PL","@id":"https:\/\/partygo.waw.pl\/index.php\/product\/bukiet-balonowy-z-helem-motyw-farmerski\/#primaryimage","url":"https:\/\/partygo.waw.pl\/wp-content\/uploads\/2023\/07\/IMG-20230325-WA0002.jpg","contentUrl":"https:\/\/partygo.waw.pl\/wp-content\/uploads\/2023\/07\/IMG-20230325-WA0002.jpg","width":1200,"height":1600,"caption":"URODZINY"},{"@type":"BreadcrumbList","@id":"https:\/\/partygo.waw.pl\/index.php\/product\/bukiet-balonowy-z-helem-motyw-farmerski\/#breadcrumb","itemListElement":[{"@type":"ListItem","position":1,"name":"Strona g\u0142\u00f3wna","item":"https:\/\/partygo.waw.pl\/"},{"@type":"ListItem","position":2,"name":"Galeria&#038;Sklep","item":"https:\/\/partygo.waw.pl\/index.php\/sklep\/"},{"@type":"ListItem","position":3,"name":"Bukiet balonowy z helem \u2013 motyw farmerski"}]},{"@type":"WebSite","@id":"https:\/\/partygo.waw.pl\/#website","url":"https:\/\/partygo.waw.pl\/","name":"PartyGo","description":"Balony i dekoracje Warszawa Legionowo","publisher":{"@id":"https:\/\/partygo.waw.pl\/#organization"},"potentialAction":[{"@type":"SearchAction","target":{"@type":"EntryPoint","urlTemplate":"https:\/\/partygo.waw.pl\/?s={search_term_string}"},"query-input":{"@type":"PropertyValueSpecification","valueRequired":true,"valueName":"search_term_string"}}],"inLanguage":"pl-PL"},{"@type":"Organization","@id":"https:\/\/partygo.waw.pl\/#organization","name":"PartyGo","url":"https:\/\/partygo.waw.pl\/","logo":{"@type":"ImageObject","inLanguage":"pl-PL","@id":"https:\/\/partygo.waw.pl\/#\/schema\/logo\/image\/","url":"https:\/\/partygo.waw.pl\/wp-content\/uploads\/2022\/10\/logo_party-2.jpg","contentUrl":"https:\/\/partygo.waw.pl\/wp-content\/uploads\/2022\/10\/logo_party-2.jpg","width":300,"height":300,"caption":"PartyGo"},"image":{"@id":"https:\/\/partygo.waw.pl\/#\/schema\/logo\/image\/"},"sameAs":["https:\/\/www.facebook.com\/people\/Party-Go-Warszawa\/"]}]}},"_links":{"self":[{"href":"https:\/\/partygo.waw.pl\/index.php\/wp-json\/wp\/v2\/product\/1619","targetHints":{"allow":["GET"]}}],"collection":[{"href":"https:\/\/partygo.waw.pl\/index.php\/wp-json\/wp\/v2\/product"}],"about":[{"href":"https:\/\/partygo.waw.pl\/index.php\/wp-json\/wp\/v2\/types\/product"}],"replies":[{"embeddable":true,"href":"https:\/\/partygo.waw.pl\/index.php\/wp-json\/wp\/v2\/comments?post=1619"}],"wp:featuredmedia":[{"embeddable":true,"href":"https:\/\/partygo.waw.pl\/index.php\/wp-json\/wp\/v2\/media\/1107"}],"wp:attachment":[{"href":"https:\/\/partygo.waw.pl\/index.php\/wp-json\/wp\/v2\/media?parent=1619"}],"wp:term":[{"taxonomy":"product_brand","embeddable":true,"href":"https:\/\/partygo.waw.pl\/index.php\/wp-json\/wp\/v2\/product_brand?post=1619"},{"taxonomy":"product_cat","embeddable":true,"href":"https:\/\/partygo.waw.pl\/index.php\/wp-json\/wp\/v2\/product_cat?post=1619"},{"taxonomy":"product_tag","embeddable":true,"href":"https:\/\/partygo.waw.pl\/index.php\/wp-json\/wp\/v2\/product_tag?post=1619"}],"curies":[{"name":"wp","href":"https:\/\/api.w.org\/{rel}","templated":true}]}}