{"id":1623,"date":"2026-03-27T16:14:25","date_gmt":"2026-03-27T15:14:25","guid":{"rendered":"https:\/\/partygo.waw.pl\/?post_type=product&#038;p=1623"},"modified":"2026-03-27T16:14:26","modified_gmt":"2026-03-27T15:14:26","slug":"bukiet-balonowy-z-helem-na-18-urodziny-dla-milosnikow-zwierzat","status":"publish","type":"product","link":"https:\/\/partygo.waw.pl\/index.php\/product\/bukiet-balonowy-z-helem-na-18-urodziny-dla-milosnikow-zwierzat\/","title":{"rendered":"Bukiet balonowy z helem na 18. urodziny \u2013 dla mi\u0142o\u015bnik\u00f3w zwierz\u0105t"},"content":{"rendered":"<h2 data-start=\"0\" data-end=\"69\"><strong data-start=\"0\" data-end=\"69\">Bukiet balonowy z helem na 18. urodziny \u2013 dla mi\u0142o\u015bnik\u00f3w zwierz\u0105t<\/strong><\/h2>\n<p data-start=\"71\" data-end=\"328\">Stylowy zestaw z charakterem \u2014 idealny na osiemnastk\u0119 dla osoby, kt\u00f3ra kocha zwierz\u0119ta. Po\u0142\u0105czenie personalizacji i motyw\u00f3w zwierz\u0119cych daje efekt lekkiej, ale wyrazistej dekoracji. Balony unosz\u0105 si\u0119 pod sufit, tworz\u0105c gotow\u0105 aran\u017cacj\u0119 bez zb\u0119dnego wysi\u0142ku.<\/p>\n<h3 data-start=\"330\" data-end=\"345\"><strong data-start=\"330\" data-end=\"345\">W zestawie:<\/strong><\/h3>\n<ul data-start=\"346\" data-end=\"526\">\n<li data-section-id=\"1j8nv72\" data-start=\"346\" data-end=\"402\">balon foliowy gwiazda ze spersonalizowanym nadrukiem<\/li>\n<li data-section-id=\"1gf223b\" data-start=\"403\" data-end=\"461\">balon foliowy okr\u0105g\u0142y z obrazkiem buldoga francuskiego<\/li>\n<li data-section-id=\"qjpya6\" data-start=\"462\" data-end=\"505\">5 balon\u00f3w foliowych z motywami zwierz\u0105t<\/li>\n<li data-section-id=\"1xmo1k\" data-start=\"506\" data-end=\"526\">pompowanie helem<\/li>\n<\/ul>\n<h3 data-start=\"528\" data-end=\"545\"><strong data-start=\"528\" data-end=\"545\">Zastosowanie:<\/strong><\/h3>\n<ul data-start=\"546\" data-end=\"658\">\n<li data-section-id=\"1qhnxdi\" data-start=\"546\" data-end=\"575\">dekoracja na 18. urodziny<\/li>\n<li data-section-id=\"879qkb\" data-start=\"576\" data-end=\"609\">motyw dla mi\u0142o\u015bnik\u00f3w zwierz\u0105t<\/li>\n<li data-section-id=\"lbk2e0\" data-start=\"610\" data-end=\"658\">efektowna aran\u017cacja pod sufit i t\u0142o do zdj\u0119\u0107<\/li>\n<\/ul>\n<p data-start=\"660\" data-end=\"735\" data-is-last-node=\"\" data-is-only-node=\"\">Lekko, tematycznie i z pomys\u0142em \u2014 dok\u0142adnie tak wchodzi si\u0119 w doros\u0142o\u015b\u0107. \ud83d\udc3e<\/p>\n","protected":false},"excerpt":{"rendered":"<p>Bukiet balonowy z helem na 18. urodziny \u2013 dla mi\u0142o\u015bnik\u00f3w zwierz\u0105t Stylowy zestaw z charakterem \u2014 idealny na osiemnastk\u0119 dla osoby, kt\u00f3ra kocha zwierz\u0119ta. Po\u0142\u0105czenie personalizacji i motyw\u00f3w zwierz\u0119cych daje efekt lekkiej, ale wyrazistej dekoracji. Balony unosz\u0105 si\u0119 pod sufit, tworz\u0105c gotow\u0105 aran\u017cacj\u0119 bez zb\u0119dnego wysi\u0142ku. W zestawie: balon foliowy gwiazda ze spersonalizowanym nadrukiem balon&hellip;&nbsp;<a href=\"https:\/\/partygo.waw.pl\/index.php\/product\/bukiet-balonowy-z-helem-na-18-urodziny-dla-milosnikow-zwierzat\/\" class=\"\" rel=\"bookmark\">Czytaj dalej &raquo;<span class=\"screen-reader-text\">Bukiet balonowy z helem na 18. urodziny \u2013 dla mi\u0142o\u015bnik\u00f3w zwierz\u0105t<\/span><\/a><\/p>\n","protected":false},"featured_media":1101,"comment_status":"open","ping_status":"closed","template":"","meta":{"neve_meta_sidebar":"","neve_meta_container":"","neve_meta_enable_content_width":"off","neve_meta_content_width":100,"neve_meta_title_alignment":"","neve_meta_author_avatar":"","neve_post_elements_order":"","neve_meta_disable_header":"","neve_meta_disable_footer":"","neve_meta_disable_title":"","_vp_format_video_url":"","_vp_image_focal_point":[]},"product_brand":[],"product_cat":[44,40],"product_tag":[],"class_list":{"0":"post-1623","1":"product","2":"type-product","3":"status-publish","4":"has-post-thumbnail","6":"product_cat-18-urodziny","7":"product_cat-misc","9":"first","10":"onbackorder","11":"shipping-taxable","12":"product-type-simple"},"yoast_head":"<!-- This site is optimized with the Yoast SEO plugin v27.3 - https:\/\/yoast.com\/product\/yoast-seo-wordpress\/ -->\n<title>Bukiet balonowy z helem na 18. urodziny \u2013 dla mi\u0142o\u015bnik\u00f3w zwierz\u0105t - PartyGo<\/title>\n<meta name=\"description\" content=\"Stylowy zestaw z charakterem \u2014 idealny na osiemnastk\u0119 dla osoby, kt\u00f3ra kocha zwierz\u0119ta. Po\u0142\u0105czenie personalizacji i motyw\u00f3w zwierz\u0119cych daje efekt lekkiej, ale wyrazistej dekoracji.\" \/>\n<meta name=\"robots\" content=\"index, follow, max-snippet:-1, max-image-preview:large, max-video-preview:-1\" \/>\n<link rel=\"canonical\" href=\"https:\/\/partygo.waw.pl\/index.php\/product\/bukiet-balonowy-z-helem-na-18-urodziny-dla-milosnikow-zwierzat\/\" \/>\n<meta property=\"og:locale\" content=\"pl_PL\" \/>\n<meta property=\"og:type\" content=\"article\" \/>\n<meta property=\"og:title\" content=\"Bukiet balonowy z helem na 18. urodziny \u2013 dla mi\u0142o\u015bnik\u00f3w zwierz\u0105t - PartyGo\" \/>\n<meta property=\"og:description\" content=\"Stylowy zestaw z charakterem \u2014 idealny na osiemnastk\u0119 dla osoby, kt\u00f3ra kocha zwierz\u0119ta. Po\u0142\u0105czenie personalizacji i motyw\u00f3w zwierz\u0119cych daje efekt lekkiej, ale wyrazistej dekoracji.\" \/>\n<meta property=\"og:url\" content=\"https:\/\/partygo.waw.pl\/index.php\/product\/bukiet-balonowy-z-helem-na-18-urodziny-dla-milosnikow-zwierzat\/\" \/>\n<meta property=\"og:site_name\" content=\"PartyGo\" \/>\n<meta property=\"article:publisher\" content=\"https:\/\/www.facebook.com\/people\/Party-Go-Warszawa\/\" \/>\n<meta property=\"article:modified_time\" content=\"2026-03-27T15:14:26+00:00\" \/>\n<meta property=\"og:image\" content=\"https:\/\/partygo.waw.pl\/wp-content\/uploads\/2023\/07\/IMG-20230318-WA0002.jpg\" \/>\n\t<meta property=\"og:image:width\" content=\"1536\" \/>\n\t<meta property=\"og:image:height\" content=\"2048\" \/>\n\t<meta property=\"og:image:type\" content=\"image\/jpeg\" \/>\n<meta name=\"twitter:card\" content=\"summary_large_image\" \/>\n<meta name=\"twitter:label1\" content=\"Szacowany czas czytania\" \/>\n\t<meta name=\"twitter:data1\" content=\"1 minuta\" \/>\n<script type=\"application\/ld+json\" class=\"yoast-schema-graph\">{\"@context\":\"https:\\\/\\\/schema.org\",\"@graph\":[{\"@type\":\"WebPage\",\"@id\":\"https:\\\/\\\/partygo.waw.pl\\\/index.php\\\/product\\\/bukiet-balonowy-z-helem-na-18-urodziny-dla-milosnikow-zwierzat\\\/\",\"url\":\"https:\\\/\\\/partygo.waw.pl\\\/index.php\\\/product\\\/bukiet-balonowy-z-helem-na-18-urodziny-dla-milosnikow-zwierzat\\\/\",\"name\":\"Bukiet balonowy z helem na 18. urodziny \u2013 dla mi\u0142o\u015bnik\u00f3w zwierz\u0105t - PartyGo\",\"isPartOf\":{\"@id\":\"https:\\\/\\\/partygo.waw.pl\\\/#website\"},\"primaryImageOfPage\":{\"@id\":\"https:\\\/\\\/partygo.waw.pl\\\/index.php\\\/product\\\/bukiet-balonowy-z-helem-na-18-urodziny-dla-milosnikow-zwierzat\\\/#primaryimage\"},\"image\":{\"@id\":\"https:\\\/\\\/partygo.waw.pl\\\/index.php\\\/product\\\/bukiet-balonowy-z-helem-na-18-urodziny-dla-milosnikow-zwierzat\\\/#primaryimage\"},\"thumbnailUrl\":\"https:\\\/\\\/partygo.waw.pl\\\/wp-content\\\/uploads\\\/2023\\\/07\\\/IMG-20230318-WA0002.jpg\",\"datePublished\":\"2026-03-27T15:14:25+00:00\",\"dateModified\":\"2026-03-27T15:14:26+00:00\",\"description\":\"Stylowy zestaw z charakterem \u2014 idealny na osiemnastk\u0119 dla osoby, kt\u00f3ra kocha zwierz\u0119ta. Po\u0142\u0105czenie personalizacji i motyw\u00f3w zwierz\u0119cych daje efekt lekkiej, ale wyrazistej dekoracji.\",\"breadcrumb\":{\"@id\":\"https:\\\/\\\/partygo.waw.pl\\\/index.php\\\/product\\\/bukiet-balonowy-z-helem-na-18-urodziny-dla-milosnikow-zwierzat\\\/#breadcrumb\"},\"inLanguage\":\"pl-PL\",\"potentialAction\":[{\"@type\":\"ReadAction\",\"target\":[\"https:\\\/\\\/partygo.waw.pl\\\/index.php\\\/product\\\/bukiet-balonowy-z-helem-na-18-urodziny-dla-milosnikow-zwierzat\\\/\"]}]},{\"@type\":\"ImageObject\",\"inLanguage\":\"pl-PL\",\"@id\":\"https:\\\/\\\/partygo.waw.pl\\\/index.php\\\/product\\\/bukiet-balonowy-z-helem-na-18-urodziny-dla-milosnikow-zwierzat\\\/#primaryimage\",\"url\":\"https:\\\/\\\/partygo.waw.pl\\\/wp-content\\\/uploads\\\/2023\\\/07\\\/IMG-20230318-WA0002.jpg\",\"contentUrl\":\"https:\\\/\\\/partygo.waw.pl\\\/wp-content\\\/uploads\\\/2023\\\/07\\\/IMG-20230318-WA0002.jpg\",\"width\":1536,\"height\":2048},{\"@type\":\"BreadcrumbList\",\"@id\":\"https:\\\/\\\/partygo.waw.pl\\\/index.php\\\/product\\\/bukiet-balonowy-z-helem-na-18-urodziny-dla-milosnikow-zwierzat\\\/#breadcrumb\",\"itemListElement\":[{\"@type\":\"ListItem\",\"position\":1,\"name\":\"Strona g\u0142\u00f3wna\",\"item\":\"https:\\\/\\\/partygo.waw.pl\\\/\"},{\"@type\":\"ListItem\",\"position\":2,\"name\":\"Galeria&#038;Sklep\",\"item\":\"https:\\\/\\\/partygo.waw.pl\\\/index.php\\\/sklep\\\/\"},{\"@type\":\"ListItem\",\"position\":3,\"name\":\"Bukiet balonowy z helem na 18. urodziny \u2013 dla mi\u0142o\u015bnik\u00f3w zwierz\u0105t\"}]},{\"@type\":\"WebSite\",\"@id\":\"https:\\\/\\\/partygo.waw.pl\\\/#website\",\"url\":\"https:\\\/\\\/partygo.waw.pl\\\/\",\"name\":\"PartyGo\",\"description\":\"Balony i dekoracje Warszawa Legionowo\",\"publisher\":{\"@id\":\"https:\\\/\\\/partygo.waw.pl\\\/#organization\"},\"potentialAction\":[{\"@type\":\"SearchAction\",\"target\":{\"@type\":\"EntryPoint\",\"urlTemplate\":\"https:\\\/\\\/partygo.waw.pl\\\/?s={search_term_string}\"},\"query-input\":{\"@type\":\"PropertyValueSpecification\",\"valueRequired\":true,\"valueName\":\"search_term_string\"}}],\"inLanguage\":\"pl-PL\"},{\"@type\":\"Organization\",\"@id\":\"https:\\\/\\\/partygo.waw.pl\\\/#organization\",\"name\":\"PartyGo\",\"url\":\"https:\\\/\\\/partygo.waw.pl\\\/\",\"logo\":{\"@type\":\"ImageObject\",\"inLanguage\":\"pl-PL\",\"@id\":\"https:\\\/\\\/partygo.waw.pl\\\/#\\\/schema\\\/logo\\\/image\\\/\",\"url\":\"https:\\\/\\\/partygo.waw.pl\\\/wp-content\\\/uploads\\\/2022\\\/10\\\/logo_party-2.jpg\",\"contentUrl\":\"https:\\\/\\\/partygo.waw.pl\\\/wp-content\\\/uploads\\\/2022\\\/10\\\/logo_party-2.jpg\",\"width\":300,\"height\":300,\"caption\":\"PartyGo\"},\"image\":{\"@id\":\"https:\\\/\\\/partygo.waw.pl\\\/#\\\/schema\\\/logo\\\/image\\\/\"},\"sameAs\":[\"https:\\\/\\\/www.facebook.com\\\/people\\\/Party-Go-Warszawa\\\/\"]}]}<\/script>\n<!-- \/ Yoast SEO plugin. -->","yoast_head_json":{"title":"Bukiet balonowy z helem na 18. urodziny \u2013 dla mi\u0142o\u015bnik\u00f3w zwierz\u0105t - PartyGo","description":"Stylowy zestaw z charakterem \u2014 idealny na osiemnastk\u0119 dla osoby, kt\u00f3ra kocha zwierz\u0119ta. Po\u0142\u0105czenie personalizacji i motyw\u00f3w zwierz\u0119cych daje efekt lekkiej, ale wyrazistej dekoracji.","robots":{"index":"index","follow":"follow","max-snippet":"max-snippet:-1","max-image-preview":"max-image-preview:large","max-video-preview":"max-video-preview:-1"},"canonical":"https:\/\/partygo.waw.pl\/index.php\/product\/bukiet-balonowy-z-helem-na-18-urodziny-dla-milosnikow-zwierzat\/","og_locale":"pl_PL","og_type":"article","og_title":"Bukiet balonowy z helem na 18. urodziny \u2013 dla mi\u0142o\u015bnik\u00f3w zwierz\u0105t - PartyGo","og_description":"Stylowy zestaw z charakterem \u2014 idealny na osiemnastk\u0119 dla osoby, kt\u00f3ra kocha zwierz\u0119ta. Po\u0142\u0105czenie personalizacji i motyw\u00f3w zwierz\u0119cych daje efekt lekkiej, ale wyrazistej dekoracji.","og_url":"https:\/\/partygo.waw.pl\/index.php\/product\/bukiet-balonowy-z-helem-na-18-urodziny-dla-milosnikow-zwierzat\/","og_site_name":"PartyGo","article_publisher":"https:\/\/www.facebook.com\/people\/Party-Go-Warszawa\/","article_modified_time":"2026-03-27T15:14:26+00:00","og_image":[{"width":1536,"height":2048,"url":"https:\/\/partygo.waw.pl\/wp-content\/uploads\/2023\/07\/IMG-20230318-WA0002.jpg","type":"image\/jpeg"}],"twitter_card":"summary_large_image","twitter_misc":{"Szacowany czas czytania":"1 minuta"},"schema":{"@context":"https:\/\/schema.org","@graph":[{"@type":"WebPage","@id":"https:\/\/partygo.waw.pl\/index.php\/product\/bukiet-balonowy-z-helem-na-18-urodziny-dla-milosnikow-zwierzat\/","url":"https:\/\/partygo.waw.pl\/index.php\/product\/bukiet-balonowy-z-helem-na-18-urodziny-dla-milosnikow-zwierzat\/","name":"Bukiet balonowy z helem na 18. urodziny \u2013 dla mi\u0142o\u015bnik\u00f3w zwierz\u0105t - PartyGo","isPartOf":{"@id":"https:\/\/partygo.waw.pl\/#website"},"primaryImageOfPage":{"@id":"https:\/\/partygo.waw.pl\/index.php\/product\/bukiet-balonowy-z-helem-na-18-urodziny-dla-milosnikow-zwierzat\/#primaryimage"},"image":{"@id":"https:\/\/partygo.waw.pl\/index.php\/product\/bukiet-balonowy-z-helem-na-18-urodziny-dla-milosnikow-zwierzat\/#primaryimage"},"thumbnailUrl":"https:\/\/partygo.waw.pl\/wp-content\/uploads\/2023\/07\/IMG-20230318-WA0002.jpg","datePublished":"2026-03-27T15:14:25+00:00","dateModified":"2026-03-27T15:14:26+00:00","description":"Stylowy zestaw z charakterem \u2014 idealny na osiemnastk\u0119 dla osoby, kt\u00f3ra kocha zwierz\u0119ta. Po\u0142\u0105czenie personalizacji i motyw\u00f3w zwierz\u0119cych daje efekt lekkiej, ale wyrazistej dekoracji.","breadcrumb":{"@id":"https:\/\/partygo.waw.pl\/index.php\/product\/bukiet-balonowy-z-helem-na-18-urodziny-dla-milosnikow-zwierzat\/#breadcrumb"},"inLanguage":"pl-PL","potentialAction":[{"@type":"ReadAction","target":["https:\/\/partygo.waw.pl\/index.php\/product\/bukiet-balonowy-z-helem-na-18-urodziny-dla-milosnikow-zwierzat\/"]}]},{"@type":"ImageObject","inLanguage":"pl-PL","@id":"https:\/\/partygo.waw.pl\/index.php\/product\/bukiet-balonowy-z-helem-na-18-urodziny-dla-milosnikow-zwierzat\/#primaryimage","url":"https:\/\/partygo.waw.pl\/wp-content\/uploads\/2023\/07\/IMG-20230318-WA0002.jpg","contentUrl":"https:\/\/partygo.waw.pl\/wp-content\/uploads\/2023\/07\/IMG-20230318-WA0002.jpg","width":1536,"height":2048},{"@type":"BreadcrumbList","@id":"https:\/\/partygo.waw.pl\/index.php\/product\/bukiet-balonowy-z-helem-na-18-urodziny-dla-milosnikow-zwierzat\/#breadcrumb","itemListElement":[{"@type":"ListItem","position":1,"name":"Strona g\u0142\u00f3wna","item":"https:\/\/partygo.waw.pl\/"},{"@type":"ListItem","position":2,"name":"Galeria&#038;Sklep","item":"https:\/\/partygo.waw.pl\/index.php\/sklep\/"},{"@type":"ListItem","position":3,"name":"Bukiet balonowy z helem na 18. urodziny \u2013 dla mi\u0142o\u015bnik\u00f3w zwierz\u0105t"}]},{"@type":"WebSite","@id":"https:\/\/partygo.waw.pl\/#website","url":"https:\/\/partygo.waw.pl\/","name":"PartyGo","description":"Balony i dekoracje Warszawa Legionowo","publisher":{"@id":"https:\/\/partygo.waw.pl\/#organization"},"potentialAction":[{"@type":"SearchAction","target":{"@type":"EntryPoint","urlTemplate":"https:\/\/partygo.waw.pl\/?s={search_term_string}"},"query-input":{"@type":"PropertyValueSpecification","valueRequired":true,"valueName":"search_term_string"}}],"inLanguage":"pl-PL"},{"@type":"Organization","@id":"https:\/\/partygo.waw.pl\/#organization","name":"PartyGo","url":"https:\/\/partygo.waw.pl\/","logo":{"@type":"ImageObject","inLanguage":"pl-PL","@id":"https:\/\/partygo.waw.pl\/#\/schema\/logo\/image\/","url":"https:\/\/partygo.waw.pl\/wp-content\/uploads\/2022\/10\/logo_party-2.jpg","contentUrl":"https:\/\/partygo.waw.pl\/wp-content\/uploads\/2022\/10\/logo_party-2.jpg","width":300,"height":300,"caption":"PartyGo"},"image":{"@id":"https:\/\/partygo.waw.pl\/#\/schema\/logo\/image\/"},"sameAs":["https:\/\/www.facebook.com\/people\/Party-Go-Warszawa\/"]}]}},"_links":{"self":[{"href":"https:\/\/partygo.waw.pl\/index.php\/wp-json\/wp\/v2\/product\/1623","targetHints":{"allow":["GET"]}}],"collection":[{"href":"https:\/\/partygo.waw.pl\/index.php\/wp-json\/wp\/v2\/product"}],"about":[{"href":"https:\/\/partygo.waw.pl\/index.php\/wp-json\/wp\/v2\/types\/product"}],"replies":[{"embeddable":true,"href":"https:\/\/partygo.waw.pl\/index.php\/wp-json\/wp\/v2\/comments?post=1623"}],"wp:featuredmedia":[{"embeddable":true,"href":"https:\/\/partygo.waw.pl\/index.php\/wp-json\/wp\/v2\/media\/1101"}],"wp:attachment":[{"href":"https:\/\/partygo.waw.pl\/index.php\/wp-json\/wp\/v2\/media?parent=1623"}],"wp:term":[{"taxonomy":"product_brand","embeddable":true,"href":"https:\/\/partygo.waw.pl\/index.php\/wp-json\/wp\/v2\/product_brand?post=1623"},{"taxonomy":"product_cat","embeddable":true,"href":"https:\/\/partygo.waw.pl\/index.php\/wp-json\/wp\/v2\/product_cat?post=1623"},{"taxonomy":"product_tag","embeddable":true,"href":"https:\/\/partygo.waw.pl\/index.php\/wp-json\/wp\/v2\/product_tag?post=1623"}],"curies":[{"name":"wp","href":"https:\/\/api.w.org\/{rel}","templated":true}]}}