{"id":1625,"date":"2026-03-30T10:26:21","date_gmt":"2026-03-30T08:26:21","guid":{"rendered":"https:\/\/partygo.waw.pl\/?post_type=product&#038;p=1625"},"modified":"2026-03-30T10:27:26","modified_gmt":"2026-03-30T08:27:26","slug":"balon-spersonalizowany-na-roczek","status":"publish","type":"product","link":"https:\/\/partygo.waw.pl\/index.php\/product\/balon-spersonalizowany-na-roczek\/","title":{"rendered":"Balon spersonalizowany na Roczek"},"content":{"rendered":"<h2 data-start=\"0\" data-end=\"55\"><strong data-start=\"0\" data-end=\"50\">Balon spersonalizowany \u201eRoczek \u2013 Z\u0142ota Gwiazda\u201d<\/strong><\/h2>\n<p data-start=\"57\" data-end=\"177\">Minimalistyczna, ale efektowna dekoracja na pierwsze urodziny \u2013 idealna jako prezent lub stylowy dodatek do przyj\u0119cia.<\/p>\n<h3 data-start=\"179\" data-end=\"323\"><strong data-start=\"179\" data-end=\"207\">W sk\u0142ad zestawu wchodzi:<\/strong><\/h3>\n<p data-start=\"179\" data-end=\"323\">\u2022 Du\u017cy balon foliowy Jumbo w kszta\u0142cie gwiazdy ze spersonalizowanym nadrukiem oraz grafik\u0105<br data-start=\"300\" data-end=\"303\" \/>\u2022 Pompowanie helem<\/p>\n<p data-start=\"325\" data-end=\"584\">Balon po nape\u0142nieniu helem unosi si\u0119 lekko w powietrzu, tworz\u0105c elegancki i przyci\u0105gaj\u0105cy uwag\u0119 akcent. Personalizowany nadruk pozwala nada\u0107 mu wyj\u0105tkowy charakter \u2013 imi\u0119 dziecka, data lub kr\u00f3tka dedykacja sprawiaj\u0105, \u017ce dekoracja staje si\u0119 pami\u0105tk\u0105 na lata.<\/p>\n<p data-start=\"586\" data-end=\"659\" data-is-last-node=\"\" data-is-only-node=\"\">Prosty zestaw, kt\u00f3ry robi robot\u0119 \u2013 czysto, stylowo i bez zb\u0119dnego chaosu.<\/p>\n","protected":false},"excerpt":{"rendered":"<p>Balon spersonalizowany \u201eRoczek \u2013 Z\u0142ota Gwiazda\u201d Minimalistyczna, ale efektowna dekoracja na pierwsze urodziny \u2013 idealna jako prezent lub stylowy dodatek do przyj\u0119cia. W sk\u0142ad zestawu wchodzi: \u2022 Du\u017cy balon foliowy Jumbo w kszta\u0142cie gwiazdy ze spersonalizowanym nadrukiem oraz grafik\u0105\u2022 Pompowanie helem Balon po nape\u0142nieniu helem unosi si\u0119 lekko w powietrzu, tworz\u0105c elegancki i przyci\u0105gaj\u0105cy uwag\u0119&hellip;&nbsp;<a href=\"https:\/\/partygo.waw.pl\/index.php\/product\/balon-spersonalizowany-na-roczek\/\" class=\"\" rel=\"bookmark\">Czytaj dalej &raquo;<span class=\"screen-reader-text\">Balon spersonalizowany na Roczek<\/span><\/a><\/p>\n","protected":false},"featured_media":1098,"comment_status":"open","ping_status":"closed","template":"","meta":{"neve_meta_sidebar":"","neve_meta_container":"","neve_meta_enable_content_width":"off","neve_meta_content_width":100,"neve_meta_title_alignment":"","neve_meta_author_avatar":"","neve_post_elements_order":"","neve_meta_disable_header":"","neve_meta_disable_footer":"","neve_meta_disable_title":"","_vp_format_video_url":"","_vp_image_focal_point":[]},"product_brand":[],"product_cat":[40,43,51],"product_tag":[],"class_list":{"0":"post-1625","1":"product","2":"type-product","3":"status-publish","4":"has-post-thumbnail","6":"product_cat-misc","7":"product_cat-roczek","8":"product_cat-spersonalizowane-produkty","10":"first","11":"onbackorder","12":"shipping-taxable","13":"product-type-simple"},"yoast_head":"<!-- This site is optimized with the Yoast SEO plugin v27.3 - https:\/\/yoast.com\/product\/yoast-seo-wordpress\/ -->\n<title>Balon spersonalizowany na Roczek - PartyGo<\/title>\n<meta name=\"description\" content=\"Minimalistyczna, ale efektowna dekoracja na pierwsze urodziny \u2013 idealna jako prezent lub stylowy dodatek do przyj\u0119cia.\" \/>\n<meta name=\"robots\" content=\"index, follow, max-snippet:-1, max-image-preview:large, max-video-preview:-1\" \/>\n<link rel=\"canonical\" href=\"https:\/\/partygo.waw.pl\/index.php\/product\/balon-spersonalizowany-na-roczek\/\" \/>\n<meta property=\"og:locale\" content=\"pl_PL\" \/>\n<meta property=\"og:type\" content=\"article\" \/>\n<meta property=\"og:title\" content=\"Balon spersonalizowany na Roczek - PartyGo\" \/>\n<meta property=\"og:description\" content=\"Minimalistyczna, ale efektowna dekoracja na pierwsze urodziny \u2013 idealna jako prezent lub stylowy dodatek do przyj\u0119cia.\" \/>\n<meta property=\"og:url\" content=\"https:\/\/partygo.waw.pl\/index.php\/product\/balon-spersonalizowany-na-roczek\/\" \/>\n<meta property=\"og:site_name\" content=\"PartyGo\" \/>\n<meta property=\"article:publisher\" content=\"https:\/\/www.facebook.com\/people\/Party-Go-Warszawa\/\" \/>\n<meta property=\"article:modified_time\" content=\"2026-03-30T08:27:26+00:00\" \/>\n<meta property=\"og:image\" content=\"https:\/\/partygo.waw.pl\/wp-content\/uploads\/2023\/07\/IMG-20230317-WA0001.jpg\" \/>\n\t<meta property=\"og:image:width\" content=\"1155\" \/>\n\t<meta property=\"og:image:height\" content=\"2048\" \/>\n\t<meta property=\"og:image:type\" content=\"image\/jpeg\" \/>\n<meta name=\"twitter:card\" content=\"summary_large_image\" \/>\n<meta name=\"twitter:label1\" content=\"Szacowany czas czytania\" \/>\n\t<meta name=\"twitter:data1\" content=\"1 minuta\" \/>\n<script type=\"application\/ld+json\" class=\"yoast-schema-graph\">{\"@context\":\"https:\\\/\\\/schema.org\",\"@graph\":[{\"@type\":\"WebPage\",\"@id\":\"https:\\\/\\\/partygo.waw.pl\\\/index.php\\\/product\\\/balon-spersonalizowany-na-roczek\\\/\",\"url\":\"https:\\\/\\\/partygo.waw.pl\\\/index.php\\\/product\\\/balon-spersonalizowany-na-roczek\\\/\",\"name\":\"Balon spersonalizowany na Roczek - PartyGo\",\"isPartOf\":{\"@id\":\"https:\\\/\\\/partygo.waw.pl\\\/#website\"},\"primaryImageOfPage\":{\"@id\":\"https:\\\/\\\/partygo.waw.pl\\\/index.php\\\/product\\\/balon-spersonalizowany-na-roczek\\\/#primaryimage\"},\"image\":{\"@id\":\"https:\\\/\\\/partygo.waw.pl\\\/index.php\\\/product\\\/balon-spersonalizowany-na-roczek\\\/#primaryimage\"},\"thumbnailUrl\":\"https:\\\/\\\/partygo.waw.pl\\\/wp-content\\\/uploads\\\/2023\\\/07\\\/IMG-20230317-WA0001.jpg\",\"datePublished\":\"2026-03-30T08:26:21+00:00\",\"dateModified\":\"2026-03-30T08:27:26+00:00\",\"description\":\"Minimalistyczna, ale efektowna dekoracja na pierwsze urodziny \u2013 idealna jako prezent lub stylowy dodatek do przyj\u0119cia.\",\"breadcrumb\":{\"@id\":\"https:\\\/\\\/partygo.waw.pl\\\/index.php\\\/product\\\/balon-spersonalizowany-na-roczek\\\/#breadcrumb\"},\"inLanguage\":\"pl-PL\",\"potentialAction\":[{\"@type\":\"ReadAction\",\"target\":[\"https:\\\/\\\/partygo.waw.pl\\\/index.php\\\/product\\\/balon-spersonalizowany-na-roczek\\\/\"]}]},{\"@type\":\"ImageObject\",\"inLanguage\":\"pl-PL\",\"@id\":\"https:\\\/\\\/partygo.waw.pl\\\/index.php\\\/product\\\/balon-spersonalizowany-na-roczek\\\/#primaryimage\",\"url\":\"https:\\\/\\\/partygo.waw.pl\\\/wp-content\\\/uploads\\\/2023\\\/07\\\/IMG-20230317-WA0001.jpg\",\"contentUrl\":\"https:\\\/\\\/partygo.waw.pl\\\/wp-content\\\/uploads\\\/2023\\\/07\\\/IMG-20230317-WA0001.jpg\",\"width\":1155,\"height\":2048},{\"@type\":\"BreadcrumbList\",\"@id\":\"https:\\\/\\\/partygo.waw.pl\\\/index.php\\\/product\\\/balon-spersonalizowany-na-roczek\\\/#breadcrumb\",\"itemListElement\":[{\"@type\":\"ListItem\",\"position\":1,\"name\":\"Strona g\u0142\u00f3wna\",\"item\":\"https:\\\/\\\/partygo.waw.pl\\\/\"},{\"@type\":\"ListItem\",\"position\":2,\"name\":\"Galeria&#038;Sklep\",\"item\":\"https:\\\/\\\/partygo.waw.pl\\\/index.php\\\/sklep\\\/\"},{\"@type\":\"ListItem\",\"position\":3,\"name\":\"Balon spersonalizowany na Roczek\"}]},{\"@type\":\"WebSite\",\"@id\":\"https:\\\/\\\/partygo.waw.pl\\\/#website\",\"url\":\"https:\\\/\\\/partygo.waw.pl\\\/\",\"name\":\"PartyGo\",\"description\":\"Balony i dekoracje Warszawa Legionowo\",\"publisher\":{\"@id\":\"https:\\\/\\\/partygo.waw.pl\\\/#organization\"},\"potentialAction\":[{\"@type\":\"SearchAction\",\"target\":{\"@type\":\"EntryPoint\",\"urlTemplate\":\"https:\\\/\\\/partygo.waw.pl\\\/?s={search_term_string}\"},\"query-input\":{\"@type\":\"PropertyValueSpecification\",\"valueRequired\":true,\"valueName\":\"search_term_string\"}}],\"inLanguage\":\"pl-PL\"},{\"@type\":\"Organization\",\"@id\":\"https:\\\/\\\/partygo.waw.pl\\\/#organization\",\"name\":\"PartyGo\",\"url\":\"https:\\\/\\\/partygo.waw.pl\\\/\",\"logo\":{\"@type\":\"ImageObject\",\"inLanguage\":\"pl-PL\",\"@id\":\"https:\\\/\\\/partygo.waw.pl\\\/#\\\/schema\\\/logo\\\/image\\\/\",\"url\":\"https:\\\/\\\/partygo.waw.pl\\\/wp-content\\\/uploads\\\/2022\\\/10\\\/logo_party-2.jpg\",\"contentUrl\":\"https:\\\/\\\/partygo.waw.pl\\\/wp-content\\\/uploads\\\/2022\\\/10\\\/logo_party-2.jpg\",\"width\":300,\"height\":300,\"caption\":\"PartyGo\"},\"image\":{\"@id\":\"https:\\\/\\\/partygo.waw.pl\\\/#\\\/schema\\\/logo\\\/image\\\/\"},\"sameAs\":[\"https:\\\/\\\/www.facebook.com\\\/people\\\/Party-Go-Warszawa\\\/\"]}]}<\/script>\n<!-- \/ Yoast SEO plugin. -->","yoast_head_json":{"title":"Balon spersonalizowany na Roczek - PartyGo","description":"Minimalistyczna, ale efektowna dekoracja na pierwsze urodziny \u2013 idealna jako prezent lub stylowy dodatek do przyj\u0119cia.","robots":{"index":"index","follow":"follow","max-snippet":"max-snippet:-1","max-image-preview":"max-image-preview:large","max-video-preview":"max-video-preview:-1"},"canonical":"https:\/\/partygo.waw.pl\/index.php\/product\/balon-spersonalizowany-na-roczek\/","og_locale":"pl_PL","og_type":"article","og_title":"Balon spersonalizowany na Roczek - PartyGo","og_description":"Minimalistyczna, ale efektowna dekoracja na pierwsze urodziny \u2013 idealna jako prezent lub stylowy dodatek do przyj\u0119cia.","og_url":"https:\/\/partygo.waw.pl\/index.php\/product\/balon-spersonalizowany-na-roczek\/","og_site_name":"PartyGo","article_publisher":"https:\/\/www.facebook.com\/people\/Party-Go-Warszawa\/","article_modified_time":"2026-03-30T08:27:26+00:00","og_image":[{"width":1155,"height":2048,"url":"https:\/\/partygo.waw.pl\/wp-content\/uploads\/2023\/07\/IMG-20230317-WA0001.jpg","type":"image\/jpeg"}],"twitter_card":"summary_large_image","twitter_misc":{"Szacowany czas czytania":"1 minuta"},"schema":{"@context":"https:\/\/schema.org","@graph":[{"@type":"WebPage","@id":"https:\/\/partygo.waw.pl\/index.php\/product\/balon-spersonalizowany-na-roczek\/","url":"https:\/\/partygo.waw.pl\/index.php\/product\/balon-spersonalizowany-na-roczek\/","name":"Balon spersonalizowany na Roczek - PartyGo","isPartOf":{"@id":"https:\/\/partygo.waw.pl\/#website"},"primaryImageOfPage":{"@id":"https:\/\/partygo.waw.pl\/index.php\/product\/balon-spersonalizowany-na-roczek\/#primaryimage"},"image":{"@id":"https:\/\/partygo.waw.pl\/index.php\/product\/balon-spersonalizowany-na-roczek\/#primaryimage"},"thumbnailUrl":"https:\/\/partygo.waw.pl\/wp-content\/uploads\/2023\/07\/IMG-20230317-WA0001.jpg","datePublished":"2026-03-30T08:26:21+00:00","dateModified":"2026-03-30T08:27:26+00:00","description":"Minimalistyczna, ale efektowna dekoracja na pierwsze urodziny \u2013 idealna jako prezent lub stylowy dodatek do przyj\u0119cia.","breadcrumb":{"@id":"https:\/\/partygo.waw.pl\/index.php\/product\/balon-spersonalizowany-na-roczek\/#breadcrumb"},"inLanguage":"pl-PL","potentialAction":[{"@type":"ReadAction","target":["https:\/\/partygo.waw.pl\/index.php\/product\/balon-spersonalizowany-na-roczek\/"]}]},{"@type":"ImageObject","inLanguage":"pl-PL","@id":"https:\/\/partygo.waw.pl\/index.php\/product\/balon-spersonalizowany-na-roczek\/#primaryimage","url":"https:\/\/partygo.waw.pl\/wp-content\/uploads\/2023\/07\/IMG-20230317-WA0001.jpg","contentUrl":"https:\/\/partygo.waw.pl\/wp-content\/uploads\/2023\/07\/IMG-20230317-WA0001.jpg","width":1155,"height":2048},{"@type":"BreadcrumbList","@id":"https:\/\/partygo.waw.pl\/index.php\/product\/balon-spersonalizowany-na-roczek\/#breadcrumb","itemListElement":[{"@type":"ListItem","position":1,"name":"Strona g\u0142\u00f3wna","item":"https:\/\/partygo.waw.pl\/"},{"@type":"ListItem","position":2,"name":"Galeria&#038;Sklep","item":"https:\/\/partygo.waw.pl\/index.php\/sklep\/"},{"@type":"ListItem","position":3,"name":"Balon spersonalizowany na Roczek"}]},{"@type":"WebSite","@id":"https:\/\/partygo.waw.pl\/#website","url":"https:\/\/partygo.waw.pl\/","name":"PartyGo","description":"Balony i dekoracje Warszawa Legionowo","publisher":{"@id":"https:\/\/partygo.waw.pl\/#organization"},"potentialAction":[{"@type":"SearchAction","target":{"@type":"EntryPoint","urlTemplate":"https:\/\/partygo.waw.pl\/?s={search_term_string}"},"query-input":{"@type":"PropertyValueSpecification","valueRequired":true,"valueName":"search_term_string"}}],"inLanguage":"pl-PL"},{"@type":"Organization","@id":"https:\/\/partygo.waw.pl\/#organization","name":"PartyGo","url":"https:\/\/partygo.waw.pl\/","logo":{"@type":"ImageObject","inLanguage":"pl-PL","@id":"https:\/\/partygo.waw.pl\/#\/schema\/logo\/image\/","url":"https:\/\/partygo.waw.pl\/wp-content\/uploads\/2022\/10\/logo_party-2.jpg","contentUrl":"https:\/\/partygo.waw.pl\/wp-content\/uploads\/2022\/10\/logo_party-2.jpg","width":300,"height":300,"caption":"PartyGo"},"image":{"@id":"https:\/\/partygo.waw.pl\/#\/schema\/logo\/image\/"},"sameAs":["https:\/\/www.facebook.com\/people\/Party-Go-Warszawa\/"]}]}},"_links":{"self":[{"href":"https:\/\/partygo.waw.pl\/index.php\/wp-json\/wp\/v2\/product\/1625","targetHints":{"allow":["GET"]}}],"collection":[{"href":"https:\/\/partygo.waw.pl\/index.php\/wp-json\/wp\/v2\/product"}],"about":[{"href":"https:\/\/partygo.waw.pl\/index.php\/wp-json\/wp\/v2\/types\/product"}],"replies":[{"embeddable":true,"href":"https:\/\/partygo.waw.pl\/index.php\/wp-json\/wp\/v2\/comments?post=1625"}],"wp:featuredmedia":[{"embeddable":true,"href":"https:\/\/partygo.waw.pl\/index.php\/wp-json\/wp\/v2\/media\/1098"}],"wp:attachment":[{"href":"https:\/\/partygo.waw.pl\/index.php\/wp-json\/wp\/v2\/media?parent=1625"}],"wp:term":[{"taxonomy":"product_brand","embeddable":true,"href":"https:\/\/partygo.waw.pl\/index.php\/wp-json\/wp\/v2\/product_brand?post=1625"},{"taxonomy":"product_cat","embeddable":true,"href":"https:\/\/partygo.waw.pl\/index.php\/wp-json\/wp\/v2\/product_cat?post=1625"},{"taxonomy":"product_tag","embeddable":true,"href":"https:\/\/partygo.waw.pl\/index.php\/wp-json\/wp\/v2\/product_tag?post=1625"}],"curies":[{"name":"wp","href":"https:\/\/api.w.org\/{rel}","templated":true}]}}